{"id":132,"date":"2019-04-01T16:16:26","date_gmt":"2019-04-01T09:16:26","guid":{"rendered":"https:\/\/tppone.com\/demo\/baohiem\/?page_id=132"},"modified":"2019-04-03T10:29:12","modified_gmt":"2019-04-03T03:29:12","slug":"lai-suat-cong-bo","status":"publish","type":"page","link":"https:\/\/congtyphannguyen.com\/w\/baohiem\/lai-suat-cong-bo\/","title":{"rendered":"L\u00e3i su\u1ea5t c\u00f4ng b\u1ed1"},"content":{"rendered":"<div class=\"row banner-row\"  id=\"row-452574041\">\n<div class=\"col small-12 large-12\"  ><div class=\"col-inner\"  >\n\n  <div class=\"banner has-hover\" id=\"banner-1685810411\">\n          <div class=\"banner-inner fill\">\n        <div class=\"banner-bg fill\" >\n            <div class=\"bg fill bg-fill \"><\/div>\n                        <div class=\"overlay\"><\/div>            \n                    <\/div><!-- bg-layers -->\n        <div class=\"banner-layers container\">\n            <div class=\"fill banner-link\"><\/div>            \n   <div id=\"text-box-2113007715\" class=\"text-box banner-layer x15 md-x15 lg-x15 y50 md-y50 lg-y50 res-text\">\n                                <div class=\"text dark\">\n              \n              <div class=\"text-inner text-center\">\n                  \n<h3 class=\"uppercase\"><strong>L\u00c3I SU\u1ea4T C\u00d4NG B\u1ed0<\/strong><\/h3>\n              <\/div>\n           <\/div><!-- text-box-inner -->\n                            \n<style scope=\"scope\">\n\n#text-box-2113007715 {\n  width: 36%;\n}\n#text-box-2113007715 .text {\n  font-size: 100%;\n}\n<\/style>\n    <\/div><!-- text-box -->\n \n        <\/div><!-- .banner-layers -->\n      <\/div><!-- .banner-inner -->\n\n              <div class=\"height-fix is-invisible\"><img width=\"1920\" height=\"339\" src=\"https:\/\/congtyphannguyen.com\/w\/baohiem\/wp-content\/uploads\/2019\/04\/bg4.jpg\" class=\"attachment-original size-original\" alt=\"\" loading=\"lazy\" srcset=\"https:\/\/congtyphannguyen.com\/w\/baohiem\/wp-content\/uploads\/2019\/04\/bg4.jpg 1920w, https:\/\/congtyphannguyen.com\/w\/baohiem\/wp-content\/uploads\/2019\/04\/bg4-300x53.jpg 300w, https:\/\/congtyphannguyen.com\/w\/baohiem\/wp-content\/uploads\/2019\/04\/bg4-768x136.jpg 768w, https:\/\/congtyphannguyen.com\/w\/baohiem\/wp-content\/uploads\/2019\/04\/bg4-1024x181.jpg 1024w\" sizes=\"(max-width: 1920px) 100vw, 1920px\" \/><\/div>\n            \n<style scope=\"scope\">\n\n#banner-1685810411 .bg.bg-loaded {\n  background-image: url(https:\/\/congtyphannguyen.com\/w\/baohiem\/wp-content\/uploads\/2019\/04\/bg4.jpg);\n}\n#banner-1685810411 .overlay {\n  background-color: rgba(0, 0, 0, 0.17);\n}\n<\/style>\n  <\/div><!-- .banner -->\n\n\n<\/div><\/div>\n\n<style scope=\"scope\">\n\n<\/style>\n<\/div>\n<div class=\"row row-small row-tieu-de lai-suat-cong-bo\"  id=\"row-1786062309\">\n<div class=\"col medium-2 small-6 large-2\"  ><div class=\"col-inner\"  >\n<\/div><\/div>\n<div class=\"col medium-2 small-6 large-2\"  ><div class=\"col-inner\"  >\n\n\t<a class=\"plain\" href=\"\/san-pham\/ca-nhan\/\" target=\"_self\" >\t<div class=\"icon-box featured-box icon-box-left text-left\"  >\n\t\t\t\t\t<div class=\"icon-box-img\" style=\"width: 30px\">\n\t\t\t\t<div class=\"icon\">\n\t\t\t\t\t<div class=\"icon-inner\" >\n\t\t\t\t\t\t<img width=\"70\" height=\"70\" src=\"https:\/\/congtyphannguyen.com\/w\/baohiem\/wp-content\/uploads\/2019\/04\/icon12.png\" class=\"attachment-medium size-medium\" alt=\"\" loading=\"lazy\" \/>\t\t\t\t\t<\/div>\n\t\t\t\t<\/div>\n\t\t\t<\/div>\n\t\t\t\t<div class=\"icon-box-text last-reset\">\n\t\t\t\t\t\t\t\t\t\n<p style=\"text-align: left;\">C\u00e1 nh\u00e2n<\/p>\n\t\t<\/div>\n\t<\/div><!-- .icon-box -->\n\t<\/a>\n\t\n<\/div><\/div>\n<div class=\"col medium-2 small-6 large-2\"  ><div class=\"col-inner\"  >\n\n\t<a class=\"plain\" href=\"\/san-pham\/doanh-nghiep\/\" target=\"_self\" >\t<div class=\"icon-box featured-box icon-box-left text-left\"  >\n\t\t\t\t\t<div class=\"icon-box-img\" style=\"width: 30px\">\n\t\t\t\t<div class=\"icon\">\n\t\t\t\t\t<div class=\"icon-inner\" >\n\t\t\t\t\t\t<img width=\"87\" height=\"70\" src=\"https:\/\/congtyphannguyen.com\/w\/baohiem\/wp-content\/uploads\/2019\/04\/icon13.png\" class=\"attachment-medium size-medium\" alt=\"\" loading=\"lazy\" \/>\t\t\t\t\t<\/div>\n\t\t\t\t<\/div>\n\t\t\t<\/div>\n\t\t\t\t<div class=\"icon-box-text last-reset\">\n\t\t\t\t\t\t\t\t\t\n<p style=\"text-align: left;\">Doanh nghi\u1ec7p<\/p>\n\t\t<\/div>\n\t<\/div><!-- .icon-box -->\n\t<\/a>\n\t\n<\/div><\/div>\n<div class=\"col cot3 medium-2 small-6 large-2\"  ><div class=\"col-inner\"  >\n\n\t\t<div class=\"icon-box featured-box icon-box-left text-left\"  >\n\t\t\t\t\t<div class=\"icon-box-img\" style=\"width: 30px\">\n\t\t\t\t<div class=\"icon\">\n\t\t\t\t\t<div class=\"icon-inner\" >\n\t\t\t\t\t\t<img width=\"53\" height=\"70\" src=\"https:\/\/congtyphannguyen.com\/w\/baohiem\/wp-content\/uploads\/2019\/04\/icon14.png\" class=\"attachment-medium size-medium\" alt=\"\" loading=\"lazy\" \/>\t\t\t\t\t<\/div>\n\t\t\t\t<\/div>\n\t\t\t<\/div>\n\t\t\t\t<div class=\"icon-box-text last-reset\">\n\t\t\t\t\t\t\t\t\t\n<p style=\"text-align: left;\">L\u00e3i su\u1ea5t c\u00f4ng b\u1ed1<\/p>\n\t\t<\/div>\n\t<\/div><!-- .icon-box -->\n\t\n\t\n<\/div><\/div>\n<div class=\"col medium-2 small-6 large-2\"  ><div class=\"col-inner\"  >\n<\/div><\/div>\n\n<style scope=\"scope\">\n\n<\/style>\n<\/div>\n<div class=\"gap-element\" style=\"display:block; height:auto; padding-top:30px\" class=\"clearfix\"><\/div>\n<div class=\"row row-noi-dung\"  id=\"row-1075592481\">\n<div class=\"col medium-6 small-12 large-6\"  ><div class=\"col-inner\"  >\n<h2 class=\"title-page\">L\u00c3I SU\u1ea4T C\u00d4NG B\u1ed0<\/h2>\n<div class=\"brief\">V\u1edbi b\u1ec1 d\u00e0y kinh nghi\u1ec7m h\u01a1n 300 n\u0103m trong l\u0129nh v\u1ef1c B\u1ea3o hi\u1ec3m v\u00e0 l\u00e0 T\u1eadp \u0111o\u00e0n B\u1ea3o hi\u1ec3m h\u00e0ng \u0111\u1ea7u t\u1ea1i Anh Qu\u1ed1c, Aviva lu\u00f4n h\u01b0\u1edbng t\u1edbi nh\u1eefng gi\u1ea3i ph\u00e1p mang l\u1ea1i m\u1ee9c sinh l\u1ee3i t\u1ed1i \u01b0u nh\u1ea5t cho Qu\u00fd kh\u00e1ch h\u00e0ng.<\/div>\n<div class=\"gap-element\" style=\"display:block; height:auto; padding-top:20px\" class=\"clearfix\"><\/div>\n<a href=\"#\" target=\"_self\" class=\"button primary lowercase\"  style=\"border-radius:99px;\">\n    <span>Xem chi ti\u1ebft<\/span>\n  <\/a>\n\n<\/div><\/div>\n<div class=\"col medium-6 small-12 large-6\"  ><div class=\"col-inner\"  >\n\t<div class=\"img has-hover x md-x lg-x y md-y lg-y\" id=\"image_224154367\">\n\t\t\t\t\t\t\t\t<div class=\"img-inner dark\" >\n\t\t\t<img width=\"600\" height=\"336\" src=\"https:\/\/congtyphannguyen.com\/w\/baohiem\/wp-content\/uploads\/2019\/04\/DOANH-NGHIEP-2.jpg\" class=\"attachment-original size-original\" alt=\"\" loading=\"lazy\" srcset=\"https:\/\/congtyphannguyen.com\/w\/baohiem\/wp-content\/uploads\/2019\/04\/DOANH-NGHIEP-2.jpg 600w, https:\/\/congtyphannguyen.com\/w\/baohiem\/wp-content\/uploads\/2019\/04\/DOANH-NGHIEP-2-300x168.jpg 300w\" sizes=\"(max-width: 600px) 100vw, 600px\" \/>\t\t\t\t\t\t\n\t\t\t\t\t<\/div>\n\t\t\t\t\t\t\t\t\n<style scope=\"scope\">\n\n#image_224154367 {\n  width: 100%;\n}\n<\/style>\n\t<\/div>\n\t\n<\/div><\/div>\n\n<style scope=\"scope\">\n\n<\/style>\n<\/div>\n<div class=\"row\"  id=\"row-937712866\">\n<div class=\"col small-12 large-12\"  ><div class=\"col-inner\"  >\n<p><strong>I. C\u00e1c lo\u1ea1i l\u00e3i su\u1ea5t \u00e1p d\u1ee5ng li\u00ean quan \u0111\u1ebfn th\u1ef1c hi\u1ec7n h\u1ee3p \u0111\u1ed3ng b\u1ea3o hi\u1ec3m:<\/strong><\/p>\n<table class=\"table table-hover\">\n<tbody>\n<tr>\n<td style=\"background-color: #003da6;\"><\/td>\n<td style=\"background-color: #003da6;\"><span style=\"color: #ffffff;\">\u00a0<strong>C\u00e1c lo\u1ea1i l\u00e3i su\u1ea5t<\/strong><\/span><\/td>\n<td style=\"text-align: center; background-color: #003da6; height: 5%; width: 10%;\"><span style=\"color: #ffffff;\"><strong>2014<\/strong><\/span><\/td>\n<td style=\"text-align: center; background-color: #003da6; width: 10%; height: 5%;\"><span style=\"color: #ffffff;\"><strong>2015<\/strong><\/span><\/td>\n<td style=\"text-align: center; background-color: #003da6; width: 10%; height: 5%;\"><span style=\"color: #ffffff;\"><strong>2016<\/strong><\/span><\/td>\n<td style=\"text-align: center; background-color: #003da6; width: 10%; height: 5%;\"><span style=\"color: #ffffff;\"><strong>2017<\/strong><\/span><\/td>\n<td style=\"text-align: center; background-color: #003da6; width: 10%; height: 5%;\"><span style=\"color: #ffffff;\"><strong>2018<\/strong><\/span><\/td>\n<td style=\"text-align: center; background-color: #003da6; width: 10%; height: 5%;\">\u00a0<span style=\"color: #eeece1;\"><strong>2019<\/strong><\/span><\/td>\n<\/tr>\n<tr>\n<td style=\"text-align: center; vertical-align: middle; background-color: #ffd100; width: 4%; height: 8%;\">I<\/td>\n<td style=\"text-align: left; vertical-align: middle; background-color: #ffd100;\">\u00a0L\u00e3i su\u1ea5t \u0111\u1ed1i v\u1edbi c\u00e1c Quy\u1ec1n l\u1ee3i ti\u1ec1n m\u1eb7t t\u00edch l\u0169y t\u1ea1i Aviva<\/td>\n<td style=\"text-align: left; vertical-align: middle;\"><\/td>\n<td><\/td>\n<td><\/td>\n<td><\/td>\n<td><\/td>\n<td><\/td>\n<\/tr>\n<tr>\n<td style=\"background-color: #e3f3f9; text-align: center; vertical-align: middle; width: 4%; height: 8%;\">1<\/td>\n<td style=\"text-align: left; vertical-align: middle; background-color: #e3f3f9;\">\u00a0Ph\u00e1t L\u1ed9c Th\u00e0nh T\u00e0i<\/td>\n<td style=\"text-align: center; vertical-align: middle; background-color: #e3f3f9;\">\u00a0&#8211;<\/td>\n<td style=\"text-align: center; vertical-align: middle; background-color: #e3f3f9;\">&#8211;<\/td>\n<td style=\"text-align: center; vertical-align: middle; background-color: #e3f3f9;\">&#8211;<\/td>\n<td style=\"text-align: center; vertical-align: middle; background-color: #e3f3f9;\">5.5%<\/td>\n<td style=\"text-align: center; vertical-align: middle; background-color: #e3f3f9;\">5%<\/td>\n<td style=\"text-align: center; vertical-align: middle; background-color: #e3f3f9;\">\u00a05%<\/td>\n<\/tr>\n<tr>\n<td style=\"text-align: center; vertical-align: middle; background-color: #e3f3f9; width: 4%; height: 8%;\">2<\/td>\n<td style=\"text-align: left; vertical-align: middle; background-color: #e3f3f9;\">\u00a0Ph\u00e1t L\u1ed9c Kh\u00f4i Nguy\u00ean<\/td>\n<td style=\"text-align: center; vertical-align: middle; background-color: #e3f3f9;\">\u00a0&#8211;<\/td>\n<td style=\"text-align: center; vertical-align: middle; background-color: #e3f3f9;\">&#8211;<\/td>\n<td style=\"text-align: center; vertical-align: middle; background-color: #e3f3f9;\">&#8211;<\/td>\n<td style=\"text-align: center; vertical-align: middle; background-color: #e3f3f9;\">6.5%<\/td>\n<td style=\"text-align: center; vertical-align: middle; background-color: #e3f3f9;\">6%<\/td>\n<td style=\"text-align: center; vertical-align: middle; background-color: #e3f3f9;\">\u00a06%<\/td>\n<\/tr>\n<tr>\n<td style=\"text-align: center; vertical-align: middle; background-color: #ffd100; width: 4%; height: 8%;\">\u00a0II<\/td>\n<td style=\"text-align: left; vertical-align: middle; background-color: #ffd100;\">\u00a0Kho\u1ea3n gi\u1ea3m thu nh\u1eadp \u0111\u1ea7u t\u01b0 \u00e1p d\u1ee5ng \u0111\u1ed1i v\u1edbi c\u00e1c kho\u1ea3n t\u1ea1m \u1ee9ng t\u1eeb Gi\u00e1 tr\u1ecb ho\u00e0n l\u1ea1i v\u00e0 t\u1ea1m \u1ee9ng t\u1eeb Gi\u00e1 tr\u1ecb ho\u00e0n l\u1ea1i \u0111\u1ec3 t\u1ef1 \u0111\u00f3ng ph\u00ed b\u1ea3o hi\u1ec3m<\/td>\n<td style=\"text-align: center; vertical-align: middle;\">\u00a010%<\/td>\n<td style=\"text-align: center; vertical-align: middle;\">10%<\/td>\n<td style=\"text-align: center; vertical-align: middle;\">10%<\/td>\n<td style=\"text-align: center; vertical-align: middle;\">10%<\/td>\n<td style=\"text-align: center; vertical-align: middle;\">10%<\/td>\n<td style=\"text-align: center; vertical-align: middle;\">\u00a010%<\/td>\n<\/tr>\n<\/tbody>\n<\/table>\n<p><strong>II. L\u00e3i su\u1ea5t t\u00edch l\u0169y \u00e1p d\u1ee5ng t\u00ednh GTTKH\u0110 c\u1ee7a s\u1ea3n ph\u1ea9m B\u1ea3o hi\u1ec3m Li\u00ean k\u1ebft chung:<\/strong><\/p>\n<table class=\"table table-hover\" style=\"text-align: center;\">\n<tbody>\n<tr>\n<td style=\"text-align: center; vertical-align: middle; background-color: #003da6; height: 30%;\" rowspan=\"2\"><span style=\"color: #ffffff;\"><strong>Th\u1eddi k\u1ef3\u00a0<\/strong><\/span><\/td>\n<td style=\"text-align: center; vertical-align: middle; background-color: #003da6;\" colspan=\"2\"><span style=\"color: #ffffff;\"><strong>S\u1ea3n ph\u1ea9m<\/strong><\/span><\/td>\n<\/tr>\n<tr>\n<td style=\"text-align: left; vertical-align: middle; background-color: #ffd100; width: 30%;\">\n<div style=\"text-align: center;\"><span style=\"color: #000000;\">Ph\u00e1t L\u1ed9c H\u01b0ng Gia<\/span><\/div>\n<div style=\"text-align: center;\"><span style=\"color: #000000;\">Ph\u00e1t Nghi\u1ec7p H\u01b0ng Th\u1ecbnh<\/span><\/div>\n<div style=\"text-align: center;\"><span style=\"color: #000000;\">Ph\u00e1t Nghi\u1ec7p H\u01b0ng V\u01b0\u1ee3ng<\/span><\/div>\n<div style=\"text-align: center;\"><span style=\"color: #000000;\">Ph\u00e1t Nghi\u1ec7p T\u00e2m An<\/span><\/div>\n<\/td>\n<td style=\"text-align: center; vertical-align: middle; background-color: #ffd100; width: 30%;\">\u00a0Y\u00eau Th\u01b0\u01a1ng Tr\u1ecdn V\u1eb9n<\/td>\n<\/tr>\n<tr>\n<td style=\"text-align: center;\">\u00a012\/2014 &#8211; 31\/01\/2015<\/td>\n<td style=\"text-align: center;\">\u00a08%<\/td>\n<td style=\"text-align: center;\"><\/td>\n<\/tr>\n<tr>\n<td style=\"text-align: center; background-color: #e3f3f9;\">\u00a001\/2\/2015 &#8211; 30\/4\/2015<\/td>\n<td style=\"text-align: center; background-color: #e3f3f9;\">\u00a07.8%<\/td>\n<td style=\"text-align: center; background-color: #e3f3f9;\"><\/td>\n<\/tr>\n<tr>\n<td style=\"text-align: center;\">\u00a001\/5\/2015 &#8211; 31\/07\/2015<\/td>\n<td style=\"text-align: center;\">\u00a07.4%<\/td>\n<td style=\"text-align: center;\"><\/td>\n<\/tr>\n<tr>\n<td style=\"text-align: center; background-color: #e3f3f9;\">\u00a001\/8\/2015 &#8211; 31\/12\/2015<\/td>\n<td style=\"text-align: center; background-color: #e3f3f9;\">\u00a07.5%<\/td>\n<td style=\"text-align: center; background-color: #e3f3f9;\"><\/td>\n<\/tr>\n<tr>\n<td style=\"text-align: center;\">\u00a001\/11\/2015 &#8211; 31\/01\/2016<\/td>\n<td style=\"text-align: center;\">\u00a07.5%<\/td>\n<td style=\"text-align: center;\"><\/td>\n<\/tr>\n<tr>\n<td style=\"text-align: center; background-color: #e3f3f9;\">\u00a001\/02\/2016 &#8211; 30\/04\/2016<\/td>\n<td style=\"text-align: center; background-color: #e3f3f9;\">\u00a07.3%<\/td>\n<td style=\"text-align: center; background-color: #e3f3f9;\"><\/td>\n<\/tr>\n<tr>\n<td style=\"text-align: center;\">\u00a001\/05\/2016 &#8211; 31\/07\/2016<\/td>\n<td style=\"text-align: center;\">\u00a06.9%<\/td>\n<td style=\"text-align: center;\"><\/td>\n<\/tr>\n<tr>\n<td style=\"text-align: center; background-color: #e3f3f9;\">\u00a001\/08\/2016 &#8211; 31\/10\/2016<\/td>\n<td style=\"text-align: center; background-color: #e3f3f9;\">\u00a06.6%<\/td>\n<td style=\"text-align: center; background-color: #e3f3f9;\"><\/td>\n<\/tr>\n<tr>\n<td style=\"text-align: center;\">\u00a001\/11\/2016 &#8211; 31\/12\/2016<\/td>\n<td style=\"text-align: center;\">\u00a07.1%<\/td>\n<td style=\"text-align: center;\"><\/td>\n<\/tr>\n<tr>\n<td style=\"text-align: center; background-color: #e3f3f9;\">\u00a001\/11\/2016 &#8211; 31\/01\/2017<\/td>\n<td style=\"text-align: center; background-color: #e3f3f9;\">\u00a07.1%<\/td>\n<td style=\"text-align: center; background-color: #e3f3f9;\"><\/td>\n<\/tr>\n<tr>\n<td style=\"text-align: center;\">\u00a001\/02\/2017 &#8211; 30\/04\/2017<\/td>\n<td style=\"text-align: center;\">\u00a06.8%<\/td>\n<td style=\"text-align: center;\"><\/td>\n<\/tr>\n<tr>\n<td style=\"text-align: center; background-color: #e3f3f9;\">\u00a001\/05\/2017 &#8211; 31\/07\/2017<\/td>\n<td style=\"text-align: center; background-color: #e3f3f9;\">\u00a06.6%<\/td>\n<td style=\"text-align: center; background-color: #e3f3f9;\"><\/td>\n<\/tr>\n<tr>\n<td style=\"text-align: center;\">\u00a001\/08\/2017 &#8211; 31\/10\/2017<\/td>\n<td style=\"text-align: center;\">\u00a06.3%<\/td>\n<td style=\"text-align: center;\">6.3%<\/td>\n<\/tr>\n<tr>\n<td style=\"text-align: center; background-color: #e3f3f9;\">\u00a001\/11\/2017 &#8211; 31\/01\/2018<\/td>\n<td style=\"text-align: center; background-color: #e3f3f9;\">\u00a06.3%<\/td>\n<td style=\"text-align: center; background-color: #e3f3f9;\">6.3%<\/td>\n<\/tr>\n<tr>\n<td style=\"text-align: center;\">\u00a001\/02\/2018 &#8211; 30\/04\/2018<\/td>\n<td style=\"text-align: center;\">\u00a06.0%<\/td>\n<td style=\"text-align: center;\">5.8%<\/td>\n<\/tr>\n<tr>\n<td style=\"text-align: center; background-color: #e3f3f9;\">\u00a001\/05\/2018 &#8211; 31\/07\/2018<\/td>\n<td style=\"text-align: center; background-color: #e3f3f9;\">\u00a06.0%<\/td>\n<td style=\"text-align: center; background-color: #e3f3f9;\">5.8%<\/td>\n<\/tr>\n<tr>\n<td style=\"text-align: center;\">\u00a001\/08\/2018 &#8211; 31\/10\/2018<\/td>\n<td style=\"text-align: center;\">\u00a06.0%<\/td>\n<td style=\"text-align: center;\">5.8%<\/td>\n<\/tr>\n<tr>\n<td style=\"text-align: center; background-color: #e3f3f9;\">\u00a001\/11\/2018 &#8211; 31\/01\/2019<\/td>\n<td style=\"text-align: center; background-color: #e3f3f9;\">\u00a06.0%<\/td>\n<td style=\"text-align: center; background-color: #e3f3f9;\">5.8%<\/td>\n<\/tr>\n<tr>\n<td style=\"text-align: center;\">01\/02\/2019 &#8211; 30\/4\/2019<\/td>\n<td style=\"text-align: center;\">5.8%<\/td>\n<td style=\"text-align: center;\">\u00a05.6%<\/td>\n<\/tr>\n<\/tbody>\n<\/table>\n<div><strong>III. M\u1ed9t s\u1ed1 quy \u0111\u1ecbnh c\u1ee7a Aviva li\u00ean quan \u0111\u1ebfn vi\u1ec7c th\u1ef1c hi\u1ec7n h\u1ee3p \u0111\u1ed3ng b\u1ea3o hi\u1ec3m:<\/strong><\/div>\n<div>M\u1ecdi th\u1eafc m\u1eafc xin vui l\u00f2ng li\u00ean h\u1ec7 \u0111\u01b0\u1eddng d\u00e2y n\u00f3ng: 24-3724 6699 ho\u1eb7c email: wecare@aviva.com.vn \u0111\u1ec3 \u0111\u01b0\u1ee3c h\u01b0\u1edbng d\u1eabn chi ti\u1ebft v\u00e0 c\u1eadp nh\u1eadt th\u00f4ng tin (n\u1ebfu c\u00f3).<\/div>\n<\/div><\/div>\n<\/div>\n<div class=\"row row-small row-banner-cuoi\"  id=\"row-341018327\">\n<div class=\"col medium-7 small-12 large-7\"  ><div class=\"col-inner\"  >\n<div class=\"gap-element\" style=\"display:block; height:auto; padding-top:44px\" class=\"clearfix\"><\/div>\n<p>Tra c\u1ee9u\u00a0B\u00e1o c\u00e1o t\u00e0i ch\u00ednh<strong>,<\/strong>\u00a0B\u00e1o c\u00e1o th\u01b0\u1eddng ni\u00ean<br \/>\u00a0v\u00e0\u00a0B\u00e1o c\u00e1o ho\u1ea1t \u0111\u1ed9ng Qu\u1ef9 Li\u00ean k\u1ebft chung.<\/p>\n<a href=\"#\" target=\"_self\" class=\"button primary lowercase reveal-icon\"  style=\"border-radius:99px;\">\n    <span>Xem b\u00e1o c\u00e1o<\/span>\n  <i class=\"icon-expand\" ><\/i><\/a>\n\n<\/div><\/div>\n<div class=\"col medium-5 small-12 large-5\"  ><div class=\"col-inner\"  >\n\t<div class=\"img has-hover x md-x lg-x y md-y lg-y\" id=\"image_688539677\">\n\t\t\t\t\t\t\t\t<div class=\"img-inner dark\" >\n\t\t\t<img width=\"476\" height=\"201\" src=\"https:\/\/congtyphannguyen.com\/w\/baohiem\/wp-content\/uploads\/2019\/04\/lscb.png\" class=\"attachment-original size-original\" alt=\"\" loading=\"lazy\" srcset=\"https:\/\/congtyphannguyen.com\/w\/baohiem\/wp-content\/uploads\/2019\/04\/lscb.png 476w, https:\/\/congtyphannguyen.com\/w\/baohiem\/wp-content\/uploads\/2019\/04\/lscb-300x127.png 300w\" sizes=\"(max-width: 476px) 100vw, 476px\" \/>\t\t\t\t\t\t\n\t\t\t\t\t<\/div>\n\t\t\t\t\t\t\t\t\n<style scope=\"scope\">\n\n#image_688539677 {\n  width: 100%;\n}\n<\/style>\n\t<\/div>\n\t\n<\/div><\/div>\n\n<style scope=\"scope\">\n\n<\/style>\n<\/div>\n","protected":false},"excerpt":{"rendered":"","protected":false},"author":1,"featured_media":0,"parent":0,"menu_order":0,"comment_status":"closed","ping_status":"closed","template":"page-blank.php","meta":[],"_links":{"self":[{"href":"https:\/\/congtyphannguyen.com\/w\/baohiem\/wp-json\/wp\/v2\/pages\/132"}],"collection":[{"href":"https:\/\/congtyphannguyen.com\/w\/baohiem\/wp-json\/wp\/v2\/pages"}],"about":[{"href":"https:\/\/congtyphannguyen.com\/w\/baohiem\/wp-json\/wp\/v2\/types\/page"}],"author":[{"embeddable":true,"href":"https:\/\/congtyphannguyen.com\/w\/baohiem\/wp-json\/wp\/v2\/users\/1"}],"replies":[{"embeddable":true,"href":"https:\/\/congtyphannguyen.com\/w\/baohiem\/wp-json\/wp\/v2\/comments?post=132"}],"version-history":[{"count":0,"href":"https:\/\/congtyphannguyen.com\/w\/baohiem\/wp-json\/wp\/v2\/pages\/132\/revisions"}],"wp:attachment":[{"href":"https:\/\/congtyphannguyen.com\/w\/baohiem\/wp-json\/wp\/v2\/media?parent=132"}],"curies":[{"name":"wp","href":"https:\/\/api.w.org\/{rel}","templated":true}]}}