{"id":136,"date":"2019-04-01T16:16:50","date_gmt":"2019-04-01T09:16:50","guid":{"rendered":"https:\/\/tppone.com\/demo\/baohiem\/?page_id=136"},"modified":"2019-04-03T13:40:53","modified_gmt":"2019-04-03T06:40:53","slug":"bao-cao-tai-chinh","status":"publish","type":"page","link":"https:\/\/congtyphannguyen.com\/w\/baohiem\/lai-suat-cong-bo\/bao-cao-tai-chinh\/","title":{"rendered":"B\u00e1o c\u00e1o t\u00e0i ch\u00ednh"},"content":{"rendered":"<div class=\"row banner-row\"  id=\"row-1393060050\">\n<div class=\"col small-12 large-12\"  ><div class=\"col-inner\"  >\n\n  <div class=\"banner has-hover\" id=\"banner-432684634\">\n          <div class=\"banner-inner fill\">\n        <div class=\"banner-bg fill\" >\n            <div class=\"bg fill bg-fill \"><\/div>\n                        <div class=\"overlay\"><\/div>            \n                    <\/div><!-- bg-layers -->\n        <div class=\"banner-layers container\">\n            <div class=\"fill banner-link\"><\/div>            \n   <div id=\"text-box-208417379\" class=\"text-box banner-layer x15 md-x15 lg-x15 y50 md-y50 lg-y50 res-text\">\n                                <div class=\"text dark\">\n              \n              <div class=\"text-inner text-center\">\n                  \n<h3 class=\"uppercase\"><span style=\"color: #003366;\"><strong>L\u00c3I SU\u1ea4T C\u00d4NG B\u1ed0<\/strong><\/span><\/h3>\n              <\/div>\n           <\/div><!-- text-box-inner -->\n                            \n<style scope=\"scope\">\n\n#text-box-208417379 {\n  width: 36%;\n}\n#text-box-208417379 .text {\n  font-size: 100%;\n}\n<\/style>\n    <\/div><!-- text-box -->\n \n        <\/div><!-- .banner-layers -->\n      <\/div><!-- .banner-inner -->\n\n              <div class=\"height-fix is-invisible\"><img width=\"1200\" height=\"219\" src=\"https:\/\/congtyphannguyen.com\/w\/baohiem\/wp-content\/uploads\/2019\/04\/bg-header-top.jpg\" class=\"attachment-original size-original\" alt=\"\" loading=\"lazy\" srcset=\"https:\/\/congtyphannguyen.com\/w\/baohiem\/wp-content\/uploads\/2019\/04\/bg-header-top.jpg 1200w, https:\/\/congtyphannguyen.com\/w\/baohiem\/wp-content\/uploads\/2019\/04\/bg-header-top-300x55.jpg 300w, https:\/\/congtyphannguyen.com\/w\/baohiem\/wp-content\/uploads\/2019\/04\/bg-header-top-768x140.jpg 768w, https:\/\/congtyphannguyen.com\/w\/baohiem\/wp-content\/uploads\/2019\/04\/bg-header-top-1024x187.jpg 1024w\" sizes=\"(max-width: 1200px) 100vw, 1200px\" \/><\/div>\n            \n<style scope=\"scope\">\n\n#banner-432684634 .bg.bg-loaded {\n  background-image: url(https:\/\/congtyphannguyen.com\/w\/baohiem\/wp-content\/uploads\/2019\/04\/bg-header-top.jpg);\n}\n#banner-432684634 .overlay {\n  background-color: rgba(0, 0, 0, 0.17);\n}\n<\/style>\n  <\/div><!-- .banner -->\n\n\n<\/div><\/div>\n\n<style scope=\"scope\">\n\n<\/style>\n<\/div>\n<div class=\"row row-small row-tieu-de-2\"  id=\"row-715570641\">\n<div class=\"col medium-4 small-6 large-4\"  ><div class=\"col-inner\"  >\n<p><span style=\"color: #4376b7;\"><a style=\"color: #4376b7;\" href=\"\/lai-suat-cong-bo\/bao-cao-hoat-dong-quy-lien-ket\/\">B\u00e1o c\u00e1o ho\u1ea1t \u0111\u1ed9ng qu\u1ef9 li\u00ean k\u1ebft<\/a><\/span><\/p>\n<\/div><\/div>\n<div class=\"col medium-4 small-6 large-4\"  ><div class=\"col-inner\"  >\n<p><span style=\"color: #83b614;\"><a style=\"color: #83b614;\" href=\"\/lai-suat-cong-bo\/bao-cao-tai-chinh\/\">B\u00e1o c\u00e1o t\u00e0i ch\u00ednh<\/a><\/span><\/p>\n<\/div><\/div>\n<div class=\"col medium-4 small-6 large-4\"  ><div class=\"col-inner\"  >\n<p><a href=\"\/lai-suat-cong-bo\/bao-cao-thuong-nien\/\">B\u00e1o c\u00e1o th\u01b0\u1eddng ni\u00ean<\/a><\/p>\n<\/div><\/div>\n\n<style scope=\"scope\">\n\n<\/style>\n<\/div>\n<div class=\"gap-element\" style=\"display:block; height:auto; padding-top:30px\" class=\"clearfix\"><\/div>\n<div class=\"row row-noi-dung\"  id=\"row-804305141\">\n<div class=\"col small-12 large-12\"  ><div class=\"col-inner\"  >\n<div class=\"container section-title-container\" ><h2 class=\"section-title section-title-center\"><b><\/b><span class=\"section-title-main\" >b\u00e1o c\u00e1o t\u00e0i ch\u00ednh<\/span><b><\/b><\/h2><\/div><!-- .section-title -->\n<table class=\"table\">\n<thead>\n<tr>\n<th>STT<\/th>\n<th>N\u1ed9i dung<\/th>\n<th>Ng\u00e0y \u0111\u0103ng<\/th>\n<\/tr>\n<\/thead>\n<tbody>\n<tr>\n<td>1<\/td>\n<td><a title=\"B\u00e1o c\u00e1o ho\u1ea1t \u0111\u1ed9ng qu\u1ef9 li\u00ean k\u1ebft chung 2018\" href=\"\/Data\/Sites\/1\/media\/b%C3%A1o-c%C3%A1o-ho%E1%BA%A1t-%C4%91%E1%BB%99ng-qu%E1%BB%B9-li%C3%AAn-k%E1%BA%BFt-chung-2018.pdf\" target=\"_blank\" rel=\"noopener noreferrer\"> B\u00e1o c\u00e1o ho\u1ea1t \u0111\u1ed9ng qu\u1ef9 li\u00ean k\u1ebft chung 2018<\/a><\/td>\n<td>26\/03\/2019<\/td>\n<\/tr>\n<tr>\n<td>2<\/td>\n<td><a title=\"B\u00e1o c\u00e1o ho\u1ea1t \u0111\u1ed9ng qu\u1ef9 li\u00ean k\u1ebft chung 2016\" href=\"\/Data\/Sites\/1\/media\/b%C3%A1o-c%C3%A1o-ho%E1%BA%A1t-%C4%91%E1%BB%99ng-qu%E1%BB%B9-li%C3%AAn-k%E1%BA%BFt-chung-2016.pdf\" target=\"_blank\" rel=\"noopener noreferrer\"> B\u00e1o c\u00e1o ho\u1ea1t \u0111\u1ed9ng qu\u1ef9 li\u00ean k\u1ebft chung 2016<\/a><\/td>\n<td>20\/03\/2018<\/td>\n<\/tr>\n<tr>\n<td>3<\/td>\n<td><a title=\"B\u00e1o c\u00e1o ho\u1ea1t \u0111\u1ed9ng qu\u1ef9 li\u00ean k\u1ebft chung 2015\" href=\"\/Data\/Sites\/1\/media\/b%C3%A1o-c%C3%A1o-ho%E1%BA%A1t-%C4%91%E1%BB%99ng-qu%E1%BB%B9-li%C3%AAn-k%E1%BA%BFt-chung-2015.pdf\" target=\"_blank\" rel=\"noopener noreferrer\">B\u00e1o c\u00e1o ho\u1ea1t \u0111\u1ed9ng qu\u1ef9 li\u00ean k\u1ebft chung 2015<\/a><\/td>\n<td>20\/03\/2018<\/td>\n<\/tr>\n<tr>\n<td>4<\/td>\n<td><a title=\"B\u00e1o c\u00e1o ho\u1ea1t \u0111\u1ed9ng qu\u1ef9 li\u00ean k\u1ebft chung 2014\" href=\"\/Data\/Sites\/1\/media\/b%C3%A1o-c%C3%A1o-ho%E1%BA%A1t-%C4%91%E1%BB%99ng-qu%E1%BB%B9-li%C3%AAn-k%E1%BA%BFt-chung-2014.pdf\" target=\"_blank\" rel=\"noopener noreferrer\"> B\u00e1o c\u00e1o ho\u1ea1t \u0111\u1ed9ng qu\u1ef9 li\u00ean k\u1ebft chung 2014<\/a><\/td>\n<td>20\/03\/2018<\/td>\n<\/tr>\n<\/tbody>\n<\/table>\n<\/div><\/div>\n\n<style scope=\"scope\">\n\n<\/style>\n<\/div>\n","protected":false},"excerpt":{"rendered":"","protected":false},"author":1,"featured_media":0,"parent":132,"menu_order":0,"comment_status":"closed","ping_status":"closed","template":"page-blank.php","meta":[],"_links":{"self":[{"href":"https:\/\/congtyphannguyen.com\/w\/baohiem\/wp-json\/wp\/v2\/pages\/136"}],"collection":[{"href":"https:\/\/congtyphannguyen.com\/w\/baohiem\/wp-json\/wp\/v2\/pages"}],"about":[{"href":"https:\/\/congtyphannguyen.com\/w\/baohiem\/wp-json\/wp\/v2\/types\/page"}],"author":[{"embeddable":true,"href":"https:\/\/congtyphannguyen.com\/w\/baohiem\/wp-json\/wp\/v2\/users\/1"}],"replies":[{"embeddable":true,"href":"https:\/\/congtyphannguyen.com\/w\/baohiem\/wp-json\/wp\/v2\/comments?post=136"}],"version-history":[{"count":0,"href":"https:\/\/congtyphannguyen.com\/w\/baohiem\/wp-json\/wp\/v2\/pages\/136\/revisions"}],"up":[{"embeddable":true,"href":"https:\/\/congtyphannguyen.com\/w\/baohiem\/wp-json\/wp\/v2\/pages\/132"}],"wp:attachment":[{"href":"https:\/\/congtyphannguyen.com\/w\/baohiem\/wp-json\/wp\/v2\/media?parent=136"}],"curies":[{"name":"wp","href":"https:\/\/api.w.org\/{rel}","templated":true}]}}