{"id":34,"date":"2019-04-01T14:37:02","date_gmt":"2019-04-01T07:37:02","guid":{"rendered":"https:\/\/tppone.com\/demo\/baohiem\/?page_id=34"},"modified":"2019-04-03T14:47:13","modified_gmt":"2019-04-03T07:47:13","slug":"cham-soc-suc-khoe","status":"publish","type":"page","link":"https:\/\/congtyphannguyen.com\/w\/baohiem\/san-pham\/ca-nhan\/cham-soc-suc-khoe\/","title":{"rendered":"Ch\u0103m s\u00f3c s\u1ee9c kh\u1ecfe"},"content":{"rendered":"<div class=\"row banner-row\"  id=\"row-1261231275\">\n<div class=\"col small-12 large-12\"  ><div class=\"col-inner\"  >\n\n  <div class=\"banner has-hover\" id=\"banner-1794105154\">\n          <div class=\"banner-inner fill\">\n        <div class=\"banner-bg fill\" >\n            <div class=\"bg fill bg-fill \"><\/div>\n                        <div class=\"overlay\"><\/div>            \n                    <\/div><!-- bg-layers -->\n        <div class=\"banner-layers container\">\n            <div class=\"fill banner-link\"><\/div>            \n   <div id=\"text-box-341044714\" class=\"text-box banner-layer x15 md-x15 lg-x15 y50 md-y50 lg-y50 res-text\">\n                                <div class=\"text dark\">\n              \n              <div class=\"text-inner text-center\">\n                  \n<h3 class=\"uppercase\"><strong>C\u00c1 NH\u00c2N<\/strong><\/h3>\n              <\/div>\n           <\/div><!-- text-box-inner -->\n                            \n<style scope=\"scope\">\n\n#text-box-341044714 {\n  width: 36%;\n}\n#text-box-341044714 .text {\n  font-size: 100%;\n}\n<\/style>\n    <\/div><!-- text-box -->\n \n        <\/div><!-- .banner-layers -->\n      <\/div><!-- .banner-inner -->\n\n              <div class=\"height-fix is-invisible\"><img width=\"1200\" height=\"219\" src=\"https:\/\/congtyphannguyen.com\/w\/baohiem\/wp-content\/uploads\/2019\/04\/san-phan.jpg\" class=\"attachment-original size-original\" alt=\"\" loading=\"lazy\" srcset=\"https:\/\/congtyphannguyen.com\/w\/baohiem\/wp-content\/uploads\/2019\/04\/san-phan.jpg 1200w, https:\/\/congtyphannguyen.com\/w\/baohiem\/wp-content\/uploads\/2019\/04\/san-phan-300x55.jpg 300w, https:\/\/congtyphannguyen.com\/w\/baohiem\/wp-content\/uploads\/2019\/04\/san-phan-768x140.jpg 768w, https:\/\/congtyphannguyen.com\/w\/baohiem\/wp-content\/uploads\/2019\/04\/san-phan-1024x187.jpg 1024w\" sizes=\"(max-width: 1200px) 100vw, 1200px\" \/><\/div>\n            \n<style scope=\"scope\">\n\n#banner-1794105154 .bg.bg-loaded {\n  background-image: url(https:\/\/congtyphannguyen.com\/w\/baohiem\/wp-content\/uploads\/2019\/04\/san-phan.jpg);\n}\n#banner-1794105154 .overlay {\n  background-color: rgba(0, 0, 0, 0.17);\n}\n<\/style>\n  <\/div><!-- .banner -->\n\n\n<\/div><\/div>\n\n<style scope=\"scope\">\n\n<\/style>\n<\/div>\n<div class=\"row row-small row-tieu-de ca-nhan\"  id=\"row-1208357380\">\n<div class=\"col medium-2 small-6 large-2\"  ><div class=\"col-inner\"  >\n<\/div><\/div>\n<div class=\"col cot1 medium-2 small-6 large-2\"  ><div class=\"col-inner\"  >\n\n\t\t<div class=\"icon-box featured-box icon-box-left text-left\"  >\n\t\t\t\t\t<div class=\"icon-box-img\" style=\"width: 30px\">\n\t\t\t\t<div class=\"icon\">\n\t\t\t\t\t<div class=\"icon-inner\" >\n\t\t\t\t\t\t<img width=\"70\" height=\"70\" src=\"https:\/\/congtyphannguyen.com\/w\/baohiem\/wp-content\/uploads\/2019\/04\/icon12.png\" class=\"attachment-medium size-medium\" alt=\"\" loading=\"lazy\" \/>\t\t\t\t\t<\/div>\n\t\t\t\t<\/div>\n\t\t\t<\/div>\n\t\t\t\t<div class=\"icon-box-text last-reset\">\n\t\t\t\t\t\t\t\t\t\n<p style=\"text-align: left;\">C\u00e1 nh\u00e2n<\/p>\n\t\t<\/div>\n\t<\/div><!-- .icon-box -->\n\t\n\t\n<\/div><\/div>\n<div class=\"col medium-2 small-6 large-2\"  ><div class=\"col-inner\"  >\n\n\t<a class=\"plain\" href=\"\/san-pham\/doanh-nghiep\/\" target=\"_self\" >\t<div class=\"icon-box featured-box icon-box-left text-left\"  >\n\t\t\t\t\t<div class=\"icon-box-img\" style=\"width: 30px\">\n\t\t\t\t<div class=\"icon\">\n\t\t\t\t\t<div class=\"icon-inner\" >\n\t\t\t\t\t\t<img width=\"87\" height=\"70\" src=\"https:\/\/congtyphannguyen.com\/w\/baohiem\/wp-content\/uploads\/2019\/04\/icon13.png\" class=\"attachment-medium size-medium\" alt=\"\" loading=\"lazy\" \/>\t\t\t\t\t<\/div>\n\t\t\t\t<\/div>\n\t\t\t<\/div>\n\t\t\t\t<div class=\"icon-box-text last-reset\">\n\t\t\t\t\t\t\t\t\t\n<p style=\"text-align: left;\">Doanh nghi\u1ec7p<\/p>\n\t\t<\/div>\n\t<\/div><!-- .icon-box -->\n\t<\/a>\n\t\n<\/div><\/div>\n<div class=\"col medium-2 small-6 large-2\"  ><div class=\"col-inner\"  >\n\n\t<a class=\"plain\" href=\"\/lai-suat-cong-bo\/\" target=\"_self\" >\t<div class=\"icon-box featured-box icon-box-left text-left\"  >\n\t\t\t\t\t<div class=\"icon-box-img\" style=\"width: 30px\">\n\t\t\t\t<div class=\"icon\">\n\t\t\t\t\t<div class=\"icon-inner\" >\n\t\t\t\t\t\t<img width=\"53\" height=\"70\" src=\"https:\/\/congtyphannguyen.com\/w\/baohiem\/wp-content\/uploads\/2019\/04\/icon14.png\" class=\"attachment-medium size-medium\" alt=\"\" loading=\"lazy\" \/>\t\t\t\t\t<\/div>\n\t\t\t\t<\/div>\n\t\t\t<\/div>\n\t\t\t\t<div class=\"icon-box-text last-reset\">\n\t\t\t\t\t\t\t\t\t\n<p style=\"text-align: left;\">L\u00e3i su\u1ea5t c\u00f4ng b\u1ed1<\/p>\n\t\t<\/div>\n\t<\/div><!-- .icon-box -->\n\t<\/a>\n\t\n<\/div><\/div>\n<div class=\"col medium-2 small-6 large-2\"  ><div class=\"col-inner\"  >\n<\/div><\/div>\n\n<style scope=\"scope\">\n\n<\/style>\n<\/div>\n<div class=\"row row-small row-tieu-de-2\"  id=\"row-1057231024\">\n<div class=\"col medium-3 small-6 large-3\"  ><div class=\"col-inner\"  >\n<p><span style=\"color: #4376b7;\"><a style=\"color: #4376b7;\" href=\"\/san-pham\/ca-nhan\/tao-dung-tai-san-va-dau-tu-hieu-qua\/\">B\u1ea3o v\u1ec7 tr\u01b0\u1edbc nh\u1eefng r\u1ee7i ro c\u1ee7a cu\u1ed9c s\u1ed1ng<\/a><\/span><\/p>\n<\/div><\/div>\n<div class=\"col medium-3 small-6 large-3\"  ><div class=\"col-inner\"  >\n<p><a href=\"\/san-pham\/ca-nhan\/tao-dung-tai-san-va-dau-tu-hieu-qua\/\">T\u1ea1o d\u1ef1ng t\u00e0i s\u1ea3n v\u00e0 \u0111\u1ea7u t\u01b0 hi\u1ec7u qu\u1ea3<\/a><\/p>\n<\/div><\/div>\n<div class=\"col medium-3 small-6 large-3\"  ><div class=\"col-inner\"  >\n<p><a href=\"\/san-pham\/ca-nhan\/tich-luy-cho-tuong-lai-hoc-van-cua-con\/\">T\u00edch l\u0169y t\u01b0\u01a1ng lai v\u00e0 h\u1ecdc v\u1ea5n cho con<\/a><\/p>\n<\/div><\/div>\n<div class=\"col medium-3 small-6 large-3\"  ><div class=\"col-inner\"  >\n<p><span style=\"color: #83b614;\"><a style=\"color: #83b614;\" href=\"\/san-pham\/ca-nhan\/cham-soc-suc-khoe\/\">Ch\u0103m s\u00f3c s\u1ee9c kh\u1ecfe<\/a><\/span><\/p>\n<\/div><\/div>\n\n<style scope=\"scope\">\n\n<\/style>\n<\/div>\n<div class=\"gap-element\" style=\"display:block; height:auto; padding-top:30px\" class=\"clearfix\"><\/div>\n<div class=\"row\"  id=\"row-1506525789\">\n<div class=\"col small-12 large-12\"  ><div class=\"col-inner\"  >\n<div class=\"tieu-de-box\">\n<h2>CH\u0102M S\u00d3C S\u1ee8C KH\u1eceE<\/h2>\n<p>\u201cCh\u00ednh s\u1ee9c kh\u1ecfe m\u1edbi l\u00e0 s\u1ef1 gi\u00e0u c\u00f3 th\u1ef1c s\u1ef1, kh\u00f4ng ph\u1ea3i v\u00e0ng v\u00e0 b\u1ea1c.\u201d &#8211; Mahatma Gandhi T\u1ea1i Aviva, ch\u00fang t\u00f4i quan t\u00e2m v\u00e0 th\u1ea5u hi\u1ec3u nh\u1eefng mong \u01b0\u1edbc c\u1ee7a b\u1ea1n v\u1ec1 m\u1ed9t cu\u1ed9c s\u1ed1ng b\u00ecnh an b\u1edfi s\u1ee9c kh\u1ecfe l\u00e0 th\u1ee9 duy nh\u1ea5t kh\u00f4ng \u0111\u1ec3 \u0111\u00e1nh \u0111\u1ed5i. V\u1edbi nh\u1eefng h\u1ed7 tr\u1ee3 y t\u1ebf to\u00e0n di\u1ec7n v\u00e0 m\u1ed9t kho\u1ea3n cam k\u1ebft t\u00edch lu\u1ef9 cho t\u01b0\u01a1ng lai, Aviva Vietnam s\u1ebd gi\u00fap b\u1ea1n v\u00e0 gia \u0111\u00ecnh g\u1ea1t \u0111i nh\u1eefng \u00e2u lo, t\u1eadn h\u01b0\u1edfng cu\u1ed9c s\u1ed1ng v\u00e0 v\u01b0\u01a1n xa h\u01a1n t\u1edbi \u0111\u00edch \u0111\u1ebfn th\u00e0nh c\u00f4ng.<\/p>\n<\/div>\n<\/div><\/div>\n<\/div>\n<div class=\"row\"  id=\"row-499667712\">\n<div class=\"col medium-6 small-12 large-6\"  ><div class=\"col-inner\"  >\n\t<div class=\"img has-hover x md-x lg-x y md-y lg-y\" id=\"image_1532417335\">\n\t\t<a class=\"\" href=\"\/phat-bao-an\/\" target=\"_self\" >\t\t\t\t\t\t<div class=\"img-inner dark\" >\n\t\t\t<img width=\"600\" height=\"336\" src=\"https:\/\/congtyphannguyen.com\/w\/baohiem\/wp-content\/uploads\/2019\/04\/img01.jpg\" class=\"attachment-original size-original\" alt=\"\" loading=\"lazy\" srcset=\"https:\/\/congtyphannguyen.com\/w\/baohiem\/wp-content\/uploads\/2019\/04\/img01.jpg 600w, https:\/\/congtyphannguyen.com\/w\/baohiem\/wp-content\/uploads\/2019\/04\/img01-300x168.jpg 300w\" sizes=\"(max-width: 600px) 100vw, 600px\" \/>\t\t\t\t\t\t\n\t\t\t\t\t<\/div>\n\t\t\t\t\t\t<\/a>\t\t\n<style scope=\"scope\">\n\n#image_1532417335 {\n  width: 100%;\n}\n<\/style>\n\t<\/div>\n\t\n<h3 class=\"cate-name\"><a href=\"\/phat-bao-an\/\">PH\u00c1T B\u1ea2O AN<\/a><\/h3>\n<div class=\"desc\">\n<p><span style=\"font-size: 95%;\">Gi\u1ea3i ph\u00e1p b\u1ea3o v\u1ec7 t\u1ed1i \u01b0u nh\u1ea5t gi\u00fap b\u1ea1n d\u1ec5 d\u00e0ng v\u01b0\u1ee3t qua nh\u1eefng gian nan khi \u0111\u1ed1i m\u1eb7t v\u1edbi nh\u1eefng c\u0103n b\u1ec7nh hi\u1ec3m ngh\u00e8o ph\u1ed5 bi\u1ebfn<\/span><\/p>\n<\/div>\n<\/div><\/div>\n<div class=\"col medium-6 small-12 large-6\"  ><div class=\"col-inner\"  >\n\t<div class=\"img has-hover x md-x lg-x y md-y lg-y\" id=\"image_160214863\">\n\t\t<a class=\"\" href=\"\/diem-tua-cuoc-song\/\" target=\"_self\" >\t\t\t\t\t\t<div class=\"img-inner dark\" >\n\t\t\t<img width=\"600\" height=\"336\" src=\"https:\/\/congtyphannguyen.com\/w\/baohiem\/wp-content\/uploads\/2019\/04\/img-2.jpg\" class=\"attachment-original size-original\" alt=\"\" loading=\"lazy\" srcset=\"https:\/\/congtyphannguyen.com\/w\/baohiem\/wp-content\/uploads\/2019\/04\/img-2.jpg 600w, https:\/\/congtyphannguyen.com\/w\/baohiem\/wp-content\/uploads\/2019\/04\/img-2-300x168.jpg 300w\" sizes=\"(max-width: 600px) 100vw, 600px\" \/>\t\t\t\t\t\t\n\t\t\t\t\t<\/div>\n\t\t\t\t\t\t<\/a>\t\t\n<style scope=\"scope\">\n\n#image_160214863 {\n  width: 100%;\n}\n<\/style>\n\t<\/div>\n\t\n<h3 class=\"cate-name\"><a  href=\"\/diem-tua-cuoc-song\/\" >\u0110I\u1ec2M T\u1ef0A CU\u1ed8C S\u1ed0NG<\/a><\/h3>\n<div class=\"desc\">\n<p><span style=\"font-size: 95%;\">V\u1edbi nh\u1eefng h\u1ed7 tr\u1ee3 y t\u1ebf to\u00e0n di\u1ec7n v\u00e0 m\u1ed9t kho\u1ea3n cam k\u1ebft t\u00edch lu\u1ef9 cho t\u01b0\u01a1ng lais\u1ebd gi\u00fap b\u1ea1n v\u00e0 gia \u0111\u00ecnh g\u1ea1t \u0111i nh\u1eefng \u00e2u lo, t\u1eadn h\u01b0\u1edfng cu\u1ed9c s\u1ed1ng v\u00e0 v\u01b0\u01a1n xa h\u01a1n t\u1edbi \u0111\u00edch \u0111\u1ebfn th\u00e0nh c\u00f4ng.<\/span><\/p>\n<\/div>\n<\/div><\/div>\n<\/div>\n<div class=\"row\"  id=\"row-1619871309\">\n<div class=\"col medium-6 small-12 large-6\"  ><div class=\"col-inner\"  >\n\t<div class=\"img has-hover x md-x lg-x y md-y lg-y\" id=\"image_501155001\">\n\t\t<a class=\"\" href=\"\/song-chu-dong\/\" target=\"_self\" >\t\t\t\t\t\t<div class=\"img-inner dark\" >\n\t\t\t<img width=\"600\" height=\"336\" src=\"https:\/\/congtyphannguyen.com\/w\/baohiem\/wp-content\/uploads\/2019\/04\/img-3.jpg\" class=\"attachment-original size-original\" alt=\"\" loading=\"lazy\" srcset=\"https:\/\/congtyphannguyen.com\/w\/baohiem\/wp-content\/uploads\/2019\/04\/img-3.jpg 600w, https:\/\/congtyphannguyen.com\/w\/baohiem\/wp-content\/uploads\/2019\/04\/img-3-300x168.jpg 300w\" sizes=\"(max-width: 600px) 100vw, 600px\" \/>\t\t\t\t\t\t\n\t\t\t\t\t<\/div>\n\t\t\t\t\t\t<\/a>\t\t\n<style scope=\"scope\">\n\n#image_501155001 {\n  width: 100%;\n}\n<\/style>\n\t<\/div>\n\t\n<h3 class=\"cate-name\"><a  href=\"\/song-chu-dong\/\" >S\u1ed0NG CH\u1ee6 \u0110\u1ed8NG<\/a><\/h3>\n<div class=\"desc\">\n<p><span style=\"font-size: 95%;\">Gi\u1ea3i ph\u00e1p b\u1ea3o v\u1ec7 t\u1ed1i \u01b0u nh\u1ea5t gi\u00fap b\u1ea1n d\u1ec5 d\u00e0ng v\u01b0\u1ee3t qua nh\u1eefng gian nan khi \u0111\u1ed1i m\u1eb7t v\u1edbi nh\u1eefng c\u0103n b\u1ec7nh hi\u1ec3m ngh\u00e8o ph\u1ed5 bi\u1ebfn<\/span><\/p>\n<\/div>\n<\/div><\/div>\n<\/div>\n","protected":false},"excerpt":{"rendered":"","protected":false},"author":1,"featured_media":0,"parent":24,"menu_order":0,"comment_status":"closed","ping_status":"closed","template":"page-blank.php","meta":[],"_links":{"self":[{"href":"https:\/\/congtyphannguyen.com\/w\/baohiem\/wp-json\/wp\/v2\/pages\/34"}],"collection":[{"href":"https:\/\/congtyphannguyen.com\/w\/baohiem\/wp-json\/wp\/v2\/pages"}],"about":[{"href":"https:\/\/congtyphannguyen.com\/w\/baohiem\/wp-json\/wp\/v2\/types\/page"}],"author":[{"embeddable":true,"href":"https:\/\/congtyphannguyen.com\/w\/baohiem\/wp-json\/wp\/v2\/users\/1"}],"replies":[{"embeddable":true,"href":"https:\/\/congtyphannguyen.com\/w\/baohiem\/wp-json\/wp\/v2\/comments?post=34"}],"version-history":[{"count":0,"href":"https:\/\/congtyphannguyen.com\/w\/baohiem\/wp-json\/wp\/v2\/pages\/34\/revisions"}],"up":[{"embeddable":true,"href":"https:\/\/congtyphannguyen.com\/w\/baohiem\/wp-json\/wp\/v2\/pages\/24"}],"wp:attachment":[{"href":"https:\/\/congtyphannguyen.com\/w\/baohiem\/wp-json\/wp\/v2\/media?parent=34"}],"curies":[{"name":"wp","href":"https:\/\/api.w.org\/{rel}","templated":true}]}}