{"id":267,"date":"2018-04-26T09:32:38","date_gmt":"2018-04-26T02:32:38","guid":{"rendered":"https:\/\/bizhostvn.com\/w\/bienchucdanh\/?post_type=product&#038;p=267"},"modified":"2018-04-26T10:08:04","modified_gmt":"2018-04-26T03:08:04","slug":"the-thay-ten-nhan-vien-11","status":"publish","type":"product","link":"https:\/\/congtyphannguyen.com\/w\/bienchucdanh\/san-pham\/the-thay-ten-nhan-vien-11\/","title":{"rendered":"Th\u1ebb Thay T\u00ean Nh\u00e2n Vi\u00ean 11"},"content":{"rendered":"","protected":false},"excerpt":{"rendered":"","protected":false},"featured_media":268,"comment_status":"open","ping_status":"closed","template":"","meta":[],"product_cat":[20],"product_tag":[],"_links":{"self":[{"href":"https:\/\/congtyphannguyen.com\/w\/bienchucdanh\/wp-json\/wp\/v2\/product\/267"}],"collection":[{"href":"https:\/\/congtyphannguyen.com\/w\/bienchucdanh\/wp-json\/wp\/v2\/product"}],"about":[{"href":"https:\/\/congtyphannguyen.com\/w\/bienchucdanh\/wp-json\/wp\/v2\/types\/product"}],"replies":[{"embeddable":true,"href":"https:\/\/congtyphannguyen.com\/w\/bienchucdanh\/wp-json\/wp\/v2\/comments?post=267"}],"wp:featuredmedia":[{"embeddable":true,"href":"https:\/\/congtyphannguyen.com\/w\/bienchucdanh\/wp-json\/wp\/v2\/media\/268"}],"wp:attachment":[{"href":"https:\/\/congtyphannguyen.com\/w\/bienchucdanh\/wp-json\/wp\/v2\/media?parent=267"}],"wp:term":[{"taxonomy":"product_cat","embeddable":true,"href":"https:\/\/congtyphannguyen.com\/w\/bienchucdanh\/wp-json\/wp\/v2\/product_cat?post=267"},{"taxonomy":"product_tag","embeddable":true,"href":"https:\/\/congtyphannguyen.com\/w\/bienchucdanh\/wp-json\/wp\/v2\/product_tag?post=267"}],"curies":[{"name":"wp","href":"https:\/\/api.w.org\/{rel}","templated":true}]}}