{"id":1496,"date":"2017-11-03T15:07:18","date_gmt":"2017-11-03T08:07:18","guid":{"rendered":"https:\/\/bizhostvn.com\/w\/cake2\/?post_type=product&#038;p=1496"},"modified":"2017-11-03T15:07:18","modified_gmt":"2017-11-03T08:07:18","slug":"kem-lam-banh-pastry-topping","status":"publish","type":"product","link":"https:\/\/congtyphannguyen.com\/w\/cake2\/product\/kem-lam-banh-pastry-topping\/","title":{"rendered":"Kem l\u00e0m b\u00e1nh Pastry Topping"},"content":{"rendered":"<p><strong>* Nh\u1eefng \u0111\u1eb7c \u0111i\u1ec3m n\u1ed5i b\u1eadt:<\/strong><\/p>\n<ul>\n<li>Pastry l\u00e0 lo\u1ea1i kem \u0111a n\u0103ng r\u1ea5t \u0111\u1eb7c bi\u1ec7t c\u1ee7a Rich, gi\u00fap b\u1ea1n t\u1ea1o n\u00ean c\u00f4ng th\u1ee9c \u0111\u1ed9c \u0111\u00e1o c\u1ee7a ri\u00eang b\u1ea1n.<\/li>\n<li>Kh\u1ea3 n\u0103ng ch\u1ed1ng l\u00ean men cao, l\u00e0m \u0111\u1eadm \u0111\u00e0 v\u1ecb tr\u00e1i c\u00e2y t\u1eeb kem Mouse, \u0111\u1ed9 \u1ed5n \u0111\u1ecbnh cao, c\u00f3 th\u1ec3 d\u1ec5 d\u00e0ng tr\u1ed9n v\u1edbi b\u1ea5t k\u1ef3 lo\u1ea1i tr\u00e1i c\u00e2y nghi\u1ec1n n\u00e0o. V\u00e0 v\u00ec v\u1eady, b\u1ea1n c\u00f3 th\u1ec3 ti\u1ebft ki\u1ec7m nhi\u1ec1u th\u1eddi gian h\u01a1n khi l\u00e0m b\u00e1nh Mouse tr\u00e1i c\u00e2y.<\/li>\n<li>Th\u00e0nh ph\u1ea7n kh\u00f4ng \u0111\u01b0\u1eddng \u0111\u1ed9c \u0111\u00e1o v\u1edbi v\u1ecb s\u1eefa t\u1ef1 nhi\u00ean, v\u1ecb b\u00e9o v\u00e0 m\u1ecbn. Lo\u1ea1i kem n\u00e0y th\u00edch h\u1ee3p v\u1edbi t\u1ea5t c\u1ea3 c\u00e1c m\u00f3n tr\u00e1ng mi\u1ec7ng v\u00e0 b\u00e1nh n\u01b0\u1edbng.<\/li>\n<li>Do \u0111\u1eb7c t\u00ednh kh\u00f4ng \u0111\u01b0\u1eddng n\u00ean b\u1ea1n c\u00f3 th\u1ec3 tr\u1ed9n v\u00e0 \u0111\u00e1nh kem v\u1edbi b\u1ea5t c\u1ee9 lo\u1ea1i kem ph\u1ee7 n\u00e0o kh\u00e1c \u0111\u1ec3 t\u1ea1o n\u00ean c\u00f4ng th\u1ee9c \u0111\u1ed9c nh\u1ea5t c\u1ee7a ri\u00eang m\u00ecnh, gi\u1ea3m \u0111\u1ed9 ng\u1ecdt cho l\u1edbp kem trang tr\u00ed b\u00e1nh.<\/li>\n<li>\u00cdt cholesterol: Kem Pastry Topping c\u1ee7a Rich&#8217;s ch\u1ec9 c\u00f3 l\u01b0\u1ee3ng cholesterol b\u1eb1ng 25% so v\u1edbi c\u00e1c lo\u1ea1i kem \u0111\u00e1nh th\u00f4ng th\u01b0\u1eddng c\u00f3 ngu\u1ed3n g\u1ed1c \u0111\u1ed9ng v\u1eadt kh\u00e1c. B\u1ea1n c\u00f3 th\u1ec3 y\u00ean t\u00e2m th\u01b0\u1edfng th\u1ee9c c\u00e1c m\u00f3n tr\u00e1ng mi\u1ec7ng h\u1ea5p d\u1eabn v\u00e0 c\u00f3 l\u1ee3i cho s\u1ee9c kh\u1ecfe h\u01a1n.<\/li>\n<li>D\u1ec5 d\u00e0ng th\u1ef1c hi\u1ec7n, c\u00f3 \u0111\u1ed9 n\u1edf cao, l\u00ean \u0111\u1ebfn 250% sau khi \u0111\u00e1nh. Ti\u1ebft ki\u1ec7m th\u1eddi gian, t\u0103ng n\u0103ng su\u1ea5t v\u00e0 l\u1ee3i nhu\u1eadn cho b\u1ea1n.<\/li>\n<\/ul>\n<p><strong>* H\u01b0\u1edbng d\u1eabn s\u1eed d\u1ee5ng:<\/strong><\/p>\n<ul>\n<li>X\u1ea3 \u0111\u00f4ng trong t\u1ee7 l\u1ea1nh (t\u1eeb 2-7 \u0111\u1ed9 C) tr\u01b0\u1edbc khi s\u1eed d\u1ee5ng. Ch\u1edd \u0111\u1ebfn khi l\u1edbp \u0111\u00e1 trong h\u1ed9p ch\u1ee9a ho\u00e0n to\u00e0n tan ra.<\/li>\n<li>L\u1eafc h\u1ed9p ch\u1ee9a \u0111\u1ec1u tr\u01b0\u1edbc khi m\u1edf h\u1ed9p<\/li>\n<li>Khi l\u00e0m b\u00e1nh Mouse, \u0111\u1ed5 kem l\u1ecfng v\u00e0o th\u1ed1 l\u1ea1nh kh\u00f4ng qu\u00e1 20% dung t\u00edch c\u1ee7a th\u1ed1. \u0110\u00e1nh kem v\u1edbi t\u1ed1c \u0111\u1ed9 trung b\u00ecnh cho \u0111\u1ebfn khi kem chi\u1ebfm t\u1eeb 60% \u0111\u1ebfn 70% dung t\u00edch c\u1ee7a th\u1ed1.<\/li>\n<li>Khi pha tr\u1ed9n, \u0111\u1ed5 kem l\u1ecfng v\u00e0o th\u1ed1 l\u1ea1nh t\u00f9y theo t\u1ec9 l\u1ec7 pha tr\u1ed9n v\u1edbi m\u1ee9c d\u01b0\u1edbi 20&amp; dung t\u00edch c\u1ee7a th\u1ed1. \u0110\u00e1nh kem v\u1edbi t\u1ed1c \u0111\u1ed9 trung b\u00ecnh cho \u0111\u1ebfn khi kem tr\u1edf n\u00ean d\u00e0y, \u0111\u1ea1t \u0111\u1ed9 \u0111\u1ee9ng, m\u1ecbn v\u00e0 n\u01b0\u1edbc l\u00e1ng tr\u00ean m\u1eb7t kem kh\u00f4ng c\u00f2n.<\/li>\n<li>Kem \u0111\u00e3 \u0111\u00e1nh b\u00f4ng n\u1ebfu ch\u01b0a s\u1eed d\u1ee5ng ph\u1ea3i \u0111\u01b0\u1ee3c b\u1ea3o qu\u1ea3n trong t\u1ee7 l\u1ea1nh<\/li>\n<li>Kh\u00f4ng t\u00e1i \u0111\u00f4ng khi kem \u0111\u00e3 x\u1ea3 \u0111\u00f4ng.<\/li>\n<\/ul>\n<p><strong>* Tr\u1ecdng l\u01b0\u1ee3ng:<\/strong>\u00a01000g<\/p>\n","protected":false},"excerpt":{"rendered":"<p>L\u00e0 lo\u1ea1i kem kh\u00f4ng \u0111\u01b0\u1eddng \u0111a n\u0103ng v\u1edbi v\u1ecb s\u1eefa t\u1ef1 nhi\u00ean. C\u00f3 l\u01b0\u1ee3ng cholesterol b\u1eb1ng 25% so v\u1edbi c\u00e1c lo\u1ea1i kem \u0111\u00e1nh th\u00f4ng th\u01b0\u1eddng c\u00f3 ngu\u1ed3n g\u1ed1c \u0111\u1ed9ng v\u1eadt.<\/p>\n<ul>\n<li>Gi\u00e1 : <a href=\"http:\/\/ongvangfood.com\/lien-he\">Li\u00ean h\u1ec7<\/a><\/li>\n<li>Xu\u1ea5t x\u1ee9 : Rich USA \/ Vi\u1ec7t Nam<\/li>\n<\/ul>\n","protected":false},"featured_media":1497,"comment_status":"open","ping_status":"closed","template":"","meta":[],"product_cat":[25,18,46],"product_tag":[],"_links":{"self":[{"href":"https:\/\/congtyphannguyen.com\/w\/cake2\/wp-json\/wp\/v2\/product\/1496"}],"collection":[{"href":"https:\/\/congtyphannguyen.com\/w\/cake2\/wp-json\/wp\/v2\/product"}],"about":[{"href":"https:\/\/congtyphannguyen.com\/w\/cake2\/wp-json\/wp\/v2\/types\/product"}],"replies":[{"embeddable":true,"href":"https:\/\/congtyphannguyen.com\/w\/cake2\/wp-json\/wp\/v2\/comments?post=1496"}],"wp:featuredmedia":[{"embeddable":true,"href":"https:\/\/congtyphannguyen.com\/w\/cake2\/wp-json\/wp\/v2\/media\/1497"}],"wp:attachment":[{"href":"https:\/\/congtyphannguyen.com\/w\/cake2\/wp-json\/wp\/v2\/media?parent=1496"}],"wp:term":[{"taxonomy":"product_cat","embeddable":true,"href":"https:\/\/congtyphannguyen.com\/w\/cake2\/wp-json\/wp\/v2\/product_cat?post=1496"},{"taxonomy":"product_tag","embeddable":true,"href":"https:\/\/congtyphannguyen.com\/w\/cake2\/wp-json\/wp\/v2\/product_tag?post=1496"}],"curies":[{"name":"wp","href":"https:\/\/api.w.org\/{rel}","templated":true}]}}