{"id":1498,"date":"2017-11-03T15:09:29","date_gmt":"2017-11-03T08:09:29","guid":{"rendered":"https:\/\/bizhostvn.com\/w\/cake2\/?post_type=product&#038;p=1498"},"modified":"2017-11-03T15:09:29","modified_gmt":"2017-11-03T08:09:29","slug":"kem-trang-tri-rich-chocolate","status":"publish","type":"product","link":"https:\/\/congtyphannguyen.com\/w\/cake2\/product\/kem-trang-tri-rich-chocolate\/","title":{"rendered":"Kem trang tr\u00ed Rich Chocolate"},"content":{"rendered":"<p><strong>* C\u00e1c \u01b0u \u0111i\u1ec3m:<\/strong><\/p>\n<ul>\n<li>\u00a0H\u01b0\u01a1ng v\u1ecb tuy\u1ec7t v\u1eddi v\u1edbi v\u1ecb \u00eam d\u1ecbu v\u00e0 \u0111\u1eadm \u0111\u00e0 c\u1ee7a s\u00f4 c\u00f4 la s\u1ebd l\u00f4i cu\u1ed1n c\u1ea3 gi\u00e1c quan tinh t\u1ebf nh\u1ea5t.<\/li>\n<li>\u00a0Ti\u1ec7n d\u1ee5ng: Ch\u1ec9 c\u1ea7n x\u1ea3 \u0111\u00f4ng v\u00e0 \u0111\u00e1nh kem. Kem r\u1ea5t d\u1ec5 thao t\u00e1c, ti\u1ebft ki\u1ec7m th\u1eddi gian m\u00e0 v\u1eabn \u0111\u1ea1t ch\u1ea5t l\u01b0\u1ee3ng v\u00e0 \u0111\u1ed9 \u0111\u1ed3ng \u0111\u1ec1u cao.<\/li>\n<li>\u00a0Lo\u1ea1i kem mang \u0111\u1ebfn th\u00eam c\u00e1c gi\u00e1 tr\u1ecb: Ch\u1ec9 \u0111\u01a1n gi\u1ea3n n\u1eb7n m\u1ed9t mi\u1ebfng kem l\u00ean tr\u00ean c\u00e1c m\u00f3n tr\u00e1ng mi\u1ec7ng hay n\u01b0\u1edbc u\u1ed1ng, b\u1ea1n \u0111\u00e3 t\u1ea1o n\u00ean s\u1ef1 h\u1ea5p d\u1eabn v\u00e0 ngon mi\u1ec7ng cho kh\u00e1ch h\u00e0ng.<\/li>\n<li>\u00a0\u0110a n\u0103ng: kem l\u00fd t\u01b0\u1edfng d\u00f9ng cho c\u00e1c ti\u1ec7m b\u00e1nh v\u00e0 qu\u00e1n \u1ea9m th\u1ef1c, d\u00f9ng \u0111\u1ec3 trang tr\u00ed, ch\u00e0 l\u00e1ng hay l\u00e0m nh\u00e2n b\u00e1nh ng\u1ecdt, c\u00e1c m\u00f3n tr\u00e1ng mi\u1ec7ng v\u00e0 n\u01b0\u1edbc u\u1ed1ng.<\/li>\n<\/ul>\n<p><strong>* H\u01b0\u1edbng d\u1eabn s\u1eed d\u1ee5ng:\u00a0<\/strong><\/p>\n<ul>\n<li>\u00a0Tr\u1eef \u0111\u00f4ng \u1edf nhi\u1ec7t \u0111\u1ed9 -18 \u0111\u1ed9 C<\/li>\n<li>\u00a0X\u1ea3 \u0111\u00f4ng trong t\u1ee7 l\u1ea1nh (t\u1eeb 2-7 \u0111\u1ed9 C) tr\u01b0\u1edbc khi s\u1eed d\u1ee5ng. Ch\u1edd \u0111\u1ebfn khi l\u1edbp \u0111\u00e1 trong h\u1ed9p ch\u1ee9a ho\u00e0n to\u00e0n tan ra.<\/li>\n<li>\u00a0L\u1eafc h\u1ed9p ch\u1ee9a \u0111\u1ec1u tr\u01b0\u1edbc khi m\u1edf h\u1ed9p<\/li>\n<li>\u00a0\u0110\u1ed5 kem l\u1ecfng v\u00e0o th\u1ed1 l\u1ea1nh kh\u00f4ng qu\u00e1 20% dung t\u00edch c\u1ee7a th\u1ed1.<\/li>\n<li>\u00a0\u0110\u00e1nh kem v\u1edbi t\u1ed1c \u0111\u1ed9 trung b\u00ecnh cho \u0111\u1ebfn khi kem tr\u1edf n\u00ean d\u00e0y, \u0111\u1ea1t \u0111\u1ed9 \u0111\u1ee9ng, m\u1ecbn v\u00e0 n\u01b0\u1edbc l\u00e1ng tr\u00ean m\u1eb7t kem kh\u00f4ng c\u00f2n.<span style=\"color: #555555; line-height: inherit; font-size: 14.4px;\">\u00a0 \u00a0 \u00a0 \u00a0 \u00a0 \u00a0 \u00a0 \u00a0\u00a0<\/span><\/li>\n<\/ul>\n<p><strong>\u00a0* Tr\u1ecdng l\u01b0\u1ee3ng:<\/strong> 907g<\/p>\n","protected":false},"excerpt":{"rendered":"<p>Kem whipping s\u00f4 c\u00f4 la c\u1ee7a Rich l\u00e0 m\u1ed9t lo\u1ea1i kem trang tr\u00ed pha s\u1eb5n s\u00f4 c\u00f4 la, mang \u0111\u1ebfn h\u01b0\u01a1ng v\u1ecb s\u00f4 c\u00f4 la h\u1ea5p d\u1eabn, v\u1edbi \u0111\u1ed9 \u1ed5n \u0111\u1ecbnh cao v\u00e0 ch\u1ea5t l\u01b0\u1ee3ng \u0111\u1ed3ng \u0111\u1ec1u. Lo\u1ea1i kem n\u00e0y gi\u00fap b\u1ea1n tr\u00e1nh t\u1ea5t c\u1ea3 nh\u1eefng phi\u1ec1n to\u00e1i khi b\u1ea1n t\u1ef1 l\u00e0m kem \u0111\u00e1nh s\u00f4 c\u00f4 la.<\/p>\n<ul>\n<li>Gi\u00e1 : <a href=\"http:\/\/ongvangfood.com\/lien-he\">Li\u00ean h\u1ec7<\/a><\/li>\n<li>Xu\u1ea5t x\u1ee9 : Rich USA \/ Vi\u1ec7t Nam<\/li>\n<\/ul>\n","protected":false},"featured_media":1499,"comment_status":"open","ping_status":"closed","template":"","meta":[],"product_cat":[25,46],"product_tag":[],"_links":{"self":[{"href":"https:\/\/congtyphannguyen.com\/w\/cake2\/wp-json\/wp\/v2\/product\/1498"}],"collection":[{"href":"https:\/\/congtyphannguyen.com\/w\/cake2\/wp-json\/wp\/v2\/product"}],"about":[{"href":"https:\/\/congtyphannguyen.com\/w\/cake2\/wp-json\/wp\/v2\/types\/product"}],"replies":[{"embeddable":true,"href":"https:\/\/congtyphannguyen.com\/w\/cake2\/wp-json\/wp\/v2\/comments?post=1498"}],"wp:featuredmedia":[{"embeddable":true,"href":"https:\/\/congtyphannguyen.com\/w\/cake2\/wp-json\/wp\/v2\/media\/1499"}],"wp:attachment":[{"href":"https:\/\/congtyphannguyen.com\/w\/cake2\/wp-json\/wp\/v2\/media?parent=1498"}],"wp:term":[{"taxonomy":"product_cat","embeddable":true,"href":"https:\/\/congtyphannguyen.com\/w\/cake2\/wp-json\/wp\/v2\/product_cat?post=1498"},{"taxonomy":"product_tag","embeddable":true,"href":"https:\/\/congtyphannguyen.com\/w\/cake2\/wp-json\/wp\/v2\/product_tag?post=1498"}],"curies":[{"name":"wp","href":"https:\/\/api.w.org\/{rel}","templated":true}]}}