{"id":579,"date":"2018-04-07T13:23:15","date_gmt":"2018-04-07T06:23:15","guid":{"rendered":"https:\/\/bizhostvn.com\/w\/cayxanh2\/?post_type=product&#038;p=579"},"modified":"2018-04-07T13:23:15","modified_gmt":"2018-04-07T06:23:15","slug":"cay-da-yen-thao","status":"publish","type":"product","link":"https:\/\/congtyphannguyen.com\/w\/cayxanh2\/san-pham\/cay-da-yen-thao\/","title":{"rendered":"C\u00e2y d\u1ea1 y\u1ebfn th\u1ea3o"},"content":{"rendered":"<p><em><strong>D\u1ea1 y\u1ebfn th\u1ea3o<\/strong><\/em> l\u00e0 lo\u00e0i hoa l\u00fd t\u01b0\u1edfng \u0111\u1ec3 tr\u1ed3ng trong gi\u1ecf treo v\u00e0 tr\u00ean ban-c\u00f4ng. \u01afu \u0111i\u1ec3m c\u1ee7a gi\u1ed1ng hoa n\u00e0y l\u00e0 cho hoa nhi\u1ec1u v\u00e0 th\u00e2n c\u00f3 t\u00ednh n\u0103ng bu\u00f4ng r\u1ee7 n\u00ean kh\u00f4ng ch\u1ec9 l\u00e0m \u0111\u1eb9p v\u00e0 c\u00f2n gi\u00fap che khuy\u1ebft \u0111i\u1ec3m cho c\u00e1c ban c\u00f4ng \u0111\u00e3 c\u0169.<\/p>\n<p>\u01afu \u0111i\u1ec3m c\u1ee7a gi\u1ed1ng hoa n\u00e0y l\u00e0 cho hoa nhi\u1ec1u v\u00e0 th\u00e2n c\u00f3 t\u00ednh n\u0103ng bu\u00f4ng r\u1ee7 n\u00ean tr\u1ed3ng \u1edf ban c\u00f4ng r\u1ea5t \u0111\u1eb9p.\u00a0D\u1ea1 y\u1ebfn th\u1ea3o\u00a0c\u00f3 hoa li\u00ean t\u1ee5c, h\u1ebft \u0111\u1ee3t n\u00e0y \u0111\u1ebfn \u0111\u1ee3t kh\u00e1c, d\u1ec5 t\u00ecm c\u00e1c lo\u1ea1i gi\u1ed1ng v\u00e0 c\u00f3 m\u1ed9t m\u00f9i th\u01a1m r\u1ea5t \u0111\u1eb7c bi\u1ec7t. \u00cdt b\u1ecb \u1ea3nh h\u01b0\u1edfng b\u1edfi s\u00e2u b\u1ecd v\u00e0 quan tr\u1ecdng nh\u1ea5t l\u00e0 d\u1ec5 tr\u1ed3ng v\u00e0 d\u1ec5 ch\u0103m s\u00f3c.<\/p>\n<p>D\u1ea1 y\u00ean th\u1ea3o l\u00e0 c\u00e2y \u01b0a s\u00e1ng. T\u01b0\u1edbi n\u01b0\u1edbc th\u01b0\u1eddng xuy\u00ean v\u00e0 v\u1eeba ph\u1ea3i, kh\u00f4ng nhi\u1ec1u qu\u00e1 nh\u01b0ng c\u0169ng kh\u00f4ng \u0111\u1ec3 \u0111\u1ea5t kh\u00f4 qu\u00e1. D\u00e3 y\u00ean th\u1ea3o c\u00f3 hoa li\u00ean t\u1ee5c, h\u1ebft \u0111\u1ee3t n\u00e0y \u0111\u1ebfn \u0111\u1ee3t kh\u00e1c.<\/p>\n<p>M\u1ed7i s\u00e1ng b\u1ea1n n\u00ean t\u01b0\u1edbi c\u00e2y, nh\u1eb7t l\u00e1 d\u1ea1 y\u1ebfn th\u1ea3o kh\u00f4, h\u00e9o v\u00ec \u0111\u1ec3 l\u00e2u s\u1ebd d\u1ec5 khi\u1ebfn c\u00e2y b\u1ecb \u00fang. Khi tr\u1ed3ng c\u00e2y, b\u1ea1n c\u0169ng n\u00ean quan t\u00e2m m\u1ed9t ch\u00fat \u0111\u1ebfn th\u1eddi ti\u1ebft trong ng\u00e0y, n\u1ebfu tr\u1eddi n\u1eafng to ho\u1eb7c m\u01b0a to, b\u1ea1n n\u00ean \u201cdi d\u1eddi\u201d c\u00e2y v\u00e0o trong nh\u00e0 \u0111\u1ec3 \u0111\u1ea3m b\u1ea3o c\u00e2y v\u00e0 hoa \u0111\u01b0\u1ee3c t\u1ed1t t\u01b0\u01a1i l\u00e2u h\u01a1n.<\/p>\n<p>Khi c\u00e2y qu\u00e1 gi\u00e0 ch\u00fang ta c\u1eaft b\u1edbt th\u00e2n ng\u1ecdn, gi\u1eef g\u00ecn c\u00e1c ph\u1ea7n th\u00e2n (Th\u1ef1c hi\u1ec7n v\u00e0o ng\u00e0y m\u00e1t) c\u00f3 th\u1ec3 thay \u0111\u1ea5t ho\u1eb7c ch\u1eadu to h\u01a1n (v\u00e0o m\u00f9a xu\u00e2n), b\u1ed5 sung dinh d\u01b0\u1ee1ng c\u00e2y s\u1ebd b\u1eadt m\u1ea7m l\u1ed9c d\u00e0y v\u00e0 trong th\u1eddi gian ng\u1eafn l\u1ea1i ti\u1ebfp t\u1ee5c cho hoa nhi\u1ec1u v\u00ec c\u00e2y \u0111\u01b0\u1ee3c tr\u1ebb h\u00f3a.<\/p>\n","protected":false},"excerpt":{"rendered":"<p>D\u1ea1 y\u1ebfn th\u1ea3o l\u00e0 lo\u00e0i hoa l\u00fd t\u01b0\u1edfng \u0111\u1ec3 tr\u1ed3ng trong gi\u1ecf treo v\u00e0 tr\u00ean ban-c\u00f4ng. \u01afu [&#8230;]\n","protected":false},"featured_media":580,"comment_status":"open","ping_status":"closed","template":"","meta":[],"product_cat":[99],"product_tag":[],"_links":{"self":[{"href":"https:\/\/congtyphannguyen.com\/w\/cayxanh2\/wp-json\/wp\/v2\/product\/579"}],"collection":[{"href":"https:\/\/congtyphannguyen.com\/w\/cayxanh2\/wp-json\/wp\/v2\/product"}],"about":[{"href":"https:\/\/congtyphannguyen.com\/w\/cayxanh2\/wp-json\/wp\/v2\/types\/product"}],"replies":[{"embeddable":true,"href":"https:\/\/congtyphannguyen.com\/w\/cayxanh2\/wp-json\/wp\/v2\/comments?post=579"}],"wp:featuredmedia":[{"embeddable":true,"href":"https:\/\/congtyphannguyen.com\/w\/cayxanh2\/wp-json\/wp\/v2\/media\/580"}],"wp:attachment":[{"href":"https:\/\/congtyphannguyen.com\/w\/cayxanh2\/wp-json\/wp\/v2\/media?parent=579"}],"wp:term":[{"taxonomy":"product_cat","embeddable":true,"href":"https:\/\/congtyphannguyen.com\/w\/cayxanh2\/wp-json\/wp\/v2\/product_cat?post=579"},{"taxonomy":"product_tag","embeddable":true,"href":"https:\/\/congtyphannguyen.com\/w\/cayxanh2\/wp-json\/wp\/v2\/product_tag?post=579"}],"curies":[{"name":"wp","href":"https:\/\/api.w.org\/{rel}","templated":true}]}}