{"id":407,"date":"2019-02-26T11:57:32","date_gmt":"2019-02-26T04:57:32","guid":{"rendered":"https:\/\/tppone.com\/demo\/dichvubaove\/?page_id=407"},"modified":"2019-02-26T12:02:29","modified_gmt":"2019-02-26T05:02:29","slug":"hinh-anh","status":"publish","type":"page","link":"https:\/\/congtyphannguyen.com\/w\/dichvubaove\/hinh-anh\/","title":{"rendered":"H\u00ecnh \u1ea3nh"},"content":{"rendered":"<h2><span style=\"color: #000000;\">M\u1ed9t s\u1ed1 h\u00ecnh \u1ea3nh c\u1ee7a b\u1ea3o v\u1ec7<\/span><\/h2>\n<div class=\"row\"  id=\"row-172094367\">\n<div class=\"col medium-6 small-12 large-6\"  ><div class=\"col-inner\"  >\n\t<div class=\"img has-hover x md-x lg-x y md-y lg-y\" id=\"image_823893920\">\n\t\t\t\t\t\t\t\t<div class=\"img-inner image-cover dark\" style=\"padding-top:60%;\">\n\t\t\t<img width=\"400\" height=\"267\" src=\"https:\/\/congtyphannguyen.com\/w\/dichvubaove\/wp-content\/uploads\/2019\/02\/tl1-jpg-20140923132943hXdVHmV5D.jpg\" class=\"attachment-original size-original\" alt=\"\" loading=\"lazy\" srcset=\"https:\/\/congtyphannguyen.com\/w\/dichvubaove\/wp-content\/uploads\/2019\/02\/tl1-jpg-20140923132943hXdVHmV5D.jpg 400w, https:\/\/congtyphannguyen.com\/w\/dichvubaove\/wp-content\/uploads\/2019\/02\/tl1-jpg-20140923132943hXdVHmV5D-300x200.jpg 300w\" sizes=\"(max-width: 400px) 100vw, 400px\" \/>\t\t\t\t\t\t\n\t\t\t\t\t<\/div>\n\t\t\t\t\t\t\t\t\n<style scope=\"scope\">\n\n#image_823893920 {\n  width: 100%;\n}\n<\/style>\n\t<\/div>\n\t\n<p style=\"text-align: center;\"><strong><span style=\"color: #000000;\">Tri\u1ec3n khai ph\u01b0\u01a1ng \u00e1n<\/span><\/strong><\/p>\n<div class=\"gap-element\" style=\"display:block; height:auto; padding-top:16px\" class=\"clearfix\"><\/div>\n\t<div class=\"img has-hover x md-x lg-x y md-y lg-y\" id=\"image_150405813\">\n\t\t\t\t\t\t\t\t<div class=\"img-inner image-cover dark\" style=\"padding-top:60%;\">\n\t\t\t<img width=\"477\" height=\"283\" src=\"https:\/\/congtyphannguyen.com\/w\/dichvubaove\/wp-content\/uploads\/2019\/02\/6.jpg\" class=\"attachment-original size-original\" alt=\"\" loading=\"lazy\" srcset=\"https:\/\/congtyphannguyen.com\/w\/dichvubaove\/wp-content\/uploads\/2019\/02\/6.jpg 477w, https:\/\/congtyphannguyen.com\/w\/dichvubaove\/wp-content\/uploads\/2019\/02\/6-300x178.jpg 300w\" sizes=\"(max-width: 477px) 100vw, 477px\" \/>\t\t\t\t\t\t\n\t\t\t\t\t<\/div>\n\t\t\t\t\t\t\t\t\n<style scope=\"scope\">\n\n#image_150405813 {\n  width: 100%;\n}\n<\/style>\n\t<\/div>\n\t\n<p style=\"text-align: center;\"><strong><span style=\"color: #000000;\">H\u1ed9i ngh\u1ecb t\u1ed5ng k\u1ebft n\u0103m 2018<\/span><\/strong><\/p>\n<\/div><\/div>\n<div class=\"col medium-6 small-12 large-6\"  ><div class=\"col-inner\"  >\n\t<div class=\"img has-hover x md-x lg-x y md-y lg-y\" id=\"image_1859584227\">\n\t\t\t\t\t\t\t\t<div class=\"img-inner image-cover dark\" style=\"padding-top:60%;\">\n\t\t\t<img width=\"346\" height=\"236\" src=\"https:\/\/congtyphannguyen.com\/w\/dichvubaove\/wp-content\/uploads\/2019\/02\/bong-da-jpg-jpg-201308200927446VEm233lJV.jpg\" class=\"attachment-original size-original\" alt=\"\" loading=\"lazy\" srcset=\"https:\/\/congtyphannguyen.com\/w\/dichvubaove\/wp-content\/uploads\/2019\/02\/bong-da-jpg-jpg-201308200927446VEm233lJV.jpg 346w, https:\/\/congtyphannguyen.com\/w\/dichvubaove\/wp-content\/uploads\/2019\/02\/bong-da-jpg-jpg-201308200927446VEm233lJV-300x205.jpg 300w\" sizes=\"(max-width: 346px) 100vw, 346px\" \/>\t\t\t\t\t\t\n\t\t\t\t\t<\/div>\n\t\t\t\t\t\t\t\t\n<style scope=\"scope\">\n\n#image_1859584227 {\n  width: 100%;\n}\n<\/style>\n\t<\/div>\n\t\n<p style=\"text-align: center;\"><strong><span style=\"color: #000000;\">Giao l\u01b0u b\u00f3ng \u0111\u00e1<\/span><\/strong><\/p>\n<div class=\"gap-element\" style=\"display:block; height:auto; padding-top:16px\" class=\"clearfix\"><\/div>\n\t<div class=\"img has-hover x md-x lg-x y md-y lg-y\" id=\"image_1286023482\">\n\t\t\t\t\t\t\t\t<div class=\"img-inner image-cover dark\" style=\"padding-top:60%;\">\n\t\t\t<img width=\"213\" height=\"152\" src=\"https:\/\/congtyphannguyen.com\/w\/dichvubaove\/wp-content\/uploads\/2019\/02\/tv1-1.jpg\" class=\"attachment-original size-original\" alt=\"\" loading=\"lazy\" \/>\t\t\t\t\t\t\n\t\t\t\t\t<\/div>\n\t\t\t\t\t\t\t\t\n<style scope=\"scope\">\n\n#image_1286023482 {\n  width: 100%;\n}\n<\/style>\n\t<\/div>\n\t\n<p style=\"text-align: center;\"><strong><span style=\"color: #000000;\">C\u00e1c \u0111\u1ed9ng t\u00e1c v\u00e0 \u0111i\u1ec1u l\u1ec7nh<\/span><\/strong><\/p>\n<\/div><\/div>\n<\/div>\n","protected":false},"excerpt":{"rendered":"<p>M\u1ed9t s\u1ed1 h\u00ecnh \u1ea3nh c\u1ee7a b\u1ea3o v\u1ec7<\/p>\n","protected":false},"author":1,"featured_media":0,"parent":0,"menu_order":0,"comment_status":"closed","ping_status":"closed","template":"page-right-sidebar.php","meta":[],"_links":{"self":[{"href":"https:\/\/congtyphannguyen.com\/w\/dichvubaove\/wp-json\/wp\/v2\/pages\/407"}],"collection":[{"href":"https:\/\/congtyphannguyen.com\/w\/dichvubaove\/wp-json\/wp\/v2\/pages"}],"about":[{"href":"https:\/\/congtyphannguyen.com\/w\/dichvubaove\/wp-json\/wp\/v2\/types\/page"}],"author":[{"embeddable":true,"href":"https:\/\/congtyphannguyen.com\/w\/dichvubaove\/wp-json\/wp\/v2\/users\/1"}],"replies":[{"embeddable":true,"href":"https:\/\/congtyphannguyen.com\/w\/dichvubaove\/wp-json\/wp\/v2\/comments?post=407"}],"version-history":[{"count":0,"href":"https:\/\/congtyphannguyen.com\/w\/dichvubaove\/wp-json\/wp\/v2\/pages\/407\/revisions"}],"wp:attachment":[{"href":"https:\/\/congtyphannguyen.com\/w\/dichvubaove\/wp-json\/wp\/v2\/media?parent=407"}],"curies":[{"name":"wp","href":"https:\/\/api.w.org\/{rel}","templated":true}]}}