{"id":37,"date":"2019-03-16T12:33:10","date_gmt":"2019-03-16T05:33:10","guid":{"rendered":"https:\/\/tppone.com\/demo\/edu5\/?page_id=37"},"modified":"2019-03-17T19:44:19","modified_gmt":"2019-03-17T12:44:19","slug":"cam-nhan-hoc-vien","status":"publish","type":"page","link":"https:\/\/congtyphannguyen.com\/w\/edu5\/cam-nhan-hoc-vien\/","title":{"rendered":"C\u1ea3m nh\u1eadn h\u1ecdc vi\u00ean"},"content":{"rendered":"\t<section class=\"section cam-nhan-2\" id=\"section_696024900\">\n\t\t<div class=\"bg section-bg fill bg-fill  \" >\n\n\t\t\t\n\t\t\t\n\t\t\t\n\n\t\t<\/div><!-- .section-bg -->\n\n\t\t<div class=\"section-content relative\">\n\t\t\t\n<div class=\"row\"  id=\"row-127487765\">\n<div class=\"col small-12 large-12\"  ><div class=\"col-inner\"  >\n<div class=\"container section-title-container\" ><h2 class=\"section-title section-title-center\"><b><\/b><span class=\"section-title-main\" style=\"font-size:110%;color:rgb(255, 255, 255);\">C\u1ea3m nh\u1eadn h\u1ecdc vi\u00ean<\/span><b><\/b><\/h2><\/div><!-- .section-title -->\n<p style=\"text-align: center;\"><span style=\"font-size: 95%; color: #ffffff;\">M\u1eddi c\u00e1c b\u1ea1n c\u00f9ng theo d\u00f5i m\u1ed9t s\u1ed1 \u0111\u00e1nh gi\u00e1, c\u1ea3m nh\u1eadn c\u1ee7a h\u1ecdc vi\u00ean \u0111\u00e3 v\u00e0 \u0111ang theo h\u1ecdc t\u1ea1i trung t\u00e2m ch\u00fang t\u00f4i:<\/span><\/p>\n<\/div><\/div>\n<\/div>\n\t\t<\/div><!-- .section-content -->\n\n\t\t\n<style scope=\"scope\">\n\n#section_696024900 {\n  padding-top: 30px;\n  padding-bottom: 30px;\n}\n#section_696024900 .section-bg.bg-loaded {\n  background-image: url(https:\/\/congtyphannguyen.com\/w\/edu5\/wp-content\/uploads\/2019\/03\/bg3.jpg);\n}\n<\/style>\n\t<\/section>\n\t\n\t<section class=\"section\" id=\"section_459955408\">\n\t\t<div class=\"bg section-bg fill bg-fill  bg-loaded\" >\n\n\t\t\t\n\t\t\t\n\t\t\t\n\n\t\t<\/div><!-- .section-bg -->\n\n\t\t<div class=\"section-content relative\">\n\t\t\t\n<div class=\"row\"  id=\"row-836018108\">\n<div class=\"col medium-4 small-12 large-4\"  ><div class=\"col-inner\"  >\n\t<div class=\"img has-hover x md-x lg-x y md-y lg-y\" id=\"image_1136664060\">\n\t\t<a class=\"image-lightbox lightbox-gallery\" href=\"https:\/\/congtyphannguyen.com\/w\/edu5\/wp-content\/uploads\/2019\/03\/ratte.png\" title=\"\">\t\t\t\t\t\t<div class=\"img-inner image-overlay-add dark\" >\n\t\t\t<img width=\"539\" height=\"534\" src=\"https:\/\/congtyphannguyen.com\/w\/edu5\/wp-content\/uploads\/2019\/03\/ratte.png\" class=\"attachment-original size-original\" alt=\"\" loading=\"lazy\" srcset=\"https:\/\/congtyphannguyen.com\/w\/edu5\/wp-content\/uploads\/2019\/03\/ratte.png 539w, https:\/\/congtyphannguyen.com\/w\/edu5\/wp-content\/uploads\/2019\/03\/ratte-150x150.png 150w, https:\/\/congtyphannguyen.com\/w\/edu5\/wp-content\/uploads\/2019\/03\/ratte-300x297.png 300w\" sizes=\"(max-width: 539px) 100vw, 539px\" \/>\t\t\t\t\t\t\t<div class=\"overlay\" style=\"background-color: rgba(0, 0, 0, 0.48)\"><\/div>\n\t\t\t\t\t\t\n\t\t\t\t\t<\/div>\n\t\t\t\t\t\t<\/a>\t\t\n<style scope=\"scope\">\n\n#image_1136664060 {\n  width: 100%;\n}\n<\/style>\n\t<\/div>\n\t\n<\/div><\/div>\n<div class=\"col medium-4 small-12 large-4\"  ><div class=\"col-inner\"  >\n\t<div class=\"img has-hover x md-x lg-x y md-y lg-y\" id=\"image_1799712387\">\n\t\t<a class=\"image-lightbox lightbox-gallery\" href=\"https:\/\/congtyphannguyen.com\/w\/edu5\/wp-content\/uploads\/2019\/03\/ratte.png\" title=\"\">\t\t\t\t\t\t<div class=\"img-inner image-overlay-add dark\" >\n\t\t\t<img width=\"539\" height=\"534\" src=\"https:\/\/congtyphannguyen.com\/w\/edu5\/wp-content\/uploads\/2019\/03\/ratte.png\" class=\"attachment-original size-original\" alt=\"\" loading=\"lazy\" srcset=\"https:\/\/congtyphannguyen.com\/w\/edu5\/wp-content\/uploads\/2019\/03\/ratte.png 539w, https:\/\/congtyphannguyen.com\/w\/edu5\/wp-content\/uploads\/2019\/03\/ratte-150x150.png 150w, https:\/\/congtyphannguyen.com\/w\/edu5\/wp-content\/uploads\/2019\/03\/ratte-300x297.png 300w\" sizes=\"(max-width: 539px) 100vw, 539px\" \/>\t\t\t\t\t\t\t<div class=\"overlay\" style=\"background-color: rgba(0, 0, 0, 0.48)\"><\/div>\n\t\t\t\t\t\t\n\t\t\t\t\t<\/div>\n\t\t\t\t\t\t<\/a>\t\t\n<style scope=\"scope\">\n\n#image_1799712387 {\n  width: 100%;\n}\n<\/style>\n\t<\/div>\n\t\n<\/div><\/div>\n<div class=\"col medium-4 small-12 large-4\"  ><div class=\"col-inner\"  >\n\t<div class=\"img has-hover x md-x lg-x y md-y lg-y\" id=\"image_359027541\">\n\t\t<a class=\"image-lightbox lightbox-gallery\" href=\"https:\/\/congtyphannguyen.com\/w\/edu5\/wp-content\/uploads\/2019\/03\/ratte-1.png\" title=\"\">\t\t\t\t\t\t<div class=\"img-inner image-overlay-add dark\" >\n\t\t\t<img width=\"539\" height=\"534\" src=\"https:\/\/congtyphannguyen.com\/w\/edu5\/wp-content\/uploads\/2019\/03\/ratte-1.png\" class=\"attachment-original size-original\" alt=\"\" loading=\"lazy\" srcset=\"https:\/\/congtyphannguyen.com\/w\/edu5\/wp-content\/uploads\/2019\/03\/ratte-1.png 539w, https:\/\/congtyphannguyen.com\/w\/edu5\/wp-content\/uploads\/2019\/03\/ratte-1-150x150.png 150w, https:\/\/congtyphannguyen.com\/w\/edu5\/wp-content\/uploads\/2019\/03\/ratte-1-300x297.png 300w\" sizes=\"(max-width: 539px) 100vw, 539px\" \/>\t\t\t\t\t\t\t<div class=\"overlay\" style=\"background-color: rgba(0, 0, 0, 0.48)\"><\/div>\n\t\t\t\t\t\t\n\t\t\t\t\t<\/div>\n\t\t\t\t\t\t<\/a>\t\t\n<style scope=\"scope\">\n\n#image_359027541 {\n  width: 100%;\n}\n<\/style>\n\t<\/div>\n\t\n<\/div><\/div>\n<\/div>\n<div class=\"row\"  id=\"row-675791108\">\n<div class=\"col medium-4 small-12 large-4\"  ><div class=\"col-inner\"  >\n\t<div class=\"img has-hover x md-x lg-x y md-y lg-y\" id=\"image_339922329\">\n\t\t<a class=\"image-lightbox lightbox-gallery\" href=\"https:\/\/congtyphannguyen.com\/w\/edu5\/wp-content\/uploads\/2019\/03\/ratte.png\" title=\"\">\t\t\t\t\t\t<div class=\"img-inner image-overlay-add dark\" >\n\t\t\t<img width=\"539\" height=\"534\" src=\"https:\/\/congtyphannguyen.com\/w\/edu5\/wp-content\/uploads\/2019\/03\/ratte.png\" class=\"attachment-original size-original\" alt=\"\" loading=\"lazy\" srcset=\"https:\/\/congtyphannguyen.com\/w\/edu5\/wp-content\/uploads\/2019\/03\/ratte.png 539w, https:\/\/congtyphannguyen.com\/w\/edu5\/wp-content\/uploads\/2019\/03\/ratte-150x150.png 150w, https:\/\/congtyphannguyen.com\/w\/edu5\/wp-content\/uploads\/2019\/03\/ratte-300x297.png 300w\" sizes=\"(max-width: 539px) 100vw, 539px\" \/>\t\t\t\t\t\t\t<div class=\"overlay\" style=\"background-color: rgba(0, 0, 0, 0.48)\"><\/div>\n\t\t\t\t\t\t\n\t\t\t\t\t<\/div>\n\t\t\t\t\t\t<\/a>\t\t\n<style scope=\"scope\">\n\n#image_339922329 {\n  width: 100%;\n}\n<\/style>\n\t<\/div>\n\t\n<\/div><\/div>\n<div class=\"col medium-4 small-12 large-4\"  ><div class=\"col-inner\"  >\n\t<div class=\"img has-hover x md-x lg-x y md-y lg-y\" id=\"image_401436772\">\n\t\t<a class=\"image-lightbox lightbox-gallery\" href=\"https:\/\/congtyphannguyen.com\/w\/edu5\/wp-content\/uploads\/2019\/03\/ratte-1.png\" title=\"\">\t\t\t\t\t\t<div class=\"img-inner image-overlay-add dark\" >\n\t\t\t<img width=\"539\" height=\"534\" src=\"https:\/\/congtyphannguyen.com\/w\/edu5\/wp-content\/uploads\/2019\/03\/ratte-1.png\" class=\"attachment-original size-original\" alt=\"\" loading=\"lazy\" srcset=\"https:\/\/congtyphannguyen.com\/w\/edu5\/wp-content\/uploads\/2019\/03\/ratte-1.png 539w, https:\/\/congtyphannguyen.com\/w\/edu5\/wp-content\/uploads\/2019\/03\/ratte-1-150x150.png 150w, https:\/\/congtyphannguyen.com\/w\/edu5\/wp-content\/uploads\/2019\/03\/ratte-1-300x297.png 300w\" sizes=\"(max-width: 539px) 100vw, 539px\" \/>\t\t\t\t\t\t\t<div class=\"overlay\" style=\"background-color: rgba(0, 0, 0, 0.48)\"><\/div>\n\t\t\t\t\t\t\n\t\t\t\t\t<\/div>\n\t\t\t\t\t\t<\/a>\t\t\n<style scope=\"scope\">\n\n#image_401436772 {\n  width: 100%;\n}\n<\/style>\n\t<\/div>\n\t\n<\/div><\/div>\n<div class=\"col medium-4 small-12 large-4\"  ><div class=\"col-inner\"  >\n\t<div class=\"img has-hover x md-x lg-x y md-y lg-y\" id=\"image_1155847601\">\n\t\t<a class=\"image-lightbox lightbox-gallery\" href=\"https:\/\/congtyphannguyen.com\/w\/edu5\/wp-content\/uploads\/2019\/03\/ratte.png\" title=\"\">\t\t\t\t\t\t<div class=\"img-inner image-overlay-add dark\" >\n\t\t\t<img width=\"539\" height=\"534\" src=\"https:\/\/congtyphannguyen.com\/w\/edu5\/wp-content\/uploads\/2019\/03\/ratte.png\" class=\"attachment-original size-original\" alt=\"\" loading=\"lazy\" srcset=\"https:\/\/congtyphannguyen.com\/w\/edu5\/wp-content\/uploads\/2019\/03\/ratte.png 539w, https:\/\/congtyphannguyen.com\/w\/edu5\/wp-content\/uploads\/2019\/03\/ratte-150x150.png 150w, https:\/\/congtyphannguyen.com\/w\/edu5\/wp-content\/uploads\/2019\/03\/ratte-300x297.png 300w\" sizes=\"(max-width: 539px) 100vw, 539px\" \/>\t\t\t\t\t\t\t<div class=\"overlay\" style=\"background-color: rgba(0, 0, 0, 0.48)\"><\/div>\n\t\t\t\t\t\t\n\t\t\t\t\t<\/div>\n\t\t\t\t\t\t<\/a>\t\t\n<style scope=\"scope\">\n\n#image_1155847601 {\n  width: 100%;\n}\n<\/style>\n\t<\/div>\n\t\n<\/div><\/div>\n<\/div>\n\t\t<\/div><!-- .section-content -->\n\n\t\t\n<style scope=\"scope\">\n\n#section_459955408 {\n  padding-top: 30px;\n  padding-bottom: 30px;\n}\n<\/style>\n\t<\/section>\n\t\n\t<section class=\"section\" id=\"section_1068211892\">\n\t\t<div class=\"bg section-bg fill bg-fill  bg-loaded\" >\n\n\t\t\t\n\t\t\t\n\t\t\t\n\n\t\t<\/div><!-- .section-bg -->\n\n\t\t<div class=\"section-content relative\">\n\t\t\t\n<div class=\"row\"  id=\"row-1769604580\">\n<div class=\"col small-12 large-12\"  ><div class=\"col-inner\"  >\n<div class=\"container section-title-container\" ><h2 class=\"section-title section-title-center\"><b><\/b><span class=\"section-title-main\" style=\"color:rgb(2, 54, 141);\">Video c\u1ea3m nh\u1eadn c\u1ee7a h\u1ecdc vi\u00ean<\/span><b><\/b><\/h2><\/div><!-- .section-title -->\n<\/div><\/div>\n<\/div>\n<div class=\"row row-small\"  id=\"row-343360565\">\n<div class=\"col medium-4 small-12 large-4\"  ><div class=\"col-inner\"  >\n<div class=\"video video-fit mb\" style=\"padding-top:50%;\"><p><iframe loading=\"lazy\" width=\"1020\" height=\"574\" src=\"https:\/\/www.youtube.com\/embed\/M9iJ2HG6br4?feature=oembed\" frameborder=\"0\" allow=\"accelerometer; autoplay; encrypted-media; gyroscope; picture-in-picture\" allowfullscreen><\/iframe><\/p>\n<\/div>\n<\/div><\/div>\n<div class=\"col medium-4 small-12 large-4\"  ><div class=\"col-inner\"  >\n<div class=\"video video-fit mb\" style=\"padding-top:50%;\"><p><iframe loading=\"lazy\" width=\"1020\" height=\"574\" src=\"https:\/\/www.youtube.com\/embed\/KgoLWsb3VzI?feature=oembed\" frameborder=\"0\" allow=\"accelerometer; autoplay; encrypted-media; gyroscope; picture-in-picture\" allowfullscreen><\/iframe><\/p>\n<\/div>\n<\/div><\/div>\n<div class=\"col medium-4 small-12 large-4\"  ><div class=\"col-inner\"  >\n<div class=\"video video-fit mb\" style=\"padding-top:50%;\"><p><iframe loading=\"lazy\" width=\"1020\" height=\"574\" src=\"https:\/\/www.youtube.com\/embed\/yrsSw9txBC4?feature=oembed\" frameborder=\"0\" allow=\"accelerometer; autoplay; encrypted-media; gyroscope; picture-in-picture\" allowfullscreen><\/iframe><\/p>\n<\/div>\n<\/div><\/div>\n\n<style scope=\"scope\">\n\n<\/style>\n<\/div>\n\t\t<\/div><!-- .section-content -->\n\n\t\t\n<style scope=\"scope\">\n\n#section_1068211892 {\n  padding-top: 30px;\n  padding-bottom: 30px;\n  background-color: rgb(244, 244, 244);\n}\n<\/style>\n\t<\/section>\n\t\n","protected":false},"excerpt":{"rendered":"","protected":false},"author":1,"featured_media":0,"parent":0,"menu_order":0,"comment_status":"closed","ping_status":"closed","template":"page-blank.php","meta":[],"_links":{"self":[{"href":"https:\/\/congtyphannguyen.com\/w\/edu5\/wp-json\/wp\/v2\/pages\/37"}],"collection":[{"href":"https:\/\/congtyphannguyen.com\/w\/edu5\/wp-json\/wp\/v2\/pages"}],"about":[{"href":"https:\/\/congtyphannguyen.com\/w\/edu5\/wp-json\/wp\/v2\/types\/page"}],"author":[{"embeddable":true,"href":"https:\/\/congtyphannguyen.com\/w\/edu5\/wp-json\/wp\/v2\/users\/1"}],"replies":[{"embeddable":true,"href":"https:\/\/congtyphannguyen.com\/w\/edu5\/wp-json\/wp\/v2\/comments?post=37"}],"version-history":[{"count":0,"href":"https:\/\/congtyphannguyen.com\/w\/edu5\/wp-json\/wp\/v2\/pages\/37\/revisions"}],"wp:attachment":[{"href":"https:\/\/congtyphannguyen.com\/w\/edu5\/wp-json\/wp\/v2\/media?parent=37"}],"curies":[{"name":"wp","href":"https:\/\/api.w.org\/{rel}","templated":true}]}}