{"id":253,"date":"2017-10-18T08:05:36","date_gmt":"2017-10-18T01:05:36","guid":{"rendered":"https:\/\/bizhostvn.com\/w\/gom\/?page_id=253"},"modified":"2017-11-21T09:03:43","modified_gmt":"2017-11-21T02:03:43","slug":"lien-he","status":"publish","type":"page","link":"https:\/\/congtyphannguyen.com\/w\/gom\/lien-he\/","title":{"rendered":"Li\u00ean h\u1ec7"},"content":{"rendered":"<div class=\"row row-small\"  id=\"row-1362128648\">\n\n\t<div id=\"col-858742211\" class=\"col medium-6 small-12 large-6\"  >\n\t\t\t\t<div class=\"col-inner\"  >\n\t\t\t\n\t\t\t\n<p><strong>C\u00d4NG TY TNHH G\u1ed0M S\u1ee8 B\u1ea2O KH\u00c1NH<\/p>\n<p><\/strong><\/p>\n<p><strong>B\u1ea3o Kh\u00e1nh Ceramic co.,ltd<\/strong><\/p>\n<p>\u0110\u1ecba ch\u1ec9: X\u00f3m 1, Giang Cao, B\u00e1t Tr\u00e0ng, Gia L\u00e2m, H\u00e0 N\u1ed9i<\/p>\n<p>\u0110i\u1ec7n tho\u1ea1i: 04.36715 195 &#8211; \/ Fax:\u00a004.36715 195<\/p>\n<p>Email: sales@chogombattrang.vn<\/p>\n\t\t<\/div>\n\t\t\t\t\t<\/div>\n\n\t\n\n\t<div id=\"col-598338519\" class=\"col medium-6 small-12 large-6\"  >\n\t\t\t\t<div class=\"col-inner\"  >\n\t\t\t\n\t\t\t\n<div role=\"form\" class=\"wpcf7\" id=\"wpcf7-f13-o1\" lang=\"vi\" dir=\"ltr\">\n<div class=\"screen-reader-response\"><\/div>\n<form action=\"\/w\/gom\/wp-json\/wp\/v2\/pages\/253#wpcf7-f13-o1\" method=\"post\" class=\"wpcf7-form\" novalidate=\"novalidate\">\n<div style=\"display: none;\">\n<input type=\"hidden\" name=\"_wpcf7\" value=\"13\" \/>\n<input type=\"hidden\" name=\"_wpcf7_version\" value=\"4.9.2\" \/>\n<input type=\"hidden\" name=\"_wpcf7_locale\" value=\"vi\" \/>\n<input type=\"hidden\" name=\"_wpcf7_unit_tag\" value=\"wpcf7-f13-o1\" \/>\n<input type=\"hidden\" name=\"_wpcf7_container_post\" value=\"0\" \/>\n<\/div>\n<p><label> T\u00ean c\u1ee7a b\u1ea1n (*)<br \/>\n    <span class=\"wpcf7-form-control-wrap your-name\"><input type=\"text\" name=\"your-name\" value=\"\" size=\"40\" class=\"wpcf7-form-control wpcf7-text wpcf7-validates-as-required\" aria-required=\"true\" aria-invalid=\"false\" \/><\/span> <\/label><\/p>\n<p><label> \u0110\u1ecba ch\u1ec9 Email c\u1ee7a b\u1ea1n (*)<br \/>\n    <span class=\"wpcf7-form-control-wrap your-email\"><input type=\"email\" name=\"your-email\" value=\"\" size=\"40\" class=\"wpcf7-form-control wpcf7-text wpcf7-email wpcf7-validates-as-required wpcf7-validates-as-email\" aria-required=\"true\" aria-invalid=\"false\" \/><\/span> <\/label><\/p>\n<p><label> Ti\u00eau \u0111\u1ec1 g\u1eedi<br \/>\n    <span class=\"wpcf7-form-control-wrap your-subject\"><input type=\"text\" name=\"your-subject\" value=\"\" size=\"40\" class=\"wpcf7-form-control wpcf7-text\" aria-invalid=\"false\" \/><\/span> <\/label><\/p>\n<p><label> N\u1ed9i dung tin nh\u1eafn<br \/>\n    <span class=\"wpcf7-form-control-wrap your-message\"><textarea name=\"your-message\" cols=\"40\" rows=\"10\" class=\"wpcf7-form-control wpcf7-textarea\" aria-invalid=\"false\"><\/textarea><\/span> <\/label><\/p>\n<p><input type=\"submit\" value=\"G\u1eedi tin\" class=\"wpcf7-form-control wpcf7-submit\" \/><\/p>\n<div class=\"wpcf7-response-output wpcf7-display-none\"><\/div><\/form><\/div>\n\t\t<\/div>\n\t\t\t\t\t<\/div>\n\n\t\n<\/div>\n","protected":false},"excerpt":{"rendered":"","protected":false},"author":1,"featured_media":0,"parent":0,"menu_order":0,"comment_status":"closed","ping_status":"closed","template":"page-left-sidebar.php","meta":[],"_links":{"self":[{"href":"https:\/\/congtyphannguyen.com\/w\/gom\/wp-json\/wp\/v2\/pages\/253"}],"collection":[{"href":"https:\/\/congtyphannguyen.com\/w\/gom\/wp-json\/wp\/v2\/pages"}],"about":[{"href":"https:\/\/congtyphannguyen.com\/w\/gom\/wp-json\/wp\/v2\/types\/page"}],"author":[{"embeddable":true,"href":"https:\/\/congtyphannguyen.com\/w\/gom\/wp-json\/wp\/v2\/users\/1"}],"replies":[{"embeddable":true,"href":"https:\/\/congtyphannguyen.com\/w\/gom\/wp-json\/wp\/v2\/comments?post=253"}],"version-history":[{"count":5,"href":"https:\/\/congtyphannguyen.com\/w\/gom\/wp-json\/wp\/v2\/pages\/253\/revisions"}],"predecessor-version":[{"id":829,"href":"https:\/\/congtyphannguyen.com\/w\/gom\/wp-json\/wp\/v2\/pages\/253\/revisions\/829"}],"wp:attachment":[{"href":"https:\/\/congtyphannguyen.com\/w\/gom\/wp-json\/wp\/v2\/media?parent=253"}],"curies":[{"name":"wp","href":"https:\/\/api.w.org\/{rel}","templated":true}]}}