{"id":1150,"date":"2017-11-21T16:37:29","date_gmt":"2017-11-21T09:37:29","guid":{"rendered":"https:\/\/bizhostvn.com\/w\/gom\/?post_type=product&#038;p=1150"},"modified":"2017-11-21T16:37:29","modified_gmt":"2017-11-21T09:37:29","slug":"to-loe-in-phong-canh-ha-noi","status":"publish","type":"product","link":"https:\/\/congtyphannguyen.com\/w\/gom\/product\/to-loe-in-phong-canh-ha-noi\/","title":{"rendered":"T\u00f4 Loe in phong c\u1ea3nh H\u00e0 N\u1ed9i"},"content":{"rendered":"<table border=\"0\" align=\"center\">\n<tbody>\n<tr>\n<td colspan=\"3\"><strong>TH\u00d4NG TIN CHI TI\u1ebeT S\u1ea2N PH\u1ea8M<\/p>\n<p><\/strong><\/td>\n<\/tr>\n<tr>\n<td><strong>Ch\u1ea5t li\u1ec7u<\/strong><\/td>\n<td><strong>:<\/strong><\/td>\n<td><strong>S\u1ee9 cao c\u1ea5p B\u00e1t Tr\u00e0ng<\/p>\n<p><\/strong><\/td>\n<\/tr>\n<tr>\n<td><strong>Lo\u1ea1i men<\/strong><\/td>\n<td><strong>\u00a0:<\/strong><\/td>\n<td><strong>Men Tr\u1eafng<\/p>\n<p><\/strong><\/td>\n<\/tr>\n<tr>\n<td><strong>M\u00e0u men<\/strong><\/td>\n<td><strong>\u00a0:<\/strong><\/td>\n<td><strong>Tr\u1eafng<\/p>\n<p><\/strong><\/td>\n<\/tr>\n<tr>\n<td><strong>Hoa v\u0103n<\/strong><\/td>\n<td><strong>\u00a0:<\/strong><\/td>\n<td><strong>Phong c\u1ea3nh H\u00e0 N\u1ed9i<\/p>\n<p><\/strong><\/td>\n<\/tr>\n<tr>\n<td><strong>M\u00e0u hoa v\u0103n<\/strong><\/td>\n<td><strong>\u00a0:<\/strong><\/td>\n<td>\u00a0<strong>Ch\u00e0m c\u1ed5<\/strong><\/td>\n<\/tr>\n<tr>\n<td><\/td>\n<td><strong>\u00a0<\/strong><\/td>\n<td><\/td>\n<\/tr>\n<tr>\n<td colspan=\"3\"><strong>QUY C\u00c1CH S\u1ea2N PH\u1ea8M<\/p>\n<p><\/strong><\/td>\n<\/tr>\n<tr>\n<td><strong>\u0110\u01b0\u1eddng k\u00ednh<\/strong><\/td>\n<td>\u00a0<strong>:<\/strong><\/td>\n<td>\u00a0<strong>14 cm<\/strong><\/td>\n<\/tr>\n<tr>\n<td><strong>Cao<\/strong><\/td>\n<td>\u00a0<strong>:<\/strong><\/td>\n<td><\/td>\n<\/tr>\n<tr>\n<td><\/td>\n<td><\/td>\n<td><\/td>\n<\/tr>\n<\/tbody>\n<\/table>\n<p><strong>\u0110\u1eb6C T\u00cdNH C\u1ee6A S\u1ea2N PH\u1ea8M<\/strong><\/p>\n<p>G\u1ed1m s\u1ee9 cao c\u1ea5p B\u00e1t Tr\u00e0ng \u0111\u01b0\u1ee3c s\u1ea3n xu\u1ea5t b\u1eb1ng lo\u1ea1i \u0111\u1ea5t s\u00e9t cao c\u1ea5p nh\u1ea5t t\u1ea1o l\u00ean x\u01b0\u01a1ng g\u1ed1m c\u1ee9ng ch\u1eafc, b\u00ean ngo\u00e0i \u0111\u01b0\u1ee3c ph\u1ee7 m\u1ed9t l\u1edbp men \u0111\u1eb7c tr\u01b0ng c\u1ee7a b\u00e1t tr\u00e0ng m\u00e0 kh\u00f4ng n\u01a1i n\u00e0o c\u00f3. S\u1ea3n ph\u1ea9m \u0111\u01b0\u1ee3c nung \u1edf nhi\u1ec7t \u0111\u1ed9 1300 \u0111\u1ed9 C, kh\u1eed \u0111\u01b0\u1ee3c to\u00e0n b\u1ed9 t\u1ea1p ch\u1ea5t, kim lo\u1ea1i n\u1eb7ng v\u00e0 h\u00f3a ch\u1ea5t \u0111\u1ed9c h\u1ea1i. T\u1ea1o n\u00ean \u0111\u1ed9 b\u1ec1n \u0111\u1eb9p v\u0129nh c\u1eedu theo th\u1eddi gian v\u00e0 an to\u00e0n cho s\u1ee9c kh\u1ecfe ng\u01b0\u1eddi s\u1eed d\u1ee5ng.<\/p>\n<p>\u0110\u1eb7c bi\u1ec7t h\u01a1n n\u1eefa s\u1ea3n ph\u1ea9m c\u00f2n \u0111\u01b0\u1ee3c t\u1ea1o ra t\u1eeb b\u00e0n tay kh\u00e9o l\u00e9o c\u1ee7a nh\u1eefng ngh\u1ec7 nh\u00e2n t\u00e0i hoa nh\u1ea5t , gi\u00e0u kinh nghi\u1ec7m nh\u1ea5t c\u1ee7a B\u00e1t Tr\u00e0ng \u0111\u1ec3 l\u00e0m n\u00ean nh\u1eefng t\u00e1c ph\u1ea9m c\u00f3 gi\u00e1 tr\u1ecb ngh\u1ec7 thu\u1eadt cao.<\/p>\n","protected":false},"excerpt":{"rendered":"<div class=\"warranty-detail\"><strong>B\u1ea3o h\u00e0nh:<\/strong> S\u1ea3n ph\u1ea9m B\u00e1t Tr\u00e0ng cam k\u1ebft kh\u1eed to\u00e0n b\u1ed9 kim lo\u1ea1i n\u1eb7ng v\u00e0 h\u00f3a ch\u1ea5t \u0111\u1ed9c h\u1ea1i. An to\u00e0n cho ng\u01b0\u1eddi s\u1eed d\u1ee5ng<\/div>\n<div class=\"transport-detail\"><strong>V\u1eadn chuy\u1ec3n:<\/strong> Mi\u1ec5n ph\u00ed giao h\u00e0ng trong n\u1ed9i th\u00e0nh H\u00e0 N\u1ed9i trong v\u00f2ng 2 ng\u00e0y<\/div>\n","protected":false},"featured_media":1151,"comment_status":"open","ping_status":"closed","template":"","meta":[],"product_cat":[43,19],"product_tag":[],"_links":{"self":[{"href":"https:\/\/congtyphannguyen.com\/w\/gom\/wp-json\/wp\/v2\/product\/1150"}],"collection":[{"href":"https:\/\/congtyphannguyen.com\/w\/gom\/wp-json\/wp\/v2\/product"}],"about":[{"href":"https:\/\/congtyphannguyen.com\/w\/gom\/wp-json\/wp\/v2\/types\/product"}],"replies":[{"embeddable":true,"href":"https:\/\/congtyphannguyen.com\/w\/gom\/wp-json\/wp\/v2\/comments?post=1150"}],"wp:featuredmedia":[{"embeddable":true,"href":"https:\/\/congtyphannguyen.com\/w\/gom\/wp-json\/wp\/v2\/media\/1151"}],"wp:attachment":[{"href":"https:\/\/congtyphannguyen.com\/w\/gom\/wp-json\/wp\/v2\/media?parent=1150"}],"wp:term":[{"taxonomy":"product_cat","embeddable":true,"href":"https:\/\/congtyphannguyen.com\/w\/gom\/wp-json\/wp\/v2\/product_cat?post=1150"},{"taxonomy":"product_tag","embeddable":true,"href":"https:\/\/congtyphannguyen.com\/w\/gom\/wp-json\/wp\/v2\/product_tag?post=1150"}],"curies":[{"name":"wp","href":"https:\/\/api.w.org\/{rel}","templated":true}]}}