{"id":1210,"date":"2017-11-21T17:15:40","date_gmt":"2017-11-21T10:15:40","guid":{"rendered":"https:\/\/bizhostvn.com\/w\/gom\/?post_type=product&#038;p=1210"},"modified":"2017-11-21T17:15:40","modified_gmt":"2017-11-21T10:15:40","slug":"dia-vuong-men-trang-bat-trang-so-1","status":"publish","type":"product","link":"https:\/\/congtyphannguyen.com\/w\/gom\/product\/dia-vuong-men-trang-bat-trang-so-1\/","title":{"rendered":"\u0110\u0129a vu\u00f4ng men tr\u1eafng B\u00e1t Tr\u00e0ng s\u1ed1 1"},"content":{"rendered":"<p>\u0110\u0129a vu\u00f4ng men tr\u1eafng b\u00e1t tr\u00e0ng s\u1ed1 1 \u0111\u01b0\u1ee3c s\u1ea3n xu\u1ea5t b\u1eb1ng lo\u1ea1i \u0111\u1ea5t s\u00e9t tr\u1eafng cao c\u1ea5p nh\u1ea5t c\u1ee7a B\u00e1t Tr\u00e0ng t\u1ea1o l\u00ean x\u01b0\u01a1ng g\u1ed1m c\u1ee9ng ch\u1eafc, b\u00ean ngo\u00e0i \u0111\u01b0\u1ee3c ph\u1ee7 m\u1ed9t l\u1edbp men b\u00f3ng \u0111\u1eb7c tr\u01b0ng c\u1ee7a B\u00e1t Tr\u00e0ng m\u00e0 kh\u00f4ng n\u01a1i n\u00e0o c\u00f3, c\u00e1c hoa v\u0103n \u0111\u01b0\u1ee3c v\u1ebd th\u1ee7 c\u00f4ng mang tr\u00ean m\u00ecnh nh\u1eefng n\u00e9t tinh t\u00fay ri\u00eang c\u1ee7a m\u1ed9t l\u00e0ng ngh\u1ec1 truy\u1ec1n th\u1ed1ng. \u0110\u1eb7c bi\u1ec7t s\u1ea3n ph\u1ea9m \u0111\u1ec1u \u0111\u01b0\u1ee3c nung trong l\u00f2 gas kh\u00e9p k\u00edn v\u1edbi c\u00f4ng ngh\u1ec7 hi\u1ec7n \u0111\u1ea1i nh\u1ea5t, nhi\u1ec7t \u0111\u1ed9 l\u00ean t\u1edbi\u00a0 \u1edf nhi\u1ec7t \u0111\u1ed9 1200 \u0111\u1ebfn 1300 \u0111\u1ed9 C n\u00ean c\u00e1c t\u00ednh \u0111\u1ed9c h\u1ea1i ( tr\u00ec, mangan, thu\u1ef7 ng\u00e2n..\u2026) \u0111\u00e3 \u0111\u01b0\u1ee3c kh\u1eed h\u1ebft, \u0111\u1ed9 tr\u1eafng c\u1ee7a s\u1ea3n ph\u1ea7m l\u00ean t\u1edbi h\u01a1n 90%, n\u01b0\u1edbc men sang b\u00f3ng v\u00e0 s\u1eed d\u1ee5ng th\u1eddi gian d\u00e0i kh\u00f4ng h\u1ec1 tr\u1ea7y x\u01b0\u1edbc men nh\u01b0 c\u00e1c s\u1ea3n ph\u1ea9m g\u1ed1m s\u1ee9 kh\u00e1c t\u1ea1o n\u00ean \u0111\u1ed9 b\u1ec1n \u0111\u1eb9p v\u0129nh c\u1eedu theo th\u1eddi gian.<\/p>\n<p><strong>LI\u00caN H\u1ec6 \u0110\u1eb6T H\u00c0NG:<\/strong><strong>\u00a0 <\/strong><strong>Mr H\u00f2a : 0906 193 198\u00a0 \u2013\u00a0 Email: <a href=\"mailto:sales@chogombattrang.vn\">sales@chogombattrang.vn<\/a><\/strong><\/p>\n","protected":false},"excerpt":{"rendered":"<p>\u0110\u0129a vu\u00f4ng men tr\u1eafng b\u00e1t tr\u00e0ng s\u1ed1 1 \u0111\u01b0\u1ee3c s\u1ea3n xu\u1ea5t b\u1eb1ng lo\u1ea1i \u0111\u1ea5t s\u00e9t tr\u1eafng cao c\u1ea5p nh\u1ea5t c\u1ee7a B\u00e1t Tr\u00e0ng t\u1ea1o l\u00ean x\u01b0\u01a1ng g\u1ed1m c\u1ee9ng ch\u1eafc, b\u00ean ngo\u00e0i \u0111\u01b0\u1ee3c ph\u1ee7 m\u1ed9t l\u1edbp men b\u00f3ng \u0111\u1eb7c tr\u01b0ng c\u1ee7a B\u00e1t Tr\u00e0ng m\u00e0 kh\u00f4ng n\u01a1i n\u00e0o c\u00f3, c\u00e1c hoa v\u0103n \u0111\u01b0\u1ee3c v\u1ebd th\u1ee7 c\u00f4ng mang tr\u00ean m\u00ecnh nh\u1eefng n\u00e9t tinh t\u00fay ri\u00eang c\u1ee7a m\u1ed9t l\u00e0ng ngh\u1ec1 truy\u1ec1n th\u1ed1ng.<\/p>\n","protected":false},"featured_media":1211,"comment_status":"open","ping_status":"closed","template":"","meta":[],"product_cat":[19,41],"product_tag":[],"_links":{"self":[{"href":"https:\/\/congtyphannguyen.com\/w\/gom\/wp-json\/wp\/v2\/product\/1210"}],"collection":[{"href":"https:\/\/congtyphannguyen.com\/w\/gom\/wp-json\/wp\/v2\/product"}],"about":[{"href":"https:\/\/congtyphannguyen.com\/w\/gom\/wp-json\/wp\/v2\/types\/product"}],"replies":[{"embeddable":true,"href":"https:\/\/congtyphannguyen.com\/w\/gom\/wp-json\/wp\/v2\/comments?post=1210"}],"wp:featuredmedia":[{"embeddable":true,"href":"https:\/\/congtyphannguyen.com\/w\/gom\/wp-json\/wp\/v2\/media\/1211"}],"wp:attachment":[{"href":"https:\/\/congtyphannguyen.com\/w\/gom\/wp-json\/wp\/v2\/media?parent=1210"}],"wp:term":[{"taxonomy":"product_cat","embeddable":true,"href":"https:\/\/congtyphannguyen.com\/w\/gom\/wp-json\/wp\/v2\/product_cat?post=1210"},{"taxonomy":"product_tag","embeddable":true,"href":"https:\/\/congtyphannguyen.com\/w\/gom\/wp-json\/wp\/v2\/product_tag?post=1210"}],"curies":[{"name":"wp","href":"https:\/\/api.w.org\/{rel}","templated":true}]}}