{"id":337,"date":"2017-10-19T01:17:29","date_gmt":"2017-10-18T18:17:29","guid":{"rendered":"https:\/\/bizhostvn.com\/w\/gom\/?post_type=product&#038;p=337"},"modified":"2017-11-21T16:21:51","modified_gmt":"2017-11-21T09:21:51","slug":"dia-bang-ve-truc","status":"publish","type":"product","link":"https:\/\/congtyphannguyen.com\/w\/gom\/product\/dia-bang-ve-truc\/","title":{"rendered":"\u0110\u0129a b\u1eb1ng v\u1ebd Tr\u00fac (\u00d8 14cm)"},"content":{"rendered":"<p>\u0110\u0129a b\u1eb1ng v\u1ebd Tr\u00fac\u00a0\u0111\u01b0\u1ee3c l\u00e0m t\u1eeb ch\u1ea5t li\u1ec7u s\u1ee9 x\u01b0\u01a1ng trong tr\u00e1ng men tr\u1eafng th\u1ec3 hi\u1ec7n s\u1ef1 tinh khi\u1ebft v\u00e0 k\u1ef9 thu\u1eadt \u0111\u1ea1t tr\u00ecnh \u0111\u1ed9 cao, v\u1edbi h\u1ecda ti\u1ebft v\u1ebd c\u00e0nh tr\u00fac \u0111\u01b0\u1ee3c th\u1ec3 hi\u1ec7n h\u00e0i h\u00f2a tr\u00ean s\u1ea3n ph\u1ea9m.\u00a0\u0110\u0129a b\u1eb1ng v\u1ebd Tr\u00facb\u1ea1n ho\u00e0n to\u00e0n c\u00f3 th\u1ec3 y\u00ean t\u00e2m v\u1ec1 ch\u1ea5t l\u01b0\u1ee3ng, m\u1eabu m\u00e3, s\u1ea3n ph\u1ea9m \u0111\u01b0\u1ee3c nung \u1edf nhi\u1ec7t \u0111\u1ed9 tr\u00ean 1.200 \u0111\u1ed9 C kh\u00f4ng c\u00f2n d\u01b0 l\u01b0\u1ee3ng ch\u00ec, an to\u00e0n 100% v\u1edbi s\u1ee9c kh\u1ecfe ng\u01b0\u1eddi d\u00f9ng. Ngo\u00e0i ra\u00a0\u0110\u0129a b\u1eb1ng v\u1ebd Tr\u00fac c\u00f2n s\u1eed d\u1ee5ng \u0111\u01b0\u1ee3c trong l\u00f2 vi s\u00f3ng.<\/p>\n<table border=\"0\" align=\"center\">\n<tbody>\n<tr>\n<td colspan=\"3\"><strong>TH\u00d4NG TIN CHI TI\u1ebeT S\u1ea2N PH\u1ea8M<\/p>\n<p><\/strong><\/td>\n<\/tr>\n<tr>\n<td><strong>Ch\u1ea5t li\u1ec7u<\/strong><\/td>\n<td><strong>:<\/strong><\/td>\n<td><strong>S\u1ee9 cao c\u1ea5p B\u00e1t Tr\u00e0ng<\/p>\n<p><\/strong><\/td>\n<\/tr>\n<tr>\n<td><strong>Lo\u1ea1i men<\/strong><\/td>\n<td><strong>\u00a0:<\/strong><\/td>\n<td><strong>Men Tr\u1eafng<\/p>\n<p><\/strong><\/td>\n<\/tr>\n<tr>\n<td><strong>M\u00e0u men<\/strong><\/td>\n<td><strong>\u00a0:<\/strong><\/td>\n<td><strong>Tr\u1eafng<\/p>\n<p><\/strong><\/td>\n<\/tr>\n<tr>\n<td><strong>Hoa v\u0103n<\/strong><\/td>\n<td><strong>\u00a0:<\/strong><\/td>\n<td><strong>c\u00e0nh Tr\u00fac<\/p>\n<p><\/strong><\/td>\n<\/tr>\n<tr>\n<td><strong>M\u00e0u hoa v\u0103n<\/strong><\/td>\n<td><strong>\u00a0:<\/strong><\/td>\n<td><strong>Ch\u00e0m c\u1ed5<\/strong><\/td>\n<\/tr>\n<tr>\n<td><\/td>\n<td><strong>\u00a0<\/strong><\/td>\n<td><\/td>\n<\/tr>\n<tr>\n<td colspan=\"3\"><strong>QUY C\u00c1CH S\u1ea2N PH\u1ea8M<\/p>\n<p><\/strong><\/td>\n<\/tr>\n<tr>\n<td><strong>\u0110\u01b0\u1eddng k\u00ednh<\/strong><\/td>\n<td>\u00a0<strong>\u00a0:<\/strong><\/td>\n<td><strong>14 cm<\/strong><\/td>\n<\/tr>\n<\/tbody>\n<\/table>\n","protected":false},"excerpt":{"rendered":"<p>\u0110\u0129a b\u1eb1ng v\u1ebd Tr\u00fac\u00a0\u0111\u01b0\u1ee3c l\u00e0m t\u1eeb ch\u1ea5t li\u1ec7u s\u1ee9 x\u01b0\u01a1ng trong tr\u00e1ng men tr\u1eafng th\u1ec3 hi\u1ec7n s\u1ef1 tinh khi\u1ebft v\u00e0 k\u1ef9 thu\u1eadt \u0111\u1ea1t tr\u00ecnh \u0111\u1ed9 cao, v\u1edbi h\u1ecda ti\u1ebft v\u1ebd c\u00e0nh tr\u00fac \u0111\u01b0\u1ee3c th\u1ec3 hi\u1ec7n h\u00e0i h\u00f2a tr\u00ean s\u1ea3n ph\u1ea9m<\/p>\n","protected":false},"featured_media":1126,"comment_status":"open","ping_status":"closed","template":"","meta":[],"product_cat":[19,37],"product_tag":[],"_links":{"self":[{"href":"https:\/\/congtyphannguyen.com\/w\/gom\/wp-json\/wp\/v2\/product\/337"}],"collection":[{"href":"https:\/\/congtyphannguyen.com\/w\/gom\/wp-json\/wp\/v2\/product"}],"about":[{"href":"https:\/\/congtyphannguyen.com\/w\/gom\/wp-json\/wp\/v2\/types\/product"}],"replies":[{"embeddable":true,"href":"https:\/\/congtyphannguyen.com\/w\/gom\/wp-json\/wp\/v2\/comments?post=337"}],"wp:featuredmedia":[{"embeddable":true,"href":"https:\/\/congtyphannguyen.com\/w\/gom\/wp-json\/wp\/v2\/media\/1126"}],"wp:attachment":[{"href":"https:\/\/congtyphannguyen.com\/w\/gom\/wp-json\/wp\/v2\/media?parent=337"}],"wp:term":[{"taxonomy":"product_cat","embeddable":true,"href":"https:\/\/congtyphannguyen.com\/w\/gom\/wp-json\/wp\/v2\/product_cat?post=337"},{"taxonomy":"product_tag","embeddable":true,"href":"https:\/\/congtyphannguyen.com\/w\/gom\/wp-json\/wp\/v2\/product_tag?post=337"}],"curies":[{"name":"wp","href":"https:\/\/api.w.org\/{rel}","templated":true}]}}