{"id":564,"date":"2017-10-19T03:09:15","date_gmt":"2017-10-18T20:09:15","guid":{"rendered":"https:\/\/bizhostvn.com\/w\/gom\/?post_type=product&#038;p=564"},"modified":"2017-11-21T15:03:39","modified_gmt":"2017-11-21T08:03:39","slug":"bo-am-chen-men-lam-buoi-khay","status":"publish","type":"product","link":"https:\/\/congtyphannguyen.com\/w\/gom\/product\/bo-am-chen-men-lam-buoi-khay\/","title":{"rendered":"\u1ea4m ch\u00e9n men lam (B\u01b0\u1edfi Khay)"},"content":{"rendered":"<p>\u1ea4m ch\u00e9n men lam (B\u01b0\u1edfi Khay)\u00a0\u0111\u01b0\u1ee3c l\u00e0m th\u1ee7 c\u00f4ng ho\u00e0n to\u00e0n t\u1eeb c\u00e1c ngh\u1ec7 nh\u00e2n l\u00e0ng g\u1ed1m c\u1ed5 truy\u1ec1n B\u00e1t Tr\u00e0ng v\u1edbi b\u00e0n tay t\u00e0i hoa c\u00f9ng kh\u1ea3 n\u0103ng s\u00e1ng t\u1ea1o mang \u0111\u1ebfn nh\u1eefng n\u00e9t \u0111\u1eb9p \u0111\u1ea7y t\u00ednh ngh\u1ec7 thu\u1eadt, tinh t\u1ebf v\u1edbi n\u01b0\u1edbc men Lam c\u1ed5 (m\u1ed9t lo\u1ea1i men\u00a0\u0111\u1eb7c tr\u01b0ng c\u1ee7a l\u00e0ng g\u1ed1m c\u1ed5 truy\u1ec1n B\u00e1t Tr\u00e0ng).<\/p>\n<p>\u1ea4m ch\u00e9n men Lam \u0111\u01b0\u1ee3c l\u00e0m t\u1eeb ch\u1ea5t li\u1ec7u g\u1ed1m \u0111\u1eb7c tr\u01b0ng c\u1ee7a B\u00e1t Tr\u00e0ng m\u00e0 kh\u00f4ng n\u01a1i n\u00e0o c\u00f3. B\u1ed9 \u1ea5m ch\u00e9n \u0111\u01b0\u1ee3c nung \u1edf nhi\u1ec7t \u0111\u1ed9 cao \u0111\u1ebfn 1300 \u0111\u1ed9 C t\u1ea1o n\u00ean b\u1ec1n ch\u1eafc, kh\u00f4ng b\u1ecb tr\u1ea7y x\u01b0\u1edbc, b\u1ec3 m\u1ebb do va ch\u1ea1m trong khi s\u1eed d\u1ee5ng, v\u1eadn chuy\u1ec3n.<\/p>\n<p>Hoa v\u0103n tr\u00ean s\u1ea3n ph\u1ea9m \u0111\u01b0\u1ee3c v\u1ebd tay r\u1ea5t t\u1ec9 m\u1ec9 v\u00e0 tinh x\u1ea3o, v\u1eeba mang v\u1ebb \u0111\u1eb9p \u0111\u01a1n gi\u1ea3n v\u1eeba v\u00f4 c\u00f9ng tinh t\u1ebf, thu h\u00fat m\u1ecdi \u00e1nh nh\u00ecn. Khi pha tr\u00e0 v\u00e0o \u1ea5m v\u00e0 r\u00f3t ra t\u00e1ch, ta s\u1ebd th\u1ea5y \u0111\u01b0\u1ee3c s\u1ef1 k\u1ebft h\u1ee3p tuy\u1ec7t v\u1eddi gi\u1eefa m\u00e0u s\u1eafc t\u1ef1 nhi\u00ean c\u1ee7a m\u00e0u men lam v\u00e0 m\u00e0u xanh c\u1ee7a tr\u00e0 t\u1ea1o n\u00ean phong c\u00e1ch tr\u00e0 \u0111\u1ea1o truy\u1ec1n th\u1ed1ng r\u1ea5t \u0111\u1eb7c tr\u01b0ng c\u1ee7a Vi\u1ec7t Nam.<\/p>\n<p>S\u1ea3n ph\u1ea9m ph\u00f9 h\u1ee3p v\u1edbi m\u1ecdi phong c\u00e1ch n\u1ed9i th\u1ea5t t\u1eeb hi\u1ec7n \u0111\u1ea1i, sang tr\u1ecdng \u0111\u1ebfn truy\u1ec1n th\u1ed1ng, trang nh\u00e3,\u00a0\u1ea4m ch\u00e9n men Lam B\u00e1t Tr\u00e0ng v\u1ebd c\u00f3 th\u1ec3 d\u00e0nh l\u00e0m m\u1ed9t m\u00f3n qu\u00e0 t\u1eb7ng cho nh\u1eefng ng\u01b0\u1eddi y\u00eau qu\u00fd c\u1ee7a b\u1ea1n thay cho nh\u1eefng l\u1eddi ch\u00fac t\u1ed1t \u0111\u1eb9p nh\u1ea5t.<\/p>\n<p>B\u1ed9 s\u1ea3n ph\u1ea9m g\u1ed3m:1 \u1ea4m, 6 ch\u00e9n, 1 \u0111\u0129a \u1ea5m, 6 \u0111\u0129a ch\u00e9n<\/p>\n<p>&nbsp;<\/p>\n<table border=\"0\" align=\"center\">\n<tbody>\n<tr>\n<td colspan=\"3\"><strong>H\u00d4NG TIN CHI TI\u1ebeT S\u1ea2N PH\u1ea8M<\/p>\n<p><\/strong><\/td>\n<\/tr>\n<tr>\n<td><\/td>\n<td><\/td>\n<td><\/td>\n<\/tr>\n<tr>\n<td><strong>Lo\u1ea1i men<\/strong><\/td>\n<td><\/td>\n<td><strong>Men Lam<\/p>\n<p><\/strong><\/td>\n<\/tr>\n<tr>\n<td><strong>M\u00e0u men<\/strong><\/td>\n<td><\/td>\n<td><strong>M\u00e0u lam<\/p>\n<p><\/strong><\/td>\n<\/tr>\n<tr>\n<td><strong>Hoa v\u0103n<\/strong><\/td>\n<td><\/td>\n<td><strong>Phong c\u1ea3nh<\/p>\n<p><\/strong><\/td>\n<\/tr>\n<tr>\n<td><strong>M\u00e0u hoa v\u0103n<\/strong><\/td>\n<td><\/td>\n<td><strong>M\u00e0u Tr\u00e0m<\/p>\n<p><\/strong><\/td>\n<\/tr>\n<tr>\n<td><\/td>\n<td><\/td>\n<td><\/td>\n<\/tr>\n<tr>\n<td colspan=\"3\"><strong>QUY C\u00c1CH S\u1ea2N PH\u1ea8M<\/p>\n<p><\/strong><\/td>\n<\/tr>\n<tr>\n<td><\/td>\n<td><\/td>\n<td><\/td>\n<\/tr>\n<tr>\n<td><strong>Ch\u00e9n<\/strong><\/td>\n<td><\/td>\n<td><strong>Cao:<\/p>\n<p><\/strong><\/td>\n<\/tr>\n<tr>\n<td><\/td>\n<td><\/td>\n<td><strong>\u0110\u01b0\u1eddng k\u00ednh:<\/p>\n<p><\/strong><\/td>\n<\/tr>\n<tr>\n<td><strong>\u0110\u0129a ch\u00e9n<\/p>\n<p><\/strong><\/td>\n<td><\/td>\n<td><strong>\u0110\u01b0\u1eddng k\u00ednh:<\/p>\n<p><\/strong><\/td>\n<\/tr>\n<tr>\n<td><strong>\u1ea4m<\/strong><\/td>\n<td><\/td>\n<td><strong>Cao:<\/p>\n<p><\/strong><\/td>\n<\/tr>\n<tr>\n<td><\/td>\n<td><\/td>\n<td><strong>\u0110\u01b0\u1eddng k\u00ednh:<\/p>\n<p><\/strong><\/td>\n<\/tr>\n<tr>\n<td><strong>\u0110\u0129a \u1ea5m<\/strong><\/td>\n<td><\/td>\n<td><strong>\u0110\u01b0\u1eddng k\u00ednh:<\/p>\n<p><\/strong><\/td>\n<\/tr>\n<\/tbody>\n<\/table>\n<p>&nbsp;<\/p>\n<p><strong>V\u1eadn chuy\u1ec3n: Mi\u1ec5n ph\u00ed giao h\u00e0ng trong n\u1ed9i th\u00e0nh H\u00e0 N\u1ed9i v\u1edbi b\u00e1n k\u00ednh 15km t\u00ednh t\u1eeb B\u00e1t Tr\u00e0ng.<\/strong><\/p>\n<p><strong>LI\u00caN H\u1ec6 \u0110\u1eb6T H\u00c0NG:\u00a0 Mr H\u00f2a : 0906 193 198\u00a0 &#8211; Ms H\u1ea3i: 0901 500 333\u00a0 Email:sales@chogombattrang.vn<\/strong><\/p>\n","protected":false},"excerpt":{"rendered":"<p>\u1ea4m ch\u00e9n men lam (B\u01b0\u1edfi Khay)\u00a0\u0111\u01b0\u1ee3c l\u00e0m th\u1ee7 c\u00f4ng ho\u00e0n to\u00e0n t\u1eeb c\u00e1c ngh\u1ec7 nh\u00e2n l\u00e0ng g\u1ed1m c\u1ed5 truy\u1ec1n B\u00e1t Tr\u00e0ng v\u1edbi b\u00e0n tay t\u00e0i hoa c\u00f9ng kh\u1ea3 n\u0103ng s\u00e1ng t\u1ea1o mang \u0111\u1ebfn nh\u1eefng n\u00e9t \u0111\u1eb9p \u0111\u1ea7y t\u00ednh ngh\u1ec7 thu\u1eadt, tinh t\u1ebf v\u1edbi n\u01b0\u1edbc men Lam c\u1ed5 (m\u1ed9t lo\u1ea1i men\u00a0\u0111\u1eb7c tr\u01b0ng c\u1ee7a l\u00e0ng g\u1ed1m c\u1ed5 truy\u1ec1n B\u00e1t Tr\u00e0ng).<\/p>\n","protected":false},"featured_media":1039,"comment_status":"open","ping_status":"closed","template":"","meta":[],"product_cat":[18,33],"product_tag":[],"_links":{"self":[{"href":"https:\/\/congtyphannguyen.com\/w\/gom\/wp-json\/wp\/v2\/product\/564"}],"collection":[{"href":"https:\/\/congtyphannguyen.com\/w\/gom\/wp-json\/wp\/v2\/product"}],"about":[{"href":"https:\/\/congtyphannguyen.com\/w\/gom\/wp-json\/wp\/v2\/types\/product"}],"replies":[{"embeddable":true,"href":"https:\/\/congtyphannguyen.com\/w\/gom\/wp-json\/wp\/v2\/comments?post=564"}],"wp:featuredmedia":[{"embeddable":true,"href":"https:\/\/congtyphannguyen.com\/w\/gom\/wp-json\/wp\/v2\/media\/1039"}],"wp:attachment":[{"href":"https:\/\/congtyphannguyen.com\/w\/gom\/wp-json\/wp\/v2\/media?parent=564"}],"wp:term":[{"taxonomy":"product_cat","embeddable":true,"href":"https:\/\/congtyphannguyen.com\/w\/gom\/wp-json\/wp\/v2\/product_cat?post=564"},{"taxonomy":"product_tag","embeddable":true,"href":"https:\/\/congtyphannguyen.com\/w\/gom\/wp-json\/wp\/v2\/product_tag?post=564"}],"curies":[{"name":"wp","href":"https:\/\/api.w.org\/{rel}","templated":true}]}}