{"id":565,"date":"2017-10-19T03:10:32","date_gmt":"2017-10-18T20:10:32","guid":{"rendered":"https:\/\/bizhostvn.com\/w\/gom\/?post_type=product&#038;p=565"},"modified":"2017-11-21T14:59:13","modified_gmt":"2017-11-21T07:59:13","slug":"ngoi-am-duong-trang-men","status":"publish","type":"product","link":"https:\/\/congtyphannguyen.com\/w\/gom\/product\/ngoi-am-duong-trang-men\/","title":{"rendered":"Ng\u00f3i \u00e2m d\u01b0\u01a1ng tr\u00e1ng men"},"content":{"rendered":"<p><em><strong>Ng\u00f3i \u00e2m d\u01b0\u01a1ng tr\u00e1ng men B\u00e1t Tr\u00e0ng<\/strong><\/em> \u0111\u01b0\u1ee3c s\u1ea3n xu\u1ea5t b\u1eb1ng lo\u1ea1i \u0111\u1ea5t s\u00e9t cao c\u1ea5p nh\u1ea5t c\u1ee7a B\u00e1t Tr\u00e0ng t\u1ea1o l\u00ean x\u01b0\u01a1ng g\u1ed1m c\u1ee9ng ch\u1eafc, S\u1ea3n ph\u1ea9m \u0111\u01b0\u1ee3c nung \u1edf nhi\u1ec7t \u0111\u1ed9 1200 \u0111\u1ebfn 1300 \u0111\u1ed9 C t\u1ea1o n\u00ean \u0111\u1ed9 b\u1ec1n \u0111\u1eb9p v\u0129nh c\u1eedu theo th\u1eddi gian. B\u00ean ngo\u00e0i \u0111\u01b0\u1ee3c ph\u1ee7 m\u1ed9t l\u1edbp men b\u00f3ng kh\u00f4ng b\u00e1m b\u1ea9n, ch\u1ed1ng r\u00eau m\u1ed1c&#8230; \u0111\u1eb7c tr\u01b0ng c\u1ee7a B\u00e1t Tr\u00e0ng m\u00e0 kh\u00f4ng n\u01a1i n\u00e0o c\u00f3, s\u1ea3n ph\u1ea9m\u00a0\u0111\u01b0\u1ee3c ho\u00e0n to\u00e0n l\u00e0m th\u1ee7 th\u1ee7 c\u00f4ng mang tr\u00ean m\u00ecnh nh\u1eefng n\u00e9t tinh t\u00fay ri\u00eang c\u1ee7a m\u1ed9t l\u00e0ng ngh\u1ec1 truy\u1ec1n th\u1ed1ng.<\/p>\n<p>&nbsp;<\/p>\n<table border=\"0\" align=\"center\">\n<tbody>\n<tr>\n<td colspan=\"3\"><strong>TH\u00d4NG TIN CHI TI\u1ebeT S\u1ea2N PH\u1ea8M<\/p>\n<p><\/strong><\/td>\n<\/tr>\n<tr>\n<td><\/td>\n<td><\/td>\n<td><\/td>\n<\/tr>\n<tr>\n<td><strong>Lo\u1ea1i men<\/strong><\/td>\n<td><\/td>\n<td><strong>Men b\u00f3ng<\/p>\n<p><\/strong><\/td>\n<\/tr>\n<tr>\n<td><em><strong>M\u00e0u men<\/strong><\/p>\n<p><\/em><\/td>\n<td><em>\u00a0<\/em><\/td>\n<td><strong>M\u00e0u l\u01b0u ly<\/strong><em><\/p>\n<p><\/em><\/td>\n<\/tr>\n<tr>\n<td><strong>Hoa v\u0103n<\/strong><\/td>\n<td><\/td>\n<td><strong>\u00a0<\/strong><\/td>\n<\/tr>\n<tr>\n<td><strong>M\u00e0u hoa v\u0103n<\/strong><\/td>\n<td><\/td>\n<td><strong>\u00a0<\/strong><\/td>\n<\/tr>\n<\/tbody>\n<\/table>\n","protected":false},"excerpt":{"rendered":"<div class=\"short-description\">\n<div class=\"warranty-detail\">\n<p><strong>B\u1ea3o h\u00e0nh:<\/strong>Cam k\u1ebft h\u00e0ng \u0111\u00fang ch\u1ea5t l\u01b0\u1ee3ng \u0111\u1ebfn tay kh\u00e1ch h\u00e0ng<\/p>\n<\/div>\n<div class=\"transport-detail\">\n<p><strong>V\u1eadn chuy\u1ec3n:<\/strong>H\u1ed7 tr\u1ee3 ph\u01b0\u01a1ng ti\u1ec7n v\u1eadn chuy\u1ec3n (chi ph\u00ed kh\u00e1ch h\u00e0ng thanh to\u00e1n)<\/p>\n<\/div>\n<\/div>\n","protected":false},"featured_media":1035,"comment_status":"open","ping_status":"closed","template":"","meta":[],"product_cat":[68,70],"product_tag":[],"_links":{"self":[{"href":"https:\/\/congtyphannguyen.com\/w\/gom\/wp-json\/wp\/v2\/product\/565"}],"collection":[{"href":"https:\/\/congtyphannguyen.com\/w\/gom\/wp-json\/wp\/v2\/product"}],"about":[{"href":"https:\/\/congtyphannguyen.com\/w\/gom\/wp-json\/wp\/v2\/types\/product"}],"replies":[{"embeddable":true,"href":"https:\/\/congtyphannguyen.com\/w\/gom\/wp-json\/wp\/v2\/comments?post=565"}],"wp:featuredmedia":[{"embeddable":true,"href":"https:\/\/congtyphannguyen.com\/w\/gom\/wp-json\/wp\/v2\/media\/1035"}],"wp:attachment":[{"href":"https:\/\/congtyphannguyen.com\/w\/gom\/wp-json\/wp\/v2\/media?parent=565"}],"wp:term":[{"taxonomy":"product_cat","embeddable":true,"href":"https:\/\/congtyphannguyen.com\/w\/gom\/wp-json\/wp\/v2\/product_cat?post=565"},{"taxonomy":"product_tag","embeddable":true,"href":"https:\/\/congtyphannguyen.com\/w\/gom\/wp-json\/wp\/v2\/product_tag?post=565"}],"curies":[{"name":"wp","href":"https:\/\/api.w.org\/{rel}","templated":true}]}}