{"id":567,"date":"2017-10-19T03:11:58","date_gmt":"2017-10-18T20:11:58","guid":{"rendered":"https:\/\/bizhostvn.com\/w\/gom\/?post_type=product&#038;p=567"},"modified":"2017-11-21T14:57:11","modified_gmt":"2017-11-21T07:57:11","slug":"dieu-bat-men-lam-boc-dong-truc-lam-that-hien","status":"publish","type":"product","link":"https:\/\/congtyphannguyen.com\/w\/gom\/product\/dieu-bat-men-lam-boc-dong-truc-lam-that-hien\/","title":{"rendered":"\u0110i\u1ebfu B\u00e1t men Lam b\u1ecdc \u0111\u1ed3ng &#8211; Tr\u00fac l\u00e2m Th\u1ea5t Hi\u1ec1n"},"content":{"rendered":"<div class=\"description no-bold clearfix\">\n<div class=\"description no-bold clearfix\">\n<p>C\u00e1ch s\u1eed d\u1ee5ng \u0111i\u1ebfu b\u00e1t nh\u01b0 sau: s\u1ee3i thu\u1ed1c l\u00e0o v\u00ea tr\u00f2n th\u00e0nh vi\u00ean c\u00f3 k\u00edch c\u1ee1 b\u1eb1ng \u0111\u1ea7u ng\u00f3n tay \u00fat, tra v\u00e0o n\u00f5 \u0111i\u1ebfu. Sau \u0111\u00f3 d\u00f9ng l\u1eeda \u0111\u1ed1t cho thu\u1ed1c ch\u00e1y t\u1ea1o th\u00e0nh kh\u00f3i \u0111\u1ed3ng th\u1eddi d\u00f9ng mi\u1ec7ng h\u00fat th\u00f4ng qua c\u1ea7n h\u00fat.<\/p>\n<\/div>\n<div class=\"blog-content clearfix\">\n<div class=\"content-wrap clearfix\">\n<p><strong>L\u00e0m sao \u0111\u1ec3 \u0111i\u1ebfu b\u00e1t h\u00fat k\u00eau?<\/strong><\/p>\n<p>\u0110\u00f3 l\u00e0 do m\u1ee9c n\u01b0\u1edbc \u0111\u1ed5 v\u00e0o \u0111i\u1ebfu, m\u1ef1c n\u01b0\u1edbc \u0111\u1ed5 v\u00e0o trong \u0111i\u1ebfu ph\u1ea3i v\u1eeba \u0111\u1ee7 ng\u1eadp n\u00f5 \u0111i\u1ebfu b\u00e1t, nh\u01b0ng l\u1ea1i kh\u00f4ng \u0111\u01b0\u1ee3c qu\u00e1 ng\u1eadp, n\u1ebfu \u0111\u1ed5 qu\u00e1 nhi\u1ec1u th\u00ec ti\u1ebfng k\u00eau s\u1ebd nh\u1ecf.<\/p>\n<p><strong>C\u00e1ch l\u1eafp n\u00f5 \u0111i\u1ebfu b\u00e1t<\/strong><\/p>\n<p>N\u00f5 \u0111i\u1ebfu b\u00e1t ph\u1ea3i th\u1eadt kh\u00edt v\u1edbi mi\u1ec7ng \u0111i\u1ebfu, n\u1ebfu h\u1edf h\u00fat s\u1ebd r\u1ea5t t\u1ed1n h\u01a1i. \u0110\u1ec3 ki\u1ec3m tra xem \u0111i\u1ebfu b\u00e1t c\u00f3 h\u1edf hay kh\u00f4ng b\u1eb1ng c\u00e1ch: l\u1ea5y tay b\u1ecbt k\u00edn n\u00f5 \u0111i\u1ebfu, d\u00f9ng xe \u0111i\u1ebfu \u0111\u1eb7t v\u00e0o l\u1ed7 h\u00fat r\u1ed3i th\u1ed5i th\u1eadt m\u1ea1nh, n\u1ebfu th\u1ea5y n\u1eb7ng kh\u00f4ng th\u1ed5i \u0111\u01b0\u1ee3c ngh\u0129a l\u00e0 k\u00edn, n\u1ebfu th\u1ed5i \u0111\u01b0\u1ee3c ngh\u0129a l\u00e0 h\u1edf.<\/p>\n<p><img class=\"aligncenter\" src=\"http:\/\/neon.vn\/image\/data\/Dieubat\/no-dieu-bat1.jpg\" alt=\"\" \/><\/p>\n<p><strong>C\u00e1ch kh\u1eafc ph\u1ee5c \u0111i\u1ebfu b\u00e1t b\u1ecb h\u1edf, \u0111i\u1ebfu b\u00e1t kh\u00f4ng k\u00eau<\/strong><\/p>\n<p>\u0110i\u1ebfu b\u00e1t b\u1ecb h\u1edf c\u00f3 2 nguy\u00ean nh\u00e2n ch\u1ee7 y\u1ebfu: n\u1ebfu l\u00e0 \u0111i\u1ebfu b\u00e1t kh\u00f4ng b\u1ecdc \u0111\u1ed3ng th\u00ec ch\u1ec9 h\u1edf \u1edf \u0111i\u1ec3m ti\u1ebfp x\u00fac gi\u1eefa n\u00f5 \u0111i\u1ebfu v\u00e0 \u0111i\u1ebfu, kh\u1eafc ph\u1ee5c b\u1eb1ng c\u00e1ch qu\u1ea5n b\u0103ng tan v\u00e0o c\u1ed5 n\u00f5 \u0111i\u1ebfu sao cho khi l\u1eafp v\u00e0o th\u1ea5y ch\u1eb7t v\u1eeba \u0111\u1ee7. N\u1ebfu \u0111i\u1ebfu b\u00e1t b\u1ecdc \u0111\u1ed3ng th\u00ec ngo\u00e0i nguy\u00ean nh\u00e2n tr\u00ean, c\u00f2n do l\u1edbp \u0111\u1ed3ng b\u1ecdc kh\u00f4ng kh\u00edt v\u1edbi \u0111i\u1ebfu, kh\u1eafc ph\u1ee5c b\u1eb1ng c\u00e1ch d\u00f9ng keo 502 tra nh\u01b0 tra d\u1ea7u v\u00e0o c\u00e1c khe b\u1ecdc \u0111\u1ed3ng ph\u00eda mi\u1ec7ng \u0111i\u1ebfu (n\u01a1i l\u1eafp n\u00f5 \u0111i\u1ebfu b\u00e1t) cho t\u1edbi khi kh\u00f4ng c\u00f2n h\u1edf.<\/p>\n<p><strong>C\u00e1ch h\u00fat \u0111i\u1ebfu b\u00e1t<\/strong><\/p>\n<p>Ch\u00e2m l\u1eeda, t\u1ed1t nh\u1ea5t l\u00e0 d\u00f9ng \u0111\u00f3m (l\u00e0 nh\u1eefng m\u1ea3nh tre, n\u1ee9a, g\u1ed7 l\u00e0m di\u00eam&#8230;) m\u1ecfng \u0111\u1ec3 l\u1eeda ch\u00e1y trong m\u1ed9t kho\u1ea3ng th\u1eddi gian v\u1eeba \u0111\u1ee7, l\u1ea1i kh\u00f4ng c\u00f3 m\u00f9i l\u1eabn v\u00e0o nh\u01b0 khi d\u00f9ng di\u00eam ho\u1eb7c b\u1eadt l\u1eeda ga.<\/p>\n<p>L\u00fac b\u1eaft \u0111\u1ea7u h\u00fat, ng\u01b0\u1eddi h\u00fat h\u00edt v\u00e0o t\u1eebng h\u01a1i ng\u1eafn \u0111\u1ec3 c\u00f3 th\u00eam \u00f4 xy cho thu\u1ed1c ch\u00e1y \u0111\u1ec1u v\u00e0 kh\u00f3i t\u00edch t\u1ee5 trong th\u00e2n \u0111i\u1ebfu r\u1ed3i m\u1edbi h\u00edt m\u1ed9t h\u01a1i th\u1eadt s\u00e2u k\u00e8m theo m\u1ed9t l\u01b0\u1ee3ng kh\u00f3i l\u1edbn. Tr\u01b0\u1edbc \u0111\u00f3, ng\u01b0\u1eddi h\u00fat th\u01b0\u1eddng th\u1ed5i m\u1ed9t h\u01a1i ng\u1eafn v\u00e0 m\u1ea1nh \u0111\u1ec3 x\u00e1i thu\u1ed1c l\u00e0o v\u0103ng ra kh\u1ecfi n\u00f5 \u0111i\u1ebfu. \u0110\u1ed9ng t\u00e1c n\u00e0y \u0111\u00f2i h\u1ecfi ph\u1ea3i kh\u00e9o l\u00e9o \u0111\u1ec3 x\u00e1i thu\u1ed1c b\u1eafn ra \u0111\u00fang c\u00e1i b\u00e1t \u0111\u1ef1ng \u0111i\u1ebfu, ph\u1ea3i nh\u1eefng ng\u01b0\u1eddi c\u00f3 kinh nghi\u1ec7m m\u1edbi th\u1ef1c hi\u1ec7n thu\u1ea7n th\u1ee5c \u0111\u01b0\u1ee3c.<\/p>\n<p>Kh\u00f3i thu\u1ed1c l\u00e0o \u0111\u00e3 \u0111\u01b0\u1ee3c l\u00e0m gi\u1ea3m nhi\u1ec7t v\u00e0 l\u1ecdc b\u1edbt m\u1ed9t s\u1ed1 ch\u1ea5t nh\u1edd \u0111i qua n\u01b0\u1edbc ch\u1ee9a trong th\u00e2n \u0111i\u1ebfu. Trong khi h\u00fat, h\u01a1i v\u00e0 kh\u00f3i thu\u1ed1c khi\u1ebfn cho n\u01b0\u1edbc ch\u1ee9a trong \u0111i\u1ebfu v\u00e0 kh\u00ed ph\u00e1t ra ti\u1ebfng k\u00eau; ng\u01b0\u1eddi h\u00fat th\u00edch ti\u1ebfng k\u00eau ph\u1ea3i gi\u00f2n gi\u00e3 \u0111\u1ec3 t\u0103ng ph\u1ea7n th\u00fa v\u1ecb. \u00c2m thanh n\u00e0y ph\u1ee5 thu\u1ed9c c\u1ea5u t\u1ea1o c\u1ee7a \u0111i\u1ebfu v\u00e0 l\u01b0\u1ee3ng n\u01b0\u1edbc \u0111\u1ed5 v\u00e0o \u0111\u00f3.<\/p>\n<p>Th\u00e0nh ph\u1ea7n c\u1ee7a l\u00e1 thu\u1ed1c l\u00e0o c\u0169ng t\u01b0\u01a1ng t\u1ef1 thu\u1ed1c l\u00e1 v\u00e0 ng\u01b0\u1eddi h\u00fat h\u00edt v\u00e0o l\u01b0\u1ee3ng kh\u00f3i kh\u00e1 nhi\u1ec1u trong m\u1ed9t l\u1ea7n h\u00fat n\u00ean c\u1ea3m gi\u00e1c say thu\u1ed1c m\u1ea1nh h\u01a1n thu\u1ed1c l\u00e1 v\u00e0 c\u00f3 th\u1ec3 g\u00e2y nghi\u1ec7n. C\u1ea3m gi\u00e1c say thu\u1ed1c l\u00e0o m\u1ea1nh \u0111\u1ebfn m\u1ee9c ng\u01b0\u1eddi m\u1edbi h\u00fat ho\u1eb7c k\u1ec3 c\u1ea3 ng\u01b0\u1eddi nghi\u1ec7n h\u00fat, nh\u01b0ng khi h\u00fat v\u00e0o bu\u1ed5i s\u00e1ng th\u01b0\u1eddng b\u1ecb m\u1ea5t th\u0103ng b\u1eb1ng, n\u1ebfu t\u01b0 th\u1ebf ng\u1ed3i h\u00fat kh\u00f4ng v\u1eefng r\u1ea5t d\u1ec5 b\u1ecb ng\u00e3.<\/p>\n<\/div>\n<\/div>\n<\/div>\n","protected":false},"excerpt":{"rendered":"<p>Ch\u00e2m l\u1eeda, t\u1ed1t nh\u1ea5t l\u00e0 d\u00f9ng \u0111\u00f3m (l\u00e0 nh\u1eefng m\u1ea3nh tre, n\u1ee9a, g\u1ed7 l\u00e0m di\u00eam&#8230;) m\u1ecfng \u0111\u1ec3 l\u1eeda ch\u00e1y trong m\u1ed9t kho\u1ea3ng th\u1eddi gian v\u1eeba \u0111\u1ee7, l\u1ea1i kh\u00f4ng c\u00f3 m\u00f9i l\u1eabn v\u00e0o nh\u01b0 khi d\u00f9ng di\u00eam ho\u1eb7c b\u1eadt l\u1eeda ga.<\/p>\n","protected":false},"featured_media":1033,"comment_status":"open","ping_status":"closed","template":"","meta":[],"product_cat":[45,52],"product_tag":[],"_links":{"self":[{"href":"https:\/\/congtyphannguyen.com\/w\/gom\/wp-json\/wp\/v2\/product\/567"}],"collection":[{"href":"https:\/\/congtyphannguyen.com\/w\/gom\/wp-json\/wp\/v2\/product"}],"about":[{"href":"https:\/\/congtyphannguyen.com\/w\/gom\/wp-json\/wp\/v2\/types\/product"}],"replies":[{"embeddable":true,"href":"https:\/\/congtyphannguyen.com\/w\/gom\/wp-json\/wp\/v2\/comments?post=567"}],"wp:featuredmedia":[{"embeddable":true,"href":"https:\/\/congtyphannguyen.com\/w\/gom\/wp-json\/wp\/v2\/media\/1033"}],"wp:attachment":[{"href":"https:\/\/congtyphannguyen.com\/w\/gom\/wp-json\/wp\/v2\/media?parent=567"}],"wp:term":[{"taxonomy":"product_cat","embeddable":true,"href":"https:\/\/congtyphannguyen.com\/w\/gom\/wp-json\/wp\/v2\/product_cat?post=567"},{"taxonomy":"product_tag","embeddable":true,"href":"https:\/\/congtyphannguyen.com\/w\/gom\/wp-json\/wp\/v2\/product_tag?post=567"}],"curies":[{"name":"wp","href":"https:\/\/api.w.org\/{rel}","templated":true}]}}