{"id":569,"date":"2017-10-19T03:13:26","date_gmt":"2017-10-18T20:13:26","guid":{"rendered":"https:\/\/bizhostvn.com\/w\/gom\/?post_type=product&#038;p=569"},"modified":"2017-11-21T14:36:19","modified_gmt":"2017-11-21T07:36:19","slug":"hu-sanh-dung-dao-phuc-loc-dap-noi-15kg","status":"publish","type":"product","link":"https:\/\/congtyphannguyen.com\/w\/gom\/product\/hu-sanh-dung-dao-phuc-loc-dap-noi-15kg\/","title":{"rendered":"H\u0169 S\u00e0nh \u0110\u1ef1ng G\u1ea1o Ph\u00fac L\u1ed9c \u0111\u1eafp n\u1ed5i 15 kg"},"content":{"rendered":"<p>Sau m\u1ed9t th\u1eddi gian S\u1ea3n xu\u1ea5t\u00a0<strong>H\u0169 S\u00e0nh \u0111\u1ef1ng g\u1ea1o <\/strong>\u0111\u01b0\u1ee3c th\u1ecb tr\u01b0\u1eddng \u0111\u00f3n nh\u1eadn n\u1ed3ng nhi\u1ec7t. C\u00f4ng ty G\u1ed1m S\u1ee9 B\u1ea3o Kh\u00e1nh ti\u1ebfp t\u1ee5c cho ra m\u1eaft d\u00f2ng s\u1ea3n ph\u1ea9m <strong>H\u0169 S\u00e0nh \u0110\u1ef1ng G\u1ea1o Ph\u00fac L\u1ed9c \u0111\u1eafp n\u1ed5i 15 kg<\/strong>. V\u1edbi \u0111\u1eb7c t\u00ednh n\u1ed5i tr\u1ed9i c\u1ee7a ch\u1ea5t li\u1ec7u S\u00e0nh B\u1ea3o Kh\u00e1nh B\u00e1t Tr\u00e0ng:<\/p>\n<p><span class=\"text_exposed_show\"><span class=\"_5mfr _47e3\"><img class=\"aligncenter\" title=\"H\u0169 S\u00e0nh \u0111\u1ef1ng g\u1ea1o Ph\u00fac L\u1ed9c \u0111\u1eafp n\u1ed5i\" src=\"https:\/\/chogombattrang.vn\/upload\/user\/hieunt\/\/news\/hu-sanh-dung-gao-phuc-loc-dap-noi.jpg\" alt=\"H\u0169 S\u00e0nh \u0111\u1ef1ng g\u1ea1o Ph\u00fac L\u1ed9c \u0111\u1eafp n\u1ed5i th\u1ee7 c\u00f4ng\" \/><\/span><\/span><\/p>\n<p>&nbsp;<\/p>\n<table border=\"0\" align=\"center\">\n<tbody>\n<tr>\n<td colspan=\"3\"><strong>TH\u00d4NG TIN CHI TI\u1ebeT S\u1ea2N PH\u1ea8M<\/p>\n<p><\/strong><\/td>\n<\/tr>\n<tr>\n<td><strong>Hoa V\u0103n<\/strong><\/td>\n<td><strong>:<\/strong><\/td>\n<td><strong>Ph\u00fac L\u1ed9c (D\u01a1i ng\u1eadm ti\u1ec1n) \u0111\u1eafp n\u1ed5i th\u1ee7 c\u00f4ng<\/strong><\/td>\n<\/tr>\n<tr>\n<td><strong>Ch\u1ea5t li\u1ec7u<\/strong><\/td>\n<td><strong>:<\/strong><\/td>\n<td><strong>S\u00e0nh kh\u00f4ng tr\u00e1ng men<\/p>\n<p><\/strong><\/td>\n<\/tr>\n<tr>\n<td colspan=\"3\"><strong>QUY C\u00c1CH S\u1ea2N PH\u1ea8M<\/p>\n<p><\/strong><\/td>\n<\/tr>\n<tr>\n<td><strong>\u0110\u01b0\u1eddng k\u00ednh th\u00e2n<\/p>\n<p><\/strong><\/td>\n<td>\u00a0<strong>\u00a0:<\/strong><\/td>\n<td><strong>35 cm<\/p>\n<p><\/strong><\/td>\n<\/tr>\n<tr>\n<td><strong>\u0110\u01b0\u1eddng k\u00ednh \u0111\u00e1y<\/strong><\/td>\n<td><strong>\u00a0 :<\/strong><\/td>\n<td><strong>24 cm<\/strong><\/td>\n<\/tr>\n<tr>\n<td><strong>\u0110\u01b0\u1eddng k\u00ednh mi\u1ec7ng<\/p>\n<p><\/strong><\/td>\n<td><strong>\u00a0 :<\/strong><\/td>\n<td><strong>20,5 cm<\/strong><\/td>\n<\/tr>\n<tr>\n<td><strong>Cao<\/strong><\/td>\n<td><strong>\u00a0 :<\/strong><\/td>\n<td><strong>49 cm<\/strong><\/td>\n<\/tr>\n<tr>\n<td><strong>Dung t\u00edch<\/strong><\/td>\n<td><strong>\u00a0 :<\/strong><\/td>\n<td><strong>15 Kg G\u1ea1o<\/p>\n<p><\/strong><\/td>\n<\/tr>\n<\/tbody>\n<\/table>\n<p><iframe loading=\"lazy\" src=\"https:\/\/www.youtube.com\/embed\/3xx4JPaQTpU\" width=\"425\" height=\"350\" frameborder=\"0\" data-mce-fragment=\"1\"><\/iframe><\/p>\n<p>&nbsp;<\/p>\n<p><strong><em>T\u1ea1i sao ph\u1ea3i d\u00f9ng H\u0169 S\u00e0nh \u0111\u1ef1ng G\u1ea1o do c\u00f4ng ty G\u1ed1m S\u1ee9 B\u1ea3o Kh\u00e1nh s\u1ea3n xu\u1ea5t?<\/em><\/strong><\/p>\n<p>T\u1eeb xa x\u01b0a \u00f4ng cha ta \u0111\u00e3 s\u1eed d\u1ee5ng v\u1eadt li\u1ec7u b\u1eb1ng S\u00e0nh nh\u01b0: Chum, h\u0169\u2026 \u0111\u1ec3 b\u1ea3o qu\u1ea3n ng\u0169 c\u1ed1c. Ngo\u00e0i \u0111\u1eb7c t\u00ednh d\u1eabn nhi\u1ec7t k\u00e9m n\u00ean gi\u1eef cho th\u1ef1c ph\u1ea9m lu\u00f4n m\u00e1t c\u00f2n c\u00f3 m\u1ed9t \u0111\u1eb7c t\u00ednh \u0111\u1eb7c tr\u01b0ng m\u00e0 ch\u1ec9 c\u00f3 ch\u1ea5t li\u1ec7u S\u00e0nh (kh\u00f4ng tr\u00e1ng men) m\u1edbi c\u00f3. \u0110\u00f3 l\u00e0 t\u00ednh <strong>H\u00fat \u1ea9m<\/strong>.<\/p>\n<p>Khi b\u1ea3o qu\u1ea3n G\u1ea1o hay ng\u0169 c\u1ed1c kh\u00e1c, d\u00f9 ch\u00fang ta c\u00f3 \u0111\u1eady k\u00edn \u0111\u1ebfn \u0111\u00e2u \u0111i n\u1eefa th\u00ec v\u1eabn c\u00f2n \u0111\u1ed9 \u1ea9m c\u1ee7a kh\u00f4ng kh\u00ed ph\u00eda trong n\u01a1i b\u1ea3o qu\u1ea3n v\u00e0 trong kho\u1ea3ng c\u00e1ch gi\u1eefa c\u00e1c h\u1ea1t ng\u0169 c\u1ed1c, nh\u1ea5t l\u00e0 v\u00e0o m\u00f9a n\u1ed3m c\u1ee7a khu v\u1ef1c ph\u00eda b\u1eafc. N\u1ebfu \u0111\u1ec3 l\u00e2u ng\u00e0y kh\u00f4ng x\u1eed l\u00fd th\u00ec G\u1ea1o v\u00e0 th\u1ef1c ph\u1ea9m s\u1ebd b\u1ecb m\u1ed1c k\u00e9m ch\u1ea5t l\u01b0\u1ee3ng, kh\u00f4ng an to\u00e0n cho s\u1ee9c kh\u1ecfe ng\u01b0\u1eddi s\u1eed d\u1ee5ng.<\/p>\n<p>V\u1edbi Chum, H\u0169 S\u00e0nh kh\u00f4ng tr\u00e1ng men, do ch\u1ea5t li\u1ec7u S\u00e0nh s\u1ed1p v\u00e0 h\u00e1o n\u01b0\u1edbc, n\u00ean h\u01a1i \u1ea9m trong G\u1ea1o ho\u1eb7c ng\u0169 c\u1ed1c s\u1ebd b\u1ecb h\u00fat h\u1ebft v\u00e0o th\u00e0nh chum \u0111\u1ea3m b\u1ea3o G\u1ea1o v\u00e0 ng\u0169 c\u1ed1c lu\u00f4n kh\u00f4 m\u00e1t, gi\u1eef \u0111\u01b0\u1ee3c ch\u1ea5t l\u01b0\u1ee3ng l\u00e2u d\u00e0i.<\/p>\n<p><strong><em>Ti\u1ec1n v\u00e0o nh\u01b0 n\u01b0\u1edbc nh\u1edd \u0111\u1eb7t H\u0169 G\u1ea1o \u0111\u00fang chu\u1ea9n phong th\u1ee7y<\/em><\/strong><\/p>\n<p>\u0110\u1ed1i v\u1edbi m\u1ed7i gia \u0111\u00ecnh Vi\u1ec7t Nam h\u0169 g\u1ea1o kh\u00f4ng ch\u1ec9 c\u00f3 ch\u1ee9c n\u0103ng l\u01b0u tr\u1eef m\u00e0 c\u00f2n c\u00f3 t\u00e1c d\u1ee5ng phong thu\u1ef7 v\u00f4 c\u00f9ng to l\u1edbn. \u0110\u1eb7t h\u0169 g\u1ea1o \u0111\u00fang phong thu\u1ef7 s\u1ebd mang l\u1ea1i t\u00e0i l\u1ed9c v\u00e0 may m\u1eafn cho gia ch\u1ee7.<\/p>\n<p>\u0110\u1ec3 t\u00e0i v\u1eadn gia \u0111\u00ecnh lu\u00f4n \u0111\u01b0\u1ee3c hanh th\u00f4ng, gia \u0111\u00ecnh lu\u00f4n y\u00ean \u1ea5m, h\u1ea1nh ph\u00fac khi \u0111\u1eb7t h\u0169 g\u1ea1o b\u1ea1n c\u1ea7n ph\u1ea3i l\u01b0u \u00fd nh\u1eefng v\u1ea5n \u0111\u1ec1 sau:<\/p>\n<p><strong><em>Kh\u00f4ng \u0111\u1eb7t h\u0169 g\u1ea1o h\u01b0\u1edbng \u0110\u00f4ng v\u00e0 h\u01b0\u1edbng \u0110\u00f4ng Nam<\/em><\/strong><\/p>\n<p>Phong thu\u1ef7 cho r\u1eb1ng, h\u0169 g\u1ea1o thu\u1ed9c th\u1ed5 n\u00ean kho g\u1ea1o hay h\u0169 g\u1ea1o \u0111\u1eb7t \u1edf ph\u01b0\u01a1ng v\u1ecb th\u1ed5 l\u00e0 t\u1ed1t nh\u1ea5t b\u1edfi v\u00ec g\u1ea1o l\u00e0 s\u1ea3n ph\u1ea9m t\u1eeb th\u00f3c l\u00faa, \u0111\u01b0\u1ee3c tr\u1ed3ng t\u1eeb \u0111\u1ea5t.<\/p>\n<p>Tuy\u1ec7t \u0111\u1ed1i kh\u00f4ng \u0111\u1eb7t h\u0169 g\u1ea1o \u1edf h\u01b0\u1edbng m\u1ed9c v\u00ec m\u1ed9c kh\u1eafc th\u1ed5, n\u1ebfu \u0111\u1eb7t h\u0169 g\u1ea1o \u1edf h\u01b0\u1edbng m\u1ed9c th\u00ec kinh t\u1ebf trong nh\u00e0 s\u1ebd b\u1ecb gi\u1ea3m s\u00fat n\u1eb7ng n\u1ec1. Khi l\u00e0m \u0103n m\u00e0 th\u1ea5y k\u00e9m l\u1ee3i nhu\u1eadn, b\u1ea1n c\u0169ng n\u00ean \u0111\u1ec3 \u00fd h\u01b0\u1edbng \u0111\u1eb7t h\u0169 g\u1ea1o trong nh\u00e0. H\u01b0\u1edbng T\u00e2y hay \u0110\u00f4ng B\u1eafc l\u00e0 th\u00edch h\u1ee3p nh\u1ea5t \u0111\u1ec3 \u0111\u1eb7t h\u0169 g\u1ea1o v\u00ec \u0111\u00e2y l\u00e0 h\u01b0\u1edbng c\u1ee7a h\u00e0nh Th\u1ed5. H\u01b0\u1edbng \u0110\u00f4ng v\u00e0 h\u01b0\u1edbng \u0110\u00f4ng Nam l\u00e0 h\u01b0\u1edbng c\u1ee7a h\u00e0nh m\u1ed9c n\u00ean kh\u00f4ng n\u00ean \u0111\u1eb7t h\u0169 g\u1ea1o \u1edf \u0111\u00f3.<\/p>\n<p><strong><em>\u0110\u1ec3 h\u0169 g\u1ea1o n\u01a1i k\u00edn \u0111\u00e1o<\/em><\/strong><\/p>\n<p>Theo t\u1eadp qu\u00e1n truy\u1ec1n th\u1ed1ng c\u1ee7a ng\u01b0\u1eddi \u00c1 \u0110\u00f4ng th\u00ec h\u0169 g\u1ea1o c\u0169ng gi\u1ed1ng nh\u01b0 kho c\u1ee7a c\u1ea3i c\u1ee7a gia \u0111\u00ecnh. Ch\u00ednh v\u00ec v\u1eady, h\u0169 g\u1ea1o n\u00ean \u0111\u01b0\u1ee3c c\u1ea5t gi\u1eef \u1edf ch\u1ed7 k\u00edn \u0111\u00e1o tr\u00e1nh \u0111\u1ec3 ng\u01b0\u1eddi ngo\u00e0i nh\u00ecn th\u1ea5y h\u0169 g\u1ea1o nh\u00e0 b\u1ea1n khi \u0111i t\u1eeb c\u1eeda v\u00e0o. H\u00e3y \u0111\u1eb7t h\u0169 g\u1ea1o trong b\u1ebfp \u1edf g\u00f3c khu\u1ea5t l\u00e0 t\u1ed1t nh\u1ea5t.<\/p>\n<p><strong><em>Kh\u00f4ng d\u00f9ng th\u00f9ng nh\u1ef1a \u0111\u1ec3 \u0111\u1ef1ng g\u1ea1o<\/em><\/strong><\/p>\n<p>Phong thu\u1ef7 h\u1ecdc cho r\u1eb1ng \u0111\u1ef1ng g\u1ea1o trong th\u00f9ng nh\u1ef1a v\u1ec1 l\u00e2u d\u00e0i kh\u00f4ng t\u1ed1t v\u1ec1 m\u1eb7t s\u1ee9c kho\u1ebb \u0111\u1ed3ng th\u1eddi c\u0169ng kh\u00f4ng mang l\u1ea1i may m\u1eafn cho gia ch\u1ee7. Thay v\u00e0o \u0111\u00f3 h\u00e3y d\u00f9ng th\u00f9ng b\u1eb1ng g\u1ed1m s\u1ee9 ho\u1eb7c \u0111\u1ea5t s\u00e9t \u0111\u1ec3 \u0111\u1ef1ng g\u1ea1o v\u00ec n\u0103ng l\u01b0\u1ee3ng th\u1ed5 r\u1ea5t m\u1ea1nh v\u00e0 b\u1ec1n v\u1eefng mang nhi\u1ec1u may m\u1eafn cho gia ch\u1ee7. Nhi\u1ec1u ng\u01b0\u1eddi th\u00edch \u0111\u1ef1ng g\u1ea1o trong th\u00f9ng g\u1ed7 v\u00e0 nh\u01b0 th\u1ebf c\u0169ng r\u1ea5t t\u1ed1t.<\/p>\n<p><strong><em>\u0110\u1eebng bao gi\u1edd \u0111\u1ec3 h\u0169 g\u1ea1o tr\u1ed1ng r\u1ed7ng<\/em><\/strong><\/p>\n<p>N\u00ean nh\u1edb r\u1eb1ng trong phong thu\u1ef7 v\u1eadt ch\u1ee9a \u0111\u1ef1ng kh\u00f4ng bao gi\u1edd \u0111\u01b0\u1ee3c \u0111\u1ec3 tr\u1ed1ng r\u1ed7ng. Th\u00f9ng g\u1ea1o trong nh\u00e0 c\u0169ng v\u1eady, kh\u00f4ng c\u00f3 g\u00ec k\u00e9m may m\u1eafn b\u1eb1ng \u0111\u1ec3 h\u0169 g\u1ea1o tr\u1ed1ng r\u1ed7ng, n\u00ean \u0111\u1ed5 \u0111\u1ea7y khi h\u0169 g\u1ea1o v\u01a1i c\u00f2n ph\u00e2n n\u1eeda.<\/p>\n<p><strong><em>H\u0169 g\u1ea1o c\u1ea7n \u0111\u01b0\u1ee3c \u0111\u1eady k\u00edn v\u00e0 k\u00ea cao<\/em><\/strong><\/p>\n<p>Lu\u00f4n \u0111\u1eady n\u1eafp h\u0169 g\u1ea1o kh\u00f4ng nh\u1eefng tr\u00e1nh \u0111\u01b0\u1ee3c chu\u1ed9t, gi\u00e1n, b\u1ee5i b\u1ea9n m\u00e0 c\u00f2n gi\u00fap t\u00e0i l\u1ed9c c\u1ee7a gia \u0111\u00ecnh b\u1ea1n \u0111\u01b0\u1ee3c b\u1ea3o v\u1ec7. Kh\u00f4ng \u0111\u1ec3 n\u01b0\u1edbc nh\u1ecf gi\u1ecdt ho\u1eb7c th\u1ea5m v\u00e0o h\u0169 g\u1ea1o. \u0110i\u1ec1u n\u00e0y l\u00e0m g\u1ea1o b\u1ecb m\u1ed1c kh\u00f4ng t\u1ed1t cho s\u1ee9c kho\u1ebb gia \u0111\u00ecnh.<\/p>\n<p>Ngo\u00e0i ra, b\u1ea1n c\u0169ng n\u00ean\u00a0<strong><em>\u0111\u1eb7t m\u1ed9t bao l\u00ec x\u00ec c\u00f3 ti\u1ec1n th\u1eadt d\u01b0\u1edbi \u0111\u00e1y h\u0169 g\u1ea1o <\/em><\/strong>ho\u1eb7c \u0111\u1eb7t bi\u1ec3u t\u01b0\u1ee3ng trang tr\u00ed v\u00e0ng tr\u00ean gi\u1ea5y \u0111\u1ecf v\u00e0 b\u1ecf v\u00e0o h\u0169 g\u1ea1o. Lu\u00f4n ph\u1ee7 l\u00ean tr\u00ean v\u1edbi m\u1ed9t t\u1ea5m v\u1ea3i m\u00e0u \u0111\u1ecf th\u1eafm v\u00e0o \u0111\u1ea7u n\u0103m \u00e2m l\u1ecbch. \u0110i\u1ec1u n\u00e0y c\u00f3 ngh\u0129a l\u00e0 v\u1eadn may trong gia \u0111\u00ecnh b\u1ea1n lu\u00f4n gia t\u0103ng v\u00e0 kh\u00f4ng bao gi\u1edd suy gi\u1ea3m.<\/p>\n<p>Kh\u00f4ng c\u00f3 m\u1ed9t ti\u00eau ch\u00ed nh\u1ea5t \u0111\u1ecbnh v\u1ec1 h\u00ecnh d\u1ea1ng c\u1ee7a h\u0169 g\u1ea1o, tuy nhi\u00ean, <strong><em>h\u0169 g\u1ea1o s\u00e2u v\u1eabn \u0111\u01b0\u1ee3c cho l\u00e0 t\u1ed1t h\u01a1n h\u0169 g\u1ea1o n\u00f4ng v\u00ec h\u0169 g\u1ea1o<\/em><\/strong>\u00a0s\u00e2u t\u01b0\u1ee3ng tr\u01b0ng cho s\u1ef1 gi\u00e0u c\u00f3 no \u0111\u1ee7.<\/p>\n<p><strong><em>\u0110\u1eebng \u0111\u1ec3 b\u1ea5t c\u1ee9 ai \u0111\u1ed5 s\u1ea1ch h\u0169 g\u1ea1o<\/em><\/strong>\u00a0c\u1ee7a b\u1ea1n v\u00ec \u0111i\u1ec1u n\u00e0y \u0111\u01b0\u1ee3c xem l\u00e0 t\u1ec7 h\u1ea1i nh\u1ea5t v\u1ec1 phong thu\u1ef7. Ngo\u00e0i ra, kh\u00f4ng n\u00ean \u0111\u1ec3 n\u1ed3i c\u01a1m \u0111\u1ed5 ho\u1eb7c l\u1eadt \u00fap, v\u00ec \u0111\u00f3 l\u00e0 \u0111i\u1ec1u x\u1ea5u. H\u00e3y \u0111\u1eb7t h\u0169 g\u1ea1o v\u00e0 n\u1ed3i c\u01a1m ngay ng\u1eafn tr\u00ean b\u1ec1 m\u1eb7t v\u1eefng ch\u1eafc.<\/p>\n","protected":false},"excerpt":{"rendered":"<p>Sau m\u1ed9t th\u1eddi gian S\u1ea3n xu\u1ea5t\u00a0<strong>H\u0169 S\u00e0nh \u0111\u1ef1ng g\u1ea1o <\/strong>\u0111\u01b0\u1ee3c th\u1ecb tr\u01b0\u1eddng \u0111\u00f3n nh\u1eadn n\u1ed3ng nhi\u1ec7t. C\u00f4ng ty G\u1ed1m S\u1ee9 B\u1ea3o Kh\u00e1nh ti\u1ebfp t\u1ee5c cho ra m\u1eaft d\u00f2ng s\u1ea3n ph\u1ea9m <strong>H\u0169 S\u00e0nh \u0110\u1ef1ng G\u1ea1o Ph\u00fac L\u1ed9c \u0111\u1eafp n\u1ed5i 15 kg<\/strong>. V\u1edbi \u0111\u1eb7c t\u00ednh n\u1ed5i tr\u1ed9i c\u1ee7a ch\u1ea5t li\u1ec7u S\u00e0nh B\u1ea3o Kh\u00e1nh B\u00e1t Tr\u00e0ng.<\/p>\n","protected":false},"featured_media":1018,"comment_status":"open","ping_status":"closed","template":"","meta":[],"product_cat":[45,92],"product_tag":[],"_links":{"self":[{"href":"https:\/\/congtyphannguyen.com\/w\/gom\/wp-json\/wp\/v2\/product\/569"}],"collection":[{"href":"https:\/\/congtyphannguyen.com\/w\/gom\/wp-json\/wp\/v2\/product"}],"about":[{"href":"https:\/\/congtyphannguyen.com\/w\/gom\/wp-json\/wp\/v2\/types\/product"}],"replies":[{"embeddable":true,"href":"https:\/\/congtyphannguyen.com\/w\/gom\/wp-json\/wp\/v2\/comments?post=569"}],"wp:featuredmedia":[{"embeddable":true,"href":"https:\/\/congtyphannguyen.com\/w\/gom\/wp-json\/wp\/v2\/media\/1018"}],"wp:attachment":[{"href":"https:\/\/congtyphannguyen.com\/w\/gom\/wp-json\/wp\/v2\/media?parent=569"}],"wp:term":[{"taxonomy":"product_cat","embeddable":true,"href":"https:\/\/congtyphannguyen.com\/w\/gom\/wp-json\/wp\/v2\/product_cat?post=569"},{"taxonomy":"product_tag","embeddable":true,"href":"https:\/\/congtyphannguyen.com\/w\/gom\/wp-json\/wp\/v2\/product_tag?post=569"}],"curies":[{"name":"wp","href":"https:\/\/api.w.org\/{rel}","templated":true}]}}