{"id":571,"date":"2017-10-19T03:15:11","date_gmt":"2017-10-18T20:15:11","guid":{"rendered":"https:\/\/bizhostvn.com\/w\/gom\/?post_type=product&#038;p=571"},"modified":"2017-11-21T15:01:40","modified_gmt":"2017-11-21T08:01:40","slug":"bo-am-chen-minh-long-men-ran-boc-dong-va-4-phu-kien","status":"publish","type":"product","link":"https:\/\/congtyphannguyen.com\/w\/gom\/product\/bo-am-chen-minh-long-men-ran-boc-dong-va-4-phu-kien\/","title":{"rendered":"B\u1ed9 \u1ea5m ch\u00e9n Minh Long men r\u1ea1n b\u1ecdc \u0111\u1ed3ng v\u00e0 4 ph\u1ee5 ki\u1ec7n"},"content":{"rendered":"<p>B\u1ed9 \u1ea5m ch\u00e9n Minh Long men r\u1ea1n b\u1ecdc \u0111\u1ed3ng v\u00e0 4 ph\u1ee5 ki\u1ec7n\u00a0\u0111\u01b0\u1ee3c t\u1ea1o n\u00ean t\u1eeb nh\u1eefng b\u00e0n tay kh\u00e9o l\u00e9o c\u1ee7a nh\u1eefng ng\u01b0\u1eddi th\u1ee3 g\u1ed1m B\u00e1t Tr\u00e0ng.\u00a0B\u1ed9 \u1ea5m ch\u00e9n men r\u1ea1n b\u1ecdc \u0111\u1ed3ng \u0111\u1ec1u\u00a0\u0111\u01b0\u1ee3c l\u00e0m b\u1eb1ng lo\u1ea1i\u00a0\u0111\u1ea5t s\u00e9t cao c\u1ea5p t\u1ea1o n\u00ean x\u01b0\u01a1ng g\u1ed1m c\u1ee9ng ch\u1eafc v\u00e0 b\u00ean ngo\u00e0i \u0111\u01b0\u1ee3c ph\u1ee7 m\u1ed9t l\u1edbp\u00a0<em>men r\u1ea1n<\/em> c\u1ed5 \u0111\u1eb7c tr\u01b0ng c\u1ee7a l\u00e0ng g\u1ed1m c\u1ed5 truy\u1ec1n B\u00e1t Tr\u00e0ng m\u00e0 kh\u00f4ng n\u01a1i n\u00e0o c\u00f3 t\u1ea1o n\u00ean n\u00e9t ri\u00eang bi\u1ec7t c\u1ee7a g\u1ed1m s\u1ee9 men r\u1ea1n c\u1ed5 B\u00e1t Tr\u00e0ng. S\u1ef1 k\u1ebft h\u1ee3p h\u00e0i h\u00f2a gi\u1eefa <span class=\"st\">nh\u1eefng h\u1ecda ti\u1ebft b\u1eb1ng \u0111\u1ed3ng v\u1edbi b\u1ed9\u00a0\u1ea5m ch\u00e9n \u0111\u00e3 t\u1ea1o n\u00ean m\u1ed9t b\u1ed9 \u1ea5m ch\u00e9n gi\u1ea3 c\u1ed5 <em>b\u1ecdc \u0111\u1ed3ng\u00a0<\/em>tuy\u1ec7t \u0111\u1eb9p c\u1ee7a <em>g\u1ed1m s\u1ee9<\/em> B\u00e1t Tr\u00e0ng.<\/span><\/p>\n<p>Kh\u00e1ch h\u00e0ng ho\u00e0n to\u00e0n h\u00e0i l\u00f2ng v\u00e0 y\u00ean t\u00e2m s\u1eed d\u1ee5ng B\u1ed9 \u1ea5m ch\u00e9n G\u1ed1m s\u1ee9 B\u00e1t Tr\u00e0ng b\u1edfi:<\/p>\n<p>&#8211; S\u1ea3n ph\u1ea9m kh\u00f4ng ch\u1ee9a c\u00e1c ch\u1ea5t g\u00e2y h\u1ea1i cho s\u1ee9c kh\u1ecfe ng\u01b0\u1eddi ti\u00eau d\u00f9ng.<\/p>\n<p>&#8211; M\u00e0u men kh\u00f4ng phai, kh\u00f4ng ng\u1ea3 m\u00e0u<\/p>\n<p>&#8211; Hoa v\u0103n ch\u00ecm tr\u1ef1c ti\u1ebfp tr\u00ean s\u1ea3n ph\u1ea9m, kh\u00f4ng b\u1ecb tr\u1ea7y, kh\u00f4ng b\u1ecb tr\u00f3c, b\u1ec1n \u0111\u1eb9p theo th\u1eddi gian.\u200b<\/p>\n<p>&#8211; Thi\u1ebft k\u1ebf sang tr\u1ecdng, m\u00e0u s\u1eafc trang nh\u00e3, hoa v\u0103n tinh x\u1ea3o.<\/p>\n<p>&#8211; S\u1ea3n ph\u1ea9m ch\u1ea5t l\u01b0\u1ee3ng, \u0111\u1ed9 b\u1ec1n cao, kh\u00f3 b\u1ec3 m\u1ebb khi va ch\u1ea1m.<\/p>\n<p>&#8211; Kh\u1ea3 n\u0103ng ch\u1ecbu s\u1ed1c nhi\u1ec7t cao, t\u1eeb 200 \u0111\u1ed9 C sang d\u01b0\u1edbi 0 \u0111\u1ed9 C.<\/p>\n<p>&#8211; Kh\u00f4ng b\u00e1m b\u1ea9n, d\u1ec5 ch\u00f9i r\u1eeda.<\/p>\n<p><strong>B\u1ed9 s\u1ea3n ph\u1ea9m g\u1ed3m<\/strong>:<\/p>\n<p>&#8211; 1 \u1ea4m<\/p>\n<p>&#8211; 6 ch\u00e9n<\/p>\n<p>&#8211; 1 \u0111\u0129a \u1ea5m<\/p>\n<p>&#8211; 6 \u0111\u0129a k\u00ea ch\u00e9n<\/p>\n<p>&#8211; 1 qu\u1ea3 B\u00ed \u0111\u1ee5ng n\u01b0\u1edbc tr\u00e1ng tr\u00e0<\/p>\n<p>&#8211; 1 N\u1eadm r\u01b0\u1ee3u<\/p>\n<p>&#8211; 1 G\u1ea1t t\u00e0n thu\u1ed1c l\u00e1<\/p>\n<p>&#8211; 1 L\u1ecd \u0111\u1ef1ng tr\u00e0 kh\u00f4<\/p>\n<p>&nbsp;<\/p>\n<table border=\"0\" align=\"center\">\n<tbody>\n<tr>\n<td colspan=\"3\"><strong>TH\u00d4NG TIN CHI TI\u1ebeT S\u1ea2N PH\u1ea8M<\/p>\n<p><\/strong><\/td>\n<\/tr>\n<tr>\n<td><\/td>\n<td><\/td>\n<td><\/td>\n<\/tr>\n<tr>\n<td><strong>Lo\u1ea1i men<\/strong><\/td>\n<td><\/td>\n<td><strong>Men r\u1ea1n<\/p>\n<p><\/strong><\/td>\n<\/tr>\n<tr>\n<td><strong>Hoa v\u0103n<\/strong><\/td>\n<td><\/td>\n<td><strong>Phong c\u1ea3nh<\/strong><\/td>\n<\/tr>\n<tr>\n<td colspan=\"3\"><strong>QUY C\u00c1CH S\u1ea2N PH\u1ea8M<\/p>\n<p><\/strong><\/td>\n<\/tr>\n<tr>\n<td><strong>Ch\u00e9n<\/strong><\/td>\n<td><\/td>\n<td><strong>Cao: 4 cm<\/strong><\/td>\n<\/tr>\n<tr>\n<td><\/td>\n<td><\/td>\n<td><strong>\u0110\u01b0\u1eddng k\u00ednh: 6 cm<\/strong><\/td>\n<\/tr>\n<tr>\n<td><strong>\u0110\u0129a ch\u00e9n<\/p>\n<p><\/strong><\/td>\n<td><\/td>\n<td><strong>Vu\u00f4ng: 10,5 cm<\/strong><\/td>\n<\/tr>\n<tr>\n<td><strong>\u1ea4m<\/strong><\/td>\n<td><\/td>\n<td><strong>Cao: 12,5 cm<\/strong><\/td>\n<\/tr>\n<tr>\n<td><\/td>\n<td><\/td>\n<td><strong>\u0110\u01b0\u1eddng k\u00ednh: 10 cm<\/strong><\/td>\n<\/tr>\n<tr>\n<td><strong>\u0110\u0129a \u1ea5m<\/strong><\/td>\n<td><\/td>\n<td><strong>13 cm<\/strong><\/td>\n<\/tr>\n<tr>\n<td><strong>\u0110\u0129a ch\u00e9n<\/strong><\/td>\n<td><\/td>\n<td><strong>10,5 cm<\/strong><\/td>\n<\/tr>\n<tr>\n<td><strong>\u1ed0ng t\u0103m<\/strong><\/td>\n<td><\/td>\n<td><strong>\u00a0Cao: 9 cm<\/strong><\/td>\n<\/tr>\n<tr>\n<td><strong>G\u1ea1t t\u00e0n<\/strong><\/td>\n<td><\/td>\n<td><strong>Cao: 7 cm<\/strong><\/td>\n<\/tr>\n<tr>\n<td><\/td>\n<td><\/td>\n<td><strong>\u0110\u01b0\u1eddng k\u00ednh; 10 cm<\/strong><\/td>\n<\/tr>\n<tr>\n<td><strong>Qu\u1ea3 B\u00ed<\/strong><\/td>\n<td><\/td>\n<td><strong>Cao: 11,5 cm<\/strong><\/td>\n<\/tr>\n<tr>\n<td><\/td>\n<td><\/td>\n<td><strong>\u0110\u01b0\u1eddng k\u00ednh: 13 cm<\/strong><\/td>\n<\/tr>\n<tr>\n<td><strong>N\u1eadm R\u01b0\u1ee3u<\/strong><\/td>\n<td><\/td>\n<td><strong>Cao: 19 cm<\/strong><\/td>\n<\/tr>\n<tr>\n<td><\/td>\n<td><\/td>\n<td><strong>\u0110\u01b0\u1eddng k\u00ednh: 8,5 cm<\/strong><\/td>\n<\/tr>\n<\/tbody>\n<\/table>\n<p>&nbsp;<\/p>\n<p><strong>LI\u00caN H\u1ec6 \u0110\u1eb6T H\u00c0NG:\u00a0 Mr H\u00f2a : 0906 193 198\u00a0 &#8211; 0901 500 333\u00a0 Email: sales@chogombattrang.vn<\/strong><\/p>\n","protected":false},"excerpt":{"rendered":"<p>&#8211; S\u1ea3n ph\u1ea9m kh\u00f4ng ch\u1ee9a c\u00e1c ch\u1ea5t g\u00e2y h\u1ea1i cho s\u1ee9c kh\u1ecfe ng\u01b0\u1eddi ti\u00eau d\u00f9ng.<\/p>\n<p>&#8211; M\u00e0u men kh\u00f4ng phai, kh\u00f4ng ng\u1ea3 m\u00e0u<\/p>\n<p>&#8211; Hoa v\u0103n ch\u00ecm tr\u1ef1c ti\u1ebfp tr\u00ean s\u1ea3n ph\u1ea9m, kh\u00f4ng b\u1ecb tr\u1ea7y, kh\u00f4ng b\u1ecb tr\u00f3c, b\u1ec1n \u0111\u1eb9p theo th\u1eddi gian.\u200b<\/p>\n<p>&#8211; Thi\u1ebft k\u1ebf sang tr\u1ecdng, m\u00e0u s\u1eafc trang nh\u00e3, hoa v\u0103n tinh x\u1ea3o.<\/p>\n<p>&#8211; S\u1ea3n ph\u1ea9m ch\u1ea5t l\u01b0\u1ee3ng, \u0111\u1ed9 b\u1ec1n cao, kh\u00f3 b\u1ec3 m\u1ebb khi va ch\u1ea1m.<\/p>\n","protected":false},"featured_media":1037,"comment_status":"open","ping_status":"closed","template":"","meta":[],"product_cat":[18,28,29],"product_tag":[],"_links":{"self":[{"href":"https:\/\/congtyphannguyen.com\/w\/gom\/wp-json\/wp\/v2\/product\/571"}],"collection":[{"href":"https:\/\/congtyphannguyen.com\/w\/gom\/wp-json\/wp\/v2\/product"}],"about":[{"href":"https:\/\/congtyphannguyen.com\/w\/gom\/wp-json\/wp\/v2\/types\/product"}],"replies":[{"embeddable":true,"href":"https:\/\/congtyphannguyen.com\/w\/gom\/wp-json\/wp\/v2\/comments?post=571"}],"wp:featuredmedia":[{"embeddable":true,"href":"https:\/\/congtyphannguyen.com\/w\/gom\/wp-json\/wp\/v2\/media\/1037"}],"wp:attachment":[{"href":"https:\/\/congtyphannguyen.com\/w\/gom\/wp-json\/wp\/v2\/media?parent=571"}],"wp:term":[{"taxonomy":"product_cat","embeddable":true,"href":"https:\/\/congtyphannguyen.com\/w\/gom\/wp-json\/wp\/v2\/product_cat?post=571"},{"taxonomy":"product_tag","embeddable":true,"href":"https:\/\/congtyphannguyen.com\/w\/gom\/wp-json\/wp\/v2\/product_tag?post=571"}],"curies":[{"name":"wp","href":"https:\/\/api.w.org\/{rel}","templated":true}]}}