{"id":575,"date":"2017-10-19T03:17:59","date_gmt":"2017-10-18T20:17:59","guid":{"rendered":"https:\/\/bizhostvn.com\/w\/gom\/?post_type=product&#038;p=575"},"modified":"2017-11-21T14:41:33","modified_gmt":"2017-11-21T07:41:33","slug":"bo-am-chen-tu-sa-bat-trang","status":"publish","type":"product","link":"https:\/\/congtyphannguyen.com\/w\/gom\/product\/bo-am-chen-tu-sa-bat-trang\/","title":{"rendered":"B\u1ed9 \u1ea5m ch\u00e9n t\u1eed sa B\u00e1t Tr\u00e0ng (B\u1ed9 Li\u00ean Hoa)"},"content":{"rendered":"<p>B\u1ed9 \u1ea5m ch\u00e9n t\u1eed sa B\u00e1t Tr\u00e0ng (B\u1ed9 Li\u00ean Hoa) \u0111\u01b0\u1ee3c l\u00e0m t\u1eeb ch\u1ea5t li\u1ec7u g\u1ed1m \u0111\u1ea5t \u0111\u1ecf m\u1ed9t lo\u1ea1i \u0111\u1ea5t \u0111\u1eb7c tr\u01b0ng c\u1ee7a B\u00e1t Tr\u00e0ng. M\u1ed7i b\u1ed9 \u1ea5m ch\u00e9n g\u1ed1m t\u1eed sa mang tr\u00ean m\u00ecnh nh\u1eefng n\u00e9t tinh t\u00fay ri\u00eang. B\u00ean trong m\u1ed7i b\u1ed9 \u0111\u1ec1u \u0111\u01b0\u1ee3c tr\u00e1ng m\u1ed9t l\u1edbp men \u0111\u1eb7c tr\u01b0ng m\u00e0 kh\u00f4ng n\u01a1i n\u00e0o c\u00f3 t\u1ea1o n\u00ean v\u1ebb \u0111\u1eb9p tinh t\u1ebf c\u1ee7a b\u1ed9 b\u00ecnh tr\u00e0. Khi pha tr\u00e0 v\u00e0o ch\u00e9n ta s\u1ebd th\u1ea5y \u0111\u01b0\u1ee3c s\u1ef1 k\u1ebft h\u1ee3p r\u1ea5t \u0103n \u00fd gi\u1eefa m\u00e0u men g\u1ed1m c\u1ee7a g\u1ed1m v\u00e0 m\u00e0u xanh c\u1ee7a tr\u00e0 ch\u00ednh s\u1ef1 h\u00f2a qu\u1ec7n n\u00e0y \u0111\u00e3 t\u1ea1o n\u00ean phong c\u00e1ch tr\u00e0 \u0111\u1ea1o truy\u1ec1n th\u1ed1ng Vi\u1ec7t Nam. Ng\u00e0y nay b\u1ed9 \u1ea5m ch\u00e9n t\u1eed sa r\u1ea5t \u0111\u01b0\u1ee3c nhi\u1ec1u ng\u01b0\u1eddi \u01b0a chu\u1ed9ng v\u00ec v\u1ebb \u0111\u1eb9p tinh t\u1ebf to\u00e1t ra t\u1eeb b\u1ed9 b\u00ecnh tr\u00e0.<\/p>\n<p>Hoa v\u0103n \u0111\u01a1n gi\u1ea3n v\u1ebd tay ho\u1eb7c \u0111\u1eafp n\u1ed5i tr\u00ean n\u1ec1n g\u1ed1m \u0111\u1ea5t \u0111\u1ecf, v\u00ec th\u1ebf \u1ea5m ch\u00e9n g\u1ed1m t\u1eed sa ph\u00f9 h\u1ee3p v\u1edbi vi\u1ec7c tr\u01b0ng b\u00e0y trong kh\u00e1ch ( tr\u00ean b\u00e0n g\u1ed7, b\u00e0n k\u00ednh ) ho\u1eb7c d\u00f9ng \u1edf s\u00e2n v\u01b0\u1eddn, ph\u00f9 h\u1ee3p v\u1edbi c\u1ea3 nh\u1eefng ng\u00f4i nh\u00e0 c\u1ed5 v\u00e0 s\u1ef1 h\u00f2a qu\u1ec7n gi\u1eefa c\u1ed5 \u0111i\u1ec3n v\u00e0 hi\u1ec7n \u0111\u1ea1i trong nh\u1eefng c\u0103n nh\u00e0 m\u1edbi\u2026 \u0110\u1eb7c bi\u1ec7t b\u1ed9 \u1ea5m ch\u00e9n g\u1ed1m t\u1eed sa c\u00f3 \u01b0u \u0111i\u1ec3m kh\u00f4ng b\u00e1m n\u01b0\u1edbc ch\u00e8.<\/p>\n<p>M\u1ed7i l\u1ea7n s\u1eed d\u1ee5ng ch\u1ec9 c\u1ea7n tr\u00e1ng n\u01b0\u1edbc n\u00f2ng m\u00e0 kh\u00f4ng c\u1ea7n r\u1eeda b\u1ec1 m\u1eb7t l\u1ea1i tr\u1edf n\u00ean nh\u1eb5n b\u00f3ng, s\u1ea1ch s\u1ebd. Ki\u1ec3u d\u00e1ng thi\u1ebft k\u1ebf c\u0169ng \u0111\u1ed9c \u0111\u00e1o v\u00e0 l\u1ea1 m\u1eaft m\u1ed7i b\u1ed9 \u1ea5m ch\u00e9n l\u00e0 m\u1ed9t th\u1ec3 lo\u1ea1i ki\u1ec3u d\u00e1ng kh\u00e1c nhau.<\/p>\n<p>M\u1ed9t b\u1ed9 s\u1ea3n ph\u1ea9m g\u1ed3m:1 \u1ea4m, 6 ch\u00e9n, 1 \u0111\u0129a \u1ea5m, 6 \u0111\u0129a ch\u00e9n, 1 khay g\u1ed7. Ngo\u00e0i ra qu\u00fd v\u1ecb c\u00f3 th\u1ec3 \u0111\u1eb7t th\u00eam 1 \u1ed1ng \u0111\u1ef1ng t\u0103m, 1 b\u00ecnh tr\u00e1ng tr\u00e0, 1 b\u00ecnh \u0111\u1ef1ng tr\u00e0 kh\u00f4, 1 g\u1ea1t t\u00e0n thu\u1ed1c l\u00e1 v\u00e0 mua th\u00eam khay g\u1ed7 v\u1edbi nhi\u1ec1u ki\u1ec3u d\u00e1ng v\u00e0 k\u00edch c\u1ee1 kh\u00e1c nhau.<\/p>\n<p>Ngo\u00e0i ra ch\u00fang t\u00f4i nh\u1eadn in logo l\u00ean \u1ea5m ch\u00e9n g\u1ed1m T\u1eed sa v\u1edbi nhi\u00ea\u0300u ma\u0300u s\u0103\u0301c, bi\u1ebfn m\u1ed1i s\u1ea3n ph\u1ea9m th\u00e0nh m\u1ed9t t\u1eb7ng ph\u1ea9m v\u00f4 gi\u00e1 nh\u00e2n c\u00e1c h\u1ed9i ngh\u1ecb, ng\u00e0y l\u1ec5 t\u1ebft, ng\u00e0y k\u1ec9 ni\u1ec7m&#8230;<\/p>\n<p><strong>\u0110\u00f3ng g\u00f3i:<\/strong> \u0110\u00f3ng g\u00f3i v\u00e0 giao h\u00e0ng t\u1ea1i B\u00e1t Tr\u00e0ng<\/p>\n<p><strong>V\u1eadn chuy\u1ec3n:<\/strong> H\u1ed7 tr\u1ee3 ph\u01b0\u01a1ng ti\u1ec7n v\u1eadn chuy\u1ec3n (chi ph\u00ed kh\u00e1ch h\u00e0ng thanh to\u00e1n)<\/p>\n<p><strong>LI\u00caN H\u1ec6 \u0110\u1eb6T H\u00c0NG:<\/strong>\u00a0 Mr H\u00f2a : 0906 193 198 &#8211; 0901 500 333\u00a0 &#8211;\u00a0 Email: sales@chogombattrang.vn<\/p>\n","protected":false},"excerpt":{"rendered":"<p>Hoa v\u0103n \u0111\u01a1n gi\u1ea3n v\u1ebd tay ho\u1eb7c \u0111\u1eafp n\u1ed5i tr\u00ean n\u1ec1n g\u1ed1m \u0111\u1ea5t \u0111\u1ecf, v\u00ec th\u1ebf \u1ea5m ch\u00e9n g\u1ed1m t\u1eed sa ph\u00f9 h\u1ee3p v\u1edbi vi\u1ec7c tr\u01b0ng b\u00e0y trong kh\u00e1ch ( tr\u00ean b\u00e0n g\u1ed7, b\u00e0n k\u00ednh ) ho\u1eb7c d\u00f9ng \u1edf s\u00e2n v\u01b0\u1eddn, ph\u00f9 h\u1ee3p v\u1edbi c\u1ea3 nh\u1eefng ng\u00f4i nh\u00e0 c\u1ed5 v\u00e0 s\u1ef1 h\u00f2a qu\u1ec7n gi\u1eefa c\u1ed5 \u0111i\u1ec3n v\u00e0 hi\u1ec7n \u0111\u1ea1i trong nh\u1eefng c\u0103n nh\u00e0 m\u1edbi\u2026<\/p>\n","protected":false},"featured_media":1027,"comment_status":"open","ping_status":"closed","template":"","meta":[],"product_cat":[18,31],"product_tag":[],"_links":{"self":[{"href":"https:\/\/congtyphannguyen.com\/w\/gom\/wp-json\/wp\/v2\/product\/575"}],"collection":[{"href":"https:\/\/congtyphannguyen.com\/w\/gom\/wp-json\/wp\/v2\/product"}],"about":[{"href":"https:\/\/congtyphannguyen.com\/w\/gom\/wp-json\/wp\/v2\/types\/product"}],"replies":[{"embeddable":true,"href":"https:\/\/congtyphannguyen.com\/w\/gom\/wp-json\/wp\/v2\/comments?post=575"}],"wp:featuredmedia":[{"embeddable":true,"href":"https:\/\/congtyphannguyen.com\/w\/gom\/wp-json\/wp\/v2\/media\/1027"}],"wp:attachment":[{"href":"https:\/\/congtyphannguyen.com\/w\/gom\/wp-json\/wp\/v2\/media?parent=575"}],"wp:term":[{"taxonomy":"product_cat","embeddable":true,"href":"https:\/\/congtyphannguyen.com\/w\/gom\/wp-json\/wp\/v2\/product_cat?post=575"},{"taxonomy":"product_tag","embeddable":true,"href":"https:\/\/congtyphannguyen.com\/w\/gom\/wp-json\/wp\/v2\/product_tag?post=575"}],"curies":[{"name":"wp","href":"https:\/\/api.w.org\/{rel}","templated":true}]}}