{"id":577,"date":"2017-10-19T03:19:16","date_gmt":"2017-10-18T20:19:16","guid":{"rendered":"https:\/\/bizhostvn.com\/w\/gom\/?post_type=product&#038;p=577"},"modified":"2017-11-21T14:39:07","modified_gmt":"2017-11-21T07:39:07","slug":"gach-thong-gio-vuong-chu-van-30cm","status":"publish","type":"product","link":"https:\/\/congtyphannguyen.com\/w\/gom\/product\/gach-thong-gio-vuong-chu-van-30cm\/","title":{"rendered":"G\u1ea1ch th\u00f4ng gi\u00f3 vu\u00f4ng ch\u1eef V\u1ea1n 30 cm"},"content":{"rendered":"<p>G\u1ea1ch th\u00f4ng gi\u00f3 ch\u1eef V\u1ea1n n\u00e0y \u0111\u01b0\u1ee3c l\u00e0m t\u1eeb g\u1ed1m \u0111\u1ea5t nung B\u00e1t Tr\u00e0ng, d\u00f9ng \u0111\u1ec3 x\u00e2y t\u01b0\u1eddng l\u1ea5y \u00e1nh s\u00e1ng, mang l\u1ea1i s\u1ef1 th\u00f4ng tho\u00e1ng cho ng\u00f4i nh\u00e0. Nhi\u1ec1u ng\u01b0\u1eddi bi\u1ebft \u0111\u1ebfn n\u00f3 l\u00e0 m\u1ed9t v\u1eadt li\u1ec7u x\u00e2y d\u1ef1ng \u0111\u01b0\u1ee3c t\u1ea1o n\u00ean d\u01b0\u1edbi quy tr\u00ecnh th\u1ee7 c\u00f4ng, n\u00f3 c\u00f3 s\u1ef1 h\u00ecnh th\u00e0nh v\u00e0 ph\u00e1t tri\u1ec3n t\u1eeb r\u1ea5t l\u00e2u \u0111\u1eddi v\u00e0 cho \u0111\u1ebfn nay v\u1eabn c\u00f2n \u0111\u01b0\u1ee3c \u01b0a chu\u1ed9ng.<\/p>\n<p>G\u1ea1ch th\u00f4ng gi\u00f3 (g\u1ea1ch \u00f4 tho\u00e1ng) n\u00f3 kh\u00f4ng ch\u1ec9 \u0111\u01a1n thu\u1ea7n l\u00e0 v\u1eadt li\u1ec7u x\u00e2y d\u1ef1ng \u0111\u01b0\u1ee3c s\u1eed d\u1ee5ng ph\u1ed5 bi\u1ebfn, g\u1ea1ch th\u00f4ng gi\u00f3 c\u00f2n \u0111em \u0111\u1ebfn nh\u1eefng gi\u00e1 tr\u1ecb th\u1ea9m m\u1ef9 \u0111\u1ed9c \u0111\u00e1o, g\u1ea7n g\u0169i v\u1edbi m\u00f4i tr\u01b0\u1eddng v\u00e0 ng\u01b0\u1eddi s\u1eed d\u1ee5ng. N\u00f3 c\u00f3 c\u00f4ng d\u1ee5ng l\u00e0m gi\u1ea3m s\u1ef1 b\u1ee9c b\u00ed c\u1ee7a c\u00e1c b\u1ee9c t\u01b0\u1eddng b\u1ecbt k\u00edn kh\u00f4ng gian v\u1edbi nh\u1eefng kh\u1ed1i g\u1ea1ch c\u1ee9ng nh\u1eafc, l\u1ed7i th\u1eddi.<\/p>\n<p>&nbsp;<\/p>\n<table border=\"0\" align=\"center\">\n<tbody>\n<tr>\n<td colspan=\"3\"><strong>TH\u00d4NG TIN CHI TI\u1ebeT S\u1ea2N PH\u1ea8M<\/p>\n<p><\/strong><\/td>\n<\/tr>\n<tr>\n<td><strong>M\u00e0u hoa v\u0103n<\/strong><\/td>\n<td><strong>\u00a0:<\/strong><\/td>\n<td><strong>Tr\u00e0m c\u1ed5<\/strong><\/td>\n<\/tr>\n<tr>\n<td><strong>Ch\u1ea5t li\u1ec7u<\/strong><\/td>\n<td><strong>\u00a0:<\/strong><\/td>\n<td><strong>\u00a0G\u1ed1m B\u00e1t Tr\u00e0ng<\/strong><\/td>\n<\/tr>\n<tr>\n<td colspan=\"3\"><strong>QUY C\u00c1CH S\u1ea2N PH\u1ea8M<\/p>\n<p><\/strong><\/td>\n<\/tr>\n<tr>\n<td><strong>Vu\u00f4ng<\/strong><\/td>\n<td>\u00a0:<\/td>\n<td><strong>30 cm<\/p>\n<p><\/strong><\/td>\n<\/tr>\n<tr>\n<td><strong>D\u00e0y<\/strong><\/td>\n<td><\/td>\n<td><strong>4 cm<\/strong><\/td>\n<\/tr>\n<\/tbody>\n<\/table>\n<p>C\u0169ng t\u01b0\u01a1ng t\u1ef1 nh\u01b0 c\u00e1c lo\u1ea1i g\u1ea1ch \u1ed1p t\u01b0\u1eddng kh\u00e1c, g\u1ea1ch th\u00f4ng gi\u00f3 ng\u00e0y c\u00e0ng \u0111a d\u1ea1ng h\u01a1n v\u00e0 n\u00f3 c\u00f3 c\u00f4ng d\u1ee5ng trong vi\u1ec7c n\u00e2ng cao ch\u1ea5t l\u01b0\u1ee3ng, \u0111\u00e1p \u1ee9ng nhu c\u1ea7u th\u1ecb hi\u1ebfu ng\u00e0y c\u00e0ng t\u0103ng c\u1ee7a th\u1ecb tr\u01b0\u1eddng. M\u1ed7i lo\u1ea1i g\u1ea1ch th\u00f4ng gi\u00f3 \u0111\u1ec1u mang m\u1ed9t m\u00e0u s\u1eafc, k\u00edch th\u01b0\u1edbc kh\u00e1c nhau, n\u00f3 tr\u1ea3i qua qu\u00e1 tr\u00ecnh nung l\u00f2 \u1edf nhi\u1ec7t \u0111\u1ed9 cao n\u00ean duy tr\u00ec \u0111\u01b0\u1ee3c \u0111\u1ed9 b\u1ec1n, ph\u00f9 h\u1ee3p v\u1edbi nhi\u1ec1u m\u1ee5c \u0111\u00edch nh\u01b0 trang tr\u00ed, th\u00f4ng gi\u00f3\u2026<\/p>\n<p>C\u0169ng t\u01b0\u01a1ng t\u1ef1 nh\u01b0 c\u00e1c lo\u1ea1i g\u1ea1ch \u1ed1p t\u01b0\u1eddng kh\u00e1c, g\u1ea1ch th\u00f4ng gi\u00f3 ng\u00e0y c\u00e0ng \u0111a d\u1ea1ng h\u01a1n v\u00e0 n\u00f3 c\u00f3 c\u00f4ng d\u1ee5ng trong vi\u1ec7c n\u00e2ng cao ch\u1ea5t l\u01b0\u1ee3ng, \u0111\u00e1p \u1ee9ng nhu c\u1ea7u th\u1ecb hi\u1ebfu ng\u00e0y c\u00e0ng t\u0103ng c\u1ee7a th\u1ecb tr\u01b0\u1eddng. M\u1ed7i lo\u1ea1i g\u1ea1ch th\u00f4ng gi\u00f3 \u0111\u1ec1u mang m\u1ed9t m\u00e0u s\u1eafc, k\u00edch th\u01b0\u1edbc kh\u00e1c nhau, n\u00f3 tr\u1ea3i qua qu\u00e1 tr\u00ecnh nung l\u00f2 \u1edf nhi\u1ec7t \u0111\u1ed9 cao n\u00ean duy tr\u00ec \u0111\u01b0\u1ee3c \u0111\u1ed9 b\u1ec1n, ph\u00f9 h\u1ee3p v\u1edbi nhi\u1ec1u m\u1ee5c \u0111\u00edch nh\u01b0 trang tr\u00ed, th\u00f4ng gi\u00f3\u2026<\/p>\n","protected":false},"excerpt":{"rendered":"<p>G\u1ea1ch th\u00f4ng gi\u00f3 ch\u1eef V\u1ea1n n\u00e0y \u0111\u01b0\u1ee3c l\u00e0m t\u1eeb g\u1ed1m \u0111\u1ea5t nung B\u00e1t Tr\u00e0ng, d\u00f9ng \u0111\u1ec3 x\u00e2y t\u01b0\u1eddng l\u1ea5y \u00e1nh s\u00e1ng, mang l\u1ea1i s\u1ef1 th\u00f4ng tho\u00e1ng cho ng\u00f4i nh\u00e0. Nhi\u1ec1u ng\u01b0\u1eddi bi\u1ebft \u0111\u1ebfn n\u00f3 l\u00e0 m\u1ed9t v\u1eadt li\u1ec7u x\u00e2y d\u1ef1ng \u0111\u01b0\u1ee3c t\u1ea1o n\u00ean d\u01b0\u1edbi quy tr\u00ecnh th\u1ee7 c\u00f4ng, n\u00f3 c\u00f3 s\u1ef1 h\u00ecnh th\u00e0nh v\u00e0 ph\u00e1t tri\u1ec3n t\u1eeb r\u1ea5t l\u00e2u \u0111\u1eddi v\u00e0 cho \u0111\u1ebfn nay v\u1eabn c\u00f2n \u0111\u01b0\u1ee3c \u01b0a chu\u1ed9ng.<\/p>\n","protected":false},"featured_media":1024,"comment_status":"open","ping_status":"closed","template":"","meta":[],"product_cat":[18,31,68,72],"product_tag":[],"_links":{"self":[{"href":"https:\/\/congtyphannguyen.com\/w\/gom\/wp-json\/wp\/v2\/product\/577"}],"collection":[{"href":"https:\/\/congtyphannguyen.com\/w\/gom\/wp-json\/wp\/v2\/product"}],"about":[{"href":"https:\/\/congtyphannguyen.com\/w\/gom\/wp-json\/wp\/v2\/types\/product"}],"replies":[{"embeddable":true,"href":"https:\/\/congtyphannguyen.com\/w\/gom\/wp-json\/wp\/v2\/comments?post=577"}],"wp:featuredmedia":[{"embeddable":true,"href":"https:\/\/congtyphannguyen.com\/w\/gom\/wp-json\/wp\/v2\/media\/1024"}],"wp:attachment":[{"href":"https:\/\/congtyphannguyen.com\/w\/gom\/wp-json\/wp\/v2\/media?parent=577"}],"wp:term":[{"taxonomy":"product_cat","embeddable":true,"href":"https:\/\/congtyphannguyen.com\/w\/gom\/wp-json\/wp\/v2\/product_cat?post=577"},{"taxonomy":"product_tag","embeddable":true,"href":"https:\/\/congtyphannguyen.com\/w\/gom\/wp-json\/wp\/v2\/product_tag?post=577"}],"curies":[{"name":"wp","href":"https:\/\/api.w.org\/{rel}","templated":true}]}}