{"id":23,"date":"2019-01-15T21:10:20","date_gmt":"2019-01-15T14:10:20","guid":{"rendered":"https:\/\/bizhostvn.com\/w\/matong\/?page_id=23"},"modified":"2019-01-16T17:46:28","modified_gmt":"2019-01-16T10:46:28","slug":"lien-he","status":"publish","type":"page","link":"https:\/\/congtyphannguyen.com\/w\/matong\/lien-he\/","title":{"rendered":"Li\u00ean h\u1ec7"},"content":{"rendered":"<p><iframe loading=\"lazy\" style=\"border: 0;\" src=\"https:\/\/www.google.com\/maps\/embed?pb=!1m14!1m8!1m3!1d14900.931775031808!2d105.79967699999999!3d20.9832975!3m2!1i1024!2i768!4f13.1!3m3!1m2!1s0x0%3A0x4fc1c256d7cdb4d!2zR2l1c2VBcnQgLSBUaGnhur90IGvhur8gxJHhu5MgaOG7jWEgdsOgIHdlYnNpdGUgY2h1ecOqbiBuZ2hp4buHcA!5e0!3m2!1svi!2s!4v1547449390298\" width=\"100%\" height=\"350\" frameborder=\"0\" allowfullscreen=\"allowfullscreen\"><\/iframe><\/p>\n\t<div id=\"gap-1792861361\" class=\"gap-element clearfix\" style=\"display:block; height:auto;\">\n\t\t\n<style>\n#gap-1792861361 {\n  padding-top: 22px;\n}\n<\/style>\n\t<\/div>\n\t\n<div class=\"row lien-he\"  id=\"row-1330104788\">\n\n\t<div id=\"col-1637529652\" class=\"col medium-6 small-12 large-6\"  >\n\t\t\t\t<div class=\"col-inner\"  >\n\t\t\t\n\t\t\t\n<h3><span style=\"color: #4f3716;\">LI\u00caN H\u1ec6 V\u1edaI CH\u00daNG T\u00d4I<\/span><\/h3>\n<p><span style=\"font-size: 100%;\"><strong>C\u00f4ng ty TNHH GiuseBee &#8211; Chi nh\u00e1nh H\u00e0 N\u1ed9i<\/strong><\/span><\/p>\n<ul>\n<li><span style=\"font-size: 100%;\"><strong>Tr\u1ee5 s\u1edf ch\u00ednh:<\/strong>\u00a0180 \u2013 182 L\u00fd Ch\u00ednh Th\u1eafng, Ph\u01b0\u1eddng 9, Qu\u1eadn 3, TP H\u1ed3 Ch\u00ed Minh\u00a0<\/span><\/li>\n<li><span style=\"font-size: 100%;\"><strong style=\"color: #555555;\">Chi nh\u00e1nh:<\/strong><span style=\"color: #555555;\">\u00a0T\u1ea7ng 4, s\u1ed1 01 ng\u00f5 120 Tr\u01b0\u1eddng Chinh, Thanh Xu\u00e2n , H\u00e0 N\u1ed9i<\/span><\/span><\/li>\n<li class=\"gap-element\"><span style=\"font-size: 100%;\"><strong style=\"color: #555555;\">Hotline:<\/strong><span style=\"color: #555555;\">\u00a0039.465.8880.<\/span><\/span><\/li>\n<li><span style=\"font-size: 100%;\"><strong>Email:<\/strong> demo@gmail.com<\/span><\/li>\n<li><span style=\"font-size: 100%;\"><strong>Website:<\/strong> www.demoweb.com<\/span><\/li>\n<\/ul>\n<div class=\"social-icons follow-icons\" ><a href=\"#\" target=\"_blank\" data-label=\"Facebook\" rel=\"noopener noreferrer nofollow\" class=\"icon primary button circle facebook tooltip\" title=\"Follow on Facebook\" aria-label=\"Follow on Facebook\"><i class=\"icon-facebook\" ><\/i><\/a><a href=\"#\" target=\"_blank\" rel=\"noopener noreferrer nofollow\" data-label=\"Instagram\" class=\"icon primary button circle  instagram tooltip\" title=\"Follow on Instagram\" aria-label=\"Follow on Instagram\"><i class=\"icon-instagram\" ><\/i><\/a><a href=\"mailto:#\" data-label=\"E-mail\" rel=\"nofollow\" class=\"icon primary button circle  email tooltip\" title=\"Send us an email\" aria-label=\"Send us an email\"><i class=\"icon-envelop\" ><\/i><\/a><a href=\"tel:#\" target=\"_blank\" data-label=\"Phone\" rel=\"noopener noreferrer nofollow\" class=\"icon primary button circle  phone tooltip\" title=\"Call us\" aria-label=\"Call us\"><i class=\"icon-phone\" ><\/i><\/a><a href=\"#\" target=\"_blank\" rel=\"noopener noreferrer nofollow\" data-label=\"LinkedIn\" class=\"icon primary button circle  linkedin tooltip\" title=\"Follow on LinkedIn\" aria-label=\"Follow on LinkedIn\"><i class=\"icon-linkedin\" ><\/i><\/a><\/div>\n\t\t<\/div>\n\t\t\t\t\t<\/div>\n\n\t\n\n\t<div id=\"col-60583349\" class=\"col medium-6 small-12 large-6\"  >\n\t\t\t\t<div class=\"col-inner\"  >\n\t\t\t\n\t\t\t\n[contact-form-7 id=&#8221;244&#8243;]\n\t\t<\/div>\n\t\t\t\t\t<\/div>\n\n\t\n<\/div>\n","protected":false},"excerpt":{"rendered":"","protected":false},"author":1,"featured_media":0,"parent":0,"menu_order":0,"comment_status":"closed","ping_status":"closed","template":"page-blank.php","meta":[],"_links":{"self":[{"href":"https:\/\/congtyphannguyen.com\/w\/matong\/wp-json\/wp\/v2\/pages\/23"}],"collection":[{"href":"https:\/\/congtyphannguyen.com\/w\/matong\/wp-json\/wp\/v2\/pages"}],"about":[{"href":"https:\/\/congtyphannguyen.com\/w\/matong\/wp-json\/wp\/v2\/types\/page"}],"author":[{"embeddable":true,"href":"https:\/\/congtyphannguyen.com\/w\/matong\/wp-json\/wp\/v2\/users\/1"}],"replies":[{"embeddable":true,"href":"https:\/\/congtyphannguyen.com\/w\/matong\/wp-json\/wp\/v2\/comments?post=23"}],"version-history":[{"count":0,"href":"https:\/\/congtyphannguyen.com\/w\/matong\/wp-json\/wp\/v2\/pages\/23\/revisions"}],"wp:attachment":[{"href":"https:\/\/congtyphannguyen.com\/w\/matong\/wp-json\/wp\/v2\/media?parent=23"}],"curies":[{"name":"wp","href":"https:\/\/api.w.org\/{rel}","templated":true}]}}