{"id":1071,"date":"2017-10-06T10:27:20","date_gmt":"2017-10-06T03:27:20","guid":{"rendered":"https:\/\/bizhostvn.com\/w\/mevabe\/?post_type=product&#038;p=1071"},"modified":"2017-10-11T13:28:41","modified_gmt":"2017-10-11T06:28:41","slug":"ghe-rung-bap-benh-newborn-to-toddler-kiza","status":"publish","type":"product","link":"https:\/\/congtyphannguyen.com\/w\/mevabe\/sanpham\/ghe-rung-bap-benh-newborn-to-toddler-kiza\/","title":{"rendered":"Gh\u1ebf rung, b\u1eadp b\u00eanh Newborn to Toddler Kiza"},"content":{"rendered":"<h2><strong>Gh\u1ebf rung, b\u1eadp b\u00eanh Newborn to Toddler Kiza\u00a0\u00a0&#8211; C\u00f9ng m\u1eb9 ch\u0103m s\u00f3c b\u00e9!<\/strong><\/h2>\n<p>Mang thai v\u00e0 sinh con l\u00e0 ni\u1ec1m vui v\u00f4 b\u1edd b\u1ebfn v\u00e0 thi\u00eang li\u00eang c\u1ee7a c\u00e1c b\u1eadc l\u00e0m cha m\u1eb9, nh\u1ea5t l\u00e0 \u0111\u1ed1i v\u1edbi nh\u1eefng ng\u01b0\u1eddi l\u1ea7n \u0111\u1ea7u l\u00e0m cha m\u1eb9. V\u00ec v\u1eady c\u00e1c \u00f4ng b\u1ed1 b\u00e0 m\u1eb9 lu\u00f4n \u0111\u1ea7u t\u01b0 r\u1ea5t nhi\u1ec1u th\u1eddi gian v\u00e0o vi\u1ec7c nghi\u00ean c\u1ee9u, t\u00ecm hi\u1ec3u \u0111\u1ec3 mua s\u1eafm c\u00e1c v\u1eadt d\u1ee5ng t\u1ed1t nh\u1ea5t ch\u0103m s\u00f3c cho b\u00e9 y\u00eau, nh\u1ea5t l\u00e0 nh\u1eefng v\u1eadt d\u1ee5ng li\u00ean quan \u0111\u1ebfn b\u1eefa \u0103n gi\u1ea5c ng\u1ee7 c\u1ee7a con.<\/p>\n<p>Th\u1ea5u hi\u1ec3u nh\u1eefng mong mu\u1ed1n t\u1eeb b\u1ed1 m\u1eb9, th\u01b0\u01a1ng hi\u1ec7u Kiza cho ra \u0111\u1eddi s\u1ea3n ph\u1ea9m\u00a0gh\u1ebf rung\u00a0cao c\u1ea5p Kiza v\u1edbi\u00a0thi\u1ebft k\u1ebf th\u00f4ng minh, ch\u1eafc ch\u1eafn v\u00e0 an to\u00e0n\u00a0nh\u1eb1m h\u1ed7 tr\u1ee3 \u0111\u00e1ng k\u1ec3 trong vi\u1ec7c mang \u0111\u1ebfn cho b\u00e9 nh\u1eefng b\u1eefa \u0103n ngon mi\u1ec7ng v\u00e0 gi\u1ea5c ng\u1ee7 s\u00e2u h\u01a1n.<\/p>\n<p><img class=\"aligncenter\" src=\"https:\/\/k.r.worldssl.net\/media\/catalog\/product\/g\/h\/ghe-rung-cc-kiza.jpg\" alt=\"\" width=\"500\" \/><\/p>\n<h3><strong>Gh\u1ebf rung, b\u1eadp b\u00eanh Newborn to Toddler Kiza\u00a0&#8211;\u00a0mang l\u1ea1i s\u1ef1 an to\u00e0n cho b\u00e9 v\u00e0 ti\u1ec7n d\u1ee5ng nh\u1ea5t cho m\u1eb9 !<\/strong><\/h3>\n<p><strong>Ch\u1ea5t li\u1ec7u cao c\u1ea5p<\/strong><\/p>\n<ul>\n<li>Khung gh\u1ebf \u0111\u01b0\u1ee3c l\u00e0m b\u1eb1ng ch\u1ea5t li\u1ec7u kim lo\u1ea1i kh\u00f4ng r\u1ec9, kh\u00f4ng b\u1ecb oxy h\u00f3a, b\u1ec1n \u0111\u1eb9p theo th\u1eddi gian<\/li>\n<li>V\u1ea3i b\u1ecdc gh\u1ebf \u0111\u01b0\u1ee3c thi\u1ebft k\u1ebf v\u1edbi hoa v\u0103n \u0111\u1eb9p m\u1eaft v\u00e0 l\u00e0m b\u1eb1ng ch\u1ea5t li\u1ec7u th\u1ea5m h\u00fat t\u1ed1t, th\u00f4ng tho\u00e1ng, ph\u00f9 h\u1ee3p s\u1eed d\u1ee5ng cho c\u1ea3 nh\u1eefng m\u00f9a h\u00e8 oi b\u1ee9c.<\/li>\n<li>Ch\u1ea5t li\u1ec7u v\u1ea3i b\u1ecdc \u0111\u00e3 <strong>\u0111\u01b0\u1ee3c vi\u1ec7n d\u1ec7t may ch\u1ee9ng nh\u1eadn<\/strong> n\u00ean an to\u00e0n tuy\u1ec7t \u0111\u1ed1i cho s\u1ee9c kh\u1ecfe c\u1ee7a b\u00e9, cha m\u1eb9 ho\u00e0n to\u00e0n an t\u00e2m khi s\u1eed d\u1ee5ng s\u1ea3n ph\u1ea9m n\u00e0y cho con y\u00eau<\/li>\n<\/ul>\n<p><img class=\"aligncenter\" src=\"https:\/\/k.r.worldssl.net\/media\/catalog\/product\/g\/h\/ghe-rung-cc-kiza-6.jpg\" alt=\"\" width=\"500\" \/><\/p>\n<p><strong>Thi\u1ebft k\u1ebf th\u00f4ng minh<\/strong><\/p>\n<div>\n<ul>\n<li>Thi\u1ebft k\u1ebf khung gh\u1ebf ch\u1eafc ch\u1eafn, \u0111\u1ed9 ch\u1ecbu l\u1ef1c cao, tr\u1ecdng l\u01b0\u1ee3ng t\u1ed1i \u0111a 18kg. D\u00e0nh cho c\u00e1c b\u00e9 t\u1eeb 0m \u0111\u1ebfn 4 tu\u1ed5i.<\/li>\n<li>H\u1ec7 th\u1ed1ng \u0111ai kh\u00f3a 3 ch\u1ed1t an to\u00e0n c\u00f9ng ch\u00e2n \u0111\u1ebf ch\u1eafc ch\u1eafn, kh\u00f4ng tr\u01a1n tr\u01b0\u1ee3t n\u00ean cha m\u1eb9 ho\u00e0n to\u00e0n an t\u00e2m khi s\u1eed d\u1ee5ng gh\u1ebf cho con y\u00eau<\/li>\n<\/ul>\n<p><img class=\"aligncenter\" src=\"https:\/\/k.r.worldssl.net\/media\/catalog\/product\/g\/h\/ghe-rung-cc-kiza-5.jpg\" alt=\"\" width=\"500\" \/><\/p>\n<ul>\n<li>Gh\u1ebf c\u00f3<strong> 3 v\u1ecb tr\u00ed t\u1ef1a l\u01b0ng c\u00f3 th\u1ec3 \u0111i\u1ec1u ch\u1ec9nh<\/strong>\u00a0cho b\u00e9: n\u1eb1m, nghi\u00eang v\u00e0 ng\u1ed3i th\u1eb3ng . M\u1eb9 c\u00f3 th\u1ec3 d\u1ec5 d\u00e0ng \u0111i\u1ec1u ch\u1ec9nh t\u1eeb ch\u1ebf \u0111\u1ed9 nghi\u00eang sang t\u01b0 th\u1ebf ng\u1ed3i hay n\u1eb1m v\u00f4 c\u00f9ng thu\u1eadn ti\u1ec7n, ph\u00f9 h\u1ee3p v\u1edbi t\u1eebng giai \u0111o\u1ea1n l\u1edbn c\u1ee7a b\u00e9.<\/li>\n<li>Chi\u1ebfc gh\u1ebf rung c\u00f3 th\u1ec3 tr\u1edf th\u00e0nh m\u1ed9t chi\u1ebfc gi\u01b0\u1eddng \u00eam \u00e1i v\u00e0 ch\u1eafc ch\u1eafn ch\u1ec9 sau v\u00e0i thao t\u00e1c \u0111i\u1ec1u ch\u1ec9nh. L\u00fac n\u00e0y, ph\u1ea7n g\u1ed1i l\u00f5m \u00eam \u00e1i tr\u00ean gh\u1ebf h\u1ed7 tr\u1ee3 r\u1ea5t t\u1ed1t cho c\u1ed5 v\u00e0 l\u01b0ng c\u1ee7a tr\u1ebb qua \u0111\u00f3 \u0111\u1ea3m b\u1ea3o tr\u1ebb c\u00f3 \u0111\u01b0\u1ee3c m\u1ed9t gi\u1ea5c ng\u1ee7 s\u00e2u v\u00e0 d\u1ec5 ch\u1ecbu.<\/li>\n<\/ul>\n<p><img class=\"aligncenter\" src=\"https:\/\/k.r.worldssl.net\/media\/catalog\/product\/g\/h\/ghe-rung-cc-kiza-13.jpg\" alt=\"\" width=\"500\" \/><\/p>\n<ul>\n<li><strong>Gh\u1ebf c\u00f3 ch\u1ebf \u0111\u1ed9 rung nh\u1eb9 nh\u00e0ng v\u1edbi nhi\u1ec1u n\u1ea5c rung<\/strong>\u00a0kh\u00e1c nhau c\u00f3 th\u1ec3 gi\u00fap tr\u1ebb ch\u00ecm v\u00e0o gi\u1ea5c ng\u1ee7 d\u1ec5 d\u00e0ng, ngay c\u1ea3 nh\u1eefng tr\u1ebb kh\u00f3 ng\u1ee7 c\u0169ng s\u1ebd t\u00ecm \u0111\u01b0\u1ee3c m\u1ed9t gi\u1ea5c ng\u1ee7 \u00eam \u00e1i.<\/li>\n<li>Khi cho tr\u1ebb \u0103n, gh\u1ebf c\u00f3 th\u1ec3 \u0111\u01b0\u1ee3c \u0111i\u1ec1u ch\u1ec9nh v\u1ec1 g\u00f3c ng\u1ed3i th\u1eb3ng gi\u00fap vi\u1ec7c cho tr\u1ebb \u0103n tr\u1edf n\u00ean d\u1ec5 d\u00e0ng v\u00e0 tr\u1ebb s\u1ebd ti\u00eau h\u00f3a th\u1ee9c \u0103n t\u1ed1t h\u01a1n.<\/li>\n<\/ul>\n<p><img class=\"aligncenter\" src=\"https:\/\/k.r.worldssl.net\/media\/catalog\/product\/g\/h\/ghe-rung-5.jpg\" alt=\"\" width=\"500\" \/><\/p>\n<ul>\n<li>Bao n\u1ec7m gh\u1ebf c\u00f3 th\u1ec3 <strong>th\u00e1o r\u1eddi \u0111\u1ec3 gi\u1eb7t s\u1ea1ch<\/strong>, do \u0111\u00f3 v\u1edbi nh\u1eefng b\u00e9 hay ngh\u1ecbch th\u1ee9c \u0103n, m\u1eb9 s\u1ebd kh\u00f4ng c\u00f2n ph\u1ea3i lo l\u1eafng v\u00e0 kh\u00f3 ch\u1ecbu.<\/li>\n<li>Thanh ch\u1eafn treo \u0111\u1ed3 ch\u01a1i tr\u01b0\u1edbc gh\u1ebf \u0111\u01b0\u1ee3c b\u1ecdc v\u00e0i c\u1ea9n th\u1eadn tr\u00e1nh nh\u1eefng t\u1ed5n th\u01b0\u01a1ng l\u00ean l\u00e0n da c\u1ee7a b\u00e9. Thanh ch\u1eafn c\u00f3 th\u1ec3 th\u00e1o r\u1eddi ti\u1ec7n d\u1ee5ng khi m\u1eb9 cho b\u00e9 \u0103n hay cho b\u00e9 ng\u1ee7.<\/li>\n<\/ul>\n<p><img class=\"aligncenter\" src=\"https:\/\/k.r.worldssl.net\/media\/catalog\/product\/g\/h\/ghe-rung-cc-kiza-1.jpg\" alt=\"\" width=\"500\" \/><\/p>\n<ul>\n<li>Nh\u1eefng m\u00f3n \u0111\u1ed3 ch\u01a1i nhi\u1ec1u m\u00e0u s\u1eafc, h\u00ecnh d\u00e1ng v\u00e0 ch\u1ee9c n\u0103ng kh\u00e1c nhau s\u1ebd gi\u00fap b\u00e9 h\u1ecdc c\u00e1ch quan s\u00e1t, kh\u1ea3 n\u0103ng c\u1ea7m n\u1eafm, ghi nh\u1edb c\u0169ng nh\u01b0 ph\u1ed1i h\u1ee3p tay m\u1eaft, <strong>k\u00edch th\u00edch th\u1ecb gi\u00e1c<\/strong>c\u1ee7a b\u00e9 ph\u00e1t tri\u1ec3n<\/li>\n<\/ul>\n<p><img class=\"aligncenter\" src=\"https:\/\/k.r.worldssl.net\/media\/catalog\/product\/g\/h\/ghe-rung-cc-kiza-3.jpg\" alt=\"\" width=\"500\" \/><\/p>\n<ul>\n<li>Gh\u1ebf rung c\u00f3 th\u1ec3 ph\u00e1t ra\u00a0<strong>\u00e2m thanh vui tai, s<\/strong>\u1ed1ng \u0111\u1ed9ng khuy\u1ebfn kh\u00edch s\u1ef1 h\u1ecdc h\u1ecfi v\u00e0 ph\u00e1t tri\u1ec3n th\u00ednh gi\u00e1c c\u1ee7a b\u00e9, kh\u1ea3 n\u0103ng nghe c\u1ee7a b\u00e9 s\u1ebd nh\u1ea1y b\u00e9n h\u01a1n.<\/li>\n<li>C\u0169ng nh\u01b0 thanh ch\u1eafn \u0111\u1ed3 ch\u01a1i, c\u1ee7 rung ph\u00e1t nh\u1ea1c c\u0169ng c\u00f3 th\u1ec3 th\u00e1o r\u1eddi khi b\u00e9 l\u1edbn h\u01a1n 1 ch\u00fat ch\u1ec9 b\u1eb1ng 1 thao t\u00e1c \u0111\u01a1n gi\u1ea3n<\/li>\n<\/ul>\n<p><img class=\"aligncenter\" src=\"https:\/\/k.r.worldssl.net\/media\/catalog\/product\/g\/h\/ghe-rung-cc-kiza-11.jpg\" alt=\"\" width=\"500\" \/><\/p>\n<ul>\n<li>Chi\u1ebfc gh\u1ebf\u00a0c\u00f3 tr\u1ecdng l\u01b0\u1ee3ng nh\u1eb9, <strong>d\u1ec5 d\u00e0ng g\u1ea5p g\u1ecdn<\/strong> l\u1ea1i, ti\u1ec7n l\u1ee3i khi \u0111i du l\u1ecbch, \u0111i ra ngo\u00e0i ch\u1ec9 b\u1eb1ng 1 v\u00e0i thao t\u00e1c \u0111\u01a1n gi\u1ea3n<\/li>\n<\/ul>\n<p><img class=\"aligncenter\" src=\"https:\/\/k.r.worldssl.net\/media\/catalog\/product\/g\/h\/ghe-rung-cc-kiza-12.jpg\" alt=\"\" width=\"500\" \/><\/p>\n<div>\n<p><strong>Th\u00f4ng tin s\u1ea3n ph\u1ea9m<\/strong><\/p>\n<\/div>\n<\/div>\n<ul>\n<li>Xu\u1ea5t x\u1ee9<strong>:\u00a0<\/strong>\u00a0Th\u01b0\u01a1ng hi\u1ec7u Kiza<\/li>\n<li>Tr\u1ecdng l\u01b0\u1ee3ng:<strong>\u00a0<\/strong>2,5 kg<\/li>\n<li>\u0110\u00f3ng g\u00f3i: 3,2 kg<\/li>\n<li>K\u00edch th\u01b0\u1edbc (R x C x D):\u00a044x16x85cm<\/li>\n<li>D\u00e0nh cho b\u00e9 t\u1eeb 0-4 tu\u1ed5i<\/li>\n<li>B\u1ea3o h\u00e0nh: 6 th\u00e1ng (L\u01b0u \u00fd ch\u1ec9 b\u1ea3o h\u00e0nh c\u1ee7 rung)<\/li>\n<\/ul>\n","protected":false},"excerpt":{"rendered":"<p>Mang thai v\u00e0 sinh con l\u00e0 ni\u1ec1m vui v\u00f4 b\u1edd b\u1ebfn v\u00e0 thi\u00eang li\u00eang c\u1ee7a c\u00e1c b\u1eadc l\u00e0m cha m\u1eb9, nh\u1ea5t l\u00e0 \u0111\u1ed1i v\u1edbi nh\u1eefng ng\u01b0\u1eddi l\u1ea7n \u0111\u1ea7u l\u00e0m cha m\u1eb9.<\/p>\n","protected":false},"featured_media":1072,"comment_status":"open","ping_status":"closed","template":"","meta":[],"product_cat":[140,113],"product_tag":[],"_links":{"self":[{"href":"https:\/\/congtyphannguyen.com\/w\/mevabe\/wp-json\/wp\/v2\/product\/1071"}],"collection":[{"href":"https:\/\/congtyphannguyen.com\/w\/mevabe\/wp-json\/wp\/v2\/product"}],"about":[{"href":"https:\/\/congtyphannguyen.com\/w\/mevabe\/wp-json\/wp\/v2\/types\/product"}],"replies":[{"embeddable":true,"href":"https:\/\/congtyphannguyen.com\/w\/mevabe\/wp-json\/wp\/v2\/comments?post=1071"}],"wp:featuredmedia":[{"embeddable":true,"href":"https:\/\/congtyphannguyen.com\/w\/mevabe\/wp-json\/wp\/v2\/media\/1072"}],"wp:attachment":[{"href":"https:\/\/congtyphannguyen.com\/w\/mevabe\/wp-json\/wp\/v2\/media?parent=1071"}],"wp:term":[{"taxonomy":"product_cat","embeddable":true,"href":"https:\/\/congtyphannguyen.com\/w\/mevabe\/wp-json\/wp\/v2\/product_cat?post=1071"},{"taxonomy":"product_tag","embeddable":true,"href":"https:\/\/congtyphannguyen.com\/w\/mevabe\/wp-json\/wp\/v2\/product_tag?post=1071"}],"curies":[{"name":"wp","href":"https:\/\/api.w.org\/{rel}","templated":true}]}}