{"id":1077,"date":"2017-10-06T10:33:14","date_gmt":"2017-10-06T03:33:14","guid":{"rendered":"https:\/\/bizhostvn.com\/w\/mevabe\/?post_type=product&#038;p=1077"},"modified":"2017-10-11T13:18:21","modified_gmt":"2017-10-11T06:18:21","slug":"ghe-rung-kiza-3in1-crown","status":"publish","type":"product","link":"https:\/\/congtyphannguyen.com\/w\/mevabe\/sanpham\/ghe-rung-kiza-3in1-crown\/","title":{"rendered":"Gh\u1ebf rung Kiza 3in1 Crown"},"content":{"rendered":"<h2><strong>Gh\u1ebf rung cao c\u1ea5p Kiza 3in1 Crown<\/strong><\/h2>\n<p>Gh\u1ebf rung cho b\u00e9, m\u1ed9t trong nh\u1eefng s\u1ea3n ph\u1ea9m v\u1edbi s\u1ef1 s\u00e1ng t\u1ea1o th\u00f4ng minh \u0111\u00e3 t\u1ea1o n\u00ean m\u1ed9t c\u01a1n s\u1ed1t kh\u00f4ng h\u1ec1 nh\u1ecf \u0111\u1ed1i v\u1edbi c\u00e1c kh\u00e1ch h\u00e0ng tr\u00ean to\u00e0n th\u1ebf gi\u1edbi n\u00f3i chung v\u00e0 c\u00e1c kh\u00e1ch h\u00e0ng c\u1ee7a Kids plaza t\u1ea1i Vi\u1ec7t Nam n\u00f3i ri\u00eang. S\u1ea3n ph\u1ea9m \u0111\u1eb7c s\u1eafc \u1edf ch\u1ed7 r\u1ea5t nhi\u1ec1u c\u00e1c ch\u1ee9c n\u0103ng tr\u00ean m\u1ed9t chi\u1ebfc gh\u1ebf nh\u1ecf nh\u1eafn v\u00e0 xinh x\u1eafn cho b\u00e9 y\u00eau nh\u00e0 b\u1ea1n. Kh\u00f4ng ch\u1ec9 t\u1ea1o cho tr\u1ebb s\u01a1 sinh m\u1ed9t kh\u00f4ng gian ng\u1ee7 an to\u00e0n tuy\u1ec7t \u0111\u1ed1i m\u00e0 chi\u1ebfc gh\u1ebf c\u00f2n t\u1ea1o cho b\u00e9 c\u1ea3m gi\u00e1c v\u00f4 c\u00f9ng tho\u1ea3i m\u00e1i, d\u1ec5 ch\u1ecbu c\u0169ng nh\u01b0 \u0111\u01b0a b\u00e9 v\u00e0o nh\u1eefng gi\u1ea5c ng\u1ee7 \u00eam \u00e1i nh\u01b0 v\u00f2ng tay c\u1ee7a m\u1eb9.<\/p>\n<p>V\u1edbi thi\u1ebft k\u1ebf sang tr\u1ecdng v\u00e0 \u0111\u1eb9p m\u1eaft, Gh\u1ebf rung c\u1ea3i ti\u1ebfn 3 trong 1 c\u1ee7a th\u01b0\u01a1ng hi\u1ec7u Kiza l\u00e0 m\u1ed9t s\u1ea3n ph\u1ea9m \u0111a n\u0103ng tuy\u1ec7t v\u1eddi d\u00e0nh cho b\u00e9, \u0111\u1eb7c bi\u1ec7t c\u00f3 th\u1ec3 chuy\u1ec3n ch\u1ebf \u0111\u1ed9 ng\u1ed3i sang ch\u1ebf \u0111\u1ed9 n\u1eb1m m\u1ed9t c\u00e1ch d\u1ec5 d\u00e0ng. Ch\u1ee9c n\u0103ng rung v\u00e0 ru ng\u1ee7 c\u00f3 th\u1ec3 \u0111i\u1ec1u ch\u1ec9nh theo c\u1ea3 3 t\u01b0 th\u1ebf ng\u1eeda, t\u1ea5m \u0111\u1ec7m n\u1eb1m nghi\u00eang 170 \u0111\u1ed9 l\u00e0 nh\u1eefng y\u1ebfu t\u1ed1 quan tr\u1ecdng t\u1ea1o n\u00ean s\u1ef1 an to\u00e0n v\u00e0 m\u00f4i tr\u01b0\u1eddng \u1ea5m \u00e1p th\u00e2n thi\u1ec7n cho gi\u1ea5c ng\u1ee7 c\u1ee7a b\u00e9 c\u0169ng nh\u01b0 l\u00fac b\u00e9 vui \u0111\u00f9a.<\/p>\n<p><img class=\"aligncenter\" src=\"https:\/\/k.r.worldssl.net\/media\/catalog\/product\/g\/h\/ghe-rung-cao-cap-kiza-3in1-crown-15.jpg\" alt=\"\" width=\"500\" \/><\/p>\n<p><strong>C\u00f9ng Kids Plaza kh\u00e1m ph\u00e1 nh\u1eefng \u01b0u \u0111i\u1ec3m n\u1ed5i b\u1eadt c\u1ee7a chi\u1ebfc gh\u1ebf rung cao c\u1ea5p 3in1 Kiza Crown nh\u00e9!<\/strong><\/p>\n<p><strong>Ch\u1ea5t li\u1ec7u cao c\u1ea5p<\/strong><\/p>\n<ul>\n<li>S\u1ea3n ph\u1ea9m \u0111\u01b0\u1ee3c thi\u1ebft k\u1ebf ch\u1eafc ch\u1eafn v\u1edbi khung kim lo\u1ea1i th\u00e9p cao c\u1ea5p, kh\u00f4ng r\u1ec9, kh\u00f4ng b\u1ecb oxy h\u00f3a. V\u00e0 \u0111\u1eb7c bi\u1ec7t <strong>\u0111\u1ed9 ch\u1ecbu l\u1ef1c cao l\u00ean \u0111\u1ebfn 12kg.<\/strong><\/li>\n<li>Gh\u1ebf \u0111\u01b0\u1ee3c x\u1eed l\u00fd bo tr\u00f2n c\u00e1c g\u00f3c c\u1ea1nh n\u00ean cha m\u1eb9 an t\u00e2m kh\u00f4ng \u1ea3nh h\u01b0\u1edfng t\u1edbi l\u00e0n da c\u1ee7a b\u00e9.<\/li>\n<\/ul>\n<p><img class=\"aligncenter\" src=\"https:\/\/k.r.worldssl.net\/media\/catalog\/product\/g\/h\/ghe-rung-cao-cap-kiza-3in1-crown-8.jpg\" alt=\"\" width=\"500\" \/><\/p>\n<ul>\n<li>V\u1ea3i b\u1ecdc gh\u1ebf \u0111\u01b0\u1ee3c thi\u1ebft k\u1ebf v\u1edbi hoa v\u0103n \u0111\u1eb9p m\u1eaft v\u00e0 l\u00e0m b\u1eb1ng ch\u1ea5t li\u1ec7u v\u1ea3i th\u1ea5m h\u00fat t\u1ed1t, \u1ea5m \u00e1p m\u00f9a \u0111\u00f4ng &#8211; tho\u00e1ng m\u00e1t m\u00f9a h\u00e8. \u0110\u1ed9 cao c\u1ee7a v\u00e0nh gh\u1ebf c\u0169ng c\u00f3 th\u1ec3 h\u1ea1 cao th\u1ea5p tuy theo m\u1ee5c \u0111\u00edch c\u1ee7a cha m\u1eb9.<\/li>\n<\/ul>\n<ul>\n<li>Ch\u1ea5t li\u1ec7u v\u1ea3i b\u1ecdc \u0111\u00e3\u00a0<strong>\u0111\u01b0\u1ee3c vi\u1ec7n d\u1ec7t may Vi\u1ec7t Nam ch\u1ee9ng nh\u1eadn<\/strong>\u00a0n\u00ean an to\u00e0n tuy\u1ec7t \u0111\u1ed1i cho s\u1ee9c kh\u1ecfe c\u1ee7a b\u00e9.<\/li>\n<\/ul>\n<p><img class=\"aligncenter\" src=\"https:\/\/k.r.worldssl.net\/media\/catalog\/product\/g\/h\/ghe-rung-cao-cap-kiza-3in1-crown-10.jpg\" alt=\"\" width=\"500\" \/><\/p>\n<ul>\n<li>V\u00e0 v\u1ea3i\u00a0n\u1ec7m gh\u1ebf <strong>c\u00f3 th\u1ec3\u00a0th\u00e1o r\u1eddi<\/strong> \u0111\u1ec3 gi\u1eb7t s\u1ea1ch, do \u0111\u00f3 v\u1edbi nh\u1eefng b\u00e9 hay ngh\u1ecbch th\u1ee9c \u0103n, m\u1eb9 s\u1ebd kh\u00f4ng c\u00f2n ph\u1ea3i lo l\u1eafng v\u00e0 kh\u00f3 ch\u1ecbu n\u1eefa nh\u00e9 !<\/li>\n<\/ul>\n<p><img class=\"aligncenter\" src=\"https:\/\/k.r.worldssl.net\/media\/catalog\/product\/g\/h\/ghe-rung-cao-cap-kiza-3in1-crown-13.jpg\" alt=\"\" width=\"500\" \/><\/p>\n<p><strong>Thi\u1ebft k\u1ebf th\u00f4ng minh, ti\u1ec7n d\u1ee5ng<\/strong><\/p>\n<ul>\n<li>Gh\u1ebf rung nh\u1eb9 nh\u00e0ng v\u1edbi <strong>3 m\u1ee9c rung<\/strong> kh\u00e1c nhau \u0111\u1ec3 m\u1eb9 l\u1ef1a ch\u1ecdn ph\u00f9 h\u1ee3p v\u1edbi m\u1ee5c \u0111\u00edch, ho\u00e0n c\u1ea3nh c\u1ee7a b\u00e9\u00a0gi\u00fap b\u00e9 ch\u00ecm v\u00e0o gi\u1ea5c ng\u1ee7 d\u1ec5 d\u00e0ng, ngay c\u1ea3 nh\u1eefng b\u00e9 kh\u00f3 ng\u1ee7 c\u0169ng s\u1ebd t\u00ecm \u0111\u01b0\u1ee3c m\u1ed9t gi\u1ea5c ng\u1ee7 \u00eam \u00e1i<\/li>\n<li>K\u1ebft h\u1ee3p v\u1edbi \u0111\u00f3 l\u00e0 nh\u1eefng b\u1ea3n nh\u1ea1c du d\u01b0\u01a1ng nh\u01b0 l\u1eddi ru c\u1ee7a m\u1eb9, k\u00edch th\u00edch ph\u1ea7n n\u00e0o \u0111\u00f3 th\u00ednh gi\u00e1c c\u1ee7a b\u00e9 ho\u00e0n thi\u1ec7n, ph\u00e1t tri\u1ec3n h\u01a1n.<\/li>\n<\/ul>\n<p><img class=\"aligncenter\" src=\"https:\/\/k.r.worldssl.net\/media\/catalog\/product\/g\/h\/ghe-rung-cao-cap-kiza-3in1-crown-9.jpg\" alt=\"\" width=\"500\" \/><\/p>\n<ul>\n<li>H\u1ec7 th\u1ed1ng<strong> \u0111ai kh\u00f3a 3 \u0111i\u1ec3m<\/strong> an to\u00e0n c\u00f9ng ch\u00e2n \u0111\u1ebf ch\u1eafc ch\u1eafn, kh\u00f4ng tr\u01a1n tr\u01b0\u1ee3t n\u00ean cha m\u1eb9 ho\u00e0n to\u00e0n an t\u00e2m khi s\u1eed d\u1ee5ng gh\u1ebf cho con y\u00eau.<\/li>\n<\/ul>\n<p><img class=\"aligncenter\" src=\"https:\/\/k.r.worldssl.net\/media\/catalog\/product\/g\/h\/ghe-rung-cao-cap-kiza-3in1-crown-12.jpg\" alt=\"\" width=\"500\" \/><\/p>\n<ul>\n<li>Gh\u1ebf c\u00f3\u00a0<strong>3 v\u1ecb tr\u00ed ng\u1ea3 l\u01b0ng<\/strong> c\u00f3 th\u1ec3 \u0111i\u1ec1u ch\u1ec9nh\u00a0cho b\u00e9: <strong>n\u1eb1m, nghi\u00eang v\u00e0 ng\u1ed3i th\u1eb3ng<\/strong> . M\u1eb9 c\u00f3 th\u1ec3 d\u1ec5 d\u00e0ng \u0111i\u1ec1u ch\u1ec9nh t\u1eeb ch\u1ebf \u0111\u1ed9 nghi\u00eang sang t\u01b0 th\u1ebf ng\u1ed3i hay n\u1eb1m v\u00f4 c\u00f9ng thu\u1eadn ti\u1ec7n, ph\u00f9 h\u1ee3p v\u1edbi t\u1eebng giai \u0111o\u1ea1n l\u1edbn c\u1ee7a b\u00e9.<\/li>\n<\/ul>\n<p><img src=\"https:\/\/k.r.worldssl.net\/media\/catalog\/product\/g\/h\/ghe-rung-cao-cap-kiza-3in1-crown-1.jpg\" alt=\"\" width=\"250\" \/><img src=\"https:\/\/k.r.worldssl.net\/media\/catalog\/product\/g\/h\/ghe-rung-cao-cap-kiza-3in1-crown-2.jpg\" alt=\"\" width=\"250\" \/><img src=\"https:\/\/k.r.worldssl.net\/media\/catalog\/product\/g\/h\/ghe-rung-cao-cap-kiza-3in1-crown-3.jpg\" alt=\"\" width=\"250\" \/><\/p>\n<ul>\n<li>Chi\u1ebfc gh\u1ebf rung c\u00f3 th\u1ec3 tr\u1edf th\u00e0nh m\u1ed9t chi\u1ebfc gi\u01b0\u1eddng, chi\u1ebfc n\u00f4i \u00eam \u00e1i cho b\u00e9 ng\u1ee7 ho\u1eb7c l\u00e0 1 chi\u1ebfc gh\u1ebf ng\u1ed3i \u0103n hay ch\u01a1i ch\u1ec9 b\u1eb1ng 1 thao t\u00e1c \u0111\u1ea9y c\u1ea7n g\u1ea1t ph\u00eda sau gh\u1ebf \u0111\u01a1n gi\u1ea3n.<\/li>\n<\/ul>\n<p><img class=\"aligncenter\" src=\"https:\/\/k.r.worldssl.net\/media\/catalog\/product\/g\/h\/ghe-rung-cao-cap-kiza-3in1-crown-11.jpg\" alt=\"\" width=\"500\" \/><\/p>\n<ul>\n<li>Ngo\u00e0i ra ch\u1ec9 c\u1ea7n \u0111\u1ea9y ch\u00e2n gh\u1ebf l\u00ean l\u00e0 c\u00f3 ngay 1 chi\u1ebfc <strong>gh\u1ebf b\u1eadp b\u00eanh<\/strong> cho b\u00e9 ch\u01a1i \u0111\u00f9a.<\/li>\n<\/ul>\n<p><img class=\"aligncenter\" src=\"https:\/\/k.r.worldssl.net\/media\/catalog\/product\/g\/h\/ghe-rung-cao-cap-kiza-3in1-crown.gif\" alt=\"\" width=\"500\" \/><\/p>\n<ul>\n<li>Thanh ch\u1eafn treo \u0111\u1ed3 ch\u01a1i tr\u01b0\u1edbc gh\u1ebf \u0111\u01b0\u1ee3c b\u1ecdc v\u00e0i c\u1ea9n th\u1eadn tr\u00e1nh nh\u1eefng t\u1ed5n th\u01b0\u01a1ng l\u00ean l\u00e0n da c\u1ee7a b\u00e9. <strong>Thanh ch\u1eafn c\u00f3 th\u1ec3 th\u00e1o r\u1eddi<\/strong> ti\u1ec7n d\u1ee5ng khi m\u1eb9 cho b\u00e9 \u0103n hay cho b\u00e9 ng\u1ee7.<\/li>\n<\/ul>\n<ul>\n<li>Nh\u1eefng m\u00f3n \u0111\u1ed3 ch\u01a1i ng\u1ed9 ngh\u0129nh, \u0111\u00e1ng y\u00eau s\u1ebd gi\u00fap b\u00e9 h\u1ecdc c\u00e1ch quan s\u00e1t, kh\u1ea3 n\u0103ng c\u1ea7m n\u1eafm, ghi nh\u1edb c\u0169ng nh\u01b0 ph\u1ed1i h\u1ee3p tay m\u1eaft,\u00a0k\u00edch th\u00edch th\u1ecb gi\u00e1c\u00a0c\u1ee7a b\u00e9 ph\u00e1t tri\u1ec3n.<\/li>\n<\/ul>\n<p><img class=\"aligncenter\" src=\"https:\/\/k.r.worldssl.net\/media\/catalog\/product\/g\/h\/ghe-rung-cao-cap-kiza-3in1-crown-4.jpg\" alt=\"\" width=\"500\" \/><\/p>\n<ul>\n<li>Ngo\u00e0i ra gh\u1ebf rung c\u00f2n \u0111\u01b0\u1ee3c trang b\u1ecb chi\u1ebfc <strong>m\u00e0n ch\u1ee5p l\u01b0\u1edbi tho\u00e1ng kh\u00ed<\/strong> gi\u00fap tr\u00e1nh c\u00f4n tr\u00f9ng m\u1ed7i khi b\u00e9 ng\u1ee7.<\/li>\n<\/ul>\n<p><img class=\"aligncenter\" src=\"https:\/\/k.r.worldssl.net\/media\/catalog\/product\/g\/h\/ghe-rung-cao-cap-kiza-3in1-crown-6.jpg\" alt=\"\" width=\"500\" \/><\/p>\n<ul>\n<li>Chi\u1ebfc gh\u1ebf\u00a0c\u00f3 tr\u1ecdng l\u01b0\u1ee3ng nh\u1eb9,\u00a0d\u1ec5 d\u00e0ng g\u1ea5p g\u1ecdn\u00a0l\u1ea1i, ti\u1ec7n l\u1ee3i khi \u0111i du l\u1ecbch, \u0111i ra ngo\u00e0i.<\/li>\n<li>Gh\u1ebf s\u1eed d\u1ee5ng 2 pin AA s\u1ebd ti\u1ebft ki\u1ec7m h\u01a1n.<\/li>\n<\/ul>\n<p><strong>Th\u00f4ng tin s\u1ea3n ph\u1ea9m<\/strong><\/p>\n<ul>\n<li>K\u00edch th\u01b0\u1edbc: 81*47*52cm<\/li>\n<li>M\u00e0u s\u1eafc: Tr\u1eafng s\u1eefa<\/li>\n<li>D\u00e0nh cho b\u00e9 t\u1eeb 0-12kg<\/li>\n<li>C\u00f3 th\u1ec3 \u0111i\u1ec1u ch\u1ec9nh 3 v\u1ecb tr\u00ed: n\u1eb1m, ng\u1ed3i, b\u1eadp b\u00eanh<\/li>\n<li>L\u01b0u \u00fd: Gh\u1ebf rung kh\u00f4ng k\u00e8m pin<\/li>\n<\/ul>\n<p><strong>M\u1ed9t s\u1ed1 l\u01b0u \u00fd khi s\u1eed d\u1ee5ng gh\u1ebf rung<\/strong><\/p>\n<div>\n<ul>\n<li>Lu\u00f4n lu\u00f4n \u0111\u1ec3 m\u1eaft t\u1edbi tr\u1ebb.<\/li>\n<li>Vui l\u00f2ng s\u1eed d\u1ee5ng gh\u1ebf tr\u00ean m\u1eb7t s\u00e0n ph\u1eb3ng, tr\u00e1nh tr\u01b0\u1eddng h\u1ee3p b\u1ecb x\u00ea d\u1ecbch b\u1edfi c\u00e1c m\u1eb7t g\u1ed3 gh\u1ec1.<\/li>\n<li>Ki\u1ebfm tra h\u1ec7 th\u1ed1ng phanh tr\u01b0\u1edbc khi s\u1eed d\u1ee5ng.<\/li>\n<li>Kh\u00f4ng n\u00ean s\u1eed d\u1ee5ng tay \u0111\u1ed3 ch\u01a1i \u0111\u1ec3 x\u00e1ch s\u1ea3n ph\u1ea9m.<\/li>\n<li>Ki\u1ec3m tra s\u1ea3n ph\u1ea9m th\u01b0\u1eddng xuy\u00ean \u0111\u1ec3 \u0111\u1ea3m b\u1ea3o vi\u1ec7c l\u1eafp r\u00e1p v\u1eeba v\u1eb7n v\u00e0 \u0111\u00fang c\u00e1ch tr\u01b0\u1edbc khi s\u1eed d\u1ee5ng. Kh\u00f4ng s\u1eed d\u1ee5ng b\u1ea5t c\u1ee9 b\u1ed9 ph\u1eadn hay \u0111inh v\u00edt n\u00e0o b\u1ecb l\u1ecfng ho\u1eb7c c\u00e1c b\u1ed9 ph\u1eadn c\u00f3 d\u1ea5u hi\u1ec7u h\u01b0 h\u1ecfng ho\u1eb7c v\u1ee1.<\/li>\n<li>Kh\u00f4ng s\u1eed d\u1ee5ng th\u00eam g\u1ed1i, \u0111\u1ec7m, ch\u0103n ngo\u00e0i \u0111\u1ec7m v\u00e0 g\u1ed1i h\u1ed7 tr\u1ee3 \u0111\u1ea7u k\u00e8m theo \u0111\u1ec3 \u0111\u1ea3m b\u1ea3o \u0111\u1ed9 an to\u00e0n cho h\u1ec7 th\u1ed1ng x\u01b0\u01a1ng c\u1ee7a tr\u1ebb.<\/li>\n<li>Lu\u00f4n d\u00f9ng g\u1ed1i h\u1ed7 tr\u1ee3 \u0111\u1ea7u \u0111i k\u00e8m \u0111\u1ec7m theo ch\u1ec9 d\u1eabn.<\/li>\n<li>Kh\u00f4ng \u0111\u01b0\u1ee3c th\u00e1o\/l\u1eafp m\u00e0n khi tr\u1ebb \u0111ang n\u1eb1m trong gh\u1ebf, \u0111\u1ec3 tr\u00e1nh b\u1ecb th\u01b0\u01a1ng.<\/li>\n<li>Khi g\u1eadp\/m\u1edf m\u00e0n, kh\u00f4ng \u0111\u1ee5ng tay v\u00e0o c\u00e1c b\u1ed9 ph\u1eadn chuy\u1ec3n \u0111\u1ed9ng tr\u00e1nh c\u00e1c tr\u01b0\u1eddng h\u1ee3p b\u1ecb k\u1eb9t tay.<\/li>\n<li>N\u00ean th\u00e1o m\u00e0n ra kh\u1ecfi gh\u1ebf khi tr\u1ebb b\u1eaft \u0111\u1ea7u ng\u1ed3i \u0111\u01b0\u1ee3c v\u1eefng v\u00e0ng<\/li>\n<\/ul>\n<\/div>\n","protected":false},"excerpt":{"rendered":"<p>Thanh ch\u1eafn treo \u0111\u1ed3 ch\u01a1i tr\u01b0\u1edbc gh\u1ebf \u0111\u01b0\u1ee3c b\u1ecdc v\u00e0i c\u1ea9n th\u1eadn tr\u00e1nh nh\u1eefng t\u1ed5n th\u01b0\u01a1ng l\u00ean l\u00e0n da c\u1ee7a b\u00e9. <strong>Thanh ch\u1eafn c\u00f3 th\u1ec3 th\u00e1o r\u1eddi<\/strong> ti\u1ec7n d\u1ee5ng khi m\u1eb9 cho b\u00e9 \u0103n hay cho b\u00e9 ng\u1ee7.\u00a0Nh\u1eefng m\u00f3n \u0111\u1ed3 ch\u01a1i ng\u1ed9 ngh\u0129nh, \u0111\u00e1ng y\u00eau s\u1ebd gi\u00fap b\u00e9 h\u1ecdc c\u00e1ch quan s\u00e1t, kh\u1ea3 n\u0103ng c\u1ea7m n\u1eafm, ghi nh\u1edb c\u0169ng nh\u01b0 ph\u1ed1i h\u1ee3p tay m\u1eaft,\u00a0k\u00edch th\u00edch th\u1ecb gi\u00e1c\u00a0c\u1ee7a b\u00e9 ph\u00e1t tri\u1ec3n.<\/p>\n","protected":false},"featured_media":1078,"comment_status":"open","ping_status":"closed","template":"","meta":[],"product_cat":[113],"product_tag":[],"_links":{"self":[{"href":"https:\/\/congtyphannguyen.com\/w\/mevabe\/wp-json\/wp\/v2\/product\/1077"}],"collection":[{"href":"https:\/\/congtyphannguyen.com\/w\/mevabe\/wp-json\/wp\/v2\/product"}],"about":[{"href":"https:\/\/congtyphannguyen.com\/w\/mevabe\/wp-json\/wp\/v2\/types\/product"}],"replies":[{"embeddable":true,"href":"https:\/\/congtyphannguyen.com\/w\/mevabe\/wp-json\/wp\/v2\/comments?post=1077"}],"wp:featuredmedia":[{"embeddable":true,"href":"https:\/\/congtyphannguyen.com\/w\/mevabe\/wp-json\/wp\/v2\/media\/1078"}],"wp:attachment":[{"href":"https:\/\/congtyphannguyen.com\/w\/mevabe\/wp-json\/wp\/v2\/media?parent=1077"}],"wp:term":[{"taxonomy":"product_cat","embeddable":true,"href":"https:\/\/congtyphannguyen.com\/w\/mevabe\/wp-json\/wp\/v2\/product_cat?post=1077"},{"taxonomy":"product_tag","embeddable":true,"href":"https:\/\/congtyphannguyen.com\/w\/mevabe\/wp-json\/wp\/v2\/product_tag?post=1077"}],"curies":[{"name":"wp","href":"https:\/\/api.w.org\/{rel}","templated":true}]}}