{"id":1079,"date":"2017-10-06T10:42:30","date_gmt":"2017-10-06T03:42:30","guid":{"rendered":"https:\/\/bizhostvn.com\/w\/mevabe\/?post_type=product&#038;p=1079"},"modified":"2017-10-11T12:00:58","modified_gmt":"2017-10-11T05:00:58","slug":"kem-duong-da-hoa-cuc-20ml","status":"publish","type":"product","link":"https:\/\/congtyphannguyen.com\/w\/mevabe\/sanpham\/kem-duong-da-hoa-cuc-20ml\/","title":{"rendered":"Kem d\u01b0\u1ee1ng da hoa c\u00fac 20ml cho m\u1eb9"},"content":{"rendered":"<h2><strong>Kem d\u01b0\u1ee1ng da m\u1eb7t Bubchen hoa C\u00fac 20ml<\/strong><\/h2>\n<p>Kem d\u01b0\u1ee1ng da cho b\u00e9 m\u00f9i hoa c\u00fac Bubchen 20ml ch\u0103m s\u00f3c nh\u1eb9 nh\u00e0ng cho khu\u00f4n m\u1eb7t v\u00e0 b\u00e0n tay b\u00e9 h\u00e0ng ng\u00e0y khi ti\u1ebft tr\u1eddi l\u1ea1nh, kh\u00f4 hanh. Kem d\u01b0\u1ee1ng da Bubchen cung c\u1ea5p \u0111\u1ed9 \u1ea9m gi\u00fap da th\u00eam m\u1ecbn m\u00e0ng v\u00e0 m\u1ec1m m\u1ea1i. S\u1ea3n ph\u1ea9m n\u00e0y c\u0169ng r\u1ea5t l\u00fd t\u01b0\u1edfng cho ng\u01b0\u1eddi l\u1edbn.<\/p>\n<p><img class=\"aligncenter\" src=\"https:\/\/k.r.worldssl.net\/media\/catalog\/product\/k\/e\/kem-duong-da-hoa-cuc-2.jpg\" alt=\"\" width=\"500\" \/><\/p>\n<h3><strong>Th\u00f4ng tin s\u1ea3n ph\u1ea9m kem d\u01b0\u1ee1ng da m\u1eb7t Bubchen hoa C\u00fac<\/strong><\/h3>\n<ul>\n<li>Th\u00e0nh ph\u1ea7n c\u00f3 tinh d\u1ea7u c\u00e2y c\u1ecf nguy\u00ean ch\u1ea5t nh\u01b0 d\u1ea7u h\u1ea1t d\u1ebb, d\u1ea7u c\u00e2y Carite <strong>cung c\u1ea5p cho da \u0111\u1ed9 \u1ea9m c\u1ea7n thi\u1ebft<\/strong> v\u00e0 gi\u00fap da tr\u1ebb lu\u00f4n m\u1ec1m m\u1ea1i, m\u1ecbn m\u00e0ng, kh\u00f4ng kh\u00f4, ng\u1ee9a.<\/li>\n<li>Kh\u00f4ng ch\u1ee9a d\u1ea7u, kho\u00e1ng ch\u1ea5t,<strong> kh\u00f4ng ch\u1ee9a m\u00e0u nh\u00e2n t\u1ea1o<\/strong>, kh\u00f4ng g\u00e2y k\u00edch \u1ee9ng.<\/li>\n<li>L\u00e0m l\u00e0nh nh\u1eefng v\u00f9ng da b\u1ecb vi\u00eam n\u1ebb, mang \u0111\u1ebfn cho b\u1ea1n v\u00e0 b\u00e9 m\u1ed9t l\u00e0n da m\u1ecbn m\u00e0ng.<\/li>\n<li>Gi\u00fap duy tr\u00ec l\u00e0n da m\u1ecbn m\u00e0ng, <strong>c\u00f3 \u0111\u1ed9 \u0111\u00e0n h\u1ed3i cao<\/strong>.<\/li>\n<li>Ng\u0103n ng\u1eeba vi\u00eam nhi\u1ec5m v\u00e0 gi\u1ea3m k\u00edch \u1ee9ng.<\/li>\n<\/ul>\n<p><img class=\"aligncenter\" src=\"https:\/\/k.r.worldssl.net\/media\/catalog\/product\/k\/e\/kem-duong-da-hoa-cuc.jpg\" alt=\"\" width=\"500\" \/><\/p>\n<ul>\n<li>M\u00f9i hoa c\u00fac nh\u1eb9 nh\u00e0ng, lu\u00f4n \u0111em l\u1ea1i <strong>c\u1ea3m gi\u00e1c d\u1ec5 ch\u1ecbu<\/strong>, tho\u1ea3i m\u00e1i.<\/li>\n<\/ul>\n<p><strong>H\u01b0\u1edbng d\u1eabn s\u1eed d\u1ee5ng:<\/strong> B\u00f4i v\u00e0 thoa \u0111\u1ec1u kem l\u00ean da sau m\u1ed7i l\u1ea7n r\u1eeda m\u1eb7t ho\u1eb7c tr\u01b0\u1edbc khi \u0111i ra ngo\u00e0i s\u1ebd tr\u00e1nh cho da kh\u1ecfi b\u1ecb m\u1ea5t n\u01b0\u1edbc.<\/p>\n<p><strong>Th\u00f4ng tin s\u1ea3n ph\u1ea9m:<\/strong><\/p>\n<ul>\n<li>\u0110\u1ed9 tu\u1ed5i : M\u1ecdi l\u1ee9a tu\u1ed5i<\/li>\n<li>Dung t\u00edch: 20ml<\/li>\n<li>Xu\u1ea5t x\u1ee9: Bubchen &#8211; \u0110\u1ee9c<\/li>\n<\/ul>\n","protected":false},"excerpt":{"rendered":"<p>Kem d\u01b0\u1ee1ng da cho b\u00e9 m\u00f9i hoa c\u00fac Bubchen 20ml ch\u0103m s\u00f3c nh\u1eb9 nh\u00e0ng cho khu\u00f4n m\u1eb7t v\u00e0 b\u00e0n tay b\u00e9 h\u00e0ng ng\u00e0y khi ti\u1ebft tr\u1eddi l\u1ea1nh, kh\u00f4 hanh. Kem d\u01b0\u1ee1ng da Bubchen cung c\u1ea5p \u0111\u1ed9 \u1ea9m gi\u00fap da th\u00eam m\u1ecbn m\u00e0ng v\u00e0 m\u1ec1m m\u1ea1i. S\u1ea3n ph\u1ea9m n\u00e0y c\u0169ng r\u1ea5t l\u00fd t\u01b0\u1edfng cho ng\u01b0\u1eddi l\u1edbn.<\/p>\n","protected":false},"featured_media":1080,"comment_status":"open","ping_status":"closed","template":"","meta":[],"product_cat":[113,119],"product_tag":[],"_links":{"self":[{"href":"https:\/\/congtyphannguyen.com\/w\/mevabe\/wp-json\/wp\/v2\/product\/1079"}],"collection":[{"href":"https:\/\/congtyphannguyen.com\/w\/mevabe\/wp-json\/wp\/v2\/product"}],"about":[{"href":"https:\/\/congtyphannguyen.com\/w\/mevabe\/wp-json\/wp\/v2\/types\/product"}],"replies":[{"embeddable":true,"href":"https:\/\/congtyphannguyen.com\/w\/mevabe\/wp-json\/wp\/v2\/comments?post=1079"}],"wp:featuredmedia":[{"embeddable":true,"href":"https:\/\/congtyphannguyen.com\/w\/mevabe\/wp-json\/wp\/v2\/media\/1080"}],"wp:attachment":[{"href":"https:\/\/congtyphannguyen.com\/w\/mevabe\/wp-json\/wp\/v2\/media?parent=1079"}],"wp:term":[{"taxonomy":"product_cat","embeddable":true,"href":"https:\/\/congtyphannguyen.com\/w\/mevabe\/wp-json\/wp\/v2\/product_cat?post=1079"},{"taxonomy":"product_tag","embeddable":true,"href":"https:\/\/congtyphannguyen.com\/w\/mevabe\/wp-json\/wp\/v2\/product_tag?post=1079"}],"curies":[{"name":"wp","href":"https:\/\/api.w.org\/{rel}","templated":true}]}}