{"id":958,"date":"2017-10-06T00:35:59","date_gmt":"2017-10-05T17:35:59","guid":{"rendered":"https:\/\/bizhostvn.com\/w\/mevabe\/?post_type=product&#038;p=958"},"modified":"2017-10-11T10:37:20","modified_gmt":"2017-10-11T03:37:20","slug":"xe-dap-day-3-banh-family-f-955-cho-be-yeu","status":"publish","type":"product","link":"https:\/\/congtyphannguyen.com\/w\/mevabe\/sanpham\/xe-dap-day-3-banh-family-f-955-cho-be-yeu\/","title":{"rendered":"Xe \u0111\u1ea1p \u0111\u1ea9y 3 b\u00e1nh Family F-955 cho b\u00e9 y\u00eau"},"content":{"rendered":"<h2><strong>Xe \u0111\u1ea9y 3 b\u00e1nh Family F-955 ch\u1eafc ch\u1eafn v\u00e0 an to\u00e0n d\u00e0nh cho b\u00e9<\/strong><\/h2>\n<ul>\n<li>Ki\u1ec3u d\u00e1ng \u0111\u1eb9p, <strong>g\u1ecdn g\u00e0ng<\/strong>, m\u00e0u s\u1eafc ph\u1ed1i h\u1ee3p h\u00e0i ho\u00e0.<\/li>\n<li>Xe \u0111\u1ea1p tr\u1ebb em c\u00f3 tay \u0111\u1ea9y \u0111i\u1ec1u khi\u1ec3n \u0111\u1eb1ng sau, c\u00f3 b\u00e0n \u0111\u1ee1 ch\u00e2n th\u00edch h\u1ee3p cho c\u00e1c b\u00e9 t\u1eeb kho\u1ea3ng 10 th\u00e1ng tu\u1ed5i ( bi\u1ebft ng\u1ed3i v\u1eefng )<\/li>\n<li>Xe \u0111\u1ea1p 3 b\u00e1nh Famiy F-955 ch\u1eafc ch\u1eafn v\u00e0 an to\u00e0n<\/li>\n<li>\u0110\u01b0\u1ee3c l\u00e0m b\u1eb1ng ch\u1ea5t li\u1ec7u <strong>nh\u1ef1a cao c\u1ea5p <\/strong>an\u00a0to\u00e0n cho s\u1ee9c kh\u1ecfe c\u1ee7a b\u00e9.<\/li>\n<li>Thi\u1ebft k\u1ebf ch\u1eafc ch\u1eafn mang l\u1ea1i s\u1ef1 an to\u00e0n nh\u1ea5t d\u00e0nh cho b\u00e9<\/li>\n<li>\u0110\u1eb1ng tr\u01b0\u1edbc c\u00f3<strong> b\u1ed9 ph\u00e1t nh\u1ea1c<\/strong> b\u00ean trong c\u00f3 h\u00ecnh con th\u00fa quay t\u00edt b\u1eaft m\u1eaft thu h\u00fat b\u00e9<\/li>\n<\/ul>\n<p><img class=\"aligncenter\" src=\"https:\/\/k.r.worldssl.net\/media\/catalog\/product\/x\/e\/xe-dap-3-banh-f955.jpg\" alt=\"\" width=\"500\" \/><\/p>\n<ul>\n<li>Gi\u1ecf xe \u0111\u1ea1p \u0111\u1ec3 \u0111\u1ed3 c\u1ea3 ph\u00eda tr\u01b0\u1edbc v\u00e0 ph\u00eda sau<\/li>\n<li><strong>Gi\u1ea3m s\u00f3c c\u1ef1c \u00eam<\/strong>, 2 b\u00e1nh ph\u1ee5 ph\u00eda d\u01b0\u1edbi b\u00e0n \u0111\u1ec3 ch\u00e2n gi\u00fap c\u00e2n b\u1eb1ng xe khi \u0111i v\u00e0o ch\u1ed7 s\u00f3c<\/li>\n<li>B\u00e0n \u0111\u1ec3 ch\u00e2n v\u00e0 tay \u0111\u1ea9y c\u00f3 th\u1ec3 th\u00e1o ra cho b\u00e9 t\u1ef1 \u0111\u1ea1p xe khi b\u00e9 l\u1edbn.<\/li>\n<li>\u0110\u1ed9 tu\u1ed5i: D\u00e0nh cho b\u00e9 t\u1eeb 10 th\u00e1ng tr\u1edf l\u00ean<\/li>\n<\/ul>\n","protected":false},"excerpt":{"rendered":"<ul>\n<li>Ki\u1ec3u d\u00e1ng \u0111\u1eb9p, <strong>g\u1ecdn g\u00e0ng<\/strong>, m\u00e0u s\u1eafc ph\u1ed1i h\u1ee3p h\u00e0i ho\u00e0.<\/li>\n<li>Xe \u0111\u1ea1p tr\u1ebb em c\u00f3 tay \u0111\u1ea9y \u0111i\u1ec1u khi\u1ec3n \u0111\u1eb1ng sau, c\u00f3 b\u00e0n \u0111\u1ee1 ch\u00e2n th\u00edch h\u1ee3p cho c\u00e1c b\u00e9 t\u1eeb kho\u1ea3ng 10 th\u00e1ng tu\u1ed5i ( bi\u1ebft ng\u1ed3i v\u1eefng )<\/li>\n<\/ul>\n","protected":false},"featured_media":959,"comment_status":"open","ping_status":"closed","template":"","meta":[],"product_cat":[86,87,107],"product_tag":[],"_links":{"self":[{"href":"https:\/\/congtyphannguyen.com\/w\/mevabe\/wp-json\/wp\/v2\/product\/958"}],"collection":[{"href":"https:\/\/congtyphannguyen.com\/w\/mevabe\/wp-json\/wp\/v2\/product"}],"about":[{"href":"https:\/\/congtyphannguyen.com\/w\/mevabe\/wp-json\/wp\/v2\/types\/product"}],"replies":[{"embeddable":true,"href":"https:\/\/congtyphannguyen.com\/w\/mevabe\/wp-json\/wp\/v2\/comments?post=958"}],"wp:featuredmedia":[{"embeddable":true,"href":"https:\/\/congtyphannguyen.com\/w\/mevabe\/wp-json\/wp\/v2\/media\/959"}],"wp:attachment":[{"href":"https:\/\/congtyphannguyen.com\/w\/mevabe\/wp-json\/wp\/v2\/media?parent=958"}],"wp:term":[{"taxonomy":"product_cat","embeddable":true,"href":"https:\/\/congtyphannguyen.com\/w\/mevabe\/wp-json\/wp\/v2\/product_cat?post=958"},{"taxonomy":"product_tag","embeddable":true,"href":"https:\/\/congtyphannguyen.com\/w\/mevabe\/wp-json\/wp\/v2\/product_tag?post=958"}],"curies":[{"name":"wp","href":"https:\/\/api.w.org\/{rel}","templated":true}]}}