{"id":974,"date":"2017-10-06T00:50:04","date_gmt":"2017-10-05T17:50:04","guid":{"rendered":"https:\/\/bizhostvn.com\/w\/mevabe\/?post_type=product&#038;p=974"},"modified":"2017-10-11T11:35:00","modified_gmt":"2017-10-11T04:35:00","slug":"dinh-duong-trai-cay-fleur-alpine-organic-vi-tao-man-kho","status":"publish","type":"product","link":"https:\/\/congtyphannguyen.com\/w\/mevabe\/sanpham\/dinh-duong-trai-cay-fleur-alpine-organic-vi-tao-man-kho\/","title":{"rendered":"Dinh d\u01b0\u1ee1ng tr\u00e1i c\u00e2y Fleur Alpine Organic v\u1ecb t\u00e1o, m\u1eadn kh\u00f4"},"content":{"rendered":"<h2><strong>Dinh d\u01b0\u1ee1ng tr\u00e1i c\u00e2y Fleur Alpine Organic v\u1ecb t\u00e1o, m\u1eadn kh\u00f4<\/strong><\/h2>\n<p><strong>Th\u00e0nh ph\u1ea7n<\/strong>:\u00a0t\u00e1o xay nhuy\u1ec5n, m\u1eadn kh\u00f4 nghi\u1ec1n.<\/p>\n<p><strong>Gi\u00e1 tr\u1ecb dinh d\u01b0\u1ee1ng trong 100g:\u00a0<\/strong><\/p>\n<p>N\u0103ng l\u01b0\u1ee3ng \u00a0 \u00a0 \u00a0 \u00a0 \u00a0 : \u00a0 \u00a042,7 kcal<\/p>\n<p>Carbohydrate \u00a0 \u00a0 \u00a0 \u00a0: \u00a0 \u00a010,5 g<\/p>\n<p>Protein \u00a0 \u00a0 \u00a0 \u00a0 \u00a0 \u00a0 \u00a0 \u00a0 \u00a0 \u00a0: \u00a0 \u00a00,53 g<\/p>\n<p>Ch\u1ea5t r\u1eafn h\u00f2a tan \u00a0 : \u00a0 18%<\/p>\n<p>Kali \u00a0 \u00a0 \u00a0 \u00a0 \u00a0 \u00a0 \u00a0 \u00a0 \u00a0 \u00a0 \u00a0 \u00a0 \u00a0: \u00a0 226\u00a0mg<\/p>\n<p><img class=\"aligncenter\" src=\"https:\/\/k.r.worldssl.net\/media\/wysiwyg\/product\/be-an-be-uong\/thuc-pham-dong-lo\/dinh-duong-trai-cay-fleur-alpine-organic-vi-tao-man-kho.jpeg\" alt=\"\" width=\"500\" \/><\/p>\n<p><strong>\u0110\u1eb7c t\u00ednh s\u1ea3n ph\u1ea9m<\/strong><\/p>\n<ul>\n<li>Dinh d\u01b0\u1ee1ng \u0111\u00f3ng l\u1ecd Fleur Alpine \u0111\u01b0\u1ee3c l\u00e0m b\u1eb1ng 100% tr\u00e1i c\u00e2y (t\u00e1o, m\u1eadn ch\u00edn \u0111\u00e3 \u0111\u01b0\u1ee3c ph\u01a1i kh\u00f4 d\u01b0\u1edbi \u00e1nh m\u1eb7t tr\u1eddi).<\/li>\n<li>T\u00e1o r\u1ea5t gi\u00e0u c\u00e1c lo\u1ea1i \u0111\u01b0\u1eddng t\u1ef1 nhi\u00ean, axit h\u1eefu c\u01a1, vitamin v\u00e0 nguy\u00ean t\u1ed1 vi l\u01b0\u1ee3ng.\u00a0S\u1eaft k\u1ebft h\u1ee3p v\u1edbi vitamin C \u0111\u01b0\u1ee3c h\u1ea5p thu t\u1ed1t trong ru\u1ed9t, g\u00f3p ph\u1ea7n ng\u0103n ng\u1eeba b\u1ec7nh thi\u1ebfu m\u00e1u.\u00a0Pectin v\u00e0 axit h\u1eefu c\u01a1 nh\u1eb9 nh\u00e0ng k\u00edch th\u00edch ho\u1ea1t \u0111\u1ed9ng ru\u1ed9t.\u00a0Kali v\u00e0 magi\u00ea t\u0103ng c\u01b0\u1eddng h\u1ec7 tim m\u1ea1ch.<\/li>\n<li>M\u1eadn r\u1ea5t gi\u00e0u kho\u00e1ng ch\u1ea5t, vitamin, axit h\u1eefu c\u01a1 v\u00e0 c\u00e1c nguy\u00ean t\u1ed1 vi l\u01b0\u1ee3ng.\u00a0H\u00e0m l\u01b0\u01a1ngk kali cao gi\u00fap ng\u0103n ng\u1eeba c\u00e1c b\u1ec7nh tim m\u1ea1ch.\u00a0<span class=\"goog-text-highlight\">M\u1eadn c\u00f3 t\u00e1c d\u1ee5ng nhu\u1eadn tr\u00e0ng nh\u1eb9, di\u1ec5n xu\u1ea5t r\u1ea5t t\u1ebf nh\u1ecb v\u00e0 \u0111\u01b0\u1ee3c khuy\u1ebfn kh\u00edch cho t\u00e1o b\u00f3n v\u00e0 m\u1ea5t tr\u01b0\u01a1ng l\u1ef1c<\/span><\/li>\n<li>Kh\u00f4ng b\u1ed5 sung th\u00eam tinh b\u1ed9t, b\u1ed9t m\u00ec, mu\u1ed1i, \u0111\u01b0\u1eddng, vitamin, n\u01b0\u1edbc<\/li>\n<li>Kh\u00f4ng th\u00e0nh ph\u1ea7n bi\u1ebfn \u0111\u1ed5i gen (GMO), kh\u00f4ng thu\u1ed1c tr\u1eeb s\u00e2u, kh\u00f4ng ph\u00e2n b\u00f3n h\u00f3a h\u1ecdc, kh\u00f4ng ho\u00f3c m\u00f4n t\u0103ng tr\u01b0\u1edfng, kh\u00f4ng ch\u1ea5t b\u1ea3o qu\u1ea3n, kh\u00f4ng ch\u1ea5t ph\u1ee5 gia<img class=\"aligncenter\" src=\"https:\/\/k.r.worldssl.net\/media\/wysiwyg\/product\/be-an-be-uong\/thuc-pham-dong-lo\/dinh-duong-trai-cay-fleur-alpine-organic-vi-tao-man-kho-.jpeg\" alt=\"\" width=\"500\" \/><\/li>\n<\/ul>\n<p><strong>H\u01b0\u1edbng d\u1eabn s\u1eed d\u1ee5ng<\/strong>:\u00a0S\u1ea3n ph\u1ea9m d\u00f9ng tr\u1ef1c ti\u1ebfp. M\u1edf n\u1eafp v\u00e0 nh\u1ea5n tu\u00fdp d\u00f9ng tr\u1ef1c ti\u1ebfp<\/p>\n<p><strong>L\u1eddi khuy\u00ean khi s\u1eed d\u1ee5ng<\/strong>:\u00a0N\u00ean d\u00f9ng tr\u01b0\u1edbc m\u1ed9t mu\u1ed7ng c\u00e0 ph\u00ea, li\u1ec1u l\u01b0\u1ee3ng: 2 l\u1ea7n\/ng\u00e0y T\u0103ng d\u1ea7n \u0111\u1ec3 ph\u00f9 h\u1ee3p v\u1edbi l\u1ee9a tu\u1ed5i c\u1ee7a tr\u1ebb ho\u1eb7c l\u00e0m theo khuy\u1ebfn c\u00e1o c\u1ee7a b\u00e1c s\u0129.<\/p>\n<p><strong>B\u1ea3o qu\u1ea3n<\/strong>:\u00a0B\u1ea3o qu\u1ea3n \u1edf nhi\u1ec7t \u0111\u1ed9 0\u00b0C \u0111\u1ebfn + 25\u00b0\u0421 v\u00e0 \u0111\u1ed9 \u1ea9m &#8211; kh\u00f4ng qu\u00e1 75%. B\u1ea3o qu\u1ea3n trong t\u1ee7 l\u1ea1nh v\u00e0 s\u1eed d\u1ee5ng sau khi m\u1edf n\u1eafp kh\u00f4ng qu\u00e1 24h.<\/p>\n<p><strong>Th\u1eddi h\u1ea1n s\u1eed d\u1ee5ng:<\/strong>\u00a015 th\u00e1ng k\u1ec3 t\u1eeb ng\u00e0y s\u1ea3n xu\u1ea5t ghi tr\u00ean bao b\u00ec s\u1ea3n ph\u1ea9m. D\u00f2ng tr\u00ean l\u00e0 ng\u00e0y s\u1ea3n xu\u1ea5t , d\u00f2ng d\u01b0\u1edbi l\u00e0 ng\u00e0y h\u1ebft h\u1ea1n v\u00e0 s\u1ed1 l\u00f4.<\/p>\n<p><strong>Nh\u00e0 s\u1ea3n xu\u1ea5t:<\/strong>\u00a0The Natural Fruit &amp; Beverage CompanyViewfield Park, Viewfield Road, Coatbridge, ML55QS, Scotland<\/p>\n","protected":false},"excerpt":{"rendered":"<p>Dinh d\u01b0\u1ee1ng tr\u00e1i c\u00e2y Fleur Alpine Organic v\u1ecb t\u00e1o, m\u1eadn kh\u00f4 Th\u00e0nh ph\u1ea7n:\u00a0t\u00e1o xay nhuy\u1ec5n, m\u1eadn kh\u00f4 nghi\u1ec1n. Gi\u00e1 tr\u1ecb dinh d\u01b0\u1ee1ng trong 100g:\u00a0 N\u0103ng l\u01b0\u1ee3ng \u00a0 \u00a0 \u00a0 \u00a0 \u00a0 : \u00a0 \u00a042,7 kcal Carbohydrate \u00a0 \u00a0 \u00a0 \u00a0: \u00a0 \u00a010,5 g Protein \u00a0 \u00a0 \u00a0 \u00a0 \u00a0 \u00a0 \u00a0 \u00a0 \u00a0 \u00a0: \u00a0 [&#8230;]\n","protected":false},"featured_media":975,"comment_status":"open","ping_status":"closed","template":"","meta":[],"product_cat":[16,30,17],"product_tag":[],"_links":{"self":[{"href":"https:\/\/congtyphannguyen.com\/w\/mevabe\/wp-json\/wp\/v2\/product\/974"}],"collection":[{"href":"https:\/\/congtyphannguyen.com\/w\/mevabe\/wp-json\/wp\/v2\/product"}],"about":[{"href":"https:\/\/congtyphannguyen.com\/w\/mevabe\/wp-json\/wp\/v2\/types\/product"}],"replies":[{"embeddable":true,"href":"https:\/\/congtyphannguyen.com\/w\/mevabe\/wp-json\/wp\/v2\/comments?post=974"}],"wp:featuredmedia":[{"embeddable":true,"href":"https:\/\/congtyphannguyen.com\/w\/mevabe\/wp-json\/wp\/v2\/media\/975"}],"wp:attachment":[{"href":"https:\/\/congtyphannguyen.com\/w\/mevabe\/wp-json\/wp\/v2\/media?parent=974"}],"wp:term":[{"taxonomy":"product_cat","embeddable":true,"href":"https:\/\/congtyphannguyen.com\/w\/mevabe\/wp-json\/wp\/v2\/product_cat?post=974"},{"taxonomy":"product_tag","embeddable":true,"href":"https:\/\/congtyphannguyen.com\/w\/mevabe\/wp-json\/wp\/v2\/product_tag?post=974"}],"curies":[{"name":"wp","href":"https:\/\/api.w.org\/{rel}","templated":true}]}}