{"id":56,"date":"2017-07-10T16:04:52","date_gmt":"2017-07-10T09:04:52","guid":{"rendered":"https:\/\/bizhostvn.com\/w\/mypham3\/?page_id=56"},"modified":"2017-07-12T11:11:27","modified_gmt":"2017-07-12T04:11:27","slug":"thuong-hieu-my-pham","status":"publish","type":"page","link":"https:\/\/congtyphannguyen.com\/w\/mypham3\/thuong-hieu-my-pham\/","title":{"rendered":"Th\u01b0\u01a1ng hi\u1ec7u m\u1ef9 ph\u1ea9m"},"content":{"rendered":"\t<div class=\"img has-hover x md-x lg-x y md-y lg-y\" id=\"image_1470271835\">\n\t\t\t\t\t\t\t\t<div class=\"img-inner dark\" >\n\t\t\t<img width=\"1020\" height=\"282\" src=\"https:\/\/congtyphannguyen.com\/w\/mypham3\/wp-content\/uploads\/2017\/07\/12334-1-1024x283.jpg\" class=\"attachment-large size-large\" alt=\"\" loading=\"lazy\" srcset=\"https:\/\/congtyphannguyen.com\/w\/mypham3\/wp-content\/uploads\/2017\/07\/12334-1-1024x283.jpg 1024w, https:\/\/congtyphannguyen.com\/w\/mypham3\/wp-content\/uploads\/2017\/07\/12334-1-300x83.jpg 300w, https:\/\/congtyphannguyen.com\/w\/mypham3\/wp-content\/uploads\/2017\/07\/12334-1-768x212.jpg 768w, https:\/\/congtyphannguyen.com\/w\/mypham3\/wp-content\/uploads\/2017\/07\/12334-1.jpg 1920w\" sizes=\"(max-width: 1020px) 100vw, 1020px\" \/>\t\t\t\t\t\t\n\t\t\t\t\t<\/div>\n\t\t\t\t\t\t\t\t\n<style>\n#image_1470271835 {\n  width: 100%;\n}\n<\/style>\n\t<\/div>\n\t\n<h3 style=\"text-align: center;\">C\u00c1C TH\u01af\u01a0NG HI\u1ec6U M\u1ef8 PH\u1ea8M CH\u00daNG T\u00d4I \u0110ANG KINH DOANH<\/h3>\n<p><img loading=\"lazy\" class=\"aligncenter wp-image-793\" src=\"https:\/\/bizhostvn.com\/w\/mypham3\/wp-content\/uploads\/2017\/07\/SHARP.png\" alt=\"\" width=\"150\" height=\"38\" \/><\/p>\n<div class=\"row row-small align-middle\"  id=\"row-1910256917\">\n\n\t<div id=\"col-67255047\" class=\"col medium-2 small-6 large-2\"  >\n\t\t\t\t<div class=\"col-inner\"  >\n\t\t\t\n\t\t\t\n\t<div class=\"img has-hover x md-x lg-x y md-y lg-y\" id=\"image_378188907\">\n\t\t\t\t\t\t\t\t<div class=\"img-inner dark\" >\n\t\t\t<img width=\"500\" height=\"133\" src=\"https:\/\/congtyphannguyen.com\/w\/mypham3\/wp-content\/uploads\/2017\/07\/LOREAL-Logo-500x133.png\" class=\"attachment-large size-large\" alt=\"\" loading=\"lazy\" srcset=\"https:\/\/congtyphannguyen.com\/w\/mypham3\/wp-content\/uploads\/2017\/07\/LOREAL-Logo-500x133.png 500w, https:\/\/congtyphannguyen.com\/w\/mypham3\/wp-content\/uploads\/2017\/07\/LOREAL-Logo-500x133-300x80.png 300w\" sizes=\"(max-width: 500px) 100vw, 500px\" \/>\t\t\t\t\t\t\n\t\t\t\t\t<\/div>\n\t\t\t\t\t\t\t\t\n<style>\n#image_378188907 {\n  width: 100%;\n}\n<\/style>\n\t<\/div>\n\t\n\t\t<\/div>\n\t\t\t\t\t<\/div>\n\n\t\n\n\t<div id=\"col-1997885771\" class=\"col medium-2 small-6 large-2\"  >\n\t\t\t\t<div class=\"col-inner\"  >\n\t\t\t\n\t\t\t\n\t<div class=\"img has-hover x md-x lg-x y md-y lg-y\" id=\"image_205660440\">\n\t\t\t\t\t\t\t\t<div class=\"img-inner dark\" >\n\t\t\t<img width=\"450\" height=\"263\" src=\"https:\/\/congtyphannguyen.com\/w\/mypham3\/wp-content\/uploads\/2017\/07\/logo2.png\" class=\"attachment-large size-large\" alt=\"\" loading=\"lazy\" srcset=\"https:\/\/congtyphannguyen.com\/w\/mypham3\/wp-content\/uploads\/2017\/07\/logo2.png 450w, https:\/\/congtyphannguyen.com\/w\/mypham3\/wp-content\/uploads\/2017\/07\/logo2-300x175.png 300w\" sizes=\"(max-width: 450px) 100vw, 450px\" \/>\t\t\t\t\t\t\n\t\t\t\t\t<\/div>\n\t\t\t\t\t\t\t\t\n<style>\n#image_205660440 {\n  width: 100%;\n}\n<\/style>\n\t<\/div>\n\t\n\t\t<\/div>\n\t\t\t\t\t<\/div>\n\n\t\n\n\t<div id=\"col-1994134006\" class=\"col medium-2 small-6 large-2\"  >\n\t\t\t\t<div class=\"col-inner\"  >\n\t\t\t\n\t\t\t\n\t<div class=\"img has-hover x md-x lg-x y md-y lg-y\" id=\"image_1506589847\">\n\t\t\t\t\t\t\t\t<div class=\"img-inner dark\" >\n\t\t\t<img width=\"300\" height=\"176\" src=\"https:\/\/congtyphannguyen.com\/w\/mypham3\/wp-content\/uploads\/2017\/07\/logo-vang1-300x176.png\" class=\"attachment-large size-large\" alt=\"\" loading=\"lazy\" \/>\t\t\t\t\t\t\n\t\t\t\t\t<\/div>\n\t\t\t\t\t\t\t\t\n<style>\n#image_1506589847 {\n  width: 100%;\n}\n<\/style>\n\t<\/div>\n\t\n\t\t<\/div>\n\t\t\t\t\t<\/div>\n\n\t\n\n\t<div id=\"col-1551729481\" class=\"col medium-2 small-6 large-2\"  >\n\t\t\t\t<div class=\"col-inner\"  >\n\t\t\t\n\t\t\t\n\t<div class=\"img has-hover x md-x lg-x y md-y lg-y\" id=\"image_1188190821\">\n\t\t\t\t\t\t\t\t<div class=\"img-inner dark\" >\n\t\t\t<img width=\"395\" height=\"87\" src=\"https:\/\/congtyphannguyen.com\/w\/mypham3\/wp-content\/uploads\/2017\/07\/logo8.png\" class=\"attachment-large size-large\" alt=\"\" loading=\"lazy\" srcset=\"https:\/\/congtyphannguyen.com\/w\/mypham3\/wp-content\/uploads\/2017\/07\/logo8.png 395w, https:\/\/congtyphannguyen.com\/w\/mypham3\/wp-content\/uploads\/2017\/07\/logo8-300x66.png 300w\" sizes=\"(max-width: 395px) 100vw, 395px\" \/>\t\t\t\t\t\t\n\t\t\t\t\t<\/div>\n\t\t\t\t\t\t\t\t\n<style>\n#image_1188190821 {\n  width: 100%;\n}\n<\/style>\n\t<\/div>\n\t\n\t\t<\/div>\n\t\t\t\t\t<\/div>\n\n\t\n\n\t<div id=\"col-2029028528\" class=\"col medium-2 small-12 large-2\"  >\n\t\t\t\t<div class=\"col-inner\"  >\n\t\t\t\n\t\t\t\n\t<div class=\"img has-hover x md-x lg-x y md-y lg-y\" id=\"image_382971096\">\n\t\t\t\t\t\t\t\t<div class=\"img-inner dark\" >\n\t\t\t<img width=\"827\" height=\"430\" src=\"https:\/\/congtyphannguyen.com\/w\/mypham3\/wp-content\/uploads\/2017\/07\/cd45e1cae17b8d9e2f299168a691dbd2.png\" class=\"attachment-large size-large\" alt=\"\" loading=\"lazy\" srcset=\"https:\/\/congtyphannguyen.com\/w\/mypham3\/wp-content\/uploads\/2017\/07\/cd45e1cae17b8d9e2f299168a691dbd2.png 827w, https:\/\/congtyphannguyen.com\/w\/mypham3\/wp-content\/uploads\/2017\/07\/cd45e1cae17b8d9e2f299168a691dbd2-300x156.png 300w, https:\/\/congtyphannguyen.com\/w\/mypham3\/wp-content\/uploads\/2017\/07\/cd45e1cae17b8d9e2f299168a691dbd2-768x399.png 768w\" sizes=\"(max-width: 827px) 100vw, 827px\" \/>\t\t\t\t\t\t\n\t\t\t\t\t<\/div>\n\t\t\t\t\t\t\t\t\n<style>\n#image_382971096 {\n  width: 100%;\n}\n<\/style>\n\t<\/div>\n\t\n\t\t<\/div>\n\t\t\t\t\t<\/div>\n\n\t\n\n\t<div id=\"col-681432404\" class=\"col medium-2 small-12 large-2\"  >\n\t\t\t\t<div class=\"col-inner\"  >\n\t\t\t\n\t\t\t\n\t<div class=\"img has-hover x md-x lg-x y md-y lg-y\" id=\"image_1693687866\">\n\t\t\t\t\t\t\t\t<div class=\"img-inner dark\" >\n\t\t\t<img width=\"1020\" height=\"557\" src=\"https:\/\/congtyphannguyen.com\/w\/mypham3\/wp-content\/uploads\/2017\/07\/logo_polla-1024x559.png\" class=\"attachment-large size-large\" alt=\"\" loading=\"lazy\" srcset=\"https:\/\/congtyphannguyen.com\/w\/mypham3\/wp-content\/uploads\/2017\/07\/logo_polla-1024x559.png 1024w, https:\/\/congtyphannguyen.com\/w\/mypham3\/wp-content\/uploads\/2017\/07\/logo_polla-300x164.png 300w, https:\/\/congtyphannguyen.com\/w\/mypham3\/wp-content\/uploads\/2017\/07\/logo_polla-768x419.png 768w, https:\/\/congtyphannguyen.com\/w\/mypham3\/wp-content\/uploads\/2017\/07\/logo_polla.png 1472w\" sizes=\"(max-width: 1020px) 100vw, 1020px\" \/>\t\t\t\t\t\t\n\t\t\t\t\t<\/div>\n\t\t\t\t\t\t\t\t\n<style>\n#image_1693687866 {\n  width: 100%;\n}\n<\/style>\n\t<\/div>\n\t\n\t\t<\/div>\n\t\t\t\t\t<\/div>\n\n\t\n<\/div>\n<div class=\"row row-small align-middle\"  id=\"row-1989605572\">\n\n\t<div id=\"col-753150129\" class=\"col medium-2 small-6 large-2\"  >\n\t\t\t\t<div class=\"col-inner\"  >\n\t\t\t\n\t\t\t\n\t<div class=\"img has-hover x md-x lg-x y md-y lg-y\" id=\"image_784850025\">\n\t\t\t\t\t\t\t\t<div class=\"img-inner dark\" >\n\t\t\t<img width=\"450\" height=\"263\" src=\"https:\/\/congtyphannguyen.com\/w\/mypham3\/wp-content\/uploads\/2017\/07\/logo2.png\" class=\"attachment-large size-large\" alt=\"\" loading=\"lazy\" srcset=\"https:\/\/congtyphannguyen.com\/w\/mypham3\/wp-content\/uploads\/2017\/07\/logo2.png 450w, https:\/\/congtyphannguyen.com\/w\/mypham3\/wp-content\/uploads\/2017\/07\/logo2-300x175.png 300w\" sizes=\"(max-width: 450px) 100vw, 450px\" \/>\t\t\t\t\t\t\n\t\t\t\t\t<\/div>\n\t\t\t\t\t\t\t\t\n<style>\n#image_784850025 {\n  width: 100%;\n}\n<\/style>\n\t<\/div>\n\t\n\t\t<\/div>\n\t\t\t\t\t<\/div>\n\n\t\n\n\t<div id=\"col-1336165274\" class=\"col medium-2 small-6 large-2\"  >\n\t\t\t\t<div class=\"col-inner\"  >\n\t\t\t\n\t\t\t\n\t<div class=\"img has-hover x md-x lg-x y md-y lg-y\" id=\"image_1841619711\">\n\t\t\t\t\t\t\t\t<div class=\"img-inner dark\" >\n\t\t\t<img width=\"395\" height=\"87\" src=\"https:\/\/congtyphannguyen.com\/w\/mypham3\/wp-content\/uploads\/2017\/07\/logo8.png\" class=\"attachment-large size-large\" alt=\"\" loading=\"lazy\" srcset=\"https:\/\/congtyphannguyen.com\/w\/mypham3\/wp-content\/uploads\/2017\/07\/logo8.png 395w, https:\/\/congtyphannguyen.com\/w\/mypham3\/wp-content\/uploads\/2017\/07\/logo8-300x66.png 300w\" sizes=\"(max-width: 395px) 100vw, 395px\" \/>\t\t\t\t\t\t\n\t\t\t\t\t<\/div>\n\t\t\t\t\t\t\t\t\n<style>\n#image_1841619711 {\n  width: 100%;\n}\n<\/style>\n\t<\/div>\n\t\n\t\t<\/div>\n\t\t\t\t\t<\/div>\n\n\t\n\n\t<div id=\"col-2070591200\" class=\"col medium-2 small-6 large-2\"  >\n\t\t\t\t<div class=\"col-inner\"  >\n\t\t\t\n\t\t\t\n\t<div class=\"img has-hover x md-x lg-x y md-y lg-y\" id=\"image_1828205891\">\n\t\t\t\t\t\t\t\t<div class=\"img-inner dark\" >\n\t\t\t<img width=\"500\" height=\"133\" src=\"https:\/\/congtyphannguyen.com\/w\/mypham3\/wp-content\/uploads\/2017\/07\/LOREAL-Logo-500x133.png\" class=\"attachment-large size-large\" alt=\"\" loading=\"lazy\" srcset=\"https:\/\/congtyphannguyen.com\/w\/mypham3\/wp-content\/uploads\/2017\/07\/LOREAL-Logo-500x133.png 500w, https:\/\/congtyphannguyen.com\/w\/mypham3\/wp-content\/uploads\/2017\/07\/LOREAL-Logo-500x133-300x80.png 300w\" sizes=\"(max-width: 500px) 100vw, 500px\" \/>\t\t\t\t\t\t\n\t\t\t\t\t<\/div>\n\t\t\t\t\t\t\t\t\n<style>\n#image_1828205891 {\n  width: 100%;\n}\n<\/style>\n\t<\/div>\n\t\n\t\t<\/div>\n\t\t\t\t\t<\/div>\n\n\t\n\n\t<div id=\"col-836047737\" class=\"col medium-2 small-6 large-2\"  >\n\t\t\t\t<div class=\"col-inner\"  >\n\t\t\t\n\t\t\t\n\t<div class=\"img has-hover x md-x lg-x y md-y lg-y\" id=\"image_470103379\">\n\t\t\t\t\t\t\t\t<div class=\"img-inner dark\" >\n\t\t\t<img width=\"300\" height=\"176\" src=\"https:\/\/congtyphannguyen.com\/w\/mypham3\/wp-content\/uploads\/2017\/07\/logo-vang1-300x176.png\" class=\"attachment-large size-large\" alt=\"\" loading=\"lazy\" \/>\t\t\t\t\t\t\n\t\t\t\t\t<\/div>\n\t\t\t\t\t\t\t\t\n<style>\n#image_470103379 {\n  width: 100%;\n}\n<\/style>\n\t<\/div>\n\t\n\t\t<\/div>\n\t\t\t\t\t<\/div>\n\n\t\n\n\t<div id=\"col-1696916554\" class=\"col medium-2 small-12 large-2\"  >\n\t\t\t\t<div class=\"col-inner\"  >\n\t\t\t\n\t\t\t\n\t<div class=\"img has-hover x md-x lg-x y md-y lg-y\" id=\"image_683017144\">\n\t\t\t\t\t\t\t\t<div class=\"img-inner dark\" >\n\t\t\t<img width=\"1020\" height=\"557\" src=\"https:\/\/congtyphannguyen.com\/w\/mypham3\/wp-content\/uploads\/2017\/07\/logo_polla-1024x559.png\" class=\"attachment-large size-large\" alt=\"\" loading=\"lazy\" srcset=\"https:\/\/congtyphannguyen.com\/w\/mypham3\/wp-content\/uploads\/2017\/07\/logo_polla-1024x559.png 1024w, https:\/\/congtyphannguyen.com\/w\/mypham3\/wp-content\/uploads\/2017\/07\/logo_polla-300x164.png 300w, https:\/\/congtyphannguyen.com\/w\/mypham3\/wp-content\/uploads\/2017\/07\/logo_polla-768x419.png 768w, https:\/\/congtyphannguyen.com\/w\/mypham3\/wp-content\/uploads\/2017\/07\/logo_polla.png 1472w\" sizes=\"(max-width: 1020px) 100vw, 1020px\" \/>\t\t\t\t\t\t\n\t\t\t\t\t<\/div>\n\t\t\t\t\t\t\t\t\n<style>\n#image_683017144 {\n  width: 100%;\n}\n<\/style>\n\t<\/div>\n\t\n\t\t<\/div>\n\t\t\t\t\t<\/div>\n\n\t\n\n\t<div id=\"col-69898062\" class=\"col medium-2 small-12 large-2\"  >\n\t\t\t\t<div class=\"col-inner\"  >\n\t\t\t\n\t\t\t\n\t<div class=\"img has-hover x md-x lg-x y md-y lg-y\" id=\"image_1883106059\">\n\t\t\t\t\t\t\t\t<div class=\"img-inner dark\" >\n\t\t\t<img width=\"827\" height=\"430\" src=\"https:\/\/congtyphannguyen.com\/w\/mypham3\/wp-content\/uploads\/2017\/07\/cd45e1cae17b8d9e2f299168a691dbd2.png\" class=\"attachment-large size-large\" alt=\"\" loading=\"lazy\" srcset=\"https:\/\/congtyphannguyen.com\/w\/mypham3\/wp-content\/uploads\/2017\/07\/cd45e1cae17b8d9e2f299168a691dbd2.png 827w, https:\/\/congtyphannguyen.com\/w\/mypham3\/wp-content\/uploads\/2017\/07\/cd45e1cae17b8d9e2f299168a691dbd2-300x156.png 300w, https:\/\/congtyphannguyen.com\/w\/mypham3\/wp-content\/uploads\/2017\/07\/cd45e1cae17b8d9e2f299168a691dbd2-768x399.png 768w\" sizes=\"(max-width: 827px) 100vw, 827px\" \/>\t\t\t\t\t\t\n\t\t\t\t\t<\/div>\n\t\t\t\t\t\t\t\t\n<style>\n#image_1883106059 {\n  width: 100%;\n}\n<\/style>\n\t<\/div>\n\t\n\t\t<\/div>\n\t\t\t\t\t<\/div>\n\n\t\n<\/div>\n","protected":false},"excerpt":{"rendered":"<p>C\u00c1C TH\u01af\u01a0NG HI\u1ec6U M\u1ef8 PH\u1ea8M CH\u00daNG T\u00d4I \u0110ANG KINH DOANH<\/p>\n","protected":false},"author":1,"featured_media":0,"parent":0,"menu_order":0,"comment_status":"closed","ping_status":"closed","template":"page-blank.php","meta":[],"_links":{"self":[{"href":"https:\/\/congtyphannguyen.com\/w\/mypham3\/wp-json\/wp\/v2\/pages\/56"}],"collection":[{"href":"https:\/\/congtyphannguyen.com\/w\/mypham3\/wp-json\/wp\/v2\/pages"}],"about":[{"href":"https:\/\/congtyphannguyen.com\/w\/mypham3\/wp-json\/wp\/v2\/types\/page"}],"author":[{"embeddable":true,"href":"https:\/\/congtyphannguyen.com\/w\/mypham3\/wp-json\/wp\/v2\/users\/1"}],"replies":[{"embeddable":true,"href":"https:\/\/congtyphannguyen.com\/w\/mypham3\/wp-json\/wp\/v2\/comments?post=56"}],"version-history":[{"count":10,"href":"https:\/\/congtyphannguyen.com\/w\/mypham3\/wp-json\/wp\/v2\/pages\/56\/revisions"}],"predecessor-version":[{"id":825,"href":"https:\/\/congtyphannguyen.com\/w\/mypham3\/wp-json\/wp\/v2\/pages\/56\/revisions\/825"}],"wp:attachment":[{"href":"https:\/\/congtyphannguyen.com\/w\/mypham3\/wp-json\/wp\/v2\/media?parent=56"}],"curies":[{"name":"wp","href":"https:\/\/api.w.org\/{rel}","templated":true}]}}