{"id":621,"date":"2018-04-18T15:09:10","date_gmt":"2018-04-18T08:09:10","guid":{"rendered":"https:\/\/bizhostvn.com\/w\/noithat4\/?page_id=621"},"modified":"2018-04-18T16:09:25","modified_gmt":"2018-04-18T09:09:25","slug":"lien-he","status":"publish","type":"page","link":"https:\/\/congtyphannguyen.com\/w\/noitha4\/lien-he\/","title":{"rendered":"Li\u00ean h\u1ec7"},"content":{"rendered":"\t<div id=\"gap-36558316\" class=\"gap-element clearfix\" style=\"display:block; height:auto;\">\n\t\t\n<style>\n#gap-36558316 {\n  padding-top: 15px;\n}\n<\/style>\n\t<\/div>\n\t\n<div class=\"row\"  id=\"row-1580909977\">\n\n\t<div id=\"col-1624320861\" class=\"col small-12 large-12\"  >\n\t\t\t\t<div class=\"col-inner\"  >\n\t\t\t\n\t\t\t\n\t<div class=\"img has-hover x md-x lg-x y md-y lg-y\" id=\"image_297898422\">\n\t\t\t\t\t\t\t\t<div class=\"img-inner image-cover dark\" style=\"padding-top:22%;\">\n\t\t\t<img width=\"870\" height=\"321\" src=\"https:\/\/congtyphannguyen.com\/w\/noitha4\/wp-content\/uploads\/2018\/04\/slider1.jpg\" class=\"attachment-original size-original\" alt=\"\" loading=\"lazy\" srcset=\"https:\/\/congtyphannguyen.com\/w\/noitha4\/wp-content\/uploads\/2018\/04\/slider1.jpg 870w, https:\/\/congtyphannguyen.com\/w\/noitha4\/wp-content\/uploads\/2018\/04\/slider1-300x111.jpg 300w, https:\/\/congtyphannguyen.com\/w\/noitha4\/wp-content\/uploads\/2018\/04\/slider1-768x283.jpg 768w\" sizes=\"(max-width: 870px) 100vw, 870px\" \/>\t\t\t\t\t\t\n\t\t\t\t\t<\/div>\n\t\t\t\t\t\t\t\t\n<style>\n#image_297898422 {\n  width: 100%;\n}\n<\/style>\n\t<\/div>\n\t\n\t\t<\/div>\n\t\t\t\t\t<\/div>\n\n\t\n<\/div>\n\t<section class=\"section\" id=\"section_1628471154\">\n\t\t<div class=\"bg section-bg fill bg-fill  bg-loaded\" >\n\n\t\t\t\n\t\t\t\n\t\t\t\n\n\t\t<\/div>\n\n\t\t<div class=\"section-content relative\">\n\t\t\t\n<div class=\"row\"  id=\"row-1594490076\">\n\n\t<div id=\"col-613817772\" class=\"col medium-4 small-12 large-4\"  >\n\t\t\t\t<div class=\"col-inner\"  >\n\t\t\t\n\t\t\t\n<div class=\"container section-title-container\" ><h3 class=\"section-title section-title-normal\"><b><\/b><span class=\"section-title-main\" style=\"font-size:90%;color:rgb(0, 86, 2);\">Th\u00f4ng tin c\u00f4ng ty<\/span><b><\/b><\/h3><\/div>\n<ul>\n<li class=\"bullet-arrow\"><span style=\"font-size: 95%;\"><span class=\"sun-con\">T\u00ean doanh nghi\u1ec7p: C\u00f4ng ty TNHH X\u00e2y d\u1ef1ng v\u00e0 N\u1ed9i th\u1ea5t Ki\u1ec1u D\u01b0\u01a1ng<\/span><\/span><\/li>\n<li class=\"bullet-arrow\"><span style=\"font-size: 95%;\"><span class=\"sun-con\">T\u00ean qu\u1ed1c t\u1ebf: Kieu Duong Building and Interior Co.,Ltd<\/span><\/span><\/li>\n<li class=\"noi-dung bullet-arrow\"><span style=\"font-size: 95%;\"><span class=\"noi-bic\"><span class=\"lorom\">\u0110\u1ecba ch\u1ec9: P303, T\u1ea7ng 3, S\u1ed1 10 Tr\u1ea7n Ph\u00fa, H\u00e0 \u0110\u00f4ng, H\u00e0 N\u1ed9i (\u0110\u1ed1i di\u1ec7n H\u1ecdc vi\u1ec7n An ninh Nh\u00e2n d\u00e2n)<\/span><\/span><\/span><\/li>\n<li class=\"bullet-arrow\"><span style=\"font-size: 95%;\"><span class=\"noi-bic\"><i class=\"icon-call-out\"><\/i><span class=\"lorom\">\u0110i\u1ec7n tho\u1ea1i:\u00a0<a href=\"tel:02466866621\">02466.866.621<\/a>\u00a0| Hotline:\u00a0<a href=\"tel:0987253888\">0987.253.888<\/a><\/span><\/span><\/span><\/li>\n<li class=\"bullet-arrow\"><span style=\"font-size: 95%;\"><span class=\"noi-bic\"><i class=\"icon-envelope-open\"><\/i><span class=\"lorom\">Email:\u00a0<a href=\"mailto:noithatkieuduong@gmail.com\">noithatkieuduong@gmail.com<\/a><\/span><\/span><\/span><\/li>\n<li class=\"bullet-arrow\"><span style=\"font-size: 95%;\"><span class=\"noi-bic\"><i class=\"icon-globe\"><\/i><span class=\"lorom\">Website:\u00a0<a href=\"https:\/\/noithatkieuduong.com\/\">noithatkieuduong.com<\/a><\/span><\/span><\/span><\/li>\n<\/ul>\n<div class=\"noi-dung\">\u00a0<\/div>\n\t\t<\/div>\n\t\t\t\t\t<\/div>\n\n\t\n\n\t<div id=\"col-237148011\" class=\"col medium-4 small-12 large-4\"  >\n\t\t\t\t<div class=\"col-inner\"  >\n\t\t\t\n\t\t\t\n<div class=\"container section-title-container\" ><h3 class=\"section-title section-title-normal\"><b><\/b><span class=\"section-title-main\" style=\"font-size:90%;color:rgb(2, 72, 0);\">X\u01b0\u1edfng s\u1ea3n xu\u1ea5t<\/span><b><\/b><\/h3><\/div>\n<ul>\n<li class=\"bullet-arrow\"><span style=\"font-size: 95%;\"><span class=\"sun-con\">T\u00ean doanh nghi\u1ec7p: C\u00f4ng ty TNHH X\u00e2y d\u1ef1ng v\u00e0 N\u1ed9i th\u1ea5t Ki\u1ec1u D\u01b0\u01a1ng<\/span><\/span><\/li>\n<li class=\"bullet-arrow\"><span style=\"font-size: 95%;\"><span class=\"sun-con\">T\u00ean qu\u1ed1c t\u1ebf: Kieu Duong Building and Interior Co.,Ltd<\/span><\/span><\/li>\n<li class=\"noi-dung bullet-arrow\"><span style=\"font-size: 95%;\"><span class=\"noi-bic\"><span class=\"lorom\">\u0110\u1ecba ch\u1ec9: P303, T\u1ea7ng 3, S\u1ed1 10 Tr\u1ea7n Ph\u00fa, H\u00e0 \u0110\u00f4ng, H\u00e0 N\u1ed9i (\u0110\u1ed1i di\u1ec7n H\u1ecdc vi\u1ec7n An ninh Nh\u00e2n d\u00e2n)<\/span><\/span><\/span><\/li>\n<li class=\"bullet-arrow\"><span style=\"font-size: 95%;\"><span class=\"noi-bic\"><i class=\"icon-call-out\"><\/i><span class=\"lorom\">\u0110i\u1ec7n tho\u1ea1i:\u00a0<a href=\"tel:02466866621\">02466.866.621<\/a>\u00a0| Hotline:\u00a0<a href=\"tel:0987253888\">0987.253.888<\/a><\/span><\/span><\/span><\/li>\n<li class=\"bullet-arrow\"><span style=\"font-size: 95%;\"><span class=\"noi-bic\"><i class=\"icon-envelope-open\"><\/i><span class=\"lorom\">Email:\u00a0<a href=\"mailto:noithatkieuduong@gmail.com\">noithatkieuduong@gmail.com<\/a><\/span><\/span><\/span><\/li>\n<li class=\"bullet-arrow\"><span style=\"font-size: 95%;\"><span class=\"noi-bic\"><i class=\"icon-globe\"><\/i><span class=\"lorom\">Website:\u00a0<a href=\"https:\/\/noithatkieuduong.com\/\">noithatkieuduong.com<\/a><\/span><\/span><\/span><\/li>\n<\/ul>\n<div class=\"noi-dung\">\u00a0<\/div>\n\t\t<\/div>\n\t\t\t\t\t<\/div>\n\n\t\n\n\t<div id=\"col-2010292711\" class=\"col medium-4 small-12 large-4\"  >\n\t\t\t\t<div class=\"col-inner\"  >\n\t\t\t\n\t\t\t\n<div class=\"container section-title-container\" ><h3 class=\"section-title section-title-normal\"><b><\/b><span class=\"section-title-main\" style=\"font-size:90%;color:rgb(2, 72, 0);\">form li\u00ean h\u1ec7<\/span><b><\/b><\/h3><\/div>\n[contact-form-7 id=&#8221;606&#8243;]\n\t\t<\/div>\n\t\t\t\t\t<\/div>\n\n\t\n\n\t<div id=\"col-865827005\" class=\"col small-12 large-12\"  >\n\t\t\t\t<div class=\"col-inner\"  >\n\t\t\t\n\t\t\t\n<p><iframe loading=\"lazy\" style=\"border: 0;\" src=\"https:\/\/www.google.com\/maps\/embed?pb=!1m14!1m8!1m3!1d14900.931775031808!2d105.79967699999999!3d20.9832975!3m2!1i1024!2i768!4f13.1!3m3!1m2!1s0x0%3A0x4fc1c256d7cdb4d!2zR2l1c2VBcnQgLSBUaGnhur90IGvhur8gxJHhu5MgaOG7jWEgdsOgIHdlYnNpdGUgY2h1ecOqbiBuZ2hp4buHcA!5e0!3m2!1svi!2s!4v1524042080651\" width=\"100%\" height=\"250\" frameborder=\"0\" allowfullscreen=\"allowfullscreen\"><\/iframe><\/p>\n\t\t<\/div>\n\t\t\t\t\t<\/div>\n\n\t\n<\/div>\n\t\t<\/div>\n\n\t\t\n<style>\n#section_1628471154 {\n  padding-top: 14px;\n  padding-bottom: 14px;\n}\n<\/style>\n\t<\/section>\n\t\n","protected":false},"excerpt":{"rendered":"","protected":false},"author":1,"featured_media":0,"parent":0,"menu_order":0,"comment_status":"closed","ping_status":"closed","template":"page-blank.php","meta":[],"_links":{"self":[{"href":"https:\/\/congtyphannguyen.com\/w\/noitha4\/wp-json\/wp\/v2\/pages\/621"}],"collection":[{"href":"https:\/\/congtyphannguyen.com\/w\/noitha4\/wp-json\/wp\/v2\/pages"}],"about":[{"href":"https:\/\/congtyphannguyen.com\/w\/noitha4\/wp-json\/wp\/v2\/types\/page"}],"author":[{"embeddable":true,"href":"https:\/\/congtyphannguyen.com\/w\/noitha4\/wp-json\/wp\/v2\/users\/1"}],"replies":[{"embeddable":true,"href":"https:\/\/congtyphannguyen.com\/w\/noitha4\/wp-json\/wp\/v2\/comments?post=621"}],"version-history":[{"count":0,"href":"https:\/\/congtyphannguyen.com\/w\/noitha4\/wp-json\/wp\/v2\/pages\/621\/revisions"}],"wp:attachment":[{"href":"https:\/\/congtyphannguyen.com\/w\/noitha4\/wp-json\/wp\/v2\/media?parent=621"}],"curies":[{"name":"wp","href":"https:\/\/api.w.org\/{rel}","templated":true}]}}