{"id":52,"date":"2018-11-28T07:37:20","date_gmt":"2018-11-28T07:37:20","guid":{"rendered":"https:\/\/tppone.com\/demo\/nuocgiat\/?page_id=52"},"modified":"2018-11-28T20:14:01","modified_gmt":"2018-11-28T13:14:01","slug":"lien-he","status":"publish","type":"page","link":"https:\/\/congtyphannguyen.com\/w\/nuocgiat\/lien-he\/","title":{"rendered":"Li\u00ean h\u1ec7"},"content":{"rendered":"<div class=\"row row-lien-he\"  id=\"row-813534766\">\n\n\t<div id=\"col-1769863224\" class=\"col small-12 large-12\"  >\n\t\t\t\t<div class=\"col-inner\"  >\n\t\t\t\n\t\t\t\n\t<div class=\"img has-hover x md-x lg-x y md-y lg-y\" id=\"image_1532551304\">\n\t\t\t\t\t\t\t\t<div class=\"img-inner image-cover dark\" style=\"padding-top:15%;\">\n\t\t\t<img width=\"1366\" height=\"435\" src=\"https:\/\/congtyphannguyen.com\/w\/nuocgiat\/wp-content\/uploads\/2018\/11\/slider2-1.jpg\" class=\"attachment-original size-original\" alt=\"\" loading=\"lazy\" srcset=\"https:\/\/congtyphannguyen.com\/w\/nuocgiat\/wp-content\/uploads\/2018\/11\/slider2-1.jpg 1366w, https:\/\/congtyphannguyen.com\/w\/nuocgiat\/wp-content\/uploads\/2018\/11\/slider2-1-300x96.jpg 300w, https:\/\/congtyphannguyen.com\/w\/nuocgiat\/wp-content\/uploads\/2018\/11\/slider2-1-768x245.jpg 768w, https:\/\/congtyphannguyen.com\/w\/nuocgiat\/wp-content\/uploads\/2018\/11\/slider2-1-1024x326.jpg 1024w, https:\/\/congtyphannguyen.com\/w\/nuocgiat\/wp-content\/uploads\/2018\/11\/slider2-1-600x191.jpg 600w\" sizes=\"(max-width: 1366px) 100vw, 1366px\" \/>\t\t\t\t\t\t\n\t\t\t\t\t<\/div>\n\t\t\t\t\t\t\t\t\n<style>\n#image_1532551304 {\n  width: 100%;\n}\n<\/style>\n\t<\/div>\n\t\n\t\t<\/div>\n\t\t\t\t\t<\/div>\n\n\t\n\n\t<div id=\"col-1234974906\" class=\"col medium-6 small-12 large-6\"  >\n\t\t\t\t<div class=\"col-inner\"  >\n\t\t\t\n\t\t\t\n<h2>Th\u00f4ng tin li\u00ean h\u1ec7:<\/h2>\n<ul>\n<li>Li\u00ean h\u1ec7:\u00a0DEMO<\/li>\n<li>Phone:\u00a00909000000<\/li>\n<li>Email:\u00a0demoweb@gmail.com<\/li>\n<li>Website:\u00a0www.Webdemo.com<\/li>\n<li>Flickr:\u00a0www.flickr.com\/photos\/demo@N07\/albums<\/li>\n<li>Behance:\u00a0https:\/\/www.behance.net\/demo<\/li>\n<li>Intesest:\u00a0https:\/\/www.pinterest.com\/demo\/pins\/<\/li>\n<\/ul>\n<h3>Chi nh\u00e1nh H\u00e0 N\u1ed9i<\/h3>\n<ul>\n<li>\u0110\u1ecba ch\u1ec9: S\u1ed1 19 ng\u00f5 18 L\u01b0\u01a1ng Ng\u1ecdc Quy\u1ebfn, V\u0103n Qu\u00e1n, H\u00e0 \u0110\u00f4ng, H\u00e0 N\u1ed9i<\/li>\n<li>\u0110i\u1ec7n tho\u1ea1i: 0909000000 &#8211; 01324.567.890<\/li>\n<li>Email: demoweb@gmail.com<\/li>\n<\/ul>\n\t\t<\/div>\n\t\t\t\t\t<\/div>\n\n\t\n\n\t<div id=\"col-367649003\" class=\"col medium-6 small-12 large-6\"  >\n\t\t\t\t<div class=\"col-inner\"  >\n\t\t\t\n\t\t\t\n<h2>Bi\u1ec3u m\u1eabu li\u00ean h\u1ec7<\/h2>\n<div role=\"form\" class=\"wpcf7\" id=\"wpcf7-f477-o1\" lang=\"vi\" dir=\"ltr\">\n<div class=\"screen-reader-response\"><\/div>\n<form action=\"\/w\/nuocgiat\/wp-json\/wp\/v2\/pages\/52#wpcf7-f477-o1\" method=\"post\" class=\"wpcf7-form\" novalidate=\"novalidate\">\n<div style=\"display: none;\">\n<input type=\"hidden\" name=\"_wpcf7\" value=\"477\" \/>\n<input type=\"hidden\" name=\"_wpcf7_version\" value=\"5.0.5\" \/>\n<input type=\"hidden\" name=\"_wpcf7_locale\" value=\"vi\" \/>\n<input type=\"hidden\" name=\"_wpcf7_unit_tag\" value=\"wpcf7-f477-o1\" \/>\n<input type=\"hidden\" name=\"_wpcf7_container_post\" value=\"0\" \/>\n<\/div>\n<p><span class=\"wpcf7-form-control-wrap text-324\"><input type=\"text\" name=\"text-324\" value=\"\" size=\"40\" class=\"wpcf7-form-control wpcf7-text wpcf7-validates-as-required\" aria-required=\"true\" aria-invalid=\"false\" placeholder=\"H\u1ecd v\u00e0 t\u00ean...\" \/><\/span><br \/>\n<span class=\"wpcf7-form-control-wrap email-866\"><input type=\"email\" name=\"email-866\" value=\"\" size=\"40\" class=\"wpcf7-form-control wpcf7-text wpcf7-email wpcf7-validates-as-email\" aria-invalid=\"false\" placeholder=\"\u0110\u1ecba ch\u1ec9 email...\" \/><\/span><br \/>\n<span class=\"wpcf7-form-control-wrap tel-494\"><input type=\"tel\" name=\"tel-494\" value=\"\" size=\"40\" class=\"wpcf7-form-control wpcf7-text wpcf7-tel wpcf7-validates-as-required wpcf7-validates-as-tel\" aria-required=\"true\" aria-invalid=\"false\" placeholder=\"S\u1ed1 \u0111i\u1ec7n tho\u1ea1i...\" \/><\/span><br \/>\n<span class=\"wpcf7-form-control-wrap text-3234\"><input type=\"text\" name=\"text-3234\" value=\"\" size=\"40\" class=\"wpcf7-form-control wpcf7-text\" aria-invalid=\"false\" placeholder=\"\u0110\u1ecba ch\u1ec9...\" \/><\/span><br \/>\n<span class=\"wpcf7-form-control-wrap textarea-82\"><textarea name=\"textarea-82\" cols=\"40\" rows=\"10\" class=\"wpcf7-form-control wpcf7-textarea\" aria-invalid=\"false\" placeholder=\"N\u1ed9i dung chia s\u1ebb...\"><\/textarea><\/span><br \/>\n<input type=\"submit\" value=\"G\u1eedi li\u00ean h\u1ec7\" class=\"wpcf7-form-control wpcf7-submit\" \/><\/p>\n<div class=\"wpcf7-response-output wpcf7-display-none\"><\/div><\/form><\/div>\n\t\t<\/div>\n\t\t\t\t\t<\/div>\n\n\t\n\n\t<div id=\"col-303805094\" class=\"col small-12 large-12\"  >\n\t\t\t\t<div class=\"col-inner\"  >\n\t\t\t\n\t\t\t\n<p><iframe loading=\"lazy\" src=\"https:\/\/www.google.com\/maps\/embed?pb=!1m14!1m8!1m3!1d14900.931775031808!2d105.79967699999999!3d20.9832975!3m2!1i1024!2i768!4f13.1!3m3!1m2!1s0x0%3A0x4fc1c256d7cdb4d!2zR2l1c2VBcnQgLSBUaGnhur90IGvhur8gxJHhu5MgaOG7jWEgdsOgIHdlYnNpdGUgY2h1ecOqbiBuZ2hp4buHcA!5e0!3m2!1svi!2s!4v1543410570953\" width=\"100%\" height=\"250\" frameborder=\"0\" style=\"border:0\" allowfullscreen><\/iframe><\/p>\n\t\t<\/div>\n\t\t\t\t\t<\/div>\n\n\t\n<\/div>\n","protected":false},"excerpt":{"rendered":"","protected":false},"author":1,"featured_media":0,"parent":0,"menu_order":0,"comment_status":"closed","ping_status":"closed","template":"","meta":[],"_links":{"self":[{"href":"https:\/\/congtyphannguyen.com\/w\/nuocgiat\/wp-json\/wp\/v2\/pages\/52"}],"collection":[{"href":"https:\/\/congtyphannguyen.com\/w\/nuocgiat\/wp-json\/wp\/v2\/pages"}],"about":[{"href":"https:\/\/congtyphannguyen.com\/w\/nuocgiat\/wp-json\/wp\/v2\/types\/page"}],"author":[{"embeddable":true,"href":"https:\/\/congtyphannguyen.com\/w\/nuocgiat\/wp-json\/wp\/v2\/users\/1"}],"replies":[{"embeddable":true,"href":"https:\/\/congtyphannguyen.com\/w\/nuocgiat\/wp-json\/wp\/v2\/comments?post=52"}],"version-history":[{"count":0,"href":"https:\/\/congtyphannguyen.com\/w\/nuocgiat\/wp-json\/wp\/v2\/pages\/52\/revisions"}],"wp:attachment":[{"href":"https:\/\/congtyphannguyen.com\/w\/nuocgiat\/wp-json\/wp\/v2\/media?parent=52"}],"curies":[{"name":"wp","href":"https:\/\/api.w.org\/{rel}","templated":true}]}}