{"id":227,"date":"2017-03-27T01:06:35","date_gmt":"2017-03-26T18:06:35","guid":{"rendered":"http:\/\/pet.fonicweb.com\/?post_type=product&#038;p=227"},"modified":"2017-03-27T05:38:59","modified_gmt":"2017-03-26T22:38:59","slug":"cho-chihuahua-lai","status":"publish","type":"product","link":"https:\/\/congtyphannguyen.com\/w\/pet\/san-pham\/cho-chihuahua-lai\/","title":{"rendered":"Ch\u00f3 chihuahua lai"},"content":{"rendered":"<p>Chihuahua l\u00e0 m\u1ed9t trong nh\u1eefng gi\u1ed1ng ch\u00f3 c\u1ea3nh ph\u1ed5 bi\u1ebfn nh\u1ea5t hi\u1ec7n nay \u1edf Vi\u1ec7t Nam, xu\u1ea5t x\u1ee9 t\u1eeb bang Chihuahua \u2013 Mexico. Gi\u00e1 m\u1ed7i em chihuahua thu\u1ea7n ch\u1ee7ng \u1edf Vi\u1ec7t Nam dao \u0111\u1ed9ng ph\u1ed5 bi\u1ebfn t\u1eeb 2 \u2013 4 tri\u1ec7u, t\u00ednh c\u00e1ch chihuahua kh\u00e1 \u201cch\u1ea3nh\u201d n\u00ean vi\u1ec7c ch\u0103m s\u00f3c c\u0169ng c\u1ea7u k\u1ef3, nh\u1ea5t l\u00e0 kh\u00e2u \u0103n u\u1ed1ng, gi\u00e1 l\u1ea1i cao so v\u1edbi m\u1eb7t b\u1eb1ng chung thu nh\u1eadp c\u1ee7a gi\u1edbi tr\u1ebb. V\u00ec v\u1eady nhi\u1ec1u nh\u00e0 cung c\u1ea5p \u0111\u00e3 t\u00ecm c\u00e1ch lai t\u1ea1o ch\u00f3 chihuahua v\u1edbi c\u00e1c gi\u1ed1ng ch\u00f3 kh\u00e1c \u0111\u1ec3 cho ra nh\u1eefng ch\u00fa ch\u00f3 chihuahua lai d\u1ec5 nu\u00f4i h\u01a1n, gi\u00e1 r\u1ebb h\u01a1n m\u00e0 l\u1ea1i kh\u00f4ng l\u00e0m m\u1ea5t \u0111i d\u00e1ng v\u1ebb nh\u1ecf nh\u1eafn \u0111\u00e1ng y\u00eau c\u1ee7a m\u1ed9t trong nh\u1eefng gi\u1ed1ng ch\u00f3 nh\u1ecf nh\u1ea5t th\u1ebf gi\u1edbi.<\/p>\n<p>C\u00e1c gi\u1ed1ng ch\u00f3 chihuahua lai ph\u1ed5 bi\u1ebfn<\/p>\n<p>1. Chihuahua lai terrier<\/p>\n<p>ch\u00f3 chihuahua lai terrier &#8211; ph\u1ed1c chu\u1ed9t<\/p>\n<p>\u0110\u00e2y l\u00e0 gi\u1ed1ng ch\u00f3 chihuahua lai ph\u1ed5 bi\u1ebfn nh\u1ea5t \u1edf Vi\u1ec7t Nam hi\u1ec7n nay, c\u00f2n \u0111\u01b0\u1ee3c bi\u1ebft \u0111\u1ebfn v\u1edbi t\u00ean g\u1ecdi r\u1ea5t ph\u1ed5 bi\u1ebfn l\u00e0 ch\u00f3 ph\u1ed1c chu\u1ed9t (th\u01b0\u1eddng b\u1ecb nh\u1ea7m v\u1edbi ph\u1ed1c h\u01b0\u01a1u). Nh\u1eefng em ph\u1ed1c chu\u1ed9t th\u00e2n h\u00ecnh nh\u1ecf b\u00e9, cao kho\u1ea3ng 20cm, c\u00e2n n\u1eb7ng ph\u1ed5 bi\u1ebfn t\u1eeb 1 \u2013 2kg, r\u1ea5t d\u1ec5 b\u1ebf theo khi ra ngo\u00e0i. Gi\u00e1 kh\u00f4ng qu\u00e1 cao, t\u1eeb 1 \u2013 2 tri\u1ec7u, t\u00ednh c\u00e1ch kh\u00f4ng ch\u1ea3nh nh\u01b0 chihuahua thu\u1ea7n ch\u1ee7ng n\u00ean d\u1ec5 nu\u00f4i, \u0111\u01b0\u1ee3c nhi\u1ec1u b\u1ea1n tr\u1ebb \u01b0a chu\u1ed9ng.<\/p>\n<p>2. Ch\u00f3 chihuahua lai ph\u1ed1c h\u01b0\u01a1u<\/p>\n<p>Chipin &#8211; ch\u00f3 chihuahua lai ph\u1ed1c h\u01b0\u01a1u<\/p>\n<p>Nh\u1eefng em ch\u00f3 chihuahua lai ph\u1ed1c h\u01b0\u01a1u, hay c\u00f2n \u0111\u01b0\u1ee3c g\u1ecdi l\u00e0 chipin (chihuahua x miniature pinscher), l\u00e0 nh\u1eefng ch\u00fa ch\u00f3 n\u1eb7ng kho\u1ea3ng 2 \u2013 3 kg, cao d\u01b0\u1edbi 25cm, m\u00f5m d\u00e0i, c\u1ed5 cao, l\u01b0ng th\u1eb3ng, ng\u1ef1c n\u1edf, v\u00e0 c\u00f3 d\u00e1ng \u0111\u1ee9ng oai v\u1ec7 c\u1ee7a ch\u00f3 ph\u1ed1c, nh\u01b0ng k\u00edch th\u01b0\u1edbc nh\u1ecf b\u00e9 v\u00e0 t\u00ednh c\u00e1ch r\u1ea5t hi\u1ebfu \u0111\u1ed9ng c\u1ee7a chihuahua. Ch\u00f3 chipin \u0103n u\u1ed1ng kh\u00f4ng c\u1ea7u k\u1ef3 n\u00ean d\u1ec5 nu\u00f4i v\u00e0 ch\u0103m s\u00f3c h\u01a1n nhi\u1ec1u so v\u1edbi chihuahua.<\/p>\n<p>3. Chihuahua lai poodle<\/p>\n<p>ch\u00f3 chihuahua lai poodle &#8211; chipoo<\/p>\n<p>Gi\u1ed1ng ch\u00f3 chihuahua lai n\u00e0y c\u00f2n \u0111\u01b0\u1ee3c g\u1ecdi l\u00e0 chipoo, \u0111\u00e2y l\u00e0 gi\u1ed1ng ch\u00f3 poodle lai kh\u00e1 n\u1ed5i ti\u1ebfng tr\u00ean th\u1ebf gi\u1edbi nh\u01b0ng \u00edt th\u1ea5y \u0111\u01b0\u1ee3c nu\u00f4i \u1edf Vi\u1ec7t Nam. Nh\u1eefng em chipoo s\u1edf h\u1eefu b\u1ed9 l\u00f4ng d\u1ea7y, xo\u0103n c\u1ee7a poodle nh\u01b0ng l\u1ea1i s\u1edf h\u1eefu k\u00edch th\u01b0\u1edbc t\u00ed hon c\u1ee7a chihuahua. Nh\u1eefng em chipoo r\u1ea5t th\u00edch h\u1ee3p v\u1edbi nh\u1eefng ng\u01b0\u1eddi mu\u1ed1n s\u1edf h\u1eefu 1 em poodle tiny ho\u1eb7c teacup m\u00e0 kh\u00f4ng ph\u1ea3i lo ng\u1ea1i v\u1ec1 v\u1ea5n \u0111\u1ec3 s\u1ee9c kh\u1ecfe c\u1ee7a ch\u00fang.<\/p>\n<p>4. Chihuahua l\u00f4ng d\u00e0i<\/p>\n<p>Chihuahua l\u00f4ng d\u00e0i th\u1ef1c ch\u1ea5t c\u0169ng l\u00e0 m\u1ed9t gi\u1ed1ng ch\u00f3 chihuahua lai. Ban \u0111\u1ea7u ch\u1ec9 c\u00f3 gi\u1ed1ng ch\u00f3 chihuahua l\u00f4ng ng\u1eafn xu\u1ea5t x\u1ee9 t\u1eeb bang Chihuahua \u2013 Mexico. V\u1ec1 sau khi gi\u1ed1ng chihuahua l\u00f4ng ng\u1eafn tr\u1edf n\u00ean ph\u1ed5 bi\u1ebfn, ng\u01b0\u1eddi ta b\u1eaft \u0111\u1ea7u lai ch\u00fang v\u1edbi ch\u00f3 B\u1eafc Kinh, ph\u1ed1c s\u00f3c,\u2026 \u0111\u1ec3 cho ra nh\u1eefng em chihuahua l\u00f4ng d\u00e0i. V\u1ec1 c\u01a1 b\u1ea3n, \u0111\u1eb7c \u0111i\u1ec3m v\u00e0 t\u00ednh c\u00e1ch c\u1ee7a chichuahua l\u00f4ng d\u00e0i ho\u00e0n to\u00e0n gi\u1ed1ng l\u00f4ng ng\u1eafn, ch\u1ec9 kh\u00e1c b\u1ed9 l\u00f4ng d\u00e0i v\u00e0 m\u01b0\u1ee3t h\u01a1n.<\/p>\n<p>Gi\u1ed1ng ch\u00f3 chihuahua lai<\/p>\n<p>Kh\u00f4ng gi\u1ed1ng nh\u01b0 nh\u1eefng gi\u1ed1ng ch\u00f3 chihuahua lai kh\u00e1c, gi\u00e1 chihuahua l\u00f4ng d\u00e0i th\u01b0\u1eddng \u0111\u1eaft h\u01a1n nh\u1eefng em l\u00f4ng ng\u1eafn v\u00e0i tr\u0103m k do ngu\u1ed3n cung gi\u1ed1ng n\u00e0y \u1edf Vi\u1ec7t Nam kh\u00e1 h\u1ea1n ch\u1ebf<\/p>\n","protected":false},"excerpt":{"rendered":"<p>Chihuahua l\u00e0 m\u1ed9t trong nh\u1eefng gi\u1ed1ng ch\u00f3 c\u1ea3nh ph\u1ed5 bi\u1ebfn nh\u1ea5t hi\u1ec7n nay \u1edf Vi\u1ec7t Nam, xu\u1ea5t x\u1ee9 t\u1eeb bang Chihuahua \u2013 Mexico. Gi\u00e1 m\u1ed7i em chihuahua thu\u1ea7n ch\u1ee7ng \u1edf Vi\u1ec7t Nam dao \u0111\u1ed9ng ph\u1ed5 bi\u1ebfn t\u1eeb 2 \u2013 4 tri\u1ec7u, t\u00ednh c\u00e1ch chihuahua kh\u00e1 \u201cch\u1ea3nh\u201d n\u00ean vi\u1ec7c ch\u0103m s\u00f3c c\u0169ng c\u1ea7u k\u1ef3, nh\u1ea5t l\u00e0 [&#8230;]\n","protected":false},"featured_media":229,"comment_status":"open","ping_status":"closed","template":"","meta":[],"product_cat":[22],"product_tag":[],"_links":{"self":[{"href":"https:\/\/congtyphannguyen.com\/w\/pet\/wp-json\/wp\/v2\/product\/227"}],"collection":[{"href":"https:\/\/congtyphannguyen.com\/w\/pet\/wp-json\/wp\/v2\/product"}],"about":[{"href":"https:\/\/congtyphannguyen.com\/w\/pet\/wp-json\/wp\/v2\/types\/product"}],"replies":[{"embeddable":true,"href":"https:\/\/congtyphannguyen.com\/w\/pet\/wp-json\/wp\/v2\/comments?post=227"}],"wp:featuredmedia":[{"embeddable":true,"href":"https:\/\/congtyphannguyen.com\/w\/pet\/wp-json\/wp\/v2\/media\/229"}],"wp:attachment":[{"href":"https:\/\/congtyphannguyen.com\/w\/pet\/wp-json\/wp\/v2\/media?parent=227"}],"wp:term":[{"taxonomy":"product_cat","embeddable":true,"href":"https:\/\/congtyphannguyen.com\/w\/pet\/wp-json\/wp\/v2\/product_cat?post=227"},{"taxonomy":"product_tag","embeddable":true,"href":"https:\/\/congtyphannguyen.com\/w\/pet\/wp-json\/wp\/v2\/product_tag?post=227"}],"curies":[{"name":"wp","href":"https:\/\/api.w.org\/{rel}","templated":true}]}}