{"id":231,"date":"2017-03-27T05:01:42","date_gmt":"2017-03-26T22:01:42","guid":{"rendered":"http:\/\/pet.fonicweb.com\/?post_type=product&#038;p=231"},"modified":"2017-03-28T03:20:41","modified_gmt":"2017-03-27T20:20:41","slug":"cho-phoc-huou-minpin","status":"publish","type":"product","link":"https:\/\/congtyphannguyen.com\/w\/pet\/san-pham\/cho-phoc-huou-minpin\/","title":{"rendered":"Ch\u00f3 ph\u1ed1c h\u01b0\u01a1u (Minpin)"},"content":{"rendered":"<p>Ph\u1ed1c h\u01b0\u01a1u \u0111ang l\u00e0 m\u1ed9t trong nh\u1eefng gi\u1ed1ng ch\u00f3 \u0111\u01b0\u1ee3c nu\u00f4i ph\u1ed5 bi\u1ebfn nh\u1ea5t \u1edf Vi\u1ec7t Nam hi\u1ec7n nay v\u00ec k\u00edch th\u01b0\u1edbc nh\u1ecf, d\u1ec5 nu\u00f4i, d\u1ec5 hu\u1ea5n luy\u1ec7n. Tuy nhi\u00ean c\u00f3 1 \u0111i\u1ec1u kh\u00f4ng ph\u1ea3i ai c\u0169ng bi\u1ebft, \u0111\u00f3 l\u00e0 h\u1ea7u h\u1ebft nh\u1eefng em ch\u00f3 \u0111\u01b0\u1ee3c g\u1ecdi l\u00e0 ph\u1ed1c \u1edf Vi\u1ec7t Nam hi\u1ec7n nay kh\u00f4ng ph\u1ea3i l\u00e0 ph\u1ed1c chu\u1ea9n, m\u00e0 b\u1ecb lai t\u1ea1p v\u1edbi c\u00e1c gi\u1ed1ng ch\u00f3 kh\u00e1c, ho\u1eb7c \u0111\u01a1n gi\u1ea3n ch\u1ec9 l\u00e0 c\u00f3 h\u00ecnh d\u00e1ng gi\u1ed1ng ch\u00f3 ph\u1ed1c. B\u00e0i vi\u1ebft n\u00e0y s\u1ebd h\u01b0\u1edbng d\u1eabn b\u1ea1n c\u00e1ch ch\u1ecdn mua ch\u00f3 ph\u1ed1c h\u01b0\u01a1u v\u00e0 gi\u00e1 ch\u00f3 ph\u1ed1c h\u01b0\u01a1u chu\u1ea9n tr\u00ean th\u1ecb tr\u01b0\u1eddng hi\u1ec7n nay.<\/p>\n<p>c\u00e1ch mua ch\u00f3 ph\u1ed1c, gi\u00e1 ch\u00f3 ph\u1ed1c h\u01b0\u01a1u<\/p>\n<p>Gi\u00e1 ch\u00f3 ph\u1ed1c h\u01b0\u01a1u<\/p>\n<p>V\u1ec1 c\u01a1 b\u1ea3n th\u00ec gi\u00e1 ch\u00f3 ph\u1ed1c h\u01b0\u01a1u ph\u1ed5 bi\u1ebfn \u1edf th\u1ecb tr\u01b0\u1eddng Vi\u1ec7t Nam kh\u00e1 d\u1ec5 ch\u1ecbu. Dao \u0111\u1ed9ng t\u1eeb 2 \u2013 5 tri\u1ec7u \/ em t\u00f9y ch\u1ea5t l\u01b0\u1ee3ng, m\u00e0u s\u1eafc v\u00e0 \u0111\u1ed9 thu\u1ea7n ch\u1ee7ng. Gi\u00e1 ch\u00f3 ph\u1ed1c h\u01b0\u01a1u \u1edf Vi\u1ec7t Nam th\u01b0\u1eddng \u0111\u01b0\u1ee3c chia l\u00e0m c\u00e1c m\u1ee9c nh\u01b0 sau:<\/p>\n<p>2 \u2013 3 tri\u1ec7u. \u0110a ph\u1ea7n em \u201cph\u1ed1c\u201d \u1edf m\u1ee9c gi\u00e1 n\u00e0y kh\u00f4ng th\u1ef1c s\u1ef1 l\u00e0 ph\u1ed1c v\u00e0 th\u01b0\u1eddng b\u1ecb lai t\u1ea1p r\u1ea5t nhi\u1ec1u (lai gi\u1eefa chihuahua v\u1edbi l\u1ea1p x\u01b0\u1edfng, ho\u1eb7c ch\u00f3 s\u1ee5c), tuy nhi\u00ean nh\u00ecn c\u0169ng r\u1ea5t gi\u1ed1ng ph\u1ed1c, nh\u1ecf xinh \u0111\u00e1ng y\u00eau nh\u01b0ng kh\u00f4ng \u0111\u01b0\u1ee3c oai v\u1ec7 nh\u01b0 ph\u1ed1c. N\u1ebfu b\u1ea1n kh\u00f4ng ph\u1ea3i ng\u01b0\u1eddi ch\u01a1i ch\u00f3 chuy\u00ean nghi\u1ec7p th\u00ec ngo\u1ea1i h\u00ecnh kh\u00e1c bi\u1ec7t ch\u00fat x\u00edu c\u0169ng kh\u00f4ng qu\u00e1 quan tr\u1ecdng.<\/p>\n<p>3 \u2013 4 tri\u1ec7u. \u1ede m\u1ee9c gi\u00e1 n\u00e0y b\u1ea1n \u0111\u00e3 c\u00f3 th\u1ec3 mua \u0111\u01b0\u1ee3c ph\u1ed1c chu\u1ea9n, t\u1ee9c l\u00e0 gi\u1ed1ng minpin, lai gi\u1eefa Dachshunds (ch\u00f3 l\u1ea1p x\u01b0\u1edfng) v\u00e0 Greyhounds. Ngu\u1ed3n c\u00f3 th\u1ec3 l\u00e0 nh\u1eefng em ph\u1ed1c \u0111\u01b0\u1ee3c sinh t\u1ea1i Vi\u1ec7t Nam ho\u1eb7c nh\u1eadp t\u1eeb c\u00e1c tr\u1ea1i ch\u00f3 Th\u00e1i (gi\u00e1 cao h\u01a1n ch\u00fat). Gi\u00e1 c\u1ee5 th\u1ec3 th\u01b0\u1eddng t\u00f9y thu\u1ed9c v\u00e0o m\u00e0u. \u1ede Vi\u1ec7t Nam ph\u1ed5 bi\u1ebfn nh\u1ea5t l\u00e0 m\u00e0u \u0111\u1ecf l\u1eeda, gi\u00e1 trung b\u00ecnh tr\u00ean 2 tri\u1ec7u \/ em. C\u00f2n nh\u1eefng em ph\u1ed1c socola (ng\u1ef1c v\u00e0 ch\u00e2n m\u00e0u n\u00e2u nh\u1ea1t) hi\u1ebfm h\u01a1n n\u00ean gi\u00e1 c\u0169ng cao h\u01a1n, kho\u1ea3ng tr\u00ean 3 tri\u1ec7u.<\/p>\n<p>5 \u2013 10 tri\u1ec7u. V\u1eabn l\u00e0 nh\u1eefng em ph\u1ed1c (chu\u1ea9n) nh\u1eadp t\u1eeb Th\u00e1i ho\u1eb7c sinh t\u1ea1i Vi\u1ec7t Nam, tuy nhi\u00ean \u0111\u00e2y l\u00e0 nh\u1eefng em \u0111\u1eb9p v\u01b0\u1ee3t tr\u1ed9i n\u00ean \u0111\u01b0\u1ee3c h\u00e9t gi\u00e1 n\u00ean m\u1ee9c c\u1eaft c\u1ed5.<\/p>\n<p>H\u01a1n 10 tri\u1ec7u. Nh\u1eefng em ch\u00f3 nh\u1eadp t\u1eeb ch\u00e2u \u00c2u, M\u1ef9 (ch\u01b0a bao g\u1ed3m chi ph\u00ed v\u1eadn chuy\u1ec3n). Kho\u1ea3ng gi\u00e1 t\u1eeb 10 \u2013 20 tri\u1ec7u th\u00ec ch\u1ec9 mua \u0111\u01b0\u1ee3c nh\u1eefng em ph\u1ed1c th\u01b0\u1eddng \u1edf \u00c2u \u2013 M\u1ef9 v\u00ec ti\u00eau chu\u1ea9n nu\u00f4i ch\u00f3 \u1edf c\u00e1c n\u01b0\u1edbc ph\u00e1t tri\u1ec3n r\u1ea5t kh\u00e1c. Tuy nhi\u00ean c\u00f3 th\u1ec3 \u0111\u1ea3m b\u1ea3o \u0111\u01b0\u1ee3c ph\u1ed1c chu\u1ea9n v\u00e0 thu\u1ea7n ch\u1ee7ng 100%.<\/p>\n<p>\u0110\u00e0n Ph\u1ed1c H\u01b0\u01a1u chu\u1ea9n b\u1ecb xu\u1ea5t chu\u1ed3ng t\u00ecm nh\u00e0 m\u1edbi cu\u1ed1i th\u00e1ng 3\/2017<\/p>\n<p>\u0110\u00e0n Ph\u1ed1c H\u01b0\u01a1u (Minpin) s\u1eb5n s\u00e0ng v\u1ec1 nh\u00e0 m\u1edbi. T\u1ea5t c\u1ea3 c\u00e1c b\u00e9 \u0111\u1ec1u c\u00f3 b\u1ed1 m\u1eb9 r\u00f5 r\u00e0ng, sinh t\u1ea1i H\u00e0 N\u1ed9i. \u0110\u00e3 bi\u1ebft \u0103n c\u01a1m v\u00e0 h\u1ea1t kh\u00f4, \u0111\u01b0\u1ee3c ti\u00eam ph\u00f2ng \u00edt nh\u1ea5t 1 m\u0169i tr\u01b0\u1edbc khi v\u1ec1 nh\u00e0 m\u1edbi. B\u1ea3o h\u00e0n s\u1ee9c kh\u1ecfe 15 ng\u00e0y \u0111\u1ed1i v\u1edbi t\u1ea5t c\u1ea3 c\u00e1c b\u1ec7nh \u0111\u00e3 \u0111\u01b0\u1ee3c ti\u00eam ph\u00f2ng. Ba m\u1eb9 n\u00e0o quan t\u00e2m h\u00e3y nhanh tay \u0111\u1ec3 ch\u1ecdn ngay c\u00fan \u0111\u1eb9p.<\/p>\n<p><strong>Li\u00ean h\u1ec7: 0988.348.014 <\/strong><\/p>\n<p>Giao d\u1ecbch tr\u1ef1c ti\u1ebfp t\u1ea1i H\u00e0 N\u1ed9i v\u00e0 TPHCM. Nh\u1eadn ship to\u00e0n qu\u1ed1c.<\/p>\n<p>C\u00e1ch mua ch\u00f3 ph\u1ed1c h\u01b0\u01a1u<\/p>\n<p>L\u00e0m sao \u0111\u1ec3 ph\u00e2n bi\u1ec7t \u0111\u01b0\u1ee3c ph\u1ed1c h\u01b0\u01a1u chu\u1ea9n v\u00e0 ph\u1ed1c b\u1ecb lai t\u1ea1p?<\/p>\n<p>c\u00e1ch mua ch\u00f3 ph\u1ed1c h\u01b0\u01a1u, gi\u00e1 ch\u00f3 ph\u1ed1c h\u01b0\u01a1u<\/p>\n<p>Ph\u1ed1c h\u01b0\u01a1u chu\u1ea9n ph\u1ea3i c\u00f3 d\u00e1ng cao, vai cao h\u01a1n h\u00f4ng m\u1ed9t ch\u00fat, c\u1ed5 d\u00e0i, tai v\u1ec3nh v\u00e0 r\u1ea5t m\u1ecfng (c\u00f2n g\u1ecdi l\u00e0 tai gi\u1ea5y), ch\u00e2n nh\u1ecdn. 2 ch\u00e2n tr\u01b0\u1edbc th\u1eb3ng, b\u00e0n ch\u00e2n nh\u1ecf v\u00e0 m\u1ec1m m\u1ea1i. M\u1eb7t thu\u00f4n d\u00e0i nh\u01b0 m\u1eb7t h\u01b0\u01a1u. Th\u00e2n h\u00ecnh thanh tho\u00e1t nh\u01b0ng c\u01a1 b\u1eafp, ng\u1ef1c n\u1edf, b\u1ee5ng th\u1eaft v\u00e0 c\u00f3 d\u00e1ng d\u1ea5p c\u1ee7a ch\u00f3 s\u0103n.<\/p>\n<p>H\u1ea7u h\u1ebft nh\u1eefng \u0111\u1eb7c \u0111i\u1ec3m n\u00e0y r\u1ea5t kh\u00f3 ph\u00e2n bi\u1ec7t khi em ph\u1ed1c c\u00f2n nh\u1ecf (kho\u1ea3ng v\u00e0i tu\u1ea7n), kho\u1ea3ng 3 \u2013 4 th\u00e1ng tu\u1ed5i s\u1ebd d\u1ec5 ph\u00e2n bi\u1ec7t h\u01a1n. Ho\u1eb7c mua \u1edf 1 shop th\u00fa c\u01b0ng uy t\u00edn, c\u00f3 b\u1ea3o h\u00e0nh v\u1ec1 ch\u1ea5t l\u01b0\u1ee3ng l\u00e0 t\u1ed1t nh\u1ea5t. \u0110\u1ec3 \u0111\u1ea3m b\u1ea3o h\u01a1n, ng\u01b0\u1eddi b\u00e1n c\u0169ng c\u1ea7n ph\u1ea3i cung c\u1ea5p \u0111\u01b0\u1ee3c h\u00ecnh \u1ea3nh giao ph\u1ed1i gi\u1eefa ch\u00f3 b\u1ed1 m\u1eb9. V\u00e0 t\u1ea5t nhi\u00ean ch\u00f3 b\u1ed1 m\u1eb9 c\u0169ng ph\u1ea3i l\u00e0 ch\u00f3 ph\u1ed1c chu\u1ea9n.<\/p>\n<p>T\u00ecnh tr\u1ea1ng s\u1ee9c kh\u1ecfe c\u1ee7a nh\u1eefng em ph\u1ed1c th\u1ebf n\u00e0o l\u00e0 t\u1ed1t?<\/p>\n<p>Nh\u1eefng em ph\u1ed1c c\u1ea7n ph\u1ea3i ch\u1ea1y nh\u1ea3y, ch\u01a1i \u0111\u00f9a ho\u1ea1t b\u00e1t. C\u1ea7n \u0111\u01b0\u1ee3c ti\u00eam ph\u00f2ng trong v\u00f2ng 2 th\u00e1ng sau khi sinh. C\u00f3 s\u1ed5 kh\u00e1m b\u1ec7nh, ti\u00eam ph\u00f2ng v\u00e0 t\u1ea9y giun \u0111\u1ea7y \u0111\u1ee7. C\u00e1c c\u1eeda h\u00e0ng th\u00fa c\u01b0ng uy t\u00edn s\u1ebd c\u00f3 b\u1ea3o h\u00e0nh cho c\u00e1c b\u1ec7nh nguy hi\u1ec3m th\u01b0\u1eddng g\u1eb7p \u1edf ch\u00f3 ph\u1ed1c.<\/p>\n<p>N\u00ean mua ch\u00f3 ph\u1ed1c khi ch\u00fang \u0111\u01b0\u1ee3c bao nhi\u00eau tu\u1ed5i?<\/p>\n<p>Ngay khi em ph\u1ed1c cai s\u1eefa v\u00e0 \u0111\u01b0\u1ee3c ti\u00eam ph\u00f2ng \u0111\u1ea7y \u0111\u1ee7 (kho\u1ea3ng 2 th\u00e1ng tu\u1ed5i) l\u00e0 b\u1ea1n c\u00f3 th\u1ec3 \u0111\u00f3n em v\u1ec1 nh\u00e0 m\u1edbi. N\u1ebfu kh\u00f4ng ng\u1ea1i v\u1ea5n \u0111\u1ec1 ch\u00f3 chu\u1ea9n hay kh\u00f4ng chu\u1ea9n, th\u00ec n\u00ean \u0111\u01b0a em ph\u1ed1c v\u1ec1 nh\u00e0 c\u00e0ng s\u1edbm c\u00e0ng t\u1ed1t \u0111\u1ec3 t\u0103ng s\u1ef1 g\u1eafn b\u00f3 v\u00e0 d\u1ec5 hu\u1ea5n luy\u1ec7n.<\/p>\n<p>N\u1ebfu b\u1ea1n c\u00f3 \u00fd \u0111\u1ecbnh c\u1eaft \u0111u\u00f4i cho em ph\u1ed1c th\u00ec t\u1ed1t nh\u1ea5t, h\u00e3y ch\u1ecdn nh\u1eefng em \u0111\u00e3 \u0111\u01b0\u1ee3c c\u1eaft \u0111u\u00f4i v\u00ec th\u1eddi \u0111i\u1ec3m t\u1ed1t nh\u1ea5t \u0111\u1ec3 c\u1eaft \u0111u\u00f4i l\u00e0 1 \u2013 2 ng\u00e0y sau khi sinh. N\u1ebfu b\u1ea1n mua v\u1ec1 m\u1edbi c\u1eaft \u0111u\u00f4i s\u1ebd g\u00e2y \u0111au \u0111\u1edbn l\u00e2u d\u00e0i v\u00e0 c\u00e1c v\u1ea5n \u0111\u1ec1 l\u1edbn v\u1ec1 s\u1ee9c kh\u1ecfe.<\/p>\n","protected":false},"excerpt":{"rendered":"<p>Ph\u1ed1c h\u01b0\u01a1u \u0111ang l\u00e0 m\u1ed9t trong nh\u1eefng gi\u1ed1ng ch\u00f3 \u0111\u01b0\u1ee3c nu\u00f4i ph\u1ed5 bi\u1ebfn nh\u1ea5t \u1edf Vi\u1ec7t Nam hi\u1ec7n nay v\u00ec k\u00edch th\u01b0\u1edbc nh\u1ecf, d\u1ec5 nu\u00f4i, d\u1ec5 hu\u1ea5n luy\u1ec7n. Tuy nhi\u00ean c\u00f3 1 \u0111i\u1ec1u kh\u00f4ng ph\u1ea3i ai c\u0169ng bi\u1ebft, \u0111\u00f3 l\u00e0 h\u1ea7u h\u1ebft nh\u1eefng em ch\u00f3 \u0111\u01b0\u1ee3c g\u1ecdi l\u00e0 ph\u1ed1c \u1edf Vi\u1ec7t Nam hi\u1ec7n nay kh\u00f4ng [&#8230;]\n","protected":false},"featured_media":233,"comment_status":"open","ping_status":"closed","template":"","meta":[],"product_cat":[22,23],"product_tag":[27,26,30],"_links":{"self":[{"href":"https:\/\/congtyphannguyen.com\/w\/pet\/wp-json\/wp\/v2\/product\/231"}],"collection":[{"href":"https:\/\/congtyphannguyen.com\/w\/pet\/wp-json\/wp\/v2\/product"}],"about":[{"href":"https:\/\/congtyphannguyen.com\/w\/pet\/wp-json\/wp\/v2\/types\/product"}],"replies":[{"embeddable":true,"href":"https:\/\/congtyphannguyen.com\/w\/pet\/wp-json\/wp\/v2\/comments?post=231"}],"wp:featuredmedia":[{"embeddable":true,"href":"https:\/\/congtyphannguyen.com\/w\/pet\/wp-json\/wp\/v2\/media\/233"}],"wp:attachment":[{"href":"https:\/\/congtyphannguyen.com\/w\/pet\/wp-json\/wp\/v2\/media?parent=231"}],"wp:term":[{"taxonomy":"product_cat","embeddable":true,"href":"https:\/\/congtyphannguyen.com\/w\/pet\/wp-json\/wp\/v2\/product_cat?post=231"},{"taxonomy":"product_tag","embeddable":true,"href":"https:\/\/congtyphannguyen.com\/w\/pet\/wp-json\/wp\/v2\/product_tag?post=231"}],"curies":[{"name":"wp","href":"https:\/\/api.w.org\/{rel}","templated":true}]}}