{"id":236,"date":"2017-03-27T05:19:12","date_gmt":"2017-03-26T22:19:12","guid":{"rendered":"http:\/\/pet.fonicweb.com\/?post_type=product&#038;p=236"},"modified":"2017-03-27T05:19:12","modified_gmt":"2017-03-26T22:19:12","slug":"meo-anh-long-dai","status":"publish","type":"product","link":"https:\/\/congtyphannguyen.com\/w\/pet\/san-pham\/meo-anh-long-dai\/","title":{"rendered":"M\u00e8o Anh l\u00f4ng d\u00e0i"},"content":{"rendered":"<p><strong><a href=\"http:\/\/www.thukieng.com\/meo-anh-long-ngan-long-dai\/\" target=\"_blank\">M\u00e8o Anh l\u00f4ng d\u00e0i<\/a><\/strong>, hay c\u00f2n \u0111\u01b0\u1ee3c g\u1ecdi l\u00e0 <strong>M\u00e8o Ald<\/strong>, l\u00e0 gi\u1ed1ng m\u00e8o c\u00f3 ngu\u1ed3n g\u1ed1c t\u1eeb Anh Qu\u1ed1c, h\u1eadu du\u1ec7 c\u1ee7a <a href=\"http:\/\/www.thukieng.com\/meo-anh-long-ngan-meo-aln-thuan-chung\/\" target=\"_blank\">m\u00e8o Anh l\u00f4ng ng\u1eafn<\/a> v\u00e0 <a href=\"http:\/\/www.thukieng.com\/meo-ba-tu\/\" target=\"_blank\">m\u00e8o Ba T\u01b0 truy\u1ec1n th\u1ed1ng<\/a>. M\u1eb7c d\u00f9 xu\u1ea5t x\u1ee9 t\u1eeb Anh nh\u01b0ng n\u00f3 l\u1ea1i kh\u00f4ng ph\u1ed5 bi\u1ebfn t\u1ea1i Anh v\u00e0 c\u0169ng kh\u00f4ng \u0111\u01b0\u1ee3c Hi\u1ec7p h\u1ed9i m\u00e8o Anh (<b>GCCF<\/b> \u2013\u00a0Governing Council of the Cat Fancy) c\u00f4ng nh\u1eadn l\u00e0 m\u1ed9t gi\u1ed1ng m\u00e8o \u0111\u1ed9c l\u1eadp, m\u00e0 ch\u1ec9 l\u00e0 m\u1ed9t nh\u00e1nh c\u1ee7a m\u00e8o Anh l\u00f4ng ng\u1eafn. Tuy nhi\u00ean, gi\u1ed1ng m\u00e8o n\u00e0y l\u1ea1i \u0111\u01b0\u1ee3c nhi\u1ec1u t\u1ed5 ch\u1ee9c l\u1edbn kh\u00e1c c\u00f4ng nh\u1eadn, trong \u0111\u00f3 c\u00f3 c\u1ea3 TICA (Hi\u1ec7p h\u1ed9i m\u00e8o Qu\u1ed1c t\u1ebf). Tuy kh\u00f4ng ph\u1ed5 bi\u1ebfn t\u1ea1i Anh nh\u01b0ng gi\u1ed1ng m\u00e8o Anh l\u00f4ng d\u00e0i hi\u1ec7n \u0111ang r\u1ea5t y\u00eau th\u00edch t\u1ea1i M\u1ef9 v\u00e0 ph\u1ea7n l\u1edbn ch\u00e2u \u00c2u.\u00a0T\u1ea1i Vi\u1ec7t Nam, m\u00e8o Ald \u0111\u01b0\u1ee3c \u0111\u01b0a\u00a0v\u00e0o nu\u00f4i v\u00e0 nh\u00e2n gi\u1ed1ng t\u1eeb \u0111\u1ea7u n\u0103m 2009 v\u00e0 ng\u00e0y c\u00e0ng \u0111\u01b0\u1ee3c y\u00eau th\u00edch trong gi\u1edbi y\u00eau m\u00e8o.<\/p>\n<p><img loading=\"lazy\" class=\"aligncenter size-full wp-image-733\" src=\"http:\/\/www.thukieng.com\/wp-content\/uploads\/2016\/01\/m%C3%A8o-anh-l%C3%B4ng-d%C3%A0i-m%C3%A8o-ald-1.jpg\" sizes=\"(max-width: 800px) 100vw, 800px\" srcset=\"http:\/\/www.thukieng.com\/wp-content\/uploads\/2016\/01\/m\u00e8o-anh-l\u00f4ng-d\u00e0i-m\u00e8o-ald-1-300x188.jpg 300w, http:\/\/www.thukieng.com\/wp-content\/uploads\/2016\/01\/m\u00e8o-anh-l\u00f4ng-d\u00e0i-m\u00e8o-ald-1-768x480.jpg 768w, http:\/\/www.thukieng.com\/wp-content\/uploads\/2016\/01\/m\u00e8o-anh-l\u00f4ng-d\u00e0i-m\u00e8o-ald-1-696x435.jpg 696w, http:\/\/www.thukieng.com\/wp-content\/uploads\/2016\/01\/m\u00e8o-anh-l\u00f4ng-d\u00e0i-m\u00e8o-ald-1-672x420.jpg 672w, http:\/\/www.thukieng.com\/wp-content\/uploads\/2016\/01\/m\u00e8o-anh-l\u00f4ng-d\u00e0i-m\u00e8o-ald-1.jpg 800w\" alt=\"m\u00e8o anh l\u00f4ng d\u00e0i, m\u00e8o ald thu\u1ea7n ch\u1ee7ng\" width=\"800\" height=\"500\" \/><\/p>\n<h2><strong>L\u1ecbch s\u1eed m\u00e8o Anh l\u00f4ng d\u00e0i<\/strong><\/h2>\n<p>M\u00e8o Anh l\u00f4ng d\u00e0i xu\u1ea5t hi\u1ec7n kh\u00e1 mu\u1ed9n, ch\u1ec9 m\u1edbi kho\u1ea3ng gi\u1eefa th\u1ebf k\u1ef7 20. Nguy\u00ean nh\u00e2n do s\u1ed1 l\u01b0\u1ee3ng m\u00e8o Anh l\u00f4ng ng\u1eafn b\u1ea3n \u0111\u1ecba thu\u1ea7n ch\u1ee7ng b\u1ecb suy gi\u1ea3m nghi\u00eam tr\u1ecdng, d\u1eabn \u0111\u1ebfn g\u1ea7n nh\u01b0 tuy\u1ec7t ch\u1ee7ng sau Th\u1ebf chi\u1ebfn II, do s\u1ef1 xu\u1ea5t hi\u1ec7n c\u1ee7a m\u00e8o Ba T\u01b0 t\u1ea1i Anh v\u00e0o cu\u1ed1i th\u1ebf k\u1ef7 19 \u0111\u00e3 chi\u1ebfm th\u1ebf \u0111\u1ed9c t\u00f4n c\u1ee7a m\u00e8o Anh b\u1ea3n \u0111\u1ecba t\u1ea1i qu\u1ed1c \u0111\u1ea3o n\u00e0y su\u1ed1t nhi\u1ec1u th\u1ebf k\u1ef7. \u0110\u1ec3 b\u1ea3o t\u1ed3n gi\u1ed1ng v\u00e0 gen qu\u00fd, nh\u1eefng nh\u00e0 lai t\u1ea1o \u0111\u00e3 bu\u1ed9c ph\u1ea3i cho m\u00e8o Anh l\u00f4ng ng\u1eafn thu\u1ea7n ch\u1ee7ng lai v\u1edbi m\u00e8o Ba T\u01b0 truy\u1ec1n th\u1ed1ng (l\u00f4ng d\u00e0i) v\u00e0 m\u00e8o\u00a0Angora c\u1ee7a Th\u1ed5 Nh\u0129 K\u1ef3. M\u00e8o Anh l\u00f4ng d\u00e0i l\u00e0 k\u1ebft qu\u1ea3 \u201ckh\u00f4ng mong \u0111\u1ee3i\u201d c\u1ee7a nh\u1eefng cu\u1ed9c t\u00ecnh ngang tr\u00e1i n\u00e0y.<\/p>\n<p>\u0110\u1ebfn nh\u1eefng n\u0103m 60, trong 1 n\u1ed7 l\u1ef1c t\u00e1i thi\u1ebft l\u1eadp l\u1ea1i gi\u1ed1ng m\u00e8o Anh l\u00f4ng ng\u1eafn thu\u1ea7n ch\u1ee7ng, c\u00e1c nh\u00e0 lai t\u1ea1o h\u00e0ng \u0111\u1ea7u \u0111\u00e3 th\u00e0nh c\u00f4ng trong\u00a0vi\u1ec7c t\u00e1ch gen, t\u00e1ch gi\u1ed1ng t\u1eeb nh\u1eefng ch\u00fa m\u00e8o lai t\u1ea1p \u0111\u1ec3 t\u1ea1o ra m\u00e8o Anh l\u00f4ng ng\u1eafn thu\u1ea7n ch\u1ee7ng tinh khi\u1ebft nguy\u00ean b\u1ea3n. Nh\u1eefng c\u00e1 th\u1ec3 m\u00e8o Anh l\u00f4ng d\u00e0i v\u1eabn \u0111\u01b0\u1ee3c gi\u1eef l\u1ea1i v\u00e0 ph\u00e1t tri\u1ec3n nh\u01b0 m\u1ed9t\u00a0nh\u00e1nh c\u1ee7a m\u00e8o Anh l\u00f4ng ng\u1eafn, cho \u0111\u1ebfn khi \u0111\u01b0\u1ee3c c\u00f4ng nh\u1eadn l\u00e0 m\u1ed9t gi\u1ed1ng m\u00e8o \u0111\u1ed9c l\u1eadp b\u1edfi TICA n\u0103m 2009.<\/p>\n<p><img loading=\"lazy\" class=\"aligncenter\" src=\"https:\/\/lh3.googleusercontent.com\/-YUMk9Jpucjg\/Vqg1jNrAObI\/AAAAAAAAWQg\/VHLssUKQ3PE\/s720-Ic42\/m%2525C3%2525A8o-anh-l%2525C3%2525B4ng-d%2525C3%2525A0i-m%2525C3%2525A8o-ald.jpg\" alt=\"m\u00e8o anh l\u00f4ng d\u00e0i, m\u00e8o ald thu\u1ea7n ch\u1ee7ng\" width=\"720\" height=\"491\" \/><\/p>\n<h2><strong>\u0110\u1eb7c \u0111i\u1ec3m v\u00e0 t\u00ednh c\u00e1ch m\u00e8o Anh l\u00f4ng d\u00e0i<\/strong><\/h2>\n<p>S\u1ef1 kh\u00e1c bi\u1ec7t c\u00f3 th\u1ec3 nh\u00ecn th\u1ea5y duy nh\u1ea5t gi\u1eefa m\u00e8o Anh l\u00f4ng d\u00e0i v\u00e0 l\u00f4ng ng\u1eafn l\u00e0 b\u1ed9 l\u00f4ng c\u1ee7a ch\u00fang. L\u00f4ng m\u00e8o Ald d\u00e0i v\u00e0 c\u1ef1c k\u1ef3 d\u00e0y, gi\u1eef \u1ea5m c\u1ef1c t\u1ed1t, t\u1ea1o \u0111i\u1ec1u ki\u1ec7n\u00a0ch\u00fang ph\u00e1t tri\u1ec3n r\u1ea5t m\u1ea1nh t\u1ea1i c\u00e1c n\u01b0\u1edbc ch\u00e2u \u00c2u v\u1edbi kh\u00ed h\u1eadu \u00f4n \u0111\u1edbi. Ch\u00fang c\u00f3 c\u00e1i \u0111u\u00f4i ng\u1eafn v\u1edbi l\u00f4ng d\u00e0i v\u00e0 r\u1ee7 xu\u1ed1ng r\u1ea5t \u0111\u1eb9p m\u1eaft. Th\u00e2n h\u00ecnh m\u1eadp m\u1ea1p v\u1edbi b\u1ed9 l\u00f4ng d\u00e0i m\u01b0\u1ee3t qu\u00fd ph\u00e1i.<\/p>\n<p>M\u00e8o Ald c\u00f3 t\u00ednh c\u00e1ch \u00f4n h\u00f2a, \u00edt \u1ed3n \u00e0o, r\u1ea5t t\u00ecnh c\u1ea3m v\u00e0 th\u00edch \u0111\u01b0\u1ee3c vu\u1ed1t ve. Tuy nhi\u00ean, ch\u00fang c\u0169ng s\u1edf h\u1eefu lu\u00f4n t\u00ednh l\u01b0\u1eddi bi\u1ebfng c\u1ee7a t\u1ed5 ti\u00ean M\u00e8o Ba T\u01b0. Ch\u00fang th\u00edch n\u1eb1m l\u01b0\u1eddi c\u1ea3 ng\u00e0y h\u01a1n l\u00e0 \u0111u\u1ed5i theo c\u00e1c m\u00f3n \u0111\u1ed3 ch\u01a1i, hay nh\u1ea3y nh\u00f3t leo tr\u00e8o. \u0110\u1eb7c \u0111i\u1ec3m n\u00e0y khi\u1ebfn ch\u00fang r\u1ea5t d\u1ec5 nu\u00f4i, kh\u00f4ng c\u1ea7n \u0111\u01b0a ch\u00fang ra ngo\u00e0i \u0111i d\u00e0o hay ch\u01a1i \u0111\u00f9a nhi\u1ec1u. <strong>Xem th\u00eam b\u00e0i vi\u1ebft <a href=\"http:\/\/www.thukieng.com\/meo-anh-long-ngan-meo-aln-thuan-chung\/\" target=\"_blank\">\u0111\u1eb7c \u0111i\u1ec3m v\u00e0 t\u00ednh c\u00e1ch m\u00e8o Anh l\u00f4ng ng\u1eafn.<\/a><\/strong><\/p>\n<h2><strong>Ch\u0103m s\u00f3c m\u00e8o Ald<\/strong><\/h2>\n<p><img loading=\"lazy\" class=\"aligncenter\" src=\"https:\/\/lh3.googleusercontent.com\/-ER_cL0MX2Ow\/Vqg1jJ0zZHI\/AAAAAAAAWQc\/P9R4NTcAnnk\/s640-Ic42\/m%2525C3%2525A8o-anh-l%2525C3%2525B4ng-d%2525C3%2525A0i-m%2525C3%2525A8o-ald-2.jpg\" alt=\"m\u00e8o anh l\u00f4ng d\u00e0i, m\u00e8o ald thu\u1ea7n ch\u1ee7ng\" width=\"640\" height=\"476\" \/><\/p>\n<p>B\u00e9o ph\u00ec l\u00e0 v\u1ea5n \u0111\u1ec3 ph\u1ed5 bi\u1ebfn v\u1edbi gi\u1ed1ng m\u00e8o Anh l\u00f4ng d\u00e0i, ch\u00fang kh\u00f4ng \u0103n qu\u00e1 nhi\u1ec1u nh\u01b0ng l\u1ea1i r\u1ea5t l\u01b0\u1eddi v\u1eadn \u0111\u1ed9ng, v\u00ec v\u1eady b\u1eadn n\u00ean ch\u01a1i \u0111\u00f9a v\u1edbi ch\u00fang nhi\u1ec1u, b\u1eaft ch\u00fang ch\u1ea1y nh\u1ea3y ho\u1eb7c \u0111i d\u1ea1o \u0111\u1ec3 ti\u00eau b\u1edbt m\u1ee1 th\u1eeba. Nu\u00f4i m\u00e8o Ald m\u1ec7t nh\u1ea5t l\u00e0 kho\u1ea3n ch\u0103m s\u00f3c l\u00f4ng, l\u00f4ng ch\u00fang d\u00e0i v\u00e0 c\u1ef1c d\u00e0y n\u00ean ph\u1ea3i ch\u1ea3i chu\u1ed1t h\u00e0ng ng\u00e0y \u0111\u1ec3 lo\u1ea1i b\u1ecf l\u00f4ng r\u1ee5ng v\u00e0 tr\u00e1nh b\u1ecb r\u1ed1i, b\u1ebft. T\u1eafm cho m\u00e8o, b\u1eb1ng d\u1ea7u g\u1ed9i d\u00e0nh ri\u00eang cho m\u00e8o, c\u0169ng r\u1ea5t c\u1ea7n thi\u1ebft \u0111\u1ec3 gi\u1eef cho l\u00f4ng ch\u00fang b\u00f3ng m\u01b0\u1ee3t v\u00e0 ng\u0103n\u00a0r\u1ee5ng. Tuy nhi\u00ean b\u1ea1n c\u1ea7n t\u1eafm cho ch\u00fang khi ch\u00fang c\u00f2n b\u00e9 \u0111\u1ec3 t\u1eadp cho ch\u00fang quen v\u1edbi n\u01b0\u1edbc, v\u00ec m\u00e8o r\u1ea5t s\u1ee3 n\u01b0\u1edbc.<\/p>\n<p>C\u00f3 m\u1ed9t t\u1ec9 l\u1ec7, kho\u1ea3ng 3 \u2013 5%, m\u00e8o Ald b\u1ecb m\u1eafc c\u00e1c b\u1ec7nh di truy\u1ec1n (t\u1eeb c\u1ea3 t\u1ed5 ti\u00ean m\u00e8o Anh l\u00f4ng ng\u1eafn v\u00e0 m\u00e8o Ba T\u01b0) nh\u01b0 C\u01a1 tim ph\u00ec \u0111\u1ea1i v\u00e0 b\u1ec7nh Th\u1eadn \u0111a nang. \u1ede Vi\u1ec7t Nam, g\u1ea7n nh\u01b0 kh\u00f4ng c\u00f3 c\u00e1ch n\u00e0o \u0111\u1ec3 ch\u1eefa tr\u1ecb tri\u1ec7t \u0111\u1ec3 c\u00e1c b\u1ec7nh n\u00e0y. Vi\u1ec7c mua m\u00e8o c\u00f3 gia ph\u1ea3 r\u00f5 r\u00e0ng, m\u00e8o b\u1ed1 m\u1eb9 v\u00e0 \u00f4ng b\u00e0 \u0111\u1ec1u kh\u00f4ng m\u1eafc c\u00e1c b\u1ec7nh n\u00e0y s\u1ebd gi\u00fap t\u1ec9 l\u1ec7 mua ph\u1ea3i m\u00e8o m\u1eafc b\u1ec7nh th\u1ea5p h\u01a1n. N\u1ebfu kh\u00f4ng m\u1eafc c\u00e1c b\u1ec7nh di truy\u1ec1n, \u0111\u01b0\u1ee3c ch\u0103m s\u00f3c, t\u1eadp luy\u1ec7n t\u1ed1t v\u00e0 kh\u00f4ng b\u1ecb b\u00e9o ph\u00ec, m\u00e8o Anh l\u00f4ng d\u00e0i c\u00f3 th\u1ec3 s\u1ed1ng t\u1edbi 12 n\u0103m, \u0111a s\u1ed1 s\u1ed1ng tr\u00ean 10 n\u0103m.<\/p>\n","protected":false},"excerpt":{"rendered":"<p>M\u00e8o Anh l\u00f4ng d\u00e0i, hay c\u00f2n \u0111\u01b0\u1ee3c g\u1ecdi l\u00e0 M\u00e8o Ald, l\u00e0 gi\u1ed1ng m\u00e8o c\u00f3 ngu\u1ed3n g\u1ed1c t\u1eeb Anh Qu\u1ed1c, h\u1eadu du\u1ec7 c\u1ee7a m\u00e8o Anh l\u00f4ng ng\u1eafn v\u00e0 m\u00e8o Ba T\u01b0 truy\u1ec1n th\u1ed1ng. M\u1eb7c d\u00f9 xu\u1ea5t x\u1ee9 t\u1eeb Anh nh\u01b0ng n\u00f3 l\u1ea1i kh\u00f4ng ph\u1ed5 bi\u1ebfn t\u1ea1i Anh v\u00e0 c\u0169ng kh\u00f4ng \u0111\u01b0\u1ee3c Hi\u1ec7p h\u1ed9i m\u00e8o Anh [&#8230;]\n","protected":false},"featured_media":237,"comment_status":"open","ping_status":"closed","template":"","meta":[],"product_cat":[22],"product_tag":[],"_links":{"self":[{"href":"https:\/\/congtyphannguyen.com\/w\/pet\/wp-json\/wp\/v2\/product\/236"}],"collection":[{"href":"https:\/\/congtyphannguyen.com\/w\/pet\/wp-json\/wp\/v2\/product"}],"about":[{"href":"https:\/\/congtyphannguyen.com\/w\/pet\/wp-json\/wp\/v2\/types\/product"}],"replies":[{"embeddable":true,"href":"https:\/\/congtyphannguyen.com\/w\/pet\/wp-json\/wp\/v2\/comments?post=236"}],"wp:featuredmedia":[{"embeddable":true,"href":"https:\/\/congtyphannguyen.com\/w\/pet\/wp-json\/wp\/v2\/media\/237"}],"wp:attachment":[{"href":"https:\/\/congtyphannguyen.com\/w\/pet\/wp-json\/wp\/v2\/media?parent=236"}],"wp:term":[{"taxonomy":"product_cat","embeddable":true,"href":"https:\/\/congtyphannguyen.com\/w\/pet\/wp-json\/wp\/v2\/product_cat?post=236"},{"taxonomy":"product_tag","embeddable":true,"href":"https:\/\/congtyphannguyen.com\/w\/pet\/wp-json\/wp\/v2\/product_tag?post=236"}],"curies":[{"name":"wp","href":"https:\/\/api.w.org\/{rel}","templated":true}]}}