{"id":238,"date":"2017-03-27T05:24:20","date_gmt":"2017-03-26T22:24:20","guid":{"rendered":"http:\/\/pet.fonicweb.com\/?post_type=product&#038;p=238"},"modified":"2017-03-28T03:20:27","modified_gmt":"2017-03-27T20:20:27","slug":"cho-alaska","status":"publish","type":"product","link":"https:\/\/congtyphannguyen.com\/w\/pet\/san-pham\/cho-alaska\/","title":{"rendered":"Ch\u00f3 Alaska"},"content":{"rendered":"<p><strong><a href=\"http:\/\/www.thukieng.com\/giong-cho-alaska\/\" target=\"_blank\">Gi\u1ed1ng ch\u00f3 Alaska<\/a>\u00a0<\/strong>(t\u00ean \u0111\u1ea7y \u0111\u1ee7 l\u00e0 Alaskan Malamute)\u00a0l\u00e0 <a href=\"http:\/\/www.thukieng.com\/cac-giong-cho-tuyet-dep-nhat\/\" target=\"_blank\">gi\u1ed1ng ch\u00f3 s\u00f3i tuy\u1ebft<\/a> hoang d\u00e3 \u0111\u01b0\u1ee3c thu\u1ea7n h\u00f3a b\u1edfi b\u1ed9 t\u1ed9c Malamute. Ch\u00f3 Alaska c\u00f3 h\u1ecd h\u00e0ng r\u1ea5t g\u1ea7n g\u0169i v\u1edbi c\u00e1c gi\u1ed1ng ch\u00f3 <a href=\"http:\/\/www.thukieng.com\/giong-cho-husky\/\" target=\"_blank\">Husky<\/a> v\u00e0 <a href=\"http:\/\/www.thukieng.com\/giong-cho-samoyed\/\" target=\"_blank\">Samoyed<\/a>, chung 1 t\u1ed5 ti\u00ean g\u1ea7n nh\u1ea5t l\u00e0 lo\u00e0i ch\u00f3 s\u00f3i b\u1eafc c\u1ef1c huy\u1ec1n tho\u1ea1i. L\u1ea7n \u0111\u1ea7u nh\u00ecn th\u1ea5y ch\u00f3 Alaska, b\u1ea1n c\u00f3 th\u1ec3 s\u1ebd b\u1ecb \u1ea5n t\u01b0\u1ee3ng m\u1ea1nh b\u1edfi v\u00f3c d\u00e1ng to l\u1edbn, th\u00e2n h\u00ecnh d\u0169ng m\u00e3nh v\u00e0 nh\u1eefng n\u00e9t r\u1ea5t \u0111\u1eb7c tr\u01b0ng c\u1ee7a lo\u00e0i ch\u00f3 s\u00f3i hoang d\u00e3.<\/p>\n<p><img loading=\"lazy\" class=\"aligncenter size-full wp-image-380\" src=\"http:\/\/www.thukieng.com\/wp-content\/uploads\/2016\/01\/gi%E1%BB%91ng-ch%C3%B3-alaska-Alaskan-Malamute-1.jpg\" sizes=\"(max-width: 640px) 100vw, 640px\" srcset=\"http:\/\/www.thukieng.com\/wp-content\/uploads\/2016\/01\/gi\u1ed1ng-ch\u00f3-alaska-Alaskan-Malamute-1-300x209.jpg 300w, http:\/\/www.thukieng.com\/wp-content\/uploads\/2016\/01\/gi\u1ed1ng-ch\u00f3-alaska-Alaskan-Malamute-1-604x420.jpg 604w, http:\/\/www.thukieng.com\/wp-content\/uploads\/2016\/01\/gi\u1ed1ng-ch\u00f3-alaska-Alaskan-Malamute-1.jpg 640w\" alt=\"gi\u1ed1ng ch\u00f3 alaska - Alaskan Malamute\" width=\"640\" height=\"445\" \/><\/p>\n<h2><strong>L\u1ecbch s\u1eed c\u1ee7a gi\u1ed1ng ch\u00f3 Alaska<\/strong><\/h2>\n<p>Alaskan Malamute ban \u0111\u1ea7u l\u00e0 m\u1ed9t nh\u00e1nh c\u1ee7a ch\u00f3 s\u00f3i tuy\u1ebft hoang d\u00e3, mang nhi\u1ec1u \u0111\u1eb7c \u0111i\u1ec3m c\u1ee7a t\u1ed5 ti\u00ean ch\u00f3 s\u00f3i. Sau \u0111\u01b0\u1ee3c ng\u01b0\u1eddi Mahlemut thu\u1ea7n h\u00f3a c\u00e1ch \u0111\u00e2y h\u00e0ng ng\u00e0n n\u0103m, nh\u1eb1m m\u1ee5c \u0111\u00edch s\u0103n h\u1ea3i c\u1ea9u v\u00e0 xua \u0111u\u1ed5i g\u1ea5u b\u1eafc c\u1ef1c. V\u1ec1 sau, nh\u1eefng th\u1ed5 d\u00e2n du m\u1ee5c \u1edf v\u00f9ng Alaska, ng\u01b0\u1eddi Eskimo, \u0111\u00e3 ph\u00e1t hi\u1ec7n ra gi\u1ed1ng ch\u00f3 Alaska c\u00f3 s\u1ee9c b\u1ec1n b\u1ec9 phi th\u01b0\u1eddng, n\u00ean \u0111\u00e3 lai t\u1ea1o ch\u00fang v\u1edbi c\u00e1c gi\u1ed1ng ch\u00f3 kh\u00e1c nh\u01b0\u00a0Newfoundland ho\u1eb7c St Bernard \u0111\u1ec3 t\u1ea1o ra nh\u1eefng ch\u00fa ch\u00f3 to l\u1edbn h\u01a1n, m\u1ea1nh m\u1ebd h\u01a1n, b\u1ec1 b\u1ec9 h\u01a1n.<\/p>\n<p>Tr\u1ea3i qua nhi\u1ec1u th\u1ebf h\u1ec7 lai t\u1ea1o, Alaska \u0111\u00e3 to l\u1edbn h\u01a1n nhi\u1ec1u so v\u1edbi t\u1ed5 ti\u00ean nguy\u00ean th\u1ee7y, nh\u1eefng c\u00e1c th\u1ec3 Giant Alaska c\u00f3 th\u1ec3 \u00a0cao t\u1edbi 90cm v\u00e0 n\u1eb7ng t\u1edbi 80kg, tr\u1edf th\u00e0nh m\u1ed9t tr\u00f4ng nh\u1eefng gi\u1ed1ng ch\u00f3 c\u1ea3nh l\u1edbn nh\u1ea5t h\u00e0nh tinh, v\u00e0 l\u00e0 gi\u1ed1ng ch\u00f3 tuy\u1ebft l\u1edbn nh\u1ea5t th\u1ebf gi\u1edbi. Ch\u00f3 Alaska qua nhi\u1ec1u th\u1ebf k\u1ef7 h\u1ea7u nh\u01b0 ch\u1ec9 \u0111\u01b0\u1ee3c lai t\u1ea1o cho m\u1ee5c \u0111\u00edch k\u00e9o xe, g\u1ea7n nh\u01b0 kh\u00f4ng tham gia v\u00e0o c\u00e1c cu\u1ed9c s\u0103n b\u1eaft c\u1ee7a ng\u01b0\u1eddi Eskimo.<\/p>\n<p>C\u01a1n s\u1ed1t gi\u00e1 v\u00e0ng n\u0103m 1896 \u0111\u00e3 \u0111\u1ea9y s\u1ef1 n\u1ed5i ti\u1ebfng c\u1ee7a gi\u1ed1ng ch\u00f3 Alaska l\u00ean \u0111\u1ebfn \u0111\u1ec9nh \u0111i\u1ec3m. H\u00e0ng ng\u00e0n ng\u01b0\u1eddi s\u0103n v\u00e0ng \u0111\u1ed5 x\u00f4 \u0111\u1ebfn v\u00f9ng \u0111\u1ea5t Alaska b\u0103ng tuy\u1ebft \u0111\u1ec3 t\u00ecm v\u00e0ng khi\u1ebfn xe ch\u00f3 k\u00e9o Alaska v\u00e0 Husky tr\u1edd th\u00e0nh ph\u01b0\u01a1ng ti\u1ec7n ph\u1ed5 bi\u1ebfn nh\u1ea5t, tr\u00e0n ng\u1eadp v\u00f9ng \u0111\u1ea5t Alaska hoang d\u00e3. Sau c\u01a1n s\u1ed1t v\u00e0ng, nhi\u1ec1u ng\u01b0\u1eddi tr\u1edf l\u1ea1i M\u1ef9 v\u00e0 Canada, mang theo nh\u1eefng ch\u00fa ch\u00f3 Alaska t\u1ed1t, kh\u1ecfe m\u1ea1nh nh\u1eb1m m\u1ee5c \u0111\u00edch nh\u00e2n gi\u1ed1ng ch\u00f3 qu\u00fd n\u00e0y.<\/p>\n<p><img loading=\"lazy\" class=\"aligncenter\" src=\"https:\/\/lh3.googleusercontent.com\/-mfAPRqNYHew\/VpNyzvBX5OI\/AAAAAAAAVvs\/GakvRmOzCEM\/s720-Ic42\/gi%2525E1%2525BB%252591ng-ch%2525C3%2525B3-alaska-Alaskan-Malamute-3.jpg\" alt=\"Gi\u1ed1ng ch\u00f3 Alaska - Alaskan Malemute\" width=\"720\" height=\"472\" \/><\/p>\n<p>Arthur T. Walden l\u00e0 ng\u01b0\u1eddi \u0111\u1ea7u ti\u00ean th\u00e0nh l\u1eadp tr\u1ea1i ch\u00f3 Alaska t\u1ea1i M\u1ef9, tr\u1ea1i\u00a0Chinook Kennel \u1edf ti\u1ec3u bang\u00a0New Hampshire. \u00d4ng v\u00e0 c\u00e1c c\u1ed9ng s\u1ef1 \u0111\u00e3 lai t\u1ea1o v\u00e0 cung c\u1ea5p nhi\u1ec1u ch\u00fa ch\u00f3 Alaska kh\u1ecfe m\u1ea1nh cho c\u00e1c cu\u1ed9c th\u00e1m hi\u1ec3m B\u1eafc C\u1ef1c huy\u1ec1n tho\u1ea1i. Sau nh\u1eefng cu\u1ed9c th\u00e1m hi\u1ec3m, nh\u1eefng ch\u00fa ch\u00f3 Alaska phi th\u01b0\u1eddng nhanh ch\u00f3ng \u0111\u01b0\u1ee3c c\u1ea3 th\u1ebf gi\u1edbi bi\u1ebft \u0111\u1ebfn r\u1ed9ng r\u00e3i qua nh\u1eefng t\u00e1c ph\u1ea9m v\u0103n h\u1ecdc v\u00e0 \u0111i\u1ec7n \u1ea3nh, k\u1ec3 l\u1ea1i nh\u1eefng cu\u1ed9c h\u00e0nh tr\u00ecnh \u201c\u0111\u1ea7y h\u01b0 c\u1ea5u\u201d t\u1ea1i B\u1eafc C\u1ef1c.<\/p>\n<p>Ch\u00f3 Alaska \u0111\u01b0\u1ee3c ch\u00ednh th\u1ee9c c\u00f4ng nh\u1eadn t\u1ea1i M\u1ef9 v\u00e0o n\u0103m 1935. 5 n\u0103m sau, n\u0103m 1945, l\u00e0 th\u1eddi k\u1ef3 \u0111en t\u1ed1i c\u1ee7a gi\u1ed1ng ch\u00f3 Alaska. H\u1ea7u h\u1ebft nh\u1eefng ch\u00fa ch\u00f3 Alaska kh\u1ecfe m\u1ea1nh \u0111\u01b0\u1ee3c \u0111\u0103ng k\u00fd t\u1ea1i M\u1ef9 \u0111\u1ec1u ph\u1ea3i tham chi\u1ebfn, ph\u1ee5c v\u1ee5 qu\u00e2n \u0111\u1ed9i M\u1ef9 trong th\u1ebf chi\u1ebfn 2 do nhu c\u1ea7u v\u1eadn chuy\u1ec3n b\u1eb1ng xe tr\u01b0\u1ee3t tuy\u1ebft r\u1ea5t l\u1edbn. Sau khi k\u1ebft th\u00fac chi\u1ebfn tranh, nh\u1eefng ch\u00fa ch\u00f3 Alaska, v\u1ed1n m\u1ec7t m\u1ecfi v\u00ec ph\u1ea3i tham chi\u1ebfn nhi\u1ec1u n\u0103m, \u0111\u00e3 b\u1ecb \u201ch\u1ee7y di\u1ec7t\u201d trong c\u00e1c cu\u1ed9c h\u00e0nh tr\u00ecnh th\u00e1m hi\u1ec3m s\u00e2u v\u00e0o Nam C\u1ef1c. R\u1ea5t nhi\u1ec1u trong s\u1ed1 ch\u00fang \u0111\u00e3 kh\u00f4ng bao gi\u1edd tr\u1edf v\u1ec1. May thay, s\u1ed1 l\u01b0\u1ee3ng nh\u1eefng ch\u00fa ch\u00f3 Alaska c\u00f2n s\u1ed1ng v\u1eabn \u0111\u1ea3m b\u1ea3o \u0111\u01b0\u1ee3c s\u1ef1 \u0111a d\u1ea1ng gen \u0111\u1ec3 nh\u00e2n gi\u1ed1ng ch\u00f3 Alaska ra to\u00e0n th\u1ebf gi\u1edbi.<\/p>\n","protected":false},"excerpt":{"rendered":"<p>Gi\u1ed1ng ch\u00f3 Alaska\u00a0(t\u00ean \u0111\u1ea7y \u0111\u1ee7 l\u00e0 Alaskan Malamute)\u00a0l\u00e0 gi\u1ed1ng ch\u00f3 s\u00f3i tuy\u1ebft hoang d\u00e3 \u0111\u01b0\u1ee3c thu\u1ea7n h\u00f3a b\u1edfi b\u1ed9 t\u1ed9c Malamute. Ch\u00f3 Alaska c\u00f3 h\u1ecd h\u00e0ng r\u1ea5t g\u1ea7n g\u0169i v\u1edbi c\u00e1c gi\u1ed1ng ch\u00f3 Husky v\u00e0 Samoyed, chung 1 t\u1ed5 ti\u00ean g\u1ea7n nh\u1ea5t l\u00e0 lo\u00e0i ch\u00f3 s\u00f3i b\u1eafc c\u1ef1c huy\u1ec1n tho\u1ea1i. L\u1ea7n \u0111\u1ea7u nh\u00ecn th\u1ea5y ch\u00f3 [&#8230;]\n","protected":false},"featured_media":239,"comment_status":"open","ping_status":"closed","template":"","meta":[],"product_cat":[22,23],"product_tag":[33,27],"_links":{"self":[{"href":"https:\/\/congtyphannguyen.com\/w\/pet\/wp-json\/wp\/v2\/product\/238"}],"collection":[{"href":"https:\/\/congtyphannguyen.com\/w\/pet\/wp-json\/wp\/v2\/product"}],"about":[{"href":"https:\/\/congtyphannguyen.com\/w\/pet\/wp-json\/wp\/v2\/types\/product"}],"replies":[{"embeddable":true,"href":"https:\/\/congtyphannguyen.com\/w\/pet\/wp-json\/wp\/v2\/comments?post=238"}],"wp:featuredmedia":[{"embeddable":true,"href":"https:\/\/congtyphannguyen.com\/w\/pet\/wp-json\/wp\/v2\/media\/239"}],"wp:attachment":[{"href":"https:\/\/congtyphannguyen.com\/w\/pet\/wp-json\/wp\/v2\/media?parent=238"}],"wp:term":[{"taxonomy":"product_cat","embeddable":true,"href":"https:\/\/congtyphannguyen.com\/w\/pet\/wp-json\/wp\/v2\/product_cat?post=238"},{"taxonomy":"product_tag","embeddable":true,"href":"https:\/\/congtyphannguyen.com\/w\/pet\/wp-json\/wp\/v2\/product_tag?post=238"}],"curies":[{"name":"wp","href":"https:\/\/api.w.org\/{rel}","templated":true}]}}