{"id":240,"date":"2017-03-27T05:32:58","date_gmt":"2017-03-26T22:32:58","guid":{"rendered":"http:\/\/pet.fonicweb.com\/?post_type=product&#038;p=240"},"modified":"2017-03-28T03:20:07","modified_gmt":"2017-03-27T20:20:07","slug":"ca-bay-mau-grass","status":"publish","type":"product","link":"https:\/\/congtyphannguyen.com\/w\/pet\/san-pham\/ca-bay-mau-grass\/","title":{"rendered":"C\u00e1 b\u1ea9y m\u00e0u Grass"},"content":{"rendered":"<p>C\u00e1 b\u1ea9y m\u00e0u Grass<\/p>\n<p>Grass l\u00e0 g\u00ec : Grass l\u00e0 \u201cc\u1ecf\u201d \u2026 c\u00f3 th\u1ec3 hi\u1ec3u t\u1ea1i sao l\u1ea1i \u0111\u1eb7t l\u00e0 grass v\u00ec nh\u00ecn v\u00e0o c\u00e1 m\u00ecnh s\u1ebd th\u1ea5y c\u00e1 c\u00f3 nh\u1eefng ch\u1ea5m bi \u0111en (m\u1eaft \u0111en) ch\u1ea5m bi trong su\u1ed1t ho\u1eb7c\u2026(albino) . Bi c\u1ee7a Grass \u1edf \u0111\u00e2y th\u00ec s\u1ebd c\u00f3 con nh\u1ecf ho\u1eb7c l\u1edbn 1 t\u00ed (ko th\u1ec3 di\u1ec5n t\u1ea3 b\u1eb1ng mm dc^^)<\/p>\n<p>\u0110\u1eb7c \u0111i\u1ec3m :<\/p>\n<p>+ \u00bd th\u00e2n kh\u00f4ng c\u00f3 hoa v\u0103n .<\/p>\n<p>+ \u1ede g\u1ea7n ph\u1ea7n \u0111\u1ea7u c\u1ee7a c\u00e1 s\u1ebd c\u00f3 \u0111\u1eb7c \u0111i\u1ec3m l\u00e0 1 v\u1ec7t xanh ho\u1eb7c \u0111\u1ecf,\u2026 (t\u00f9y v\u00e0o m\u00e0u s\u1eafc c\u1ee7a \u0111u\u00f4i c\u00e1) .<\/p>\n<p>Ph\u01b0\u01a1ng T\u00e2y th\u01b0\u1eddng l\u1eabn l\u1ed9n c\u1ee7a c\u00e1c t\u00ean guppy glass(k\u00ednh) v\u00e0 grass(c\u1ecf).Glass(k\u00ednh) \u0111\u1ec1 c\u1eadp \u0111\u1ebfn s\u01b0\u0323 trong su\u00f4\u0301t co\u0301 pha chu\u0301t s\u0103\u0301c ma\u0300u cu\u0309a \u0111u\u00f4i ca\u0301.Grass(c\u1ecf) \u0111\u1ec1 c\u1eadp \u0111\u1ebfn vi\u1ec7c s\u1eed d\u1ee5ng t\u1ed1t c\u1ee7a ch\u1ea5m tr\u00ean \u0111u\u00f4i\u2026<\/p>\n","protected":false},"excerpt":{"rendered":"<p>C\u00e1 b\u1ea9y m\u00e0u Grass Grass l\u00e0 g\u00ec : Grass l\u00e0 \u201cc\u1ecf\u201d \u2026 c\u00f3 th\u1ec3 hi\u1ec3u t\u1ea1i sao l\u1ea1i \u0111\u1eb7t l\u00e0 grass v\u00ec nh\u00ecn v\u00e0o c\u00e1 m\u00ecnh s\u1ebd th\u1ea5y c\u00e1 c\u00f3 nh\u1eefng ch\u1ea5m bi \u0111en (m\u1eaft \u0111en) ch\u1ea5m bi trong su\u1ed1t ho\u1eb7c\u2026(albino) . Bi c\u1ee7a Grass \u1edf \u0111\u00e2y th\u00ec s\u1ebd c\u00f3 con nh\u1ecf ho\u1eb7c l\u1edbn 1 [&#8230;]\n","protected":false},"featured_media":241,"comment_status":"open","ping_status":"closed","template":"","meta":[],"product_cat":[22],"product_tag":[34,35],"_links":{"self":[{"href":"https:\/\/congtyphannguyen.com\/w\/pet\/wp-json\/wp\/v2\/product\/240"}],"collection":[{"href":"https:\/\/congtyphannguyen.com\/w\/pet\/wp-json\/wp\/v2\/product"}],"about":[{"href":"https:\/\/congtyphannguyen.com\/w\/pet\/wp-json\/wp\/v2\/types\/product"}],"replies":[{"embeddable":true,"href":"https:\/\/congtyphannguyen.com\/w\/pet\/wp-json\/wp\/v2\/comments?post=240"}],"wp:featuredmedia":[{"embeddable":true,"href":"https:\/\/congtyphannguyen.com\/w\/pet\/wp-json\/wp\/v2\/media\/241"}],"wp:attachment":[{"href":"https:\/\/congtyphannguyen.com\/w\/pet\/wp-json\/wp\/v2\/media?parent=240"}],"wp:term":[{"taxonomy":"product_cat","embeddable":true,"href":"https:\/\/congtyphannguyen.com\/w\/pet\/wp-json\/wp\/v2\/product_cat?post=240"},{"taxonomy":"product_tag","embeddable":true,"href":"https:\/\/congtyphannguyen.com\/w\/pet\/wp-json\/wp\/v2\/product_tag?post=240"}],"curies":[{"name":"wp","href":"https:\/\/api.w.org\/{rel}","templated":true}]}}