{"id":245,"date":"2017-03-27T05:45:19","date_gmt":"2017-03-26T22:45:19","guid":{"rendered":"http:\/\/pet.fonicweb.com\/?post_type=product&#038;p=245"},"modified":"2017-03-27T17:30:12","modified_gmt":"2017-03-27T10:30:12","slug":"thuc-an-cho-cho-vi-thit-bo-jerhigh","status":"publish","type":"product","link":"https:\/\/congtyphannguyen.com\/w\/pet\/san-pham\/thuc-an-cho-cho-vi-thit-bo-jerhigh\/","title":{"rendered":"Th\u1ee9c \u0103n cho ch\u00f3 v\u1ecb th\u1ecbt b\u00f2 \u2013 JerHigh"},"content":{"rendered":"<h1 class=\"offset_title\">Th\u1ee9c \u0103n cho ch\u00f3 v\u1ecb th\u1ecbt b\u00f2\u00a0Holistic c\u1ee7a\u00a0JerHigh Meat as meals l\u00e0 lo\u1ea1i h\u1ea1t m\u1ec1m cao c\u1ea5p cung c\u1ea5p \u0111\u1ea7y \u0111\u1ee7 c\u00e1c ch\u1ea5t dinh d\u01b0\u1ee1ng c\u1ea7n thi\u1ebft c\u00f3 l\u1ee3i cho ch\u00f3 nh\u01b0 Glucosamine v\u00e0 Chondroitin gi\u00fap ph\u00e1t tri\u1ec3n x\u01b0\u01a1ng kh\u1edbp kh\u1ecfe m\u1ea1nh. Th\u00e0nh ph\u1ea7n Beta-Glucan gi\u00fap t\u0103ng c\u01b0\u1eddng kh\u1ea3 n\u0103ng mi\u1ec5n d\u1ecbch trong c\u00e1c kho\u00e1ng ch\u1ea5t c\u01a1 th\u1ec3 v\u00e0 ph\u1ee5 gia Limonit c\u1ea7n thi\u1ebft gi\u00fap h\u1ea5p th\u1ee5 m\u00f9i ph\u00e2n c\u1ee7a ch\u00f3, l\u00ean \u0111\u1ebfn 80% v\u1edbi ph\u1ee9c h\u1ee3p dinh d\u01b0\u1ee1ng ho\u00e0n thi\u1ec7n, h\u01b0\u01a1ng th\u01a1m, m\u1ec1m v\u00e0 ngon. Jerhigh JerHigh Meat as meals ph\u00f9 h\u1ee3p v\u1edbi t\u1ea5t c\u1ea3 c\u00e1c gi\u1ed1ng ch\u00f3, \u0111\u1eb7c bi\u1ec7t l\u00e0 c\u00e1c ch\u00fa ch\u00f3 th\u00edch \u0103n th\u1ee9c \u0103n m\u1ec1m.<\/h1>\n","protected":false},"excerpt":{"rendered":"<p>Th\u1ee9c \u0103n cho ch\u00f3 v\u1ecb th\u1ecbt b\u00f2\u00a0Holistic c\u1ee7a\u00a0JerHigh Meat as meals l\u00e0 lo\u1ea1i h\u1ea1t m\u1ec1m cao c\u1ea5p cung c\u1ea5p \u0111\u1ea7y \u0111\u1ee7 c\u00e1c ch\u1ea5t dinh d\u01b0\u1ee1ng c\u1ea7n thi\u1ebft c\u00f3 l\u1ee3i cho ch\u00f3 nh\u01b0 Glucosamine v\u00e0 Chondroitin gi\u00fap ph\u00e1t tri\u1ec3n x\u01b0\u01a1ng kh\u1edbp kh\u1ecfe m\u1ea1nh. Th\u00e0nh ph\u1ea7n Beta-Glucan gi\u00fap t\u0103ng c\u01b0\u1eddng kh\u1ea3 n\u0103ng mi\u1ec5n d\u1ecbch trong c\u00e1c kho\u00e1ng [&#8230;]\n","protected":false},"featured_media":246,"comment_status":"open","ping_status":"closed","template":"","meta":[],"product_cat":[25],"product_tag":[27,38],"_links":{"self":[{"href":"https:\/\/congtyphannguyen.com\/w\/pet\/wp-json\/wp\/v2\/product\/245"}],"collection":[{"href":"https:\/\/congtyphannguyen.com\/w\/pet\/wp-json\/wp\/v2\/product"}],"about":[{"href":"https:\/\/congtyphannguyen.com\/w\/pet\/wp-json\/wp\/v2\/types\/product"}],"replies":[{"embeddable":true,"href":"https:\/\/congtyphannguyen.com\/w\/pet\/wp-json\/wp\/v2\/comments?post=245"}],"wp:featuredmedia":[{"embeddable":true,"href":"https:\/\/congtyphannguyen.com\/w\/pet\/wp-json\/wp\/v2\/media\/246"}],"wp:attachment":[{"href":"https:\/\/congtyphannguyen.com\/w\/pet\/wp-json\/wp\/v2\/media?parent=245"}],"wp:term":[{"taxonomy":"product_cat","embeddable":true,"href":"https:\/\/congtyphannguyen.com\/w\/pet\/wp-json\/wp\/v2\/product_cat?post=245"},{"taxonomy":"product_tag","embeddable":true,"href":"https:\/\/congtyphannguyen.com\/w\/pet\/wp-json\/wp\/v2\/product_tag?post=245"}],"curies":[{"name":"wp","href":"https:\/\/api.w.org\/{rel}","templated":true}]}}