{"id":260,"date":"2017-03-27T17:42:49","date_gmt":"2017-03-27T10:42:49","guid":{"rendered":"http:\/\/pet.fonicweb.com\/?post_type=product&#038;p=260"},"modified":"2017-03-27T17:42:49","modified_gmt":"2017-03-27T10:42:49","slug":"quan-ao-cho-meo","status":"publish","type":"product","link":"https:\/\/congtyphannguyen.com\/w\/pet\/san-pham\/quan-ao-cho-meo\/","title":{"rendered":"Qu\u1ea7n \u00e1o ch\u00f3 m\u00e8o"},"content":{"rendered":"","protected":false},"excerpt":{"rendered":"","protected":false},"featured_media":261,"comment_status":"open","ping_status":"closed","template":"","meta":[],"product_cat":[24],"product_tag":[27,31,40,43],"_links":{"self":[{"href":"https:\/\/congtyphannguyen.com\/w\/pet\/wp-json\/wp\/v2\/product\/260"}],"collection":[{"href":"https:\/\/congtyphannguyen.com\/w\/pet\/wp-json\/wp\/v2\/product"}],"about":[{"href":"https:\/\/congtyphannguyen.com\/w\/pet\/wp-json\/wp\/v2\/types\/product"}],"replies":[{"embeddable":true,"href":"https:\/\/congtyphannguyen.com\/w\/pet\/wp-json\/wp\/v2\/comments?post=260"}],"wp:featuredmedia":[{"embeddable":true,"href":"https:\/\/congtyphannguyen.com\/w\/pet\/wp-json\/wp\/v2\/media\/261"}],"wp:attachment":[{"href":"https:\/\/congtyphannguyen.com\/w\/pet\/wp-json\/wp\/v2\/media?parent=260"}],"wp:term":[{"taxonomy":"product_cat","embeddable":true,"href":"https:\/\/congtyphannguyen.com\/w\/pet\/wp-json\/wp\/v2\/product_cat?post=260"},{"taxonomy":"product_tag","embeddable":true,"href":"https:\/\/congtyphannguyen.com\/w\/pet\/wp-json\/wp\/v2\/product_tag?post=260"}],"curies":[{"name":"wp","href":"https:\/\/api.w.org\/{rel}","templated":true}]}}