{"id":1947,"date":"2017-11-29T09:20:44","date_gmt":"2017-11-29T02:20:44","guid":{"rendered":"https:\/\/bizhostvn.com\/w\/saoviet\/?post_type=product&#038;p=1947"},"modified":"2017-12-11T09:03:25","modified_gmt":"2017-12-11T02:03:25","slug":"may-han-mieng-tui-co-in-date-fr980","status":"publish","type":"product","link":"https:\/\/congtyphannguyen.com\/w\/saoviet\/product\/may-han-mieng-tui-co-in-date-fr980\/","title":{"rendered":"M\u00e1y h\u00e0n mi\u1ec7ng t\u00fai c\u00f3 in date (FR-980)"},"content":{"rendered":"<h2><b>FR980 &#8211; m\u00e1y h\u00e0n mi\u1ec7ng t\u00fai c\u00f3 in date<\/b><\/h2>\n<h3><strong>\u0110\u1eb7c t\u00ednh s\u1ea3n ph\u1ea9m:<\/strong><\/h3>\n<h4><strong>M\u00e0u s\u1eafc<\/strong><\/h4>\n<p>M\u00e1y c\u00f3 m\u00e0u tr\u1eafng ch\u1ee7 \u0111\u1ea1o inox s\u00e1ng lo\u00e1ng ch\u1eafn ch\u1eafn, b\u00ean d\u01b0\u1edbi ph\u1ea7n th\u00e2n m\u00e1y c\u00f3 ph\u1ed1i m\u00e0u xanh \u0111\u1eadm ch\u1ed7 \u0111\u1eb7t t\u00fai \u0111\u1ec3 h\u00e0n.<\/p>\n<h4><strong>K\u00edch th\u01b0\u1edbc m\u00e1y<\/strong><\/h4>\n<p>1000 x 400 x 450 mm<\/p>\n<h4><b>\u0110i\u1ec7n \u00e1p<\/b><\/h4>\n<p>220V\/50Hz<\/p>\n<h4><strong>C\u00f4ng su\u1ea5t<\/strong><\/h4>\n<p>600W<\/p>\n<h4><strong>T\u1ed1c \u0111\u1ed9 d\u00e1n t\u00fai<\/strong><\/h4>\n<p>0-8m\/ph\u00fat<\/p>\n<h4><strong>\u0110\u1ed9 r\u1ed9ng mi\u1ec7ng t\u00fai<\/strong><\/h4>\n<p>6-12mm<\/p>\n<h4><strong>Ph\u1ea1m vi nhi\u1ec7t \u0111\u1ed9\u00a0<\/strong><\/h4>\n<p>0-300\u00b0c<\/p>\n<h4><strong>Tr\u1ecdng l\u01b0\u1ee3ng m\u00e1y<\/strong><\/h4>\n<p>50kg<\/p>\n<h3><strong>C\u00f4ng d\u1ee5ng<\/strong><\/h3>\n<p><strong>&#8211; M\u00e1y h\u00e0n mi\u1ec7ng t\u00fai c\u00f3 in date (FR980)\u00a0<\/strong>l\u00e0 s\u1ea3n ph\u1ea9m c\u1ea3i ti\u1ebfn, m\u00e1y c\u00f3 th\u1ec3 in date \u0111\u01b0\u1ee3c t\u1ea5t\u00a0c\u1ea3 c\u00e1c lo\u1ea1i bao b\u00ec, t\u00fai nh\u1ef1a, chai nh\u1ef1a, n\u1eafp chai c\u00f3 \u0111\u1ed9 b\u1ec1n d\u00e0y v\u00e0 m\u1ecfng kh\u00e1c nhau.<\/p>\n<p>&#8211;\u00a0S\u1eed d\u1ee5ng m\u00e1y \u0111\u1ea3m b\u1ea3o \u0111\u1ed9 k\u1ebft d\u00ednh c\u1ee7a mi\u1ec7ng t\u00fai, kh\u00f4ng h\u1edf, kh\u00f4ng th\u1ea5m n\u01b0\u1edbc, ng\u0103n ch\u1eb7n s\u1ef1 th\u00e2m nh\u1eadp c\u1ee7a kh\u00f4ng kh\u00ed b\u00ean ngo\u00e0i gi\u00fap b\u1ea3o qu\u1ea3n s\u1ea3n ph\u1ea9m \u0111\u01b0\u1ee3c l\u00e2u h\u01a1n.<\/p>\n<h3><strong>\u01afu \u0111i\u1ec3m<\/strong><\/h3>\n<p>&#8211; M\u00e1y ch\u1ea1y b\u1ec1n, \u00eam v\u00e0 \u0111\u1eb9p.<\/p>\n<p>&#8211; S\u1ea3n ph\u1ea9m 2 trong 1 \u0111\u01b0\u1ee3c xem l\u00e0 gi\u1ea3i ph\u00e1p h\u1eefu hi\u1ec7u ph\u1ed5 bi\u1ebfn t\u1ea1i c\u00e1c nh\u00e0\u00a0x\u01b0\u1edfng, khu c\u00f4ng nghi\u1ec7p ch\u1ebf bi\u1ebfn chuy\u00ean v\u1ec1 \u0111\u00f3ng g\u00f3i bao b\u00ec h\u00e0ng h\u00f3a xu\u1ea5t nh\u1eadp kh\u1ea9u trong v\u00e0 ngo\u00e0i n\u01b0\u1edbc.<\/p>\n<h3><strong>Xu\u1ea5t x\u1ee9<\/strong><\/h3>\n<p>S\u1ea3n xu\u1ea5t t\u1ea1i Trung Qu\u1ed1c.<\/p>\n<h3><strong>B\u1ea3o h\u00e0nh<\/strong><\/h3>\n<p>12 th\u00e1ng k\u1ec3 t\u1eeb ng\u00e0y Qu\u00fd kh\u00e1ch mua m\u00e1y.<\/p>\n","protected":false},"excerpt":{"rendered":"<p>&#8211; S\u1ea3n ph\u1ea9m \u01b0u vi\u1ec7t v\u1edbi 2 ch\u1ee9c n\u0103ng v\u1eeba h\u00e0n mi\u1ec7ng t\u00fai b\u1ea3o qu\u1ea3n th\u1ef1c ph\u1ea9m v\u1eeba c\u00f3 th\u1ec3 in date, \u0111\u01b0\u1ee3c thi\u1ebft k\u1ebf ph\u00f9 h\u1ee3p trong 1 chi\u1ebfc m\u00e1y, v\u1eeba ti\u1ec7n l\u1ee3i l\u1ea1i \u0111em l\u1ea1i hi\u1ec7u qu\u1ea3 kinh t\u1ebf cao.<\/p>\n<p>&#8211; <strong>M\u00e1y h\u00e0n mi\u1ec7ng t\u00fai c\u00f3 in date (FR980)<\/strong>\u00a0l\u00e0 s\u1ef1 l\u1ef1a ch\u1ecdn h\u00e0ng \u0111\u1ea7u cho cho c\u00e1c doanh nghi\u1ec7p, ti\u1ec7m b\u00e1nh.<\/p>\n<p>&nbsp;<\/p>\n","protected":false},"featured_media":1948,"comment_status":"open","ping_status":"closed","template":"","meta":[],"product_cat":[270,298],"product_tag":[300,299],"_links":{"self":[{"href":"https:\/\/congtyphannguyen.com\/w\/saoviet\/wp-json\/wp\/v2\/product\/1947"}],"collection":[{"href":"https:\/\/congtyphannguyen.com\/w\/saoviet\/wp-json\/wp\/v2\/product"}],"about":[{"href":"https:\/\/congtyphannguyen.com\/w\/saoviet\/wp-json\/wp\/v2\/types\/product"}],"replies":[{"embeddable":true,"href":"https:\/\/congtyphannguyen.com\/w\/saoviet\/wp-json\/wp\/v2\/comments?post=1947"}],"wp:featuredmedia":[{"embeddable":true,"href":"https:\/\/congtyphannguyen.com\/w\/saoviet\/wp-json\/wp\/v2\/media\/1948"}],"wp:attachment":[{"href":"https:\/\/congtyphannguyen.com\/w\/saoviet\/wp-json\/wp\/v2\/media?parent=1947"}],"wp:term":[{"taxonomy":"product_cat","embeddable":true,"href":"https:\/\/congtyphannguyen.com\/w\/saoviet\/wp-json\/wp\/v2\/product_cat?post=1947"},{"taxonomy":"product_tag","embeddable":true,"href":"https:\/\/congtyphannguyen.com\/w\/saoviet\/wp-json\/wp\/v2\/product_tag?post=1947"}],"curies":[{"name":"wp","href":"https:\/\/api.w.org\/{rel}","templated":true}]}}