{"id":546,"date":"2017-06-13T22:04:37","date_gmt":"2017-06-13T15:04:37","guid":{"rendered":"https:\/\/bizhostvn.com\/w\/shopnoithat\/?post_type=product&#038;p=546"},"modified":"2017-06-13T22:04:37","modified_gmt":"2017-06-13T15:04:37","slug":"tu-quan-ao-co-dien-3-ngan","status":"publish","type":"product","link":"https:\/\/congtyphannguyen.com\/w\/shopnoithat\/shop\/tu-quan-ao-co-dien-3-ngan","title":{"rendered":"T\u1ee7 qu\u1ea7n \u00e1o c\u1ed5 \u0111i\u1ec3n, 3 ng\u0103n"},"content":{"rendered":"<h2>T\u1ee7 qu\u1ea7n \u00e1o t\u00e2n c\u1ed5 \u0111i\u1ec3n<\/h2>\n<p>Trong kh\u00f4ng gian c\u1ee7a to\u00e0n ng\u00f4i nh\u00e0 th\u00ec m\u1ed7i \u0111\u1ed3 v\u1eadt \u0111\u1ec1u c\u00f3 m\u1ed9t \u00fd ngh\u0129a ri\u00eang, \u0111\u1eb7c bi\u1ec7t l\u00e0 trong ph\u00f2ng ng\u1ee7, ph\u00f2ng c\u01b0\u1edbi. B\u1ea5t c\u1ee9 \u0111\u1ed3 v\u1eadt n\u00e0o, n\u1ebfu th\u1ef1c s\u1ef1 hi\u1ec3u bi\u1ebft v\u1ec1 n\u00f3 v\u00e0 c\u00f3 s\u1ef1 s\u1eafp x\u1ebfp, ch\u1ecdn l\u1ef1a h\u1ee3p l\u00fd th\u00ec ch\u00fang kh\u00f4ng ch\u1ec9 \u0111em l\u1ea1i s\u1ef1 ti\u1ec7n d\u1ee5ng m\u00e0 v\u1ec1 m\u1eb7t phong th\u1ee7y n\u00f3 c\u00f2n t\u1ea1o n\u00ean nh\u1eefng may m\u1eafn, nh\u1eefng ngu\u1ed3n t\u00e0i l\u1ed9c v\u00f4 c\u00f9ng qu\u00fd gi\u00e1.<\/p>\n<p>T\u1ee7 qu\u1ea7n \u00e1o l\u00e0 v\u1eadt d\u1ee5ng kh\u00f4ng th\u1ec3 thi\u1ebfu \u0111\u1ed1i v\u1edbi n\u1ed9i th\u1ea5t ph\u00f2ng c\u01b0\u1edbi, t\u1ee7 \u00e1o kh\u00f4ng ch\u1ec9 d\u00f9ng \u0111\u1ec3 \u0111\u1ef1ng qu\u1ea7n \u00e1o ho\u1eb7c c\u00e1c v\u1eadt d\u1ee5ng linh tinh m\u00e0 t\u1ee7 \u00e1o c\u00f2n l\u00e0 v\u1eadt d\u1ee5ng d\u00f9ng \u0111\u1ec3 trang tr\u00ed n\u1ed9i th\u1ea5t ph\u00f2ng ng\u1ee7, n\u1ed9i th\u1ea5t ph\u00f2ng c\u01b0\u1edbi.<\/p>\n","protected":false},"excerpt":{"rendered":"<p>T\u1ee7 qu\u1ea7n \u00e1o t\u00e2n c\u1ed5 \u0111i\u1ec3n Trong kh\u00f4ng gian c\u1ee7a to\u00e0n ng\u00f4i nh\u00e0 th\u00ec m\u1ed7i \u0111\u1ed3 v\u1eadt \u0111\u1ec1u c\u00f3 m\u1ed9t \u00fd ngh\u0129a ri\u00eang, \u0111\u1eb7c bi\u1ec7t l\u00e0 trong ph\u00f2ng ng\u1ee7, ph\u00f2ng c\u01b0\u1edbi. B\u1ea5t c\u1ee9 \u0111\u1ed3 v\u1eadt n\u00e0o, n\u1ebfu th\u1ef1c s\u1ef1 hi\u1ec3u bi\u1ebft v\u1ec1 n\u00f3 v\u00e0 c\u00f3 s\u1ef1 s\u1eafp x\u1ebfp,&#8230;<\/p>\n","protected":false},"featured_media":547,"comment_status":"open","ping_status":"closed","template":"","meta":[],"product_cat":[96,115],"product_tag":[],"_links":{"self":[{"href":"https:\/\/congtyphannguyen.com\/w\/shopnoithat\/wp-json\/wp\/v2\/product\/546"}],"collection":[{"href":"https:\/\/congtyphannguyen.com\/w\/shopnoithat\/wp-json\/wp\/v2\/product"}],"about":[{"href":"https:\/\/congtyphannguyen.com\/w\/shopnoithat\/wp-json\/wp\/v2\/types\/product"}],"replies":[{"embeddable":true,"href":"https:\/\/congtyphannguyen.com\/w\/shopnoithat\/wp-json\/wp\/v2\/comments?post=546"}],"wp:featuredmedia":[{"embeddable":true,"href":"https:\/\/congtyphannguyen.com\/w\/shopnoithat\/wp-json\/wp\/v2\/media\/547"}],"wp:attachment":[{"href":"https:\/\/congtyphannguyen.com\/w\/shopnoithat\/wp-json\/wp\/v2\/media?parent=546"}],"wp:term":[{"taxonomy":"product_cat","embeddable":true,"href":"https:\/\/congtyphannguyen.com\/w\/shopnoithat\/wp-json\/wp\/v2\/product_cat?post=546"},{"taxonomy":"product_tag","embeddable":true,"href":"https:\/\/congtyphannguyen.com\/w\/shopnoithat\/wp-json\/wp\/v2\/product_tag?post=546"}],"curies":[{"name":"wp","href":"https:\/\/api.w.org\/{rel}","templated":true}]}}