{"id":621,"date":"2017-06-14T10:21:23","date_gmt":"2017-06-14T03:21:23","guid":{"rendered":"https:\/\/bizhostvn.com\/w\/shopnoithat\/?post_type=product&#038;p=621"},"modified":"2017-06-14T10:29:15","modified_gmt":"2017-06-14T03:29:15","slug":"rem-cua-trang-tri","status":"publish","type":"product","link":"https:\/\/congtyphannguyen.com\/w\/shopnoithat\/shop\/rem-cua-trang-tri","title":{"rendered":"R\u00e8m c\u1eeda trang tr\u00ed"},"content":{"rendered":"<div class=\"row row-divided\"  id=\"row-1812498529\">\n\n\t<div id=\"col-2009043821\" class=\"col medium-8 small-12 large-8\"  >\n\t\t\t\t<div class=\"col-inner\"  >\n\t\t\t\n\t\t\t\n<p>R\u00e8m c\u1eeda l\u00e0 m\u1ed9t trong nh\u1eefng n\u1ed9i th\u1ea5t quan tr\u1ecdng gi\u00fap cho kh\u00f4ng gian gia \u0111\u00ecnh tr\u1edf n\u00ean \u0111\u1eb9p, l\u00f4i cu\u1ed1n. Ch\u1eb3ng nh\u1eefng th\u1ebf , \u0111\u1ec3 l\u1eafp \u0111\u1eb7t r\u00e8m c\u1eeda , nhi\u1ec1u nh\u00e0 kinh doanh c\u00f2n c\u00f3 s\u1ef1 quan t\u00e2m r\u1ea5t l\u1edbn \u0111\u1ebfn phong th\u1ee7y.<\/p>\n<p><img class=\"aligncenter\" src=\"https:\/\/bizweb.dktcdn.net\/100\/109\/381\/files\/rem-vai-59.jpg?v=1469637647972\" \/><\/p>\n<h3>H\u00e0nh Kim v\u00e0 ngh\u1ec1 kim ho\u00e0n<\/h3>\n<p>Theo c\u00e1c chuy\u00ean gia ph\u00e2n t\u00edch, n\u1ebfu l\u0129nh v\u1ef1c m\u00e0 b\u1ea1n kinh doanh l\u00e0 v\u00e0ng b\u1ea1c, ng\u00e0nh ngh\u1ec1 c\u1ee7a b\u1ea1n thu\u1ed9c h\u00e0nh Kim. V\u1edbi h\u00e0nh n\u00e0y, b\u1ea1n n\u00ean t\u0103ng c\u01b0\u1eddng ho\u1ea1t \u0111\u1ed9ng \u1edf g\u00f3c T\u00e2y v\u00e0 T\u00e2y B\u1eafc v\u0103n ph\u00f2ng \u2013 c\u00e1c h\u01b0\u1edbng \u0111\u1ea1i di\u1ec7n cho h\u00e0nh Kim. Khi l\u1eafp \u0111\u1eb7t r\u00e8m v\u0103n ph\u00f2ng, n\u00ean ch\u1ecdn m\u00e0u s\u1eafc t\u01b0\u01a1ng \u1ee9ng v\u1edbi Kim nh\u01b0 tr\u1eafng, ghi s\u00e1ng, \u00e1nh kim ho\u1eb7c c\u00e1c m\u00e0u \u0111\u1ea1i di\u1ec7n cho Th\u1ed5.<\/p>\n<p><img class=\"aligncenter\" src=\"https:\/\/bizweb.dktcdn.net\/100\/109\/381\/files\/rem-vai-11rem-vai-cao-cap-11.jpg?v=1469637712569\" \/><\/p>\n<h3>H\u00e0nh M\u1ed9c v\u00e0 ngh\u1ec1 m\u1ed9c<\/h3>\n<p>Ng\u01b0\u1eddi l\u00e0m ngh\u1ec1 m\u1ed9c l\u00e0 ng\u01b0\u1eddi theo \u0111u\u1ed5i c\u00e1c l\u0129nh v\u1ef1c nh\u01b0 n\u00f4ng, l\u00e2m nghi\u1ec7p, l\u00e0m v\u01b0\u1eddn, thi\u1ebft k\u1ebf n\u1ed9i th\u1ea5t\u2026 H\u00e0nh M\u1ed9c, theo ph\u00e2n t\u00edch c\u1ee7a c\u00e1c chuy\u00ean gia thu\u1ed9c h\u01b0\u1edbng \u0110\u00f4ng v\u00e0 \u0110\u00f4ng Nam, v\u00ec v\u1eady, n\u00ean ch\u1ecdn r\u00e8m v\u0103n ph\u00f2ng, r\u00e8m cu\u1ed1n hay r\u00e8m roman m\u00e0u n\u00e2u, xanh.<\/p>\n\t\t<\/div>\n\t\t\t\t\t<\/div>\n\n\t\n\n\t<div id=\"col-1972998194\" class=\"col medium-4 small-12 large-4\"  >\n\t\t\t\t<div class=\"col-inner\"  >\n\t\t\t\n\t\t\t\n<h3>S\u1ea3n ph\u1ea9m m\u1edbi c\u1eadp nh\u1eadt<\/h3>\n<div class=\"woocommerce columns-2 \"><div class=\"products row row-small large-columns-2 medium-columns-3 small-columns-2 has-shadow row-box-shadow-2 row-box-shadow-1-hover\">\n\n<div class=\"product-small col has-hover product type-product post-899 status-publish first instock has-post-thumbnail shipping-taxable purchasable product-type-simple\">\n\t<div class=\"col-inner\">\n\t\n<div class=\"badge-container absolute left top z-1\">\n<\/div>\n\t<div class=\"product-small box \">\n\t\t<div class=\"box-image\">\n\t\t\t<div class=\"image-fade_in_back\">\n\t\t\t\t<a href=\"https:\/\/congtyphannguyen.com\/w\/shopnoithat\/shop\/bo-dieu-khien-trung-tam-kg872344\" aria-label=\"B\u1ed9 \u0111i\u1ec1u khi\u1ec3n trung t\u00e2m KG872344\">\n\t\t\t\t\t<img width=\"300\" height=\"208\" src=\"https:\/\/congtyphannguyen.com\/w\/shopnoithat\/wp-content\/uploads\/2017\/06\/resizeimage-1.png\" class=\"attachment-woocommerce_thumbnail size-woocommerce_thumbnail\" alt=\"\" loading=\"lazy\" \/><img width=\"300\" height=\"208\" src=\"https:\/\/congtyphannguyen.com\/w\/shopnoithat\/wp-content\/uploads\/2017\/06\/resizeimage-1.png\" class=\"show-on-hover absolute fill hide-for-small back-image\" alt=\"\" loading=\"lazy\" \/>\t\t\t\t<\/a>\n\t\t\t<\/div>\n\t\t\t<div class=\"image-tools is-small top right show-on-hover\">\n\t\t\t\t\t\t\t<\/div>\n\t\t\t<div class=\"image-tools is-small hide-for-small bottom left show-on-hover\">\n\t\t\t\t\t\t\t<\/div>\n\t\t\t<div class=\"image-tools grid-tools text-center hide-for-small bottom hover-slide-in show-on-hover\">\n\t\t\t\t\t\t\t<\/div>\n\t\t\t\t\t<\/div>\n\n\t\t<div class=\"box-text box-text-products text-center grid-style-2\">\n\t\t\t<div class=\"title-wrapper\"><\/div><div class=\"price-wrapper\"><\/div>\t\t<\/div>\n\t<\/div>\n\t\t<\/div>\n<\/div>\n\n<div class=\"product-small col has-hover product type-product post-712 status-publish last instock product_cat-phong-khach has-post-thumbnail shipping-taxable purchasable product-type-simple\">\n\t<div class=\"col-inner\">\n\t\n<div class=\"badge-container absolute left top z-1\">\n<\/div>\n\t<div class=\"product-small box \">\n\t\t<div class=\"box-image\">\n\t\t\t<div class=\"image-fade_in_back\">\n\t\t\t\t<a href=\"https:\/\/congtyphannguyen.com\/w\/shopnoithat\/shop\/bo-dieu-khien-trung-tam\" aria-label=\"B\u1ed9 \u0111i\u1ec1u khi\u1ec3n trung t\u00e2m KG872344\">\n\t\t\t\t\t<img width=\"300\" height=\"300\" src=\"https:\/\/congtyphannguyen.com\/w\/shopnoithat\/wp-content\/uploads\/2017\/06\/shoe-rack-open.jpg\" class=\"attachment-woocommerce_thumbnail size-woocommerce_thumbnail\" alt=\"\" loading=\"lazy\" srcset=\"https:\/\/congtyphannguyen.com\/w\/shopnoithat\/wp-content\/uploads\/2017\/06\/shoe-rack-open.jpg 420w, https:\/\/congtyphannguyen.com\/w\/shopnoithat\/wp-content\/uploads\/2017\/06\/shoe-rack-open-280x280.jpg 280w, https:\/\/congtyphannguyen.com\/w\/shopnoithat\/wp-content\/uploads\/2017\/06\/shoe-rack-open-400x400.jpg 400w, https:\/\/congtyphannguyen.com\/w\/shopnoithat\/wp-content\/uploads\/2017\/06\/shoe-rack-open-180x180.jpg 180w, https:\/\/congtyphannguyen.com\/w\/shopnoithat\/wp-content\/uploads\/2017\/06\/shoe-rack-open-300x300.jpg 300w\" sizes=\"(max-width: 300px) 100vw, 300px\" \/><img width=\"300\" height=\"208\" src=\"https:\/\/congtyphannguyen.com\/w\/shopnoithat\/wp-content\/uploads\/2017\/06\/resizeimage-1.png\" class=\"show-on-hover absolute fill hide-for-small back-image\" alt=\"\" loading=\"lazy\" \/>\t\t\t\t<\/a>\n\t\t\t<\/div>\n\t\t\t<div class=\"image-tools is-small top right show-on-hover\">\n\t\t\t\t\t\t\t<\/div>\n\t\t\t<div class=\"image-tools is-small hide-for-small bottom left show-on-hover\">\n\t\t\t\t\t\t\t<\/div>\n\t\t\t<div class=\"image-tools grid-tools text-center hide-for-small bottom hover-slide-in show-on-hover\">\n\t\t\t\t\t\t\t<\/div>\n\t\t\t\t\t<\/div>\n\n\t\t<div class=\"box-text box-text-products text-center grid-style-2\">\n\t\t\t<div class=\"title-wrapper\"><\/div><div class=\"price-wrapper\"><\/div>\t\t<\/div>\n\t<\/div>\n\t\t<\/div>\n<\/div>\n\n<div class=\"product-small col has-hover product type-product post-710 status-publish first instock product_cat-phong-khach has-post-thumbnail shipping-taxable purchasable product-type-simple\">\n\t<div class=\"col-inner\">\n\t\n<div class=\"badge-container absolute left top z-1\">\n<\/div>\n\t<div class=\"product-small box \">\n\t\t<div class=\"box-image\">\n\t\t\t<div class=\"image-fade_in_back\">\n\t\t\t\t<a href=\"https:\/\/congtyphannguyen.com\/w\/shopnoithat\/shop\/thiet-bi-bat-tat-den-thong-minh-sh-d2\" aria-label=\"C\u00f4ng t\u1eafc \u0111\u00e8n th\u00f4ng minh GS3823\">\n\t\t\t\t\t<img width=\"300\" height=\"300\" src=\"https:\/\/congtyphannguyen.com\/w\/shopnoithat\/wp-content\/uploads\/2017\/06\/127078484912161.jpg\" class=\"attachment-woocommerce_thumbnail size-woocommerce_thumbnail\" alt=\"\" loading=\"lazy\" srcset=\"https:\/\/congtyphannguyen.com\/w\/shopnoithat\/wp-content\/uploads\/2017\/06\/127078484912161.jpg 446w, https:\/\/congtyphannguyen.com\/w\/shopnoithat\/wp-content\/uploads\/2017\/06\/127078484912161-280x280.jpg 280w, https:\/\/congtyphannguyen.com\/w\/shopnoithat\/wp-content\/uploads\/2017\/06\/127078484912161-400x400.jpg 400w, https:\/\/congtyphannguyen.com\/w\/shopnoithat\/wp-content\/uploads\/2017\/06\/127078484912161-180x180.jpg 180w, https:\/\/congtyphannguyen.com\/w\/shopnoithat\/wp-content\/uploads\/2017\/06\/127078484912161-300x300.jpg 300w\" sizes=\"(max-width: 300px) 100vw, 300px\" \/><img width=\"300\" height=\"188\" src=\"https:\/\/congtyphannguyen.com\/w\/shopnoithat\/wp-content\/uploads\/2017\/06\/shd1d2d3.jpg\" class=\"show-on-hover absolute fill hide-for-small back-image\" alt=\"\" loading=\"lazy\" \/>\t\t\t\t<\/a>\n\t\t\t<\/div>\n\t\t\t<div class=\"image-tools is-small top right show-on-hover\">\n\t\t\t\t\t\t\t<\/div>\n\t\t\t<div class=\"image-tools is-small hide-for-small bottom left show-on-hover\">\n\t\t\t\t\t\t\t<\/div>\n\t\t\t<div class=\"image-tools grid-tools text-center hide-for-small bottom hover-slide-in show-on-hover\">\n\t\t\t\t\t\t\t<\/div>\n\t\t\t\t\t<\/div>\n\n\t\t<div class=\"box-text box-text-products text-center grid-style-2\">\n\t\t\t<div class=\"title-wrapper\"><\/div><div class=\"price-wrapper\"><\/div>\t\t<\/div>\n\t<\/div>\n\t\t<\/div>\n<\/div>\n\n<div class=\"product-small col has-hover product type-product post-704 status-publish last instock product_cat-thiet-bi-bep has-post-thumbnail shipping-taxable purchasable product-type-simple\">\n\t<div class=\"col-inner\">\n\t\n<div class=\"badge-container absolute left top z-1\">\n<\/div>\n\t<div class=\"product-small box \">\n\t\t<div class=\"box-image\">\n\t\t\t<div class=\"image-fade_in_back\">\n\t\t\t\t<a href=\"https:\/\/congtyphannguyen.com\/w\/shopnoithat\/shop\/may-hut-mui-canzy-cz-3388-7090\" aria-label=\"M\u00e1y h\u00fat m\u00f9i Canzy CZ-3388-70\/90 098933\">\n\t\t\t\t\t<img width=\"300\" height=\"300\" src=\"https:\/\/congtyphannguyen.com\/w\/shopnoithat\/wp-content\/uploads\/2017\/06\/may-khu-mui-nha-bep-sevilla-sv-3388-90-300x300.jpg\" class=\"attachment-woocommerce_thumbnail size-woocommerce_thumbnail\" alt=\"\" loading=\"lazy\" srcset=\"https:\/\/congtyphannguyen.com\/w\/shopnoithat\/wp-content\/uploads\/2017\/06\/may-khu-mui-nha-bep-sevilla-sv-3388-90-300x300.jpg 300w, https:\/\/congtyphannguyen.com\/w\/shopnoithat\/wp-content\/uploads\/2017\/06\/may-khu-mui-nha-bep-sevilla-sv-3388-90-280x280.jpg 280w, https:\/\/congtyphannguyen.com\/w\/shopnoithat\/wp-content\/uploads\/2017\/06\/may-khu-mui-nha-bep-sevilla-sv-3388-90-180x180.jpg 180w, https:\/\/congtyphannguyen.com\/w\/shopnoithat\/wp-content\/uploads\/2017\/06\/may-khu-mui-nha-bep-sevilla-sv-3388-90-600x600.jpg 600w, https:\/\/congtyphannguyen.com\/w\/shopnoithat\/wp-content\/uploads\/2017\/06\/may-khu-mui-nha-bep-sevilla-sv-3388-90-scaled-100x100.jpg 100w\" sizes=\"(max-width: 300px) 100vw, 300px\" \/><img width=\"300\" height=\"300\" src=\"https:\/\/congtyphannguyen.com\/w\/shopnoithat\/wp-content\/uploads\/2017\/06\/may-khu-mui-nha-bep-sevilla-sv-3388-90-300x300.jpg\" class=\"show-on-hover absolute fill hide-for-small back-image\" alt=\"\" loading=\"lazy\" srcset=\"https:\/\/congtyphannguyen.com\/w\/shopnoithat\/wp-content\/uploads\/2017\/06\/may-khu-mui-nha-bep-sevilla-sv-3388-90-300x300.jpg 300w, https:\/\/congtyphannguyen.com\/w\/shopnoithat\/wp-content\/uploads\/2017\/06\/may-khu-mui-nha-bep-sevilla-sv-3388-90-280x280.jpg 280w, https:\/\/congtyphannguyen.com\/w\/shopnoithat\/wp-content\/uploads\/2017\/06\/may-khu-mui-nha-bep-sevilla-sv-3388-90-180x180.jpg 180w, https:\/\/congtyphannguyen.com\/w\/shopnoithat\/wp-content\/uploads\/2017\/06\/may-khu-mui-nha-bep-sevilla-sv-3388-90-600x600.jpg 600w, https:\/\/congtyphannguyen.com\/w\/shopnoithat\/wp-content\/uploads\/2017\/06\/may-khu-mui-nha-bep-sevilla-sv-3388-90-scaled-100x100.jpg 100w\" sizes=\"(max-width: 300px) 100vw, 300px\" \/>\t\t\t\t<\/a>\n\t\t\t<\/div>\n\t\t\t<div class=\"image-tools is-small top right show-on-hover\">\n\t\t\t\t\t\t\t<\/div>\n\t\t\t<div class=\"image-tools is-small hide-for-small bottom left show-on-hover\">\n\t\t\t\t\t\t\t<\/div>\n\t\t\t<div class=\"image-tools grid-tools text-center hide-for-small bottom hover-slide-in show-on-hover\">\n\t\t\t\t\t\t\t<\/div>\n\t\t\t\t\t<\/div>\n\n\t\t<div class=\"box-text box-text-products text-center grid-style-2\">\n\t\t\t<div class=\"title-wrapper\"><\/div><div class=\"price-wrapper\"><\/div>\t\t<\/div>\n\t<\/div>\n\t\t<\/div>\n<\/div>\n\n<div class=\"product-small col has-hover product type-product post-702 status-publish first instock product_cat-thiet-bi-bep has-post-thumbnail shipping-taxable purchasable product-type-simple\">\n\t<div class=\"col-inner\">\n\t\n<div class=\"badge-container absolute left top z-1\">\n<\/div>\n\t<div class=\"product-small box \">\n\t\t<div class=\"box-image\">\n\t\t\t<div class=\"image-fade_in_back\">\n\t\t\t\t<a href=\"https:\/\/congtyphannguyen.com\/w\/shopnoithat\/shop\/may-hut-mui-giovani-g70-prs\" aria-label=\"M\u00e1y h\u00fat m\u00f9i Giovani G70 PRS FK37393\">\n\t\t\t\t\t<img width=\"300\" height=\"300\" src=\"https:\/\/congtyphannguyen.com\/w\/shopnoithat\/wp-content\/uploads\/2017\/06\/giovani.jpg\" class=\"attachment-woocommerce_thumbnail size-woocommerce_thumbnail\" alt=\"\" loading=\"lazy\" srcset=\"https:\/\/congtyphannguyen.com\/w\/shopnoithat\/wp-content\/uploads\/2017\/06\/giovani.jpg 446w, https:\/\/congtyphannguyen.com\/w\/shopnoithat\/wp-content\/uploads\/2017\/06\/giovani-280x280.jpg 280w, https:\/\/congtyphannguyen.com\/w\/shopnoithat\/wp-content\/uploads\/2017\/06\/giovani-400x400.jpg 400w, https:\/\/congtyphannguyen.com\/w\/shopnoithat\/wp-content\/uploads\/2017\/06\/giovani-180x180.jpg 180w, https:\/\/congtyphannguyen.com\/w\/shopnoithat\/wp-content\/uploads\/2017\/06\/giovani-300x300.jpg 300w\" sizes=\"(max-width: 300px) 100vw, 300px\" \/><img width=\"300\" height=\"300\" src=\"https:\/\/congtyphannguyen.com\/w\/shopnoithat\/wp-content\/uploads\/2017\/06\/giovani.jpg\" class=\"show-on-hover absolute fill hide-for-small back-image\" alt=\"\" loading=\"lazy\" srcset=\"https:\/\/congtyphannguyen.com\/w\/shopnoithat\/wp-content\/uploads\/2017\/06\/giovani.jpg 446w, https:\/\/congtyphannguyen.com\/w\/shopnoithat\/wp-content\/uploads\/2017\/06\/giovani-280x280.jpg 280w, https:\/\/congtyphannguyen.com\/w\/shopnoithat\/wp-content\/uploads\/2017\/06\/giovani-400x400.jpg 400w, https:\/\/congtyphannguyen.com\/w\/shopnoithat\/wp-content\/uploads\/2017\/06\/giovani-180x180.jpg 180w, https:\/\/congtyphannguyen.com\/w\/shopnoithat\/wp-content\/uploads\/2017\/06\/giovani-300x300.jpg 300w\" sizes=\"(max-width: 300px) 100vw, 300px\" \/>\t\t\t\t<\/a>\n\t\t\t<\/div>\n\t\t\t<div class=\"image-tools is-small top right show-on-hover\">\n\t\t\t\t\t\t\t<\/div>\n\t\t\t<div class=\"image-tools is-small hide-for-small bottom left show-on-hover\">\n\t\t\t\t\t\t\t<\/div>\n\t\t\t<div class=\"image-tools grid-tools text-center hide-for-small bottom hover-slide-in show-on-hover\">\n\t\t\t\t\t\t\t<\/div>\n\t\t\t\t\t<\/div>\n\n\t\t<div class=\"box-text box-text-products text-center grid-style-2\">\n\t\t\t<div class=\"title-wrapper\"><\/div><div class=\"price-wrapper\"><\/div>\t\t<\/div>\n\t<\/div>\n\t\t<\/div>\n<\/div>\n\n<div class=\"product-small col has-hover product type-product post-686 status-publish last instock product_cat-thiet-bi-bep has-post-thumbnail shipping-taxable purchasable product-type-simple\">\n\t<div class=\"col-inner\">\n\t\n<div class=\"badge-container absolute left top z-1\">\n<\/div>\n\t<div class=\"product-small box \">\n\t\t<div class=\"box-image\">\n\t\t\t<div class=\"image-fade_in_back\">\n\t\t\t\t<a href=\"https:\/\/congtyphannguyen.com\/w\/shopnoithat\/shop\/bep-ga-am-kinh-kaff-kf-321\" aria-label=\"B\u1ebfp ga \u00e2m k\u00ednh KAFF KF-321 ch\u1ea5t l\u01b0\u1ee3ng cao\">\n\t\t\t\t\t<img width=\"300\" height=\"300\" src=\"https:\/\/congtyphannguyen.com\/w\/shopnoithat\/wp-content\/uploads\/2017\/06\/bep01.jpg\" class=\"attachment-woocommerce_thumbnail size-woocommerce_thumbnail\" alt=\"\" loading=\"lazy\" srcset=\"https:\/\/congtyphannguyen.com\/w\/shopnoithat\/wp-content\/uploads\/2017\/06\/bep01.jpg 446w, https:\/\/congtyphannguyen.com\/w\/shopnoithat\/wp-content\/uploads\/2017\/06\/bep01-280x280.jpg 280w, https:\/\/congtyphannguyen.com\/w\/shopnoithat\/wp-content\/uploads\/2017\/06\/bep01-400x400.jpg 400w, https:\/\/congtyphannguyen.com\/w\/shopnoithat\/wp-content\/uploads\/2017\/06\/bep01-180x180.jpg 180w, https:\/\/congtyphannguyen.com\/w\/shopnoithat\/wp-content\/uploads\/2017\/06\/bep01-300x300.jpg 300w\" sizes=\"(max-width: 300px) 100vw, 300px\" \/><img width=\"300\" height=\"300\" src=\"https:\/\/congtyphannguyen.com\/w\/shopnoithat\/wp-content\/uploads\/2017\/06\/bep01.jpg\" class=\"show-on-hover absolute fill hide-for-small back-image\" alt=\"\" loading=\"lazy\" srcset=\"https:\/\/congtyphannguyen.com\/w\/shopnoithat\/wp-content\/uploads\/2017\/06\/bep01.jpg 446w, https:\/\/congtyphannguyen.com\/w\/shopnoithat\/wp-content\/uploads\/2017\/06\/bep01-280x280.jpg 280w, https:\/\/congtyphannguyen.com\/w\/shopnoithat\/wp-content\/uploads\/2017\/06\/bep01-400x400.jpg 400w, https:\/\/congtyphannguyen.com\/w\/shopnoithat\/wp-content\/uploads\/2017\/06\/bep01-180x180.jpg 180w, https:\/\/congtyphannguyen.com\/w\/shopnoithat\/wp-content\/uploads\/2017\/06\/bep01-300x300.jpg 300w\" sizes=\"(max-width: 300px) 100vw, 300px\" \/>\t\t\t\t<\/a>\n\t\t\t<\/div>\n\t\t\t<div class=\"image-tools is-small top right show-on-hover\">\n\t\t\t\t\t\t\t<\/div>\n\t\t\t<div class=\"image-tools is-small hide-for-small bottom left show-on-hover\">\n\t\t\t\t\t\t\t<\/div>\n\t\t\t<div class=\"image-tools grid-tools text-center hide-for-small bottom hover-slide-in show-on-hover\">\n\t\t\t\t\t\t\t<\/div>\n\t\t\t\t\t<\/div>\n\n\t\t<div class=\"box-text box-text-products text-center grid-style-2\">\n\t\t\t<div class=\"title-wrapper\"><\/div><div class=\"price-wrapper\"><\/div>\t\t<\/div>\n\t<\/div>\n\t\t<\/div>\n<\/div>\n<\/div><!-- row --><\/div>\n\t\t<\/div>\n\t\t\t\t\t<\/div>\n\n\t\n<\/div>\n","protected":false},"excerpt":{"rendered":"<p>R\u00e8m c\u1eeda l\u00e0 m\u1ed9t trong nh\u1eefng n\u1ed9i th\u1ea5t quan tr\u1ecdng gi\u00fap cho kh\u00f4ng gian gia \u0111\u00ecnh tr\u1edf n\u00ean \u0111\u1eb9p, l\u00f4i cu\u1ed1n. Ch\u1eb3ng nh\u1eefng th\u1ebf , \u0111\u1ec3 l\u1eafp \u0111\u1eb7t r\u00e8m c\u1eeda , nhi\u1ec1u nh\u00e0 kinh doanh c\u00f2n c\u00f3 s\u1ef1 quan t\u00e2m r\u1ea5t l\u1edbn \u0111\u1ebfn phong th\u1ee7y. ..<\/p>\n","protected":false},"featured_media":622,"comment_status":"open","ping_status":"closed","template":"","meta":[],"product_cat":[96],"product_tag":[],"_links":{"self":[{"href":"https:\/\/congtyphannguyen.com\/w\/shopnoithat\/wp-json\/wp\/v2\/product\/621"}],"collection":[{"href":"https:\/\/congtyphannguyen.com\/w\/shopnoithat\/wp-json\/wp\/v2\/product"}],"about":[{"href":"https:\/\/congtyphannguyen.com\/w\/shopnoithat\/wp-json\/wp\/v2\/types\/product"}],"replies":[{"embeddable":true,"href":"https:\/\/congtyphannguyen.com\/w\/shopnoithat\/wp-json\/wp\/v2\/comments?post=621"}],"wp:featuredmedia":[{"embeddable":true,"href":"https:\/\/congtyphannguyen.com\/w\/shopnoithat\/wp-json\/wp\/v2\/media\/622"}],"wp:attachment":[{"href":"https:\/\/congtyphannguyen.com\/w\/shopnoithat\/wp-json\/wp\/v2\/media?parent=621"}],"wp:term":[{"taxonomy":"product_cat","embeddable":true,"href":"https:\/\/congtyphannguyen.com\/w\/shopnoithat\/wp-json\/wp\/v2\/product_cat?post=621"},{"taxonomy":"product_tag","embeddable":true,"href":"https:\/\/congtyphannguyen.com\/w\/shopnoithat\/wp-json\/wp\/v2\/product_tag?post=621"}],"curies":[{"name":"wp","href":"https:\/\/api.w.org\/{rel}","templated":true}]}}