{"id":631,"date":"2017-06-14T10:35:50","date_gmt":"2017-06-14T03:35:50","guid":{"rendered":"https:\/\/bizhostvn.com\/w\/shopnoithat\/?post_type=product&#038;p=631"},"modified":"2017-06-14T16:49:49","modified_gmt":"2017-06-14T09:49:49","slug":"tu-de-giay-gac-cheo","status":"publish","type":"product","link":"https:\/\/congtyphannguyen.com\/w\/shopnoithat\/shop\/tu-de-giay-gac-cheo","title":{"rendered":"T\u1ee7 \u0111\u1ec3 gi\u00e0y g\u00e1c ch\u00e9o, 12 ng\u0103n ch\u1ee9a \u0111\u1ed3"},"content":{"rendered":"<div class=\"row row-small row-divided\"  id=\"row-1495073657\">\n\n\t<div id=\"col-807332561\" class=\"col medium-8 small-12 large-8\"  >\n\t\t\t\t<div class=\"col-inner\"  >\n\t\t\t\n\t\t\t\n<p>T\u1ee7 gi\u00e0y T\u1ee7 qu\u1ea7n \u00e1o th\u1eddi trang t\u1ea1i H\u00e0 N\u1ed9i- Gi\u00e1 r\u1ebb nh\u1ea5t. V\u1eadn chuy\u1ec3n, l\u1eafp \u0111\u1eb7t FREE: T\u1ee7 gi\u00e0y- t\u1ee7 \u0111\u1ef1ng gi\u00e0y th\u1eddi trang cho gia \u0111\u00ecnh b\u1ea1n &#8211; t\u1ee7 \u0111\u1ef1ng gi\u00e0y th\u1eddi trang cho gia \u0111\u00ecnh b\u1ea1n<\/p>\n<p>Gia \u0111\u00ecnh b\u1ea1n \u0111ang t\u00ecm mua t\u1ee7 gi\u00e0y- m\u1ed9t chi\u1ebfc t\u1ee7 gi\u00e0y T\u1ee7 qu\u1ea7n \u00e1o th\u1eddi trang t\u1ea1i H\u00e0 N\u1ed9i- Gi\u00e1 r\u1ebb nh\u1ea5t. V\u1eadn chuy\u1ec3n, l\u1eafp \u0111\u1eb7t FREE: T\u1ee7 gi\u00e0y- t\u1ee7 \u0111\u1ef1ng gi\u00e0y th\u1eddi trang cho gia \u0111\u00ecnh b\u1ea1n gi\u00e1 c\u1ea3 h\u1ee3p l\u00fd+ th\u1eddi trang+ b\u1ec1n ch\u1eafc. H\u01a1n nh\u1eefng th\u1ebf khi b\u1ea1n mua c\u00f2n \u0111\u01b0\u1ee3c v\u1eadn chuy\u1ec3n l\u1eafp \u0111\u1eb7t t\u1ea1i nh\u00e0 + thanh to\u00e1n t\u1ea1i nh\u00e0 + ch\u1ea5t l\u01b0\u1ee3ng d\u1ecbch v\u1ee5 t\u1ed1t nh\u1ea5t HN, v\u1ec1 b\u1ea3o h\u00e0ng sp.<\/p>\n<p>Chi\u1ebfc t\u1ee7 gi\u00e0y th\u1eddi trang l\u00e0 l\u1ef1a ch\u1ecdn t\u1ed1i \u01b0u cho m\u1ed7i ng\u00f4i nh\u00e0 nh\u1ecf, t\u1ee7 gi\u00e0y gi\u00fap ng\u00f4i nh\u00e0 b\u1ea1n gon g\u00e0ng v\u00e0 ng\u0103n n\u1eafp h\u01a1n<\/p>\n<p>t\u1ee7 gi\u00e0y kendy gi\u00fap b\u1ea1n \u0111i\u1ec1u \u0111\u00f3, mang \u0111\u1ebfn cho gia \u0111\u00ecnh b\u1ea1n phong c\u00e1ch ho\u00e0n to\u00e0n m\u1edbi v\u1edbi nh\u1eefng m\u1eabu t\u1ee7 gi\u00e0y ch\u1eafc ch\u1eafc, b\u1ec1n \u0111\u1eb9p v\u1ec1 gi\u00e1 c\u1ea3 c\u0169ng nh\u01b0 ch\u1ea5t l\u01b0\u1ee3ng s\u1ea3n ph\u1ea9m.<\/p>\n<p><img src=\"https:\/\/bizweb.dktcdn.net\/100\/103\/391\/files\/shoe-rack-open.jpg?v=1468465538178\" \/><\/p>\n<p><img src=\"https:\/\/bizweb.dktcdn.net\/100\/103\/391\/files\/cottage-oak-shoe-cupboard-side.jpg?v=1468465552363\" \/><\/p>\n<p><strong>Ch\u1ea5t li\u1ec7u:<\/strong><\/p>\n<p>&#8211; G\u1ed7 si\u00eau m\u1ecbn, b\u1ec1n \u0111\u1eb9p, b\u00ean d\u01b0\u1edbi c\u00f3 ch\u00e2n bi gi\u00fap b\u1ea1n v\u1eadn chuy\u1ec3n d\u1ec5 d\u00e0ng h\u01a1n, T\u1ee7 gi\u00e0y d\u00e9p \u0111\u1eb9p nh\u1ea5t d\u1ec5 d\u00e0ng v\u1eadn chuy\u1ec3n.<\/p>\n<p><strong>K\u00edch th\u01b0\u1edbc:<\/strong><\/p>\n<p>&#8211; Chi\u1ec1u cao 900 mm<\/p>\n<p>&#8211; Chi\u1ec1u r\u1ed9ng 1000 mm<\/p>\n<p>&#8211; Chi\u1ec1u s\u00e2u l\u00e0 350mm<\/p>\n<p><strong>M\u00e0u s\u1eafc:<\/strong><\/p>\n<p>&#8211; M\u00e0u tr\u1eafng, m\u00e0u v\u00e2n g\u1ed7, m\u00e0u k\u1ebb \u00e1nh<\/p>\n\t\t<\/div>\n\t\t\t\t\t<\/div>\n\n\t\n\n\t<div id=\"col-1546569419\" class=\"col medium-4 small-12 large-4\"  >\n\t\t\t\t<div class=\"col-inner\"  >\n\t\t\t\n\t\t\t\n<h3>S\u1ea3n ph\u1ea9m m\u1edbi c\u1eadp nh\u1eadt<\/h3>\n<div class=\"woocommerce columns-2 \"><div class=\"products row row-small large-columns-2 medium-columns-3 small-columns-2 has-shadow row-box-shadow-2 row-box-shadow-1-hover\">\n\n<div class=\"product-small col has-hover product type-product post-899 status-publish first instock has-post-thumbnail shipping-taxable purchasable product-type-simple\">\n\t<div class=\"col-inner\">\n\t\n<div class=\"badge-container absolute left top z-1\">\n<\/div>\n\t<div class=\"product-small box \">\n\t\t<div class=\"box-image\">\n\t\t\t<div class=\"image-fade_in_back\">\n\t\t\t\t<a href=\"https:\/\/congtyphannguyen.com\/w\/shopnoithat\/shop\/bo-dieu-khien-trung-tam-kg872344\" aria-label=\"B\u1ed9 \u0111i\u1ec1u khi\u1ec3n trung t\u00e2m KG872344\">\n\t\t\t\t\t<img width=\"300\" height=\"208\" src=\"https:\/\/congtyphannguyen.com\/w\/shopnoithat\/wp-content\/uploads\/2017\/06\/resizeimage-1.png\" class=\"attachment-woocommerce_thumbnail size-woocommerce_thumbnail\" alt=\"\" loading=\"lazy\" \/><img width=\"300\" height=\"208\" src=\"https:\/\/congtyphannguyen.com\/w\/shopnoithat\/wp-content\/uploads\/2017\/06\/resizeimage-1.png\" class=\"show-on-hover absolute fill hide-for-small back-image\" alt=\"\" loading=\"lazy\" \/>\t\t\t\t<\/a>\n\t\t\t<\/div>\n\t\t\t<div class=\"image-tools is-small top right show-on-hover\">\n\t\t\t\t\t\t\t<\/div>\n\t\t\t<div class=\"image-tools is-small hide-for-small bottom left show-on-hover\">\n\t\t\t\t\t\t\t<\/div>\n\t\t\t<div class=\"image-tools grid-tools text-center hide-for-small bottom hover-slide-in show-on-hover\">\n\t\t\t\t\t\t\t<\/div>\n\t\t\t\t\t<\/div>\n\n\t\t<div class=\"box-text box-text-products text-center grid-style-2\">\n\t\t\t<div class=\"title-wrapper\"><\/div><div class=\"price-wrapper\"><\/div>\t\t<\/div>\n\t<\/div>\n\t\t<\/div>\n<\/div>\n\n<div class=\"product-small col has-hover product type-product post-712 status-publish last instock product_cat-phong-khach has-post-thumbnail shipping-taxable purchasable product-type-simple\">\n\t<div class=\"col-inner\">\n\t\n<div class=\"badge-container absolute left top z-1\">\n<\/div>\n\t<div class=\"product-small box \">\n\t\t<div class=\"box-image\">\n\t\t\t<div class=\"image-fade_in_back\">\n\t\t\t\t<a href=\"https:\/\/congtyphannguyen.com\/w\/shopnoithat\/shop\/bo-dieu-khien-trung-tam\" aria-label=\"B\u1ed9 \u0111i\u1ec1u khi\u1ec3n trung t\u00e2m KG872344\">\n\t\t\t\t\t<img width=\"300\" height=\"300\" src=\"https:\/\/congtyphannguyen.com\/w\/shopnoithat\/wp-content\/uploads\/2017\/06\/shoe-rack-open.jpg\" class=\"attachment-woocommerce_thumbnail size-woocommerce_thumbnail\" alt=\"\" loading=\"lazy\" srcset=\"https:\/\/congtyphannguyen.com\/w\/shopnoithat\/wp-content\/uploads\/2017\/06\/shoe-rack-open.jpg 420w, https:\/\/congtyphannguyen.com\/w\/shopnoithat\/wp-content\/uploads\/2017\/06\/shoe-rack-open-280x280.jpg 280w, https:\/\/congtyphannguyen.com\/w\/shopnoithat\/wp-content\/uploads\/2017\/06\/shoe-rack-open-400x400.jpg 400w, https:\/\/congtyphannguyen.com\/w\/shopnoithat\/wp-content\/uploads\/2017\/06\/shoe-rack-open-180x180.jpg 180w, https:\/\/congtyphannguyen.com\/w\/shopnoithat\/wp-content\/uploads\/2017\/06\/shoe-rack-open-300x300.jpg 300w\" sizes=\"(max-width: 300px) 100vw, 300px\" \/><img width=\"300\" height=\"208\" src=\"https:\/\/congtyphannguyen.com\/w\/shopnoithat\/wp-content\/uploads\/2017\/06\/resizeimage-1.png\" class=\"show-on-hover absolute fill hide-for-small back-image\" alt=\"\" loading=\"lazy\" \/>\t\t\t\t<\/a>\n\t\t\t<\/div>\n\t\t\t<div class=\"image-tools is-small top right show-on-hover\">\n\t\t\t\t\t\t\t<\/div>\n\t\t\t<div class=\"image-tools is-small hide-for-small bottom left show-on-hover\">\n\t\t\t\t\t\t\t<\/div>\n\t\t\t<div class=\"image-tools grid-tools text-center hide-for-small bottom hover-slide-in show-on-hover\">\n\t\t\t\t\t\t\t<\/div>\n\t\t\t\t\t<\/div>\n\n\t\t<div class=\"box-text box-text-products text-center grid-style-2\">\n\t\t\t<div class=\"title-wrapper\"><\/div><div class=\"price-wrapper\"><\/div>\t\t<\/div>\n\t<\/div>\n\t\t<\/div>\n<\/div>\n\n<div class=\"product-small col has-hover product type-product post-710 status-publish first instock product_cat-phong-khach has-post-thumbnail shipping-taxable purchasable product-type-simple\">\n\t<div class=\"col-inner\">\n\t\n<div class=\"badge-container absolute left top z-1\">\n<\/div>\n\t<div class=\"product-small box \">\n\t\t<div class=\"box-image\">\n\t\t\t<div class=\"image-fade_in_back\">\n\t\t\t\t<a href=\"https:\/\/congtyphannguyen.com\/w\/shopnoithat\/shop\/thiet-bi-bat-tat-den-thong-minh-sh-d2\" aria-label=\"C\u00f4ng t\u1eafc \u0111\u00e8n th\u00f4ng minh GS3823\">\n\t\t\t\t\t<img width=\"300\" height=\"300\" src=\"https:\/\/congtyphannguyen.com\/w\/shopnoithat\/wp-content\/uploads\/2017\/06\/127078484912161.jpg\" class=\"attachment-woocommerce_thumbnail size-woocommerce_thumbnail\" alt=\"\" loading=\"lazy\" srcset=\"https:\/\/congtyphannguyen.com\/w\/shopnoithat\/wp-content\/uploads\/2017\/06\/127078484912161.jpg 446w, https:\/\/congtyphannguyen.com\/w\/shopnoithat\/wp-content\/uploads\/2017\/06\/127078484912161-280x280.jpg 280w, https:\/\/congtyphannguyen.com\/w\/shopnoithat\/wp-content\/uploads\/2017\/06\/127078484912161-400x400.jpg 400w, https:\/\/congtyphannguyen.com\/w\/shopnoithat\/wp-content\/uploads\/2017\/06\/127078484912161-180x180.jpg 180w, https:\/\/congtyphannguyen.com\/w\/shopnoithat\/wp-content\/uploads\/2017\/06\/127078484912161-300x300.jpg 300w\" sizes=\"(max-width: 300px) 100vw, 300px\" \/><img width=\"300\" height=\"188\" src=\"https:\/\/congtyphannguyen.com\/w\/shopnoithat\/wp-content\/uploads\/2017\/06\/shd1d2d3.jpg\" class=\"show-on-hover absolute fill hide-for-small back-image\" alt=\"\" loading=\"lazy\" \/>\t\t\t\t<\/a>\n\t\t\t<\/div>\n\t\t\t<div class=\"image-tools is-small top right show-on-hover\">\n\t\t\t\t\t\t\t<\/div>\n\t\t\t<div class=\"image-tools is-small hide-for-small bottom left show-on-hover\">\n\t\t\t\t\t\t\t<\/div>\n\t\t\t<div class=\"image-tools grid-tools text-center hide-for-small bottom hover-slide-in show-on-hover\">\n\t\t\t\t\t\t\t<\/div>\n\t\t\t\t\t<\/div>\n\n\t\t<div class=\"box-text box-text-products text-center grid-style-2\">\n\t\t\t<div class=\"title-wrapper\"><\/div><div class=\"price-wrapper\"><\/div>\t\t<\/div>\n\t<\/div>\n\t\t<\/div>\n<\/div>\n\n<div class=\"product-small col has-hover product type-product post-704 status-publish last instock product_cat-thiet-bi-bep has-post-thumbnail shipping-taxable purchasable product-type-simple\">\n\t<div class=\"col-inner\">\n\t\n<div class=\"badge-container absolute left top z-1\">\n<\/div>\n\t<div class=\"product-small box \">\n\t\t<div class=\"box-image\">\n\t\t\t<div class=\"image-fade_in_back\">\n\t\t\t\t<a href=\"https:\/\/congtyphannguyen.com\/w\/shopnoithat\/shop\/may-hut-mui-canzy-cz-3388-7090\" aria-label=\"M\u00e1y h\u00fat m\u00f9i Canzy CZ-3388-70\/90 098933\">\n\t\t\t\t\t<img width=\"300\" height=\"300\" src=\"https:\/\/congtyphannguyen.com\/w\/shopnoithat\/wp-content\/uploads\/2017\/06\/may-khu-mui-nha-bep-sevilla-sv-3388-90-300x300.jpg\" class=\"attachment-woocommerce_thumbnail size-woocommerce_thumbnail\" alt=\"\" loading=\"lazy\" srcset=\"https:\/\/congtyphannguyen.com\/w\/shopnoithat\/wp-content\/uploads\/2017\/06\/may-khu-mui-nha-bep-sevilla-sv-3388-90-300x300.jpg 300w, https:\/\/congtyphannguyen.com\/w\/shopnoithat\/wp-content\/uploads\/2017\/06\/may-khu-mui-nha-bep-sevilla-sv-3388-90-280x280.jpg 280w, https:\/\/congtyphannguyen.com\/w\/shopnoithat\/wp-content\/uploads\/2017\/06\/may-khu-mui-nha-bep-sevilla-sv-3388-90-180x180.jpg 180w, https:\/\/congtyphannguyen.com\/w\/shopnoithat\/wp-content\/uploads\/2017\/06\/may-khu-mui-nha-bep-sevilla-sv-3388-90-600x600.jpg 600w, https:\/\/congtyphannguyen.com\/w\/shopnoithat\/wp-content\/uploads\/2017\/06\/may-khu-mui-nha-bep-sevilla-sv-3388-90-scaled-100x100.jpg 100w\" sizes=\"(max-width: 300px) 100vw, 300px\" \/><img width=\"300\" height=\"300\" src=\"https:\/\/congtyphannguyen.com\/w\/shopnoithat\/wp-content\/uploads\/2017\/06\/may-khu-mui-nha-bep-sevilla-sv-3388-90-300x300.jpg\" class=\"show-on-hover absolute fill hide-for-small back-image\" alt=\"\" loading=\"lazy\" srcset=\"https:\/\/congtyphannguyen.com\/w\/shopnoithat\/wp-content\/uploads\/2017\/06\/may-khu-mui-nha-bep-sevilla-sv-3388-90-300x300.jpg 300w, https:\/\/congtyphannguyen.com\/w\/shopnoithat\/wp-content\/uploads\/2017\/06\/may-khu-mui-nha-bep-sevilla-sv-3388-90-280x280.jpg 280w, https:\/\/congtyphannguyen.com\/w\/shopnoithat\/wp-content\/uploads\/2017\/06\/may-khu-mui-nha-bep-sevilla-sv-3388-90-180x180.jpg 180w, https:\/\/congtyphannguyen.com\/w\/shopnoithat\/wp-content\/uploads\/2017\/06\/may-khu-mui-nha-bep-sevilla-sv-3388-90-600x600.jpg 600w, https:\/\/congtyphannguyen.com\/w\/shopnoithat\/wp-content\/uploads\/2017\/06\/may-khu-mui-nha-bep-sevilla-sv-3388-90-scaled-100x100.jpg 100w\" sizes=\"(max-width: 300px) 100vw, 300px\" \/>\t\t\t\t<\/a>\n\t\t\t<\/div>\n\t\t\t<div class=\"image-tools is-small top right show-on-hover\">\n\t\t\t\t\t\t\t<\/div>\n\t\t\t<div class=\"image-tools is-small hide-for-small bottom left show-on-hover\">\n\t\t\t\t\t\t\t<\/div>\n\t\t\t<div class=\"image-tools grid-tools text-center hide-for-small bottom hover-slide-in show-on-hover\">\n\t\t\t\t\t\t\t<\/div>\n\t\t\t\t\t<\/div>\n\n\t\t<div class=\"box-text box-text-products text-center grid-style-2\">\n\t\t\t<div class=\"title-wrapper\"><\/div><div class=\"price-wrapper\"><\/div>\t\t<\/div>\n\t<\/div>\n\t\t<\/div>\n<\/div>\n\n<div class=\"product-small col has-hover product type-product post-702 status-publish first instock product_cat-thiet-bi-bep has-post-thumbnail shipping-taxable purchasable product-type-simple\">\n\t<div class=\"col-inner\">\n\t\n<div class=\"badge-container absolute left top z-1\">\n<\/div>\n\t<div class=\"product-small box \">\n\t\t<div class=\"box-image\">\n\t\t\t<div class=\"image-fade_in_back\">\n\t\t\t\t<a href=\"https:\/\/congtyphannguyen.com\/w\/shopnoithat\/shop\/may-hut-mui-giovani-g70-prs\" aria-label=\"M\u00e1y h\u00fat m\u00f9i Giovani G70 PRS FK37393\">\n\t\t\t\t\t<img width=\"300\" height=\"300\" src=\"https:\/\/congtyphannguyen.com\/w\/shopnoithat\/wp-content\/uploads\/2017\/06\/giovani.jpg\" class=\"attachment-woocommerce_thumbnail size-woocommerce_thumbnail\" alt=\"\" loading=\"lazy\" srcset=\"https:\/\/congtyphannguyen.com\/w\/shopnoithat\/wp-content\/uploads\/2017\/06\/giovani.jpg 446w, https:\/\/congtyphannguyen.com\/w\/shopnoithat\/wp-content\/uploads\/2017\/06\/giovani-280x280.jpg 280w, https:\/\/congtyphannguyen.com\/w\/shopnoithat\/wp-content\/uploads\/2017\/06\/giovani-400x400.jpg 400w, https:\/\/congtyphannguyen.com\/w\/shopnoithat\/wp-content\/uploads\/2017\/06\/giovani-180x180.jpg 180w, https:\/\/congtyphannguyen.com\/w\/shopnoithat\/wp-content\/uploads\/2017\/06\/giovani-300x300.jpg 300w\" sizes=\"(max-width: 300px) 100vw, 300px\" \/><img width=\"300\" height=\"300\" src=\"https:\/\/congtyphannguyen.com\/w\/shopnoithat\/wp-content\/uploads\/2017\/06\/giovani.jpg\" class=\"show-on-hover absolute fill hide-for-small back-image\" alt=\"\" loading=\"lazy\" srcset=\"https:\/\/congtyphannguyen.com\/w\/shopnoithat\/wp-content\/uploads\/2017\/06\/giovani.jpg 446w, https:\/\/congtyphannguyen.com\/w\/shopnoithat\/wp-content\/uploads\/2017\/06\/giovani-280x280.jpg 280w, https:\/\/congtyphannguyen.com\/w\/shopnoithat\/wp-content\/uploads\/2017\/06\/giovani-400x400.jpg 400w, https:\/\/congtyphannguyen.com\/w\/shopnoithat\/wp-content\/uploads\/2017\/06\/giovani-180x180.jpg 180w, https:\/\/congtyphannguyen.com\/w\/shopnoithat\/wp-content\/uploads\/2017\/06\/giovani-300x300.jpg 300w\" sizes=\"(max-width: 300px) 100vw, 300px\" \/>\t\t\t\t<\/a>\n\t\t\t<\/div>\n\t\t\t<div class=\"image-tools is-small top right show-on-hover\">\n\t\t\t\t\t\t\t<\/div>\n\t\t\t<div class=\"image-tools is-small hide-for-small bottom left show-on-hover\">\n\t\t\t\t\t\t\t<\/div>\n\t\t\t<div class=\"image-tools grid-tools text-center hide-for-small bottom hover-slide-in show-on-hover\">\n\t\t\t\t\t\t\t<\/div>\n\t\t\t\t\t<\/div>\n\n\t\t<div class=\"box-text box-text-products text-center grid-style-2\">\n\t\t\t<div class=\"title-wrapper\"><\/div><div class=\"price-wrapper\"><\/div>\t\t<\/div>\n\t<\/div>\n\t\t<\/div>\n<\/div>\n\n<div class=\"product-small col has-hover product type-product post-686 status-publish last instock product_cat-thiet-bi-bep has-post-thumbnail shipping-taxable purchasable product-type-simple\">\n\t<div class=\"col-inner\">\n\t\n<div class=\"badge-container absolute left top z-1\">\n<\/div>\n\t<div class=\"product-small box \">\n\t\t<div class=\"box-image\">\n\t\t\t<div class=\"image-fade_in_back\">\n\t\t\t\t<a href=\"https:\/\/congtyphannguyen.com\/w\/shopnoithat\/shop\/bep-ga-am-kinh-kaff-kf-321\" aria-label=\"B\u1ebfp ga \u00e2m k\u00ednh KAFF KF-321 ch\u1ea5t l\u01b0\u1ee3ng cao\">\n\t\t\t\t\t<img width=\"300\" height=\"300\" src=\"https:\/\/congtyphannguyen.com\/w\/shopnoithat\/wp-content\/uploads\/2017\/06\/bep01.jpg\" class=\"attachment-woocommerce_thumbnail size-woocommerce_thumbnail\" alt=\"\" loading=\"lazy\" srcset=\"https:\/\/congtyphannguyen.com\/w\/shopnoithat\/wp-content\/uploads\/2017\/06\/bep01.jpg 446w, https:\/\/congtyphannguyen.com\/w\/shopnoithat\/wp-content\/uploads\/2017\/06\/bep01-280x280.jpg 280w, https:\/\/congtyphannguyen.com\/w\/shopnoithat\/wp-content\/uploads\/2017\/06\/bep01-400x400.jpg 400w, https:\/\/congtyphannguyen.com\/w\/shopnoithat\/wp-content\/uploads\/2017\/06\/bep01-180x180.jpg 180w, https:\/\/congtyphannguyen.com\/w\/shopnoithat\/wp-content\/uploads\/2017\/06\/bep01-300x300.jpg 300w\" sizes=\"(max-width: 300px) 100vw, 300px\" \/><img width=\"300\" height=\"300\" src=\"https:\/\/congtyphannguyen.com\/w\/shopnoithat\/wp-content\/uploads\/2017\/06\/bep01.jpg\" class=\"show-on-hover absolute fill hide-for-small back-image\" alt=\"\" loading=\"lazy\" srcset=\"https:\/\/congtyphannguyen.com\/w\/shopnoithat\/wp-content\/uploads\/2017\/06\/bep01.jpg 446w, https:\/\/congtyphannguyen.com\/w\/shopnoithat\/wp-content\/uploads\/2017\/06\/bep01-280x280.jpg 280w, https:\/\/congtyphannguyen.com\/w\/shopnoithat\/wp-content\/uploads\/2017\/06\/bep01-400x400.jpg 400w, https:\/\/congtyphannguyen.com\/w\/shopnoithat\/wp-content\/uploads\/2017\/06\/bep01-180x180.jpg 180w, https:\/\/congtyphannguyen.com\/w\/shopnoithat\/wp-content\/uploads\/2017\/06\/bep01-300x300.jpg 300w\" sizes=\"(max-width: 300px) 100vw, 300px\" \/>\t\t\t\t<\/a>\n\t\t\t<\/div>\n\t\t\t<div class=\"image-tools is-small top right show-on-hover\">\n\t\t\t\t\t\t\t<\/div>\n\t\t\t<div class=\"image-tools is-small hide-for-small bottom left show-on-hover\">\n\t\t\t\t\t\t\t<\/div>\n\t\t\t<div class=\"image-tools grid-tools text-center hide-for-small bottom hover-slide-in show-on-hover\">\n\t\t\t\t\t\t\t<\/div>\n\t\t\t\t\t<\/div>\n\n\t\t<div class=\"box-text box-text-products text-center grid-style-2\">\n\t\t\t<div class=\"title-wrapper\"><\/div><div class=\"price-wrapper\"><\/div>\t\t<\/div>\n\t<\/div>\n\t\t<\/div>\n<\/div>\n<\/div><!-- row --><\/div>\n\t\t<\/div>\n\t\t\t\t\t<\/div>\n\n\t\n<\/div>\n","protected":false},"excerpt":{"rendered":"<p>T\u1ee7 gi\u00e0y T\u1ee7 qu\u1ea7n \u00e1o th\u1eddi trang t\u1ea1i H\u00e0 N\u1ed9i- Gi\u00e1 r\u1ebb nh\u1ea5t. V\u1eadn chuy\u1ec3n, l\u1eafp \u0111\u1eb7t FREE: T\u1ee7 gi\u00e0y- t\u1ee7 \u0111\u1ef1ng gi\u00e0y th\u1eddi trang cho gia \u0111\u00ecnh b\u1ea1n &#8211; t\u1ee7 \u0111\u1ef1ng gi\u00e0y th\u1eddi trang cho gia \u0111\u00ecnh b\u1ea1n Gia \u0111\u00ecnh b\u1ea1n \u0111ang t\u00ecm mua t\u1ee7 gi\u00e0y- m\u1ed9t chi\u1ebfc&#8230;<\/p>\n","protected":false},"featured_media":635,"comment_status":"open","ping_status":"closed","template":"","meta":[],"product_cat":[95],"product_tag":[],"_links":{"self":[{"href":"https:\/\/congtyphannguyen.com\/w\/shopnoithat\/wp-json\/wp\/v2\/product\/631"}],"collection":[{"href":"https:\/\/congtyphannguyen.com\/w\/shopnoithat\/wp-json\/wp\/v2\/product"}],"about":[{"href":"https:\/\/congtyphannguyen.com\/w\/shopnoithat\/wp-json\/wp\/v2\/types\/product"}],"replies":[{"embeddable":true,"href":"https:\/\/congtyphannguyen.com\/w\/shopnoithat\/wp-json\/wp\/v2\/comments?post=631"}],"wp:featuredmedia":[{"embeddable":true,"href":"https:\/\/congtyphannguyen.com\/w\/shopnoithat\/wp-json\/wp\/v2\/media\/635"}],"wp:attachment":[{"href":"https:\/\/congtyphannguyen.com\/w\/shopnoithat\/wp-json\/wp\/v2\/media?parent=631"}],"wp:term":[{"taxonomy":"product_cat","embeddable":true,"href":"https:\/\/congtyphannguyen.com\/w\/shopnoithat\/wp-json\/wp\/v2\/product_cat?post=631"},{"taxonomy":"product_tag","embeddable":true,"href":"https:\/\/congtyphannguyen.com\/w\/shopnoithat\/wp-json\/wp\/v2\/product_tag?post=631"}],"curies":[{"name":"wp","href":"https:\/\/api.w.org\/{rel}","templated":true}]}}