{"id":644,"date":"2017-06-14T10:42:46","date_gmt":"2017-06-14T03:42:46","guid":{"rendered":"https:\/\/bizhostvn.com\/w\/shopnoithat\/?post_type=product&#038;p=644"},"modified":"2017-06-14T16:47:46","modified_gmt":"2017-06-14T09:47:46","slug":"cam-bien-chong-dot-nhap","status":"publish","type":"product","link":"https:\/\/congtyphannguyen.com\/w\/shopnoithat\/shop\/cam-bien-chong-dot-nhap","title":{"rendered":"C\u1ea3m bi\u1ebfn ch\u1ed1ng \u0111\u1ed9t nh\u1eadp an to\u00e0n cho g\u0111"},"content":{"rendered":"<div class=\"row row-small row-divided\"  id=\"row-410601207\">\n\n\t<div id=\"col-2120700735\" class=\"col medium-8 small-12 large-8\"  >\n\t\t\t\t<div class=\"col-inner\"  >\n\t\t\t\n\t\t\t\n<p>C\u1ea3m bi\u1ebfn ch\u1ed1ng \u0111\u1ed9t nh\u1eadp th\u00f4ng minh Ngu\u1ed3n cung c\u1ea5p Pin CR2477 3V Dung l\u01b0\u1ee3ng 1.000mAh Th\u1eddi gian pin 2 n\u0103m Nhi\u1ec7t \u0111\u1ed9 ho\u1ea1t \u0111\u1ed9ng 0 &#8211; 50 \u00baC Truy\u1ec1n th\u00f4ng Zigbee 2.4Ghz&#8230;<\/p>\n<h2>C\u1ea3m bi\u1ebfn ch\u1ed1ng \u0111\u1ed9t nh\u1eadp th\u00f4ng minh<\/h2>\n<p><strong>Ngu\u1ed3n cung c\u1ea5p\u00a0\u00a0 \u00a0<\/strong><\/p>\n<p>Pin CR2477 3V<\/p>\n<p>Dung l\u01b0\u1ee3ng 1.000mAh<\/p>\n<p>Th\u1eddi gian pin\u00a0\u00a0 \u00a02 n\u0103m<\/p>\n<p>Nhi\u1ec7t \u0111\u1ed9 ho\u1ea1t \u0111\u1ed9ng\u00a0\u00a0 \u00a00 &#8211; 50 \u00baC<\/p>\n<p>Truy\u1ec1n th\u00f4ng\u00a0\u00a0 \u00a0Zigbee 2.4Ghz<\/p>\n<p><img src=\"https:\/\/bizweb.dktcdn.net\/100\/109\/381\/files\/resizeimage-6.png?v=1469641077281\" \/><\/p>\n<p><strong>M\u00f4 t\u1ea3 :<\/strong> Ph\u00e1t hi\u1ec7n \u0111\u00f3ng m\u1edf c\u1eeda, l\u00e0m \u0111i\u1ec1u ki\u1ec7n k\u00edch ho\u1ea1t b\u1ea5t c\u1ee9 thi\u1ebft b\u1ecb n\u00e0o nh\u01b0 c\u00f2i h\u00fa, \u0111\u00e8n xo\u00e1y\u2026\u0111\u1ed3ng th\u1eddi c\u1ea3nh b\u00e1o l\u00ean \u1ee9ng d\u1ee5ng tr\u00ean \u0111i\u1ec7n tho\u1ea1i ho\u1eb7c m\u00e1y t\u00ednh b\u1ea3ng<\/p>\n\t\t<\/div>\n\t\t\t\t\t<\/div>\n\n\t\n\n\t<div id=\"col-2089793783\" class=\"col medium-4 small-12 large-4\"  >\n\t\t\t\t<div class=\"col-inner\"  >\n\t\t\t\n\t\t\t\n<h3>S\u1ea3n ph\u1ea9m m\u1edbi c\u1eadp nh\u1eadt<\/h3>\n<div class=\"woocommerce columns-2 \"><div class=\"products row row-small large-columns-2 medium-columns-3 small-columns-2 has-shadow row-box-shadow-2 row-box-shadow-1-hover\">\n\n<div class=\"product-small col has-hover product type-product post-899 status-publish first instock has-post-thumbnail shipping-taxable purchasable product-type-simple\">\n\t<div class=\"col-inner\">\n\t\n<div class=\"badge-container absolute left top z-1\">\n<\/div>\n\t<div class=\"product-small box \">\n\t\t<div class=\"box-image\">\n\t\t\t<div class=\"image-fade_in_back\">\n\t\t\t\t<a href=\"https:\/\/congtyphannguyen.com\/w\/shopnoithat\/shop\/bo-dieu-khien-trung-tam-kg872344\" aria-label=\"B\u1ed9 \u0111i\u1ec1u khi\u1ec3n trung t\u00e2m KG872344\">\n\t\t\t\t\t<img width=\"300\" height=\"208\" src=\"https:\/\/congtyphannguyen.com\/w\/shopnoithat\/wp-content\/uploads\/2017\/06\/resizeimage-1.png\" class=\"attachment-woocommerce_thumbnail size-woocommerce_thumbnail\" alt=\"\" loading=\"lazy\" \/><img width=\"300\" height=\"208\" src=\"https:\/\/congtyphannguyen.com\/w\/shopnoithat\/wp-content\/uploads\/2017\/06\/resizeimage-1.png\" class=\"show-on-hover absolute fill hide-for-small back-image\" alt=\"\" loading=\"lazy\" \/>\t\t\t\t<\/a>\n\t\t\t<\/div>\n\t\t\t<div class=\"image-tools is-small top right show-on-hover\">\n\t\t\t\t\t\t\t<\/div>\n\t\t\t<div class=\"image-tools is-small hide-for-small bottom left show-on-hover\">\n\t\t\t\t\t\t\t<\/div>\n\t\t\t<div class=\"image-tools grid-tools text-center hide-for-small bottom hover-slide-in show-on-hover\">\n\t\t\t\t\t\t\t<\/div>\n\t\t\t\t\t<\/div>\n\n\t\t<div class=\"box-text box-text-products text-center grid-style-2\">\n\t\t\t<div class=\"title-wrapper\"><\/div><div class=\"price-wrapper\"><\/div>\t\t<\/div>\n\t<\/div>\n\t\t<\/div>\n<\/div>\n\n<div class=\"product-small col has-hover product type-product post-712 status-publish last instock product_cat-phong-khach has-post-thumbnail shipping-taxable purchasable product-type-simple\">\n\t<div class=\"col-inner\">\n\t\n<div class=\"badge-container absolute left top z-1\">\n<\/div>\n\t<div class=\"product-small box \">\n\t\t<div class=\"box-image\">\n\t\t\t<div class=\"image-fade_in_back\">\n\t\t\t\t<a href=\"https:\/\/congtyphannguyen.com\/w\/shopnoithat\/shop\/bo-dieu-khien-trung-tam\" aria-label=\"B\u1ed9 \u0111i\u1ec1u khi\u1ec3n trung t\u00e2m KG872344\">\n\t\t\t\t\t<img width=\"300\" height=\"300\" src=\"https:\/\/congtyphannguyen.com\/w\/shopnoithat\/wp-content\/uploads\/2017\/06\/shoe-rack-open.jpg\" class=\"attachment-woocommerce_thumbnail size-woocommerce_thumbnail\" alt=\"\" loading=\"lazy\" srcset=\"https:\/\/congtyphannguyen.com\/w\/shopnoithat\/wp-content\/uploads\/2017\/06\/shoe-rack-open.jpg 420w, https:\/\/congtyphannguyen.com\/w\/shopnoithat\/wp-content\/uploads\/2017\/06\/shoe-rack-open-280x280.jpg 280w, https:\/\/congtyphannguyen.com\/w\/shopnoithat\/wp-content\/uploads\/2017\/06\/shoe-rack-open-400x400.jpg 400w, https:\/\/congtyphannguyen.com\/w\/shopnoithat\/wp-content\/uploads\/2017\/06\/shoe-rack-open-180x180.jpg 180w, https:\/\/congtyphannguyen.com\/w\/shopnoithat\/wp-content\/uploads\/2017\/06\/shoe-rack-open-300x300.jpg 300w\" sizes=\"(max-width: 300px) 100vw, 300px\" \/><img width=\"300\" height=\"208\" src=\"https:\/\/congtyphannguyen.com\/w\/shopnoithat\/wp-content\/uploads\/2017\/06\/resizeimage-1.png\" class=\"show-on-hover absolute fill hide-for-small back-image\" alt=\"\" loading=\"lazy\" \/>\t\t\t\t<\/a>\n\t\t\t<\/div>\n\t\t\t<div class=\"image-tools is-small top right show-on-hover\">\n\t\t\t\t\t\t\t<\/div>\n\t\t\t<div class=\"image-tools is-small hide-for-small bottom left show-on-hover\">\n\t\t\t\t\t\t\t<\/div>\n\t\t\t<div class=\"image-tools grid-tools text-center hide-for-small bottom hover-slide-in show-on-hover\">\n\t\t\t\t\t\t\t<\/div>\n\t\t\t\t\t<\/div>\n\n\t\t<div class=\"box-text box-text-products text-center grid-style-2\">\n\t\t\t<div class=\"title-wrapper\"><\/div><div class=\"price-wrapper\"><\/div>\t\t<\/div>\n\t<\/div>\n\t\t<\/div>\n<\/div>\n\n<div class=\"product-small col has-hover product type-product post-710 status-publish first instock product_cat-phong-khach has-post-thumbnail shipping-taxable purchasable product-type-simple\">\n\t<div class=\"col-inner\">\n\t\n<div class=\"badge-container absolute left top z-1\">\n<\/div>\n\t<div class=\"product-small box \">\n\t\t<div class=\"box-image\">\n\t\t\t<div class=\"image-fade_in_back\">\n\t\t\t\t<a href=\"https:\/\/congtyphannguyen.com\/w\/shopnoithat\/shop\/thiet-bi-bat-tat-den-thong-minh-sh-d2\" aria-label=\"C\u00f4ng t\u1eafc \u0111\u00e8n th\u00f4ng minh GS3823\">\n\t\t\t\t\t<img width=\"300\" height=\"300\" src=\"https:\/\/congtyphannguyen.com\/w\/shopnoithat\/wp-content\/uploads\/2017\/06\/127078484912161.jpg\" class=\"attachment-woocommerce_thumbnail size-woocommerce_thumbnail\" alt=\"\" loading=\"lazy\" srcset=\"https:\/\/congtyphannguyen.com\/w\/shopnoithat\/wp-content\/uploads\/2017\/06\/127078484912161.jpg 446w, https:\/\/congtyphannguyen.com\/w\/shopnoithat\/wp-content\/uploads\/2017\/06\/127078484912161-280x280.jpg 280w, https:\/\/congtyphannguyen.com\/w\/shopnoithat\/wp-content\/uploads\/2017\/06\/127078484912161-400x400.jpg 400w, https:\/\/congtyphannguyen.com\/w\/shopnoithat\/wp-content\/uploads\/2017\/06\/127078484912161-180x180.jpg 180w, https:\/\/congtyphannguyen.com\/w\/shopnoithat\/wp-content\/uploads\/2017\/06\/127078484912161-300x300.jpg 300w\" sizes=\"(max-width: 300px) 100vw, 300px\" \/><img width=\"300\" height=\"188\" src=\"https:\/\/congtyphannguyen.com\/w\/shopnoithat\/wp-content\/uploads\/2017\/06\/shd1d2d3.jpg\" class=\"show-on-hover absolute fill hide-for-small back-image\" alt=\"\" loading=\"lazy\" \/>\t\t\t\t<\/a>\n\t\t\t<\/div>\n\t\t\t<div class=\"image-tools is-small top right show-on-hover\">\n\t\t\t\t\t\t\t<\/div>\n\t\t\t<div class=\"image-tools is-small hide-for-small bottom left show-on-hover\">\n\t\t\t\t\t\t\t<\/div>\n\t\t\t<div class=\"image-tools grid-tools text-center hide-for-small bottom hover-slide-in show-on-hover\">\n\t\t\t\t\t\t\t<\/div>\n\t\t\t\t\t<\/div>\n\n\t\t<div class=\"box-text box-text-products text-center grid-style-2\">\n\t\t\t<div class=\"title-wrapper\"><\/div><div class=\"price-wrapper\"><\/div>\t\t<\/div>\n\t<\/div>\n\t\t<\/div>\n<\/div>\n\n<div class=\"product-small col has-hover product type-product post-704 status-publish last instock product_cat-thiet-bi-bep has-post-thumbnail shipping-taxable purchasable product-type-simple\">\n\t<div class=\"col-inner\">\n\t\n<div class=\"badge-container absolute left top z-1\">\n<\/div>\n\t<div class=\"product-small box \">\n\t\t<div class=\"box-image\">\n\t\t\t<div class=\"image-fade_in_back\">\n\t\t\t\t<a href=\"https:\/\/congtyphannguyen.com\/w\/shopnoithat\/shop\/may-hut-mui-canzy-cz-3388-7090\" aria-label=\"M\u00e1y h\u00fat m\u00f9i Canzy CZ-3388-70\/90 098933\">\n\t\t\t\t\t<img width=\"300\" height=\"300\" src=\"https:\/\/congtyphannguyen.com\/w\/shopnoithat\/wp-content\/uploads\/2017\/06\/may-khu-mui-nha-bep-sevilla-sv-3388-90-300x300.jpg\" class=\"attachment-woocommerce_thumbnail size-woocommerce_thumbnail\" alt=\"\" loading=\"lazy\" srcset=\"https:\/\/congtyphannguyen.com\/w\/shopnoithat\/wp-content\/uploads\/2017\/06\/may-khu-mui-nha-bep-sevilla-sv-3388-90-300x300.jpg 300w, https:\/\/congtyphannguyen.com\/w\/shopnoithat\/wp-content\/uploads\/2017\/06\/may-khu-mui-nha-bep-sevilla-sv-3388-90-280x280.jpg 280w, https:\/\/congtyphannguyen.com\/w\/shopnoithat\/wp-content\/uploads\/2017\/06\/may-khu-mui-nha-bep-sevilla-sv-3388-90-180x180.jpg 180w, https:\/\/congtyphannguyen.com\/w\/shopnoithat\/wp-content\/uploads\/2017\/06\/may-khu-mui-nha-bep-sevilla-sv-3388-90-600x600.jpg 600w, https:\/\/congtyphannguyen.com\/w\/shopnoithat\/wp-content\/uploads\/2017\/06\/may-khu-mui-nha-bep-sevilla-sv-3388-90-scaled-100x100.jpg 100w\" sizes=\"(max-width: 300px) 100vw, 300px\" \/><img width=\"300\" height=\"300\" src=\"https:\/\/congtyphannguyen.com\/w\/shopnoithat\/wp-content\/uploads\/2017\/06\/may-khu-mui-nha-bep-sevilla-sv-3388-90-300x300.jpg\" class=\"show-on-hover absolute fill hide-for-small back-image\" alt=\"\" loading=\"lazy\" srcset=\"https:\/\/congtyphannguyen.com\/w\/shopnoithat\/wp-content\/uploads\/2017\/06\/may-khu-mui-nha-bep-sevilla-sv-3388-90-300x300.jpg 300w, https:\/\/congtyphannguyen.com\/w\/shopnoithat\/wp-content\/uploads\/2017\/06\/may-khu-mui-nha-bep-sevilla-sv-3388-90-280x280.jpg 280w, https:\/\/congtyphannguyen.com\/w\/shopnoithat\/wp-content\/uploads\/2017\/06\/may-khu-mui-nha-bep-sevilla-sv-3388-90-180x180.jpg 180w, https:\/\/congtyphannguyen.com\/w\/shopnoithat\/wp-content\/uploads\/2017\/06\/may-khu-mui-nha-bep-sevilla-sv-3388-90-600x600.jpg 600w, https:\/\/congtyphannguyen.com\/w\/shopnoithat\/wp-content\/uploads\/2017\/06\/may-khu-mui-nha-bep-sevilla-sv-3388-90-scaled-100x100.jpg 100w\" sizes=\"(max-width: 300px) 100vw, 300px\" \/>\t\t\t\t<\/a>\n\t\t\t<\/div>\n\t\t\t<div class=\"image-tools is-small top right show-on-hover\">\n\t\t\t\t\t\t\t<\/div>\n\t\t\t<div class=\"image-tools is-small hide-for-small bottom left show-on-hover\">\n\t\t\t\t\t\t\t<\/div>\n\t\t\t<div class=\"image-tools grid-tools text-center hide-for-small bottom hover-slide-in show-on-hover\">\n\t\t\t\t\t\t\t<\/div>\n\t\t\t\t\t<\/div>\n\n\t\t<div class=\"box-text box-text-products text-center grid-style-2\">\n\t\t\t<div class=\"title-wrapper\"><\/div><div class=\"price-wrapper\"><\/div>\t\t<\/div>\n\t<\/div>\n\t\t<\/div>\n<\/div>\n\n<div class=\"product-small col has-hover product type-product post-702 status-publish first instock product_cat-thiet-bi-bep has-post-thumbnail shipping-taxable purchasable product-type-simple\">\n\t<div class=\"col-inner\">\n\t\n<div class=\"badge-container absolute left top z-1\">\n<\/div>\n\t<div class=\"product-small box \">\n\t\t<div class=\"box-image\">\n\t\t\t<div class=\"image-fade_in_back\">\n\t\t\t\t<a href=\"https:\/\/congtyphannguyen.com\/w\/shopnoithat\/shop\/may-hut-mui-giovani-g70-prs\" aria-label=\"M\u00e1y h\u00fat m\u00f9i Giovani G70 PRS FK37393\">\n\t\t\t\t\t<img width=\"300\" height=\"300\" src=\"https:\/\/congtyphannguyen.com\/w\/shopnoithat\/wp-content\/uploads\/2017\/06\/giovani.jpg\" class=\"attachment-woocommerce_thumbnail size-woocommerce_thumbnail\" alt=\"\" loading=\"lazy\" srcset=\"https:\/\/congtyphannguyen.com\/w\/shopnoithat\/wp-content\/uploads\/2017\/06\/giovani.jpg 446w, https:\/\/congtyphannguyen.com\/w\/shopnoithat\/wp-content\/uploads\/2017\/06\/giovani-280x280.jpg 280w, https:\/\/congtyphannguyen.com\/w\/shopnoithat\/wp-content\/uploads\/2017\/06\/giovani-400x400.jpg 400w, https:\/\/congtyphannguyen.com\/w\/shopnoithat\/wp-content\/uploads\/2017\/06\/giovani-180x180.jpg 180w, https:\/\/congtyphannguyen.com\/w\/shopnoithat\/wp-content\/uploads\/2017\/06\/giovani-300x300.jpg 300w\" sizes=\"(max-width: 300px) 100vw, 300px\" \/><img width=\"300\" height=\"300\" src=\"https:\/\/congtyphannguyen.com\/w\/shopnoithat\/wp-content\/uploads\/2017\/06\/giovani.jpg\" class=\"show-on-hover absolute fill hide-for-small back-image\" alt=\"\" loading=\"lazy\" srcset=\"https:\/\/congtyphannguyen.com\/w\/shopnoithat\/wp-content\/uploads\/2017\/06\/giovani.jpg 446w, https:\/\/congtyphannguyen.com\/w\/shopnoithat\/wp-content\/uploads\/2017\/06\/giovani-280x280.jpg 280w, https:\/\/congtyphannguyen.com\/w\/shopnoithat\/wp-content\/uploads\/2017\/06\/giovani-400x400.jpg 400w, https:\/\/congtyphannguyen.com\/w\/shopnoithat\/wp-content\/uploads\/2017\/06\/giovani-180x180.jpg 180w, https:\/\/congtyphannguyen.com\/w\/shopnoithat\/wp-content\/uploads\/2017\/06\/giovani-300x300.jpg 300w\" sizes=\"(max-width: 300px) 100vw, 300px\" \/>\t\t\t\t<\/a>\n\t\t\t<\/div>\n\t\t\t<div class=\"image-tools is-small top right show-on-hover\">\n\t\t\t\t\t\t\t<\/div>\n\t\t\t<div class=\"image-tools is-small hide-for-small bottom left show-on-hover\">\n\t\t\t\t\t\t\t<\/div>\n\t\t\t<div class=\"image-tools grid-tools text-center hide-for-small bottom hover-slide-in show-on-hover\">\n\t\t\t\t\t\t\t<\/div>\n\t\t\t\t\t<\/div>\n\n\t\t<div class=\"box-text box-text-products text-center grid-style-2\">\n\t\t\t<div class=\"title-wrapper\"><\/div><div class=\"price-wrapper\"><\/div>\t\t<\/div>\n\t<\/div>\n\t\t<\/div>\n<\/div>\n\n<div class=\"product-small col has-hover product type-product post-686 status-publish last instock product_cat-thiet-bi-bep has-post-thumbnail shipping-taxable purchasable product-type-simple\">\n\t<div class=\"col-inner\">\n\t\n<div class=\"badge-container absolute left top z-1\">\n<\/div>\n\t<div class=\"product-small box \">\n\t\t<div class=\"box-image\">\n\t\t\t<div class=\"image-fade_in_back\">\n\t\t\t\t<a href=\"https:\/\/congtyphannguyen.com\/w\/shopnoithat\/shop\/bep-ga-am-kinh-kaff-kf-321\" aria-label=\"B\u1ebfp ga \u00e2m k\u00ednh KAFF KF-321 ch\u1ea5t l\u01b0\u1ee3ng cao\">\n\t\t\t\t\t<img width=\"300\" height=\"300\" src=\"https:\/\/congtyphannguyen.com\/w\/shopnoithat\/wp-content\/uploads\/2017\/06\/bep01.jpg\" class=\"attachment-woocommerce_thumbnail size-woocommerce_thumbnail\" alt=\"\" loading=\"lazy\" srcset=\"https:\/\/congtyphannguyen.com\/w\/shopnoithat\/wp-content\/uploads\/2017\/06\/bep01.jpg 446w, https:\/\/congtyphannguyen.com\/w\/shopnoithat\/wp-content\/uploads\/2017\/06\/bep01-280x280.jpg 280w, https:\/\/congtyphannguyen.com\/w\/shopnoithat\/wp-content\/uploads\/2017\/06\/bep01-400x400.jpg 400w, https:\/\/congtyphannguyen.com\/w\/shopnoithat\/wp-content\/uploads\/2017\/06\/bep01-180x180.jpg 180w, https:\/\/congtyphannguyen.com\/w\/shopnoithat\/wp-content\/uploads\/2017\/06\/bep01-300x300.jpg 300w\" sizes=\"(max-width: 300px) 100vw, 300px\" \/><img width=\"300\" height=\"300\" src=\"https:\/\/congtyphannguyen.com\/w\/shopnoithat\/wp-content\/uploads\/2017\/06\/bep01.jpg\" class=\"show-on-hover absolute fill hide-for-small back-image\" alt=\"\" loading=\"lazy\" srcset=\"https:\/\/congtyphannguyen.com\/w\/shopnoithat\/wp-content\/uploads\/2017\/06\/bep01.jpg 446w, https:\/\/congtyphannguyen.com\/w\/shopnoithat\/wp-content\/uploads\/2017\/06\/bep01-280x280.jpg 280w, https:\/\/congtyphannguyen.com\/w\/shopnoithat\/wp-content\/uploads\/2017\/06\/bep01-400x400.jpg 400w, https:\/\/congtyphannguyen.com\/w\/shopnoithat\/wp-content\/uploads\/2017\/06\/bep01-180x180.jpg 180w, https:\/\/congtyphannguyen.com\/w\/shopnoithat\/wp-content\/uploads\/2017\/06\/bep01-300x300.jpg 300w\" sizes=\"(max-width: 300px) 100vw, 300px\" \/>\t\t\t\t<\/a>\n\t\t\t<\/div>\n\t\t\t<div class=\"image-tools is-small top right show-on-hover\">\n\t\t\t\t\t\t\t<\/div>\n\t\t\t<div class=\"image-tools is-small hide-for-small bottom left show-on-hover\">\n\t\t\t\t\t\t\t<\/div>\n\t\t\t<div class=\"image-tools grid-tools text-center hide-for-small bottom hover-slide-in show-on-hover\">\n\t\t\t\t\t\t\t<\/div>\n\t\t\t\t\t<\/div>\n\n\t\t<div class=\"box-text box-text-products text-center grid-style-2\">\n\t\t\t<div class=\"title-wrapper\"><\/div><div class=\"price-wrapper\"><\/div>\t\t<\/div>\n\t<\/div>\n\t\t<\/div>\n<\/div>\n<\/div><!-- row --><\/div>\n\t\t<\/div>\n\t\t\t\t\t<\/div>\n\n\t\n<\/div>\n","protected":false},"excerpt":{"rendered":"<p>C\u1ea3m bi\u1ebfn ch\u1ed1ng \u0111\u1ed9t nh\u1eadp th\u00f4ng minh Ngu\u1ed3n cung c\u1ea5p Pin CR2477 3V Dung l\u01b0\u1ee3ng 1.000mAh Th\u1eddi gian pin 2 n\u0103m Nhi\u1ec7t \u0111\u1ed9 ho\u1ea1t \u0111\u1ed9ng 0 &#8211; 50 \u00baC Truy\u1ec1n th\u00f4ng Zigbee 2.4Ghz&#8230;<\/p>\n","protected":false},"featured_media":645,"comment_status":"open","ping_status":"closed","template":"","meta":[],"product_cat":[95],"product_tag":[],"_links":{"self":[{"href":"https:\/\/congtyphannguyen.com\/w\/shopnoithat\/wp-json\/wp\/v2\/product\/644"}],"collection":[{"href":"https:\/\/congtyphannguyen.com\/w\/shopnoithat\/wp-json\/wp\/v2\/product"}],"about":[{"href":"https:\/\/congtyphannguyen.com\/w\/shopnoithat\/wp-json\/wp\/v2\/types\/product"}],"replies":[{"embeddable":true,"href":"https:\/\/congtyphannguyen.com\/w\/shopnoithat\/wp-json\/wp\/v2\/comments?post=644"}],"wp:featuredmedia":[{"embeddable":true,"href":"https:\/\/congtyphannguyen.com\/w\/shopnoithat\/wp-json\/wp\/v2\/media\/645"}],"wp:attachment":[{"href":"https:\/\/congtyphannguyen.com\/w\/shopnoithat\/wp-json\/wp\/v2\/media?parent=644"}],"wp:term":[{"taxonomy":"product_cat","embeddable":true,"href":"https:\/\/congtyphannguyen.com\/w\/shopnoithat\/wp-json\/wp\/v2\/product_cat?post=644"},{"taxonomy":"product_tag","embeddable":true,"href":"https:\/\/congtyphannguyen.com\/w\/shopnoithat\/wp-json\/wp\/v2\/product_tag?post=644"}],"curies":[{"name":"wp","href":"https:\/\/api.w.org\/{rel}","templated":true}]}}