{"id":712,"date":"2017-06-14T14:38:34","date_gmt":"2017-06-14T07:38:34","guid":{"rendered":"https:\/\/bizhostvn.com\/w\/shopnoithat\/?post_type=product&#038;p=712"},"modified":"2017-12-29T21:30:55","modified_gmt":"2017-12-29T14:30:55","slug":"bo-dieu-khien-trung-tam","status":"publish","type":"product","link":"https:\/\/congtyphannguyen.com\/w\/shopnoithat\/shop\/bo-dieu-khien-trung-tam","title":{"rendered":"B\u1ed9 \u0111i\u1ec1u khi\u1ec3n trung t\u00e2m KG872344"},"content":{"rendered":"<div class=\"row row-large row-divided\"  id=\"row-1542903170\">\n\n\t<div id=\"col-45445210\" class=\"col medium-8 small-12 large-8\"  >\n\t\t\t\t<div class=\"col-inner\"  >\n\t\t\t\n\t\t\t\n<p>B\u1ed9 \u0111i\u1ec1u khi\u1ec3n trung t\u00e2m\u00a0LM-HC<\/p>\n<p>Ngu\u1ed3n cung c\u1ea5p\u00a0\u00a0 \u00a05Vdc &#8211; 1A<\/p>\n<p>Nhi\u1ec7t \u0111\u1ed9 ho\u1ea1t \u0111\u1ed9ng\u00a0\u00a0 \u00a075\u00baC max<\/p>\n<p><img src=\"https:\/\/bizweb.dktcdn.net\/100\/109\/381\/files\/resizeimage-1.png?v=1469640534136\" \/><\/p>\n<p><strong>M\u00f4 t\u1ea3:<\/strong><\/p>\n<p>L\u00e0 b\u1ed9 n\u00e3o c\u1ee7a ng\u00f4i nh\u00e0 th\u00f4ng minh, \u1ee9ng c\u00f4ng ngh\u1ec7 truy\u1ec1n th\u00f4ng kh\u00f4ng d\u00e2y Zigbee cho ph\u00e9p:<\/p>\n<p>&#8211; K\u1ebft n\u1ed1i v\u00e0 qu\u1ea3n l\u00fd c\u00e1c thi\u1ebft b\u1ecb \u0111i\u1ec7n, c\u00e1c cong tac dieu khien tu xa trong nh\u00e0<\/p>\n<p>&#8211; L\u01b0u tr\u1eef c\u00e1c th\u00f4ng tin c\u1ea5u h\u00ecnh, c\u00e0i \u0111\u1eb7t c\u1ee7a ng\u01b0\u1eddi d\u00f9ng.<\/p>\n<p>&#8211; C\u1eadp nh\u1eadt tr\u1ea1ng th\u00e1i c\u00e1c thi\u1ebft b\u1ecb cho ng\u01b0\u1eddi s\u1eed d\u1ee5ng.<\/p>\n<p><strong>\u1ee8ng d\u1ee5ng :<\/strong> \u0110i\u1ec1u khi\u1ec3n r\u00e8m c\u1eeda, r\u00e8m Roman, c\u1eeda cu\u1ed1n.<\/p>\n\t\t<\/div>\n\t\t\t\t\t<\/div>\n\n\t\n\n\t<div id=\"col-1330208383\" class=\"col medium-4 small-12 large-4\"  >\n\t\t\t\t<div class=\"col-inner\"  >\n\t\t\t\n\t\t\t\n<h3>S\u1ea3n ph\u1ea9m m\u1edbi c\u1eadp nh\u1eadt<\/h3>\n<div class=\"woocommerce columns-2 \"><div class=\"products row row-small large-columns-2 medium-columns-3 small-columns-2 has-shadow row-box-shadow-2 row-box-shadow-1-hover\">\n\n<div class=\"product-small col has-hover product type-product post-899 status-publish first instock has-post-thumbnail shipping-taxable purchasable product-type-simple\">\n\t<div class=\"col-inner\">\n\t\n<div class=\"badge-container absolute left top z-1\">\n<\/div>\n\t<div class=\"product-small box \">\n\t\t<div class=\"box-image\">\n\t\t\t<div class=\"image-fade_in_back\">\n\t\t\t\t<a href=\"https:\/\/congtyphannguyen.com\/w\/shopnoithat\/shop\/bo-dieu-khien-trung-tam-kg872344\" aria-label=\"B\u1ed9 \u0111i\u1ec1u khi\u1ec3n trung t\u00e2m KG872344\">\n\t\t\t\t\t<img width=\"300\" height=\"208\" src=\"https:\/\/congtyphannguyen.com\/w\/shopnoithat\/wp-content\/uploads\/2017\/06\/resizeimage-1.png\" class=\"attachment-woocommerce_thumbnail size-woocommerce_thumbnail\" alt=\"\" loading=\"lazy\" \/><img width=\"300\" height=\"208\" src=\"https:\/\/congtyphannguyen.com\/w\/shopnoithat\/wp-content\/uploads\/2017\/06\/resizeimage-1.png\" class=\"show-on-hover absolute fill hide-for-small back-image\" alt=\"\" loading=\"lazy\" \/>\t\t\t\t<\/a>\n\t\t\t<\/div>\n\t\t\t<div class=\"image-tools is-small top right show-on-hover\">\n\t\t\t\t\t\t\t<\/div>\n\t\t\t<div class=\"image-tools is-small hide-for-small bottom left show-on-hover\">\n\t\t\t\t\t\t\t<\/div>\n\t\t\t<div class=\"image-tools grid-tools text-center hide-for-small bottom hover-slide-in show-on-hover\">\n\t\t\t\t\t\t\t<\/div>\n\t\t\t\t\t<\/div>\n\n\t\t<div class=\"box-text box-text-products text-center grid-style-2\">\n\t\t\t<div class=\"title-wrapper\"><\/div><div class=\"price-wrapper\"><\/div>\t\t<\/div>\n\t<\/div>\n\t\t<\/div>\n<\/div>\n\n<div class=\"product-small col has-hover product type-product post-712 status-publish last instock product_cat-phong-khach has-post-thumbnail shipping-taxable purchasable product-type-simple\">\n\t<div class=\"col-inner\">\n\t\n<div class=\"badge-container absolute left top z-1\">\n<\/div>\n\t<div class=\"product-small box \">\n\t\t<div class=\"box-image\">\n\t\t\t<div class=\"image-fade_in_back\">\n\t\t\t\t<a href=\"https:\/\/congtyphannguyen.com\/w\/shopnoithat\/shop\/bo-dieu-khien-trung-tam\" aria-label=\"B\u1ed9 \u0111i\u1ec1u khi\u1ec3n trung t\u00e2m KG872344\">\n\t\t\t\t\t<img width=\"300\" height=\"300\" src=\"https:\/\/congtyphannguyen.com\/w\/shopnoithat\/wp-content\/uploads\/2017\/06\/shoe-rack-open.jpg\" class=\"attachment-woocommerce_thumbnail size-woocommerce_thumbnail\" alt=\"\" loading=\"lazy\" srcset=\"https:\/\/congtyphannguyen.com\/w\/shopnoithat\/wp-content\/uploads\/2017\/06\/shoe-rack-open.jpg 420w, https:\/\/congtyphannguyen.com\/w\/shopnoithat\/wp-content\/uploads\/2017\/06\/shoe-rack-open-280x280.jpg 280w, https:\/\/congtyphannguyen.com\/w\/shopnoithat\/wp-content\/uploads\/2017\/06\/shoe-rack-open-400x400.jpg 400w, https:\/\/congtyphannguyen.com\/w\/shopnoithat\/wp-content\/uploads\/2017\/06\/shoe-rack-open-180x180.jpg 180w, https:\/\/congtyphannguyen.com\/w\/shopnoithat\/wp-content\/uploads\/2017\/06\/shoe-rack-open-300x300.jpg 300w\" sizes=\"(max-width: 300px) 100vw, 300px\" \/><img width=\"300\" height=\"208\" src=\"https:\/\/congtyphannguyen.com\/w\/shopnoithat\/wp-content\/uploads\/2017\/06\/resizeimage-1.png\" class=\"show-on-hover absolute fill hide-for-small back-image\" alt=\"\" loading=\"lazy\" \/>\t\t\t\t<\/a>\n\t\t\t<\/div>\n\t\t\t<div class=\"image-tools is-small top right show-on-hover\">\n\t\t\t\t\t\t\t<\/div>\n\t\t\t<div class=\"image-tools is-small hide-for-small bottom left show-on-hover\">\n\t\t\t\t\t\t\t<\/div>\n\t\t\t<div class=\"image-tools grid-tools text-center hide-for-small bottom hover-slide-in show-on-hover\">\n\t\t\t\t\t\t\t<\/div>\n\t\t\t\t\t<\/div>\n\n\t\t<div class=\"box-text box-text-products text-center grid-style-2\">\n\t\t\t<div class=\"title-wrapper\"><\/div><div class=\"price-wrapper\"><\/div>\t\t<\/div>\n\t<\/div>\n\t\t<\/div>\n<\/div>\n\n<div class=\"product-small col has-hover product type-product post-710 status-publish first instock product_cat-phong-khach has-post-thumbnail shipping-taxable purchasable product-type-simple\">\n\t<div class=\"col-inner\">\n\t\n<div class=\"badge-container absolute left top z-1\">\n<\/div>\n\t<div class=\"product-small box \">\n\t\t<div class=\"box-image\">\n\t\t\t<div class=\"image-fade_in_back\">\n\t\t\t\t<a href=\"https:\/\/congtyphannguyen.com\/w\/shopnoithat\/shop\/thiet-bi-bat-tat-den-thong-minh-sh-d2\" aria-label=\"C\u00f4ng t\u1eafc \u0111\u00e8n th\u00f4ng minh GS3823\">\n\t\t\t\t\t<img width=\"300\" height=\"300\" src=\"https:\/\/congtyphannguyen.com\/w\/shopnoithat\/wp-content\/uploads\/2017\/06\/127078484912161.jpg\" class=\"attachment-woocommerce_thumbnail size-woocommerce_thumbnail\" alt=\"\" loading=\"lazy\" srcset=\"https:\/\/congtyphannguyen.com\/w\/shopnoithat\/wp-content\/uploads\/2017\/06\/127078484912161.jpg 446w, https:\/\/congtyphannguyen.com\/w\/shopnoithat\/wp-content\/uploads\/2017\/06\/127078484912161-280x280.jpg 280w, https:\/\/congtyphannguyen.com\/w\/shopnoithat\/wp-content\/uploads\/2017\/06\/127078484912161-400x400.jpg 400w, https:\/\/congtyphannguyen.com\/w\/shopnoithat\/wp-content\/uploads\/2017\/06\/127078484912161-180x180.jpg 180w, https:\/\/congtyphannguyen.com\/w\/shopnoithat\/wp-content\/uploads\/2017\/06\/127078484912161-300x300.jpg 300w\" sizes=\"(max-width: 300px) 100vw, 300px\" \/><img width=\"300\" height=\"188\" src=\"https:\/\/congtyphannguyen.com\/w\/shopnoithat\/wp-content\/uploads\/2017\/06\/shd1d2d3.jpg\" class=\"show-on-hover absolute fill hide-for-small back-image\" alt=\"\" loading=\"lazy\" \/>\t\t\t\t<\/a>\n\t\t\t<\/div>\n\t\t\t<div class=\"image-tools is-small top right show-on-hover\">\n\t\t\t\t\t\t\t<\/div>\n\t\t\t<div class=\"image-tools is-small hide-for-small bottom left show-on-hover\">\n\t\t\t\t\t\t\t<\/div>\n\t\t\t<div class=\"image-tools grid-tools text-center hide-for-small bottom hover-slide-in show-on-hover\">\n\t\t\t\t\t\t\t<\/div>\n\t\t\t\t\t<\/div>\n\n\t\t<div class=\"box-text box-text-products text-center grid-style-2\">\n\t\t\t<div class=\"title-wrapper\"><\/div><div class=\"price-wrapper\"><\/div>\t\t<\/div>\n\t<\/div>\n\t\t<\/div>\n<\/div>\n\n<div class=\"product-small col has-hover product type-product post-704 status-publish last instock product_cat-thiet-bi-bep has-post-thumbnail shipping-taxable purchasable product-type-simple\">\n\t<div class=\"col-inner\">\n\t\n<div class=\"badge-container absolute left top z-1\">\n<\/div>\n\t<div class=\"product-small box \">\n\t\t<div class=\"box-image\">\n\t\t\t<div class=\"image-fade_in_back\">\n\t\t\t\t<a href=\"https:\/\/congtyphannguyen.com\/w\/shopnoithat\/shop\/may-hut-mui-canzy-cz-3388-7090\" aria-label=\"M\u00e1y h\u00fat m\u00f9i Canzy CZ-3388-70\/90 098933\">\n\t\t\t\t\t<img width=\"300\" height=\"300\" src=\"https:\/\/congtyphannguyen.com\/w\/shopnoithat\/wp-content\/uploads\/2017\/06\/may-khu-mui-nha-bep-sevilla-sv-3388-90-300x300.jpg\" class=\"attachment-woocommerce_thumbnail size-woocommerce_thumbnail\" alt=\"\" loading=\"lazy\" srcset=\"https:\/\/congtyphannguyen.com\/w\/shopnoithat\/wp-content\/uploads\/2017\/06\/may-khu-mui-nha-bep-sevilla-sv-3388-90-300x300.jpg 300w, https:\/\/congtyphannguyen.com\/w\/shopnoithat\/wp-content\/uploads\/2017\/06\/may-khu-mui-nha-bep-sevilla-sv-3388-90-280x280.jpg 280w, https:\/\/congtyphannguyen.com\/w\/shopnoithat\/wp-content\/uploads\/2017\/06\/may-khu-mui-nha-bep-sevilla-sv-3388-90-180x180.jpg 180w, https:\/\/congtyphannguyen.com\/w\/shopnoithat\/wp-content\/uploads\/2017\/06\/may-khu-mui-nha-bep-sevilla-sv-3388-90-600x600.jpg 600w, https:\/\/congtyphannguyen.com\/w\/shopnoithat\/wp-content\/uploads\/2017\/06\/may-khu-mui-nha-bep-sevilla-sv-3388-90-scaled-100x100.jpg 100w\" sizes=\"(max-width: 300px) 100vw, 300px\" \/><img width=\"300\" height=\"300\" src=\"https:\/\/congtyphannguyen.com\/w\/shopnoithat\/wp-content\/uploads\/2017\/06\/may-khu-mui-nha-bep-sevilla-sv-3388-90-300x300.jpg\" class=\"show-on-hover absolute fill hide-for-small back-image\" alt=\"\" loading=\"lazy\" srcset=\"https:\/\/congtyphannguyen.com\/w\/shopnoithat\/wp-content\/uploads\/2017\/06\/may-khu-mui-nha-bep-sevilla-sv-3388-90-300x300.jpg 300w, https:\/\/congtyphannguyen.com\/w\/shopnoithat\/wp-content\/uploads\/2017\/06\/may-khu-mui-nha-bep-sevilla-sv-3388-90-280x280.jpg 280w, https:\/\/congtyphannguyen.com\/w\/shopnoithat\/wp-content\/uploads\/2017\/06\/may-khu-mui-nha-bep-sevilla-sv-3388-90-180x180.jpg 180w, https:\/\/congtyphannguyen.com\/w\/shopnoithat\/wp-content\/uploads\/2017\/06\/may-khu-mui-nha-bep-sevilla-sv-3388-90-600x600.jpg 600w, https:\/\/congtyphannguyen.com\/w\/shopnoithat\/wp-content\/uploads\/2017\/06\/may-khu-mui-nha-bep-sevilla-sv-3388-90-scaled-100x100.jpg 100w\" sizes=\"(max-width: 300px) 100vw, 300px\" \/>\t\t\t\t<\/a>\n\t\t\t<\/div>\n\t\t\t<div class=\"image-tools is-small top right show-on-hover\">\n\t\t\t\t\t\t\t<\/div>\n\t\t\t<div class=\"image-tools is-small hide-for-small bottom left show-on-hover\">\n\t\t\t\t\t\t\t<\/div>\n\t\t\t<div class=\"image-tools grid-tools text-center hide-for-small bottom hover-slide-in show-on-hover\">\n\t\t\t\t\t\t\t<\/div>\n\t\t\t\t\t<\/div>\n\n\t\t<div class=\"box-text box-text-products text-center grid-style-2\">\n\t\t\t<div class=\"title-wrapper\"><\/div><div class=\"price-wrapper\"><\/div>\t\t<\/div>\n\t<\/div>\n\t\t<\/div>\n<\/div>\n\n<div class=\"product-small col has-hover product type-product post-702 status-publish first instock product_cat-thiet-bi-bep has-post-thumbnail shipping-taxable purchasable product-type-simple\">\n\t<div class=\"col-inner\">\n\t\n<div class=\"badge-container absolute left top z-1\">\n<\/div>\n\t<div class=\"product-small box \">\n\t\t<div class=\"box-image\">\n\t\t\t<div class=\"image-fade_in_back\">\n\t\t\t\t<a href=\"https:\/\/congtyphannguyen.com\/w\/shopnoithat\/shop\/may-hut-mui-giovani-g70-prs\" aria-label=\"M\u00e1y h\u00fat m\u00f9i Giovani G70 PRS FK37393\">\n\t\t\t\t\t<img width=\"300\" height=\"300\" src=\"https:\/\/congtyphannguyen.com\/w\/shopnoithat\/wp-content\/uploads\/2017\/06\/giovani.jpg\" class=\"attachment-woocommerce_thumbnail size-woocommerce_thumbnail\" alt=\"\" loading=\"lazy\" srcset=\"https:\/\/congtyphannguyen.com\/w\/shopnoithat\/wp-content\/uploads\/2017\/06\/giovani.jpg 446w, https:\/\/congtyphannguyen.com\/w\/shopnoithat\/wp-content\/uploads\/2017\/06\/giovani-280x280.jpg 280w, https:\/\/congtyphannguyen.com\/w\/shopnoithat\/wp-content\/uploads\/2017\/06\/giovani-400x400.jpg 400w, https:\/\/congtyphannguyen.com\/w\/shopnoithat\/wp-content\/uploads\/2017\/06\/giovani-180x180.jpg 180w, https:\/\/congtyphannguyen.com\/w\/shopnoithat\/wp-content\/uploads\/2017\/06\/giovani-300x300.jpg 300w\" sizes=\"(max-width: 300px) 100vw, 300px\" \/><img width=\"300\" height=\"300\" src=\"https:\/\/congtyphannguyen.com\/w\/shopnoithat\/wp-content\/uploads\/2017\/06\/giovani.jpg\" class=\"show-on-hover absolute fill hide-for-small back-image\" alt=\"\" loading=\"lazy\" srcset=\"https:\/\/congtyphannguyen.com\/w\/shopnoithat\/wp-content\/uploads\/2017\/06\/giovani.jpg 446w, https:\/\/congtyphannguyen.com\/w\/shopnoithat\/wp-content\/uploads\/2017\/06\/giovani-280x280.jpg 280w, https:\/\/congtyphannguyen.com\/w\/shopnoithat\/wp-content\/uploads\/2017\/06\/giovani-400x400.jpg 400w, https:\/\/congtyphannguyen.com\/w\/shopnoithat\/wp-content\/uploads\/2017\/06\/giovani-180x180.jpg 180w, https:\/\/congtyphannguyen.com\/w\/shopnoithat\/wp-content\/uploads\/2017\/06\/giovani-300x300.jpg 300w\" sizes=\"(max-width: 300px) 100vw, 300px\" \/>\t\t\t\t<\/a>\n\t\t\t<\/div>\n\t\t\t<div class=\"image-tools is-small top right show-on-hover\">\n\t\t\t\t\t\t\t<\/div>\n\t\t\t<div class=\"image-tools is-small hide-for-small bottom left show-on-hover\">\n\t\t\t\t\t\t\t<\/div>\n\t\t\t<div class=\"image-tools grid-tools text-center hide-for-small bottom hover-slide-in show-on-hover\">\n\t\t\t\t\t\t\t<\/div>\n\t\t\t\t\t<\/div>\n\n\t\t<div class=\"box-text box-text-products text-center grid-style-2\">\n\t\t\t<div class=\"title-wrapper\"><\/div><div class=\"price-wrapper\"><\/div>\t\t<\/div>\n\t<\/div>\n\t\t<\/div>\n<\/div>\n\n<div class=\"product-small col has-hover product type-product post-686 status-publish last instock product_cat-thiet-bi-bep has-post-thumbnail shipping-taxable purchasable product-type-simple\">\n\t<div class=\"col-inner\">\n\t\n<div class=\"badge-container absolute left top z-1\">\n<\/div>\n\t<div class=\"product-small box \">\n\t\t<div class=\"box-image\">\n\t\t\t<div class=\"image-fade_in_back\">\n\t\t\t\t<a href=\"https:\/\/congtyphannguyen.com\/w\/shopnoithat\/shop\/bep-ga-am-kinh-kaff-kf-321\" aria-label=\"B\u1ebfp ga \u00e2m k\u00ednh KAFF KF-321 ch\u1ea5t l\u01b0\u1ee3ng cao\">\n\t\t\t\t\t<img width=\"300\" height=\"300\" src=\"https:\/\/congtyphannguyen.com\/w\/shopnoithat\/wp-content\/uploads\/2017\/06\/bep01.jpg\" class=\"attachment-woocommerce_thumbnail size-woocommerce_thumbnail\" alt=\"\" loading=\"lazy\" srcset=\"https:\/\/congtyphannguyen.com\/w\/shopnoithat\/wp-content\/uploads\/2017\/06\/bep01.jpg 446w, https:\/\/congtyphannguyen.com\/w\/shopnoithat\/wp-content\/uploads\/2017\/06\/bep01-280x280.jpg 280w, https:\/\/congtyphannguyen.com\/w\/shopnoithat\/wp-content\/uploads\/2017\/06\/bep01-400x400.jpg 400w, https:\/\/congtyphannguyen.com\/w\/shopnoithat\/wp-content\/uploads\/2017\/06\/bep01-180x180.jpg 180w, https:\/\/congtyphannguyen.com\/w\/shopnoithat\/wp-content\/uploads\/2017\/06\/bep01-300x300.jpg 300w\" sizes=\"(max-width: 300px) 100vw, 300px\" \/><img width=\"300\" height=\"300\" src=\"https:\/\/congtyphannguyen.com\/w\/shopnoithat\/wp-content\/uploads\/2017\/06\/bep01.jpg\" class=\"show-on-hover absolute fill hide-for-small back-image\" alt=\"\" loading=\"lazy\" srcset=\"https:\/\/congtyphannguyen.com\/w\/shopnoithat\/wp-content\/uploads\/2017\/06\/bep01.jpg 446w, https:\/\/congtyphannguyen.com\/w\/shopnoithat\/wp-content\/uploads\/2017\/06\/bep01-280x280.jpg 280w, https:\/\/congtyphannguyen.com\/w\/shopnoithat\/wp-content\/uploads\/2017\/06\/bep01-400x400.jpg 400w, https:\/\/congtyphannguyen.com\/w\/shopnoithat\/wp-content\/uploads\/2017\/06\/bep01-180x180.jpg 180w, https:\/\/congtyphannguyen.com\/w\/shopnoithat\/wp-content\/uploads\/2017\/06\/bep01-300x300.jpg 300w\" sizes=\"(max-width: 300px) 100vw, 300px\" \/>\t\t\t\t<\/a>\n\t\t\t<\/div>\n\t\t\t<div class=\"image-tools is-small top right show-on-hover\">\n\t\t\t\t\t\t\t<\/div>\n\t\t\t<div class=\"image-tools is-small hide-for-small bottom left show-on-hover\">\n\t\t\t\t\t\t\t<\/div>\n\t\t\t<div class=\"image-tools grid-tools text-center hide-for-small bottom hover-slide-in show-on-hover\">\n\t\t\t\t\t\t\t<\/div>\n\t\t\t\t\t<\/div>\n\n\t\t<div class=\"box-text box-text-products text-center grid-style-2\">\n\t\t\t<div class=\"title-wrapper\"><\/div><div class=\"price-wrapper\"><\/div>\t\t<\/div>\n\t<\/div>\n\t\t<\/div>\n<\/div>\n<\/div><!-- row --><\/div>\n\t\t<\/div>\n\t\t\t\t\t<\/div>\n\n\t\n<\/div>\n","protected":false},"excerpt":{"rendered":"<p>B\u1ed9 \u0111i\u1ec1u khi\u1ec3n trung t\u00e2m LM-HC Ngu\u1ed3n cung c\u1ea5p 5Vdc &#8211; 1A Nhi\u1ec7t \u0111\u1ed9 ho\u1ea1t \u0111\u1ed9ng 75\u00baC max M\u00f4 t\u1ea3: L\u00e0 b\u1ed9 n\u00e3o c\u1ee7a ng\u00f4i nh\u00e0 th\u00f4ng minh, \u1ee9ng c\u00f4ng ngh\u1ec7 truy\u1ec1n th\u00f4ng kh\u00f4ng d\u00e2y Zigbee&#8230;<\/p>\n","protected":false},"featured_media":635,"comment_status":"open","ping_status":"closed","template":"","meta":[],"product_cat":[95],"product_tag":[],"_links":{"self":[{"href":"https:\/\/congtyphannguyen.com\/w\/shopnoithat\/wp-json\/wp\/v2\/product\/712"}],"collection":[{"href":"https:\/\/congtyphannguyen.com\/w\/shopnoithat\/wp-json\/wp\/v2\/product"}],"about":[{"href":"https:\/\/congtyphannguyen.com\/w\/shopnoithat\/wp-json\/wp\/v2\/types\/product"}],"replies":[{"embeddable":true,"href":"https:\/\/congtyphannguyen.com\/w\/shopnoithat\/wp-json\/wp\/v2\/comments?post=712"}],"wp:featuredmedia":[{"embeddable":true,"href":"https:\/\/congtyphannguyen.com\/w\/shopnoithat\/wp-json\/wp\/v2\/media\/635"}],"wp:attachment":[{"href":"https:\/\/congtyphannguyen.com\/w\/shopnoithat\/wp-json\/wp\/v2\/media?parent=712"}],"wp:term":[{"taxonomy":"product_cat","embeddable":true,"href":"https:\/\/congtyphannguyen.com\/w\/shopnoithat\/wp-json\/wp\/v2\/product_cat?post=712"},{"taxonomy":"product_tag","embeddable":true,"href":"https:\/\/congtyphannguyen.com\/w\/shopnoithat\/wp-json\/wp\/v2\/product_tag?post=712"}],"curies":[{"name":"wp","href":"https:\/\/api.w.org\/{rel}","templated":true}]}}