{"id":297,"date":"2018-08-18T09:19:38","date_gmt":"2018-08-18T02:19:38","guid":{"rendered":"https:\/\/bizhostvn.com\/w\/shopphongthuy\/?post_type=product&#038;p=297"},"modified":"2018-08-18T09:19:38","modified_gmt":"2018-08-18T02:19:38","slug":"mat-deo-co-ho-phach-balan-cham-khac-hoa-mau-don","status":"publish","type":"product","link":"https:\/\/congtyphannguyen.com\/w\/shopphongthuy\/san-pham\/mat-deo-co-ho-phach-balan-cham-khac-hoa-mau-don\/","title":{"rendered":"M\u1eb7t \u0111eo c\u1ed5 h\u1ed5 ph\u00e1ch Balan ch\u1ea1m kh\u1eafc Hoa m\u1eabu \u0111\u01a1n"},"content":{"rendered":"<p>+ Ch\u1ea5t li\u1ec7u v\u00e0 ho\u00e0n thi\u1ec7n: M\u1eb7t H\u00ecnh Thi\u1ec1m Th\u1eeb h\u1ed5 ph\u00e1ch A+++++ (c\u00f3 gi\u1ea5y ki\u1ec3m \u0111\u1ecbnh), (t\u1ea1i Vi\u1ec7t Nam).<\/p>\n<p>+ K\u00edch th\u01b0\u1edbc (d\u00e0i x r\u1ed9ng x cao): 2.5cm x 2cm x 1.1cm<\/p>\n<p>+ Kh\u1ed1i l\u01b0\u1ee3ng: 5.28gr<\/p>\n<p>+ \u00dd ngh\u0129a: H\u1ed5 ph\u00e1ch l\u00e0 lo\u1ea1i \u0111\u00e1 qu\u00fd h\u1eefu c\u01a1 \u0111\u01b0\u1ee3c th\u00e0nh t\u1ea1o t\u1eeb nh\u1ef1a c\u00e2y c\u00e1ch nay h\u00e0ng ng\u00e0n \u0111\u1ebfn h\u00e0ng tri\u1ec7u n\u0103m. Thi\u1ec1m l\u1ea1i mang l\u1ea1i t\u00e0i l\u1ed9c may m\u1eafn b\u1ea3o v\u1ec7 gia ch\u1ee7 kh\u1ecfi m\u1ecdi v\u1eadn r\u1ee7i \u0111em l\u1ea1i v\u1eadn may.<\/p>\n<p>+ C\u00e1ch s\u1eed d\u1ee5ng: trang s\u1ee9c m\u1eb7t \u0111eo c\u1ed5, ng\u1ecdc b\u1ed9i.<\/p>\n","protected":false},"excerpt":{"rendered":"<p>+ Ch\u1ea5t li\u1ec7u v\u00e0 ho\u00e0n thi\u1ec7n: M\u1eb7t H\u00ecnh Thi\u1ec1m Th\u1eeb h\u1ed5 ph\u00e1ch A+++++ (c\u00f3 gi\u1ea5y ki\u1ec3m \u0111\u1ecbnh), (t\u1ea1i Vi\u1ec7t Nam).<\/p>\n<p>+ K\u00edch th\u01b0\u1edbc (d\u00e0i x r\u1ed9ng x cao): 2.5cm x 2cm x 1.1cm<\/p>\n<p>+ Kh\u1ed1i l\u01b0\u1ee3ng: 5.28gr<\/p>\n<p>+ \u00dd ngh\u0129a: H\u1ed5 ph\u00e1ch l\u00e0 lo\u1ea1i \u0111\u00e1 qu\u00fd h\u1eefu c\u01a1 \u0111\u01b0\u1ee3c th\u00e0nh t\u1ea1o t\u1eeb nh\u1ef1a c\u00e2y c\u00e1ch nay h\u00e0ng ng\u00e0n \u0111\u1ebfn h\u00e0ng tri\u1ec7u n\u0103m. Thi\u1ec1m l\u1ea1i mang l\u1ea1i t\u00e0i l\u1ed9c may m\u1eafn b\u1ea3o v\u1ec7 gia ch\u1ee7 kh\u1ecfi m\u1ecdi v\u1eadn r\u1ee7i \u0111em l\u1ea1i v\u1eadn may.<\/p>\n<p>+ C\u00e1ch s\u1eed d\u1ee5ng: trang s\u1ee9c m\u1eb7t \u0111eo c\u1ed5, ng\u1ecdc b\u1ed9i.<\/p>\n","protected":false},"featured_media":298,"comment_status":"open","ping_status":"closed","template":"","meta":[],"product_cat":[62,63],"product_tag":[],"_links":{"self":[{"href":"https:\/\/congtyphannguyen.com\/w\/shopphongthuy\/wp-json\/wp\/v2\/product\/297"}],"collection":[{"href":"https:\/\/congtyphannguyen.com\/w\/shopphongthuy\/wp-json\/wp\/v2\/product"}],"about":[{"href":"https:\/\/congtyphannguyen.com\/w\/shopphongthuy\/wp-json\/wp\/v2\/types\/product"}],"replies":[{"embeddable":true,"href":"https:\/\/congtyphannguyen.com\/w\/shopphongthuy\/wp-json\/wp\/v2\/comments?post=297"}],"wp:featuredmedia":[{"embeddable":true,"href":"https:\/\/congtyphannguyen.com\/w\/shopphongthuy\/wp-json\/wp\/v2\/media\/298"}],"wp:attachment":[{"href":"https:\/\/congtyphannguyen.com\/w\/shopphongthuy\/wp-json\/wp\/v2\/media?parent=297"}],"wp:term":[{"taxonomy":"product_cat","embeddable":true,"href":"https:\/\/congtyphannguyen.com\/w\/shopphongthuy\/wp-json\/wp\/v2\/product_cat?post=297"},{"taxonomy":"product_tag","embeddable":true,"href":"https:\/\/congtyphannguyen.com\/w\/shopphongthuy\/wp-json\/wp\/v2\/product_tag?post=297"}],"curies":[{"name":"wp","href":"https:\/\/api.w.org\/{rel}","templated":true}]}}