{"id":302,"date":"2018-08-18T09:23:45","date_gmt":"2018-08-18T02:23:45","guid":{"rendered":"https:\/\/bizhostvn.com\/w\/shopphongthuy\/?post_type=product&#038;p=302"},"modified":"2018-08-18T09:23:45","modified_gmt":"2018-08-18T02:23:45","slug":"ty-huu-venh-canh-da-mat-meo-fs6033","status":"publish","type":"product","link":"https:\/\/congtyphannguyen.com\/w\/shopphongthuy\/san-pham\/ty-huu-venh-canh-da-mat-meo-fs6033\/","title":{"rendered":"T\u1ef3 H\u01b0u v\u1ec3nh c\u00e1nh \u0111\u00e1 m\u1eaft m\u00e8o FS6033"},"content":{"rendered":"<p>+ Ch\u1ea5t li\u1ec7u v\u00e0 ho\u00e0n thi\u1ec7n: T\u1ef3 H\u01b0u v\u1ec3nh c\u00e1nh \u0111\u00e1 m\u1eaft m\u00e8o (t\u1ea1i Vi\u1ec7t Nam).<\/p>\n<p>+ K\u00edch th\u01b0\u1edbc (d\u00e0i x r\u1ed9ng x cao): 2.5cm x 2.3cm x 1cm<\/p>\n<p>+ Kh\u1ed1i l\u01b0\u1ee3ng: 12g<\/p>\n<p>+ \u00dd ngh\u0129a: Bi\u1ec3u t\u01b0\u1ee3ng chi\u00eau t\u00e0i t\u0103ng l\u1ed9c, tr\u1eeb t\u00e0 h\u00f3a s\u00e1t, h\u00f3a gi\u1ea3i ti\u1ec3u nh\u00e2n th\u1ecb phi\u2026<\/p>\n<p>+ C\u00e1ch s\u1eed d\u1ee5ng: Trang s\u1ee9c m\u1eb7t nh\u1eabn, m\u1eb7t d\u00e2y chuy\u1ec1n<\/p>\n<p>+ T\u00ecnh tr\u1ea1ng: c\u00f2n h\u00e0ng, s\u1ed1 l\u01b0\u1ee3ng 01<\/p>\n","protected":false},"excerpt":{"rendered":"<p>+ Ch\u1ea5t li\u1ec7u v\u00e0 ho\u00e0n thi\u1ec7n: T\u1ef3 H\u01b0u v\u1ec3nh c\u00e1nh \u0111\u00e1 m\u1eaft m\u00e8o (t\u1ea1i Vi\u1ec7t Nam).<\/p>\n<p>+ K\u00edch th\u01b0\u1edbc (d\u00e0i x r\u1ed9ng x cao): 2.5cm x 2.3cm x 1cm<\/p>\n<p>+ Kh\u1ed1i l\u01b0\u1ee3ng: 12g<\/p>\n","protected":false},"featured_media":303,"comment_status":"open","ping_status":"closed","template":"","meta":[],"product_cat":[39,36],"product_tag":[],"_links":{"self":[{"href":"https:\/\/congtyphannguyen.com\/w\/shopphongthuy\/wp-json\/wp\/v2\/product\/302"}],"collection":[{"href":"https:\/\/congtyphannguyen.com\/w\/shopphongthuy\/wp-json\/wp\/v2\/product"}],"about":[{"href":"https:\/\/congtyphannguyen.com\/w\/shopphongthuy\/wp-json\/wp\/v2\/types\/product"}],"replies":[{"embeddable":true,"href":"https:\/\/congtyphannguyen.com\/w\/shopphongthuy\/wp-json\/wp\/v2\/comments?post=302"}],"wp:featuredmedia":[{"embeddable":true,"href":"https:\/\/congtyphannguyen.com\/w\/shopphongthuy\/wp-json\/wp\/v2\/media\/303"}],"wp:attachment":[{"href":"https:\/\/congtyphannguyen.com\/w\/shopphongthuy\/wp-json\/wp\/v2\/media?parent=302"}],"wp:term":[{"taxonomy":"product_cat","embeddable":true,"href":"https:\/\/congtyphannguyen.com\/w\/shopphongthuy\/wp-json\/wp\/v2\/product_cat?post=302"},{"taxonomy":"product_tag","embeddable":true,"href":"https:\/\/congtyphannguyen.com\/w\/shopphongthuy\/wp-json\/wp\/v2\/product_tag?post=302"}],"curies":[{"name":"wp","href":"https:\/\/api.w.org\/{rel}","templated":true}]}}