{"id":304,"date":"2018-08-18T09:25:28","date_gmt":"2018-08-18T02:25:28","guid":{"rendered":"https:\/\/bizhostvn.com\/w\/shopphongthuy\/?post_type=product&#038;p=304"},"modified":"2018-08-18T09:25:28","modified_gmt":"2018-08-18T02:25:28","slug":"ty-huu-do-keo-cai-fh123g-hang-moi","status":"publish","type":"product","link":"https:\/\/congtyphannguyen.com\/w\/shopphongthuy\/san-pham\/ty-huu-do-keo-cai-fh123g-hang-moi\/","title":{"rendered":"T\u1ef3 h\u01b0u \u0111\u1ecf k\u00e9o c\u1ea3i FH123G h\u00e0ng m\u1edbi"},"content":{"rendered":"<p>+ Ch\u1ea5t li\u1ec7u v\u00e0 ho\u00e0n thi\u1ec7n : T\u01b0\u1ee3ng t\u1ef3 h\u01b0u k\u00e9o b\u1eafp c\u1ea3i xanh b\u1ed9t \u0111\u00e1 m\u00e0u ((t\u1ea1i Vi\u1ec7t Nam)).<\/p>\n<p>+ K\u00edch th\u01b0\u1edbc (d\u00e0i x r\u1ed9ng x cao) : 38cm x 17cm x 30cm<\/p>\n<p>+ Kh\u1ed1i l\u01b0\u1ee3ng : 3.2kg<\/p>\n<p>+ \u00dd ngh\u0129a : T\u1ef3 h\u01b0u \u0111\u1ecf k\u00e9o c\u1ea3i \u2013 Chi\u00eau t\u00e0i n\u1ea1p ph\u01b0\u1edbc bi\u1ec3u t\u01b0\u1ee3ng cho s\u1ef1 may m\u1eafn v\u1ec1 t\u00e0i l\u1ed9c, c\u00f4ng vi\u1ec7c th\u0103ng ti\u1ebfn, c\u1ee7a c\u1ea3i d\u1ed3i d\u00e0o, \u0111\u1ea7y \u0111\u1ee7 h\u01a1n.<\/p>\n<p>+ C\u00e1ch s\u1eed d\u1ee5ng : Tr\u01b0ng b\u00e0y v\u0103n ph\u00f2ng, ph\u00f2ng kh\u00e1ch, qu\u1ea7y thu ng\u00e2n\u2026<\/p>\n","protected":false},"excerpt":{"rendered":"<p>+ Ch\u1ea5t li\u1ec7u v\u00e0 ho\u00e0n thi\u1ec7n : T\u01b0\u1ee3ng t\u1ef3 h\u01b0u k\u00e9o b\u1eafp c\u1ea3i xanh b\u1ed9t \u0111\u00e1 m\u00e0u ((t\u1ea1i Vi\u1ec7t Nam)).<\/p>\n<p>+ K\u00edch th\u01b0\u1edbc (d\u00e0i x r\u1ed9ng x cao) : 38cm x 17cm x 30cm<\/p>\n<p>+ Kh\u1ed1i l\u01b0\u1ee3ng : 3.2kg<\/p>\n","protected":false},"featured_media":305,"comment_status":"open","ping_status":"closed","template":"","meta":[],"product_cat":[45,40],"product_tag":[],"_links":{"self":[{"href":"https:\/\/congtyphannguyen.com\/w\/shopphongthuy\/wp-json\/wp\/v2\/product\/304"}],"collection":[{"href":"https:\/\/congtyphannguyen.com\/w\/shopphongthuy\/wp-json\/wp\/v2\/product"}],"about":[{"href":"https:\/\/congtyphannguyen.com\/w\/shopphongthuy\/wp-json\/wp\/v2\/types\/product"}],"replies":[{"embeddable":true,"href":"https:\/\/congtyphannguyen.com\/w\/shopphongthuy\/wp-json\/wp\/v2\/comments?post=304"}],"wp:featuredmedia":[{"embeddable":true,"href":"https:\/\/congtyphannguyen.com\/w\/shopphongthuy\/wp-json\/wp\/v2\/media\/305"}],"wp:attachment":[{"href":"https:\/\/congtyphannguyen.com\/w\/shopphongthuy\/wp-json\/wp\/v2\/media?parent=304"}],"wp:term":[{"taxonomy":"product_cat","embeddable":true,"href":"https:\/\/congtyphannguyen.com\/w\/shopphongthuy\/wp-json\/wp\/v2\/product_cat?post=304"},{"taxonomy":"product_tag","embeddable":true,"href":"https:\/\/congtyphannguyen.com\/w\/shopphongthuy\/wp-json\/wp\/v2\/product_tag?post=304"}],"curies":[{"name":"wp","href":"https:\/\/api.w.org\/{rel}","templated":true}]}}