{"id":309,"date":"2018-08-18T09:29:03","date_gmt":"2018-08-18T02:29:03","guid":{"rendered":"https:\/\/bizhostvn.com\/w\/shopphongthuy\/?post_type=product&#038;p=309"},"modified":"2018-08-18T09:42:25","modified_gmt":"2018-08-18T02:42:25","slug":"phat-ngoc-phi-thuy-lon-a-tuoi-ty-fs6508-1","status":"publish","type":"product","link":"https:\/\/congtyphannguyen.com\/w\/shopphongthuy\/san-pham\/phat-ngoc-phi-thuy-lon-a-tuoi-ty-fs6508-1\/","title":{"rendered":"Ph\u1eadt ng\u1ecdc Ph\u1ec9 Th\u00fay l\u1edbn A tu\u1ed5i T\u00fd FS6508-1"},"content":{"rendered":"<p>+ Ch\u1ea5t li\u1ec7u v\u00e0 ho\u00e0n thi\u1ec7n: Ph\u1eadt b\u1ea3n m\u1ec7nh ng\u1ecdc Ph\u1ec9 Th\u00fay Myanmar \u2013 tu\u1ed5i T\u00fd (t\u1ea1i Vi\u1ec7t Nam).<\/p>\n<p>+ K\u00edch th\u01b0\u1edbc (d\u00e0i x r\u1ed9ng x d\u00e0y): 5 cm x 3.2cm x 0.5cm<\/p>\n<p>+ Kh\u1ed1i l\u01b0\u1ee3ng:20g \u2013 30g<\/p>\n<p>+ \u00dd ngh\u0129a: Ph\u1eadt Thi\u00ean Th\u1ee7 Thi\u00ean Nh\u00e3n B\u1ed3 T\u00e1t b\u1ed5 tr\u1ee3 cho ng\u01b0\u1eddi tu\u1ed5i T\u00fd, n\u1ed5i ti\u1ebfng v\u1edbi h\u00ecnh t\u01b0\u1ee3ng ngh\u00ecn tay ngh\u00ecn m\u1eaft, t\u01b0\u1ee3ng tr\u01b0ng cho t\u1ea5m l\u00f2ng \u0111\u1ea1i t\u1eeb \u0111\u1ea1i bi c\u1ee7a ng\u00e0i. Ng\u00e0i c\u00f3 th\u1ec3 gi\u00fap nh\u1eefng ng\u01b0\u1eddi sinh n\u0103m T\u00fd kh\u1eafc ph\u1ee5c nh\u1eefng t\u1eadt x\u1ea5u nh\u01b0 k\u00e9n ch\u1ecdn, kh\u00f3 t\u00ednh v\u00e0 \u0111a nghi, gi\u00fap cho h\u1ecd m\u1ecdi vi\u1ec7c \u0111\u01b0\u1ee3c thu\u1eadn l\u1ee3i nh\u01b0 \u00fd, c\u1ea7u \u0111\u01b0\u1ee3c \u01b0\u1edbc th\u1ea5y. Ngo\u00e0i ra c\u00f2n b\u1ed5 tr\u1ee3 t\u1ed1t v\u1ec1 s\u1ee9c kh\u1ecfe.<\/p>\n<p>+ C\u00e1ch s\u1eed d\u1ee5ng: Trang s\u1ee9c \u0111eo c\u1ed5, ng\u1ecdc b\u1ed9i.<\/p>\n","protected":false},"excerpt":{"rendered":"<p>\u00dd ngh\u0129a: Ph\u1eadt Thi\u00ean Th\u1ee7 Thi\u00ean Nh\u00e3n B\u1ed3 T\u00e1t b\u1ed5 tr\u1ee3 cho ng\u01b0\u1eddi tu\u1ed5i T\u00fd, n\u1ed5i ti\u1ebfng v\u1edbi h\u00ecnh t\u01b0\u1ee3ng ngh\u00ecn tay ngh\u00ecn m\u1eaft, t\u01b0\u1ee3ng tr\u01b0ng cho t\u1ea5m l\u00f2ng \u0111\u1ea1i t\u1eeb \u0111\u1ea1i bi c\u1ee7a ng\u00e0i. Ng\u00e0i c\u00f3 th\u1ec3 gi\u00fap nh\u1eefng ng\u01b0\u1eddi sinh n\u0103m T\u00fd kh\u1eafc ph\u1ee5c nh\u1eefng t\u1eadt x\u1ea5u nh\u01b0 k\u00e9n ch\u1ecdn, kh\u00f3 t\u00ednh v\u00e0 \u0111a nghi, gi\u00fap cho h\u1ecd m\u1ecdi vi\u1ec7c \u0111\u01b0\u1ee3c thu\u1eadn l\u1ee3i nh\u01b0 \u00fd, c\u1ea7u \u0111\u01b0\u1ee3c \u01b0\u1edbc th\u1ea5y. Ngo\u00e0i ra c\u00f2n b\u1ed5 tr\u1ee3 t\u1ed1t v\u1ec1 s\u1ee9c kh\u1ecfe.<\/p>\n","protected":false},"featured_media":310,"comment_status":"open","ping_status":"closed","template":"","meta":[],"product_cat":[31,30],"product_tag":[],"_links":{"self":[{"href":"https:\/\/congtyphannguyen.com\/w\/shopphongthuy\/wp-json\/wp\/v2\/product\/309"}],"collection":[{"href":"https:\/\/congtyphannguyen.com\/w\/shopphongthuy\/wp-json\/wp\/v2\/product"}],"about":[{"href":"https:\/\/congtyphannguyen.com\/w\/shopphongthuy\/wp-json\/wp\/v2\/types\/product"}],"replies":[{"embeddable":true,"href":"https:\/\/congtyphannguyen.com\/w\/shopphongthuy\/wp-json\/wp\/v2\/comments?post=309"}],"wp:featuredmedia":[{"embeddable":true,"href":"https:\/\/congtyphannguyen.com\/w\/shopphongthuy\/wp-json\/wp\/v2\/media\/310"}],"wp:attachment":[{"href":"https:\/\/congtyphannguyen.com\/w\/shopphongthuy\/wp-json\/wp\/v2\/media?parent=309"}],"wp:term":[{"taxonomy":"product_cat","embeddable":true,"href":"https:\/\/congtyphannguyen.com\/w\/shopphongthuy\/wp-json\/wp\/v2\/product_cat?post=309"},{"taxonomy":"product_tag","embeddable":true,"href":"https:\/\/congtyphannguyen.com\/w\/shopphongthuy\/wp-json\/wp\/v2\/product_tag?post=309"}],"curies":[{"name":"wp","href":"https:\/\/api.w.org\/{rel}","templated":true}]}}