{"id":311,"date":"2018-08-18T09:30:36","date_gmt":"2018-08-18T02:30:36","guid":{"rendered":"https:\/\/bizhostvn.com\/w\/shopphongthuy\/?post_type=product&#038;p=311"},"modified":"2018-08-18T09:30:36","modified_gmt":"2018-08-18T02:30:36","slug":"nhan-ma-nao-xanh-ngoc-hinh-tui-tien-fs6471","status":"publish","type":"product","link":"https:\/\/congtyphannguyen.com\/w\/shopphongthuy\/san-pham\/nhan-ma-nao-xanh-ngoc-hinh-tui-tien-fs6471\/","title":{"rendered":"Nh\u1eabn m\u00e3 n\u00e3o xanh ng\u1ecdc h\u00ecnh t\u00fai ti\u1ec1n FS6471"},"content":{"rendered":"<p>+ Ch\u1ea5t li\u1ec7u v\u00e0 ho\u00e0n thi\u1ec7n: Nh\u1eabn tr\u01a1n b\u1ea3n kh\u1ee7ng b\u1eb1ng \u0111\u00e1 m\u00e3 n\u00e3o ((t\u1ea1i Vi\u1ec7t Nam))<\/p>\n<p>+ K\u00edch th\u01b0\u1edbc (\u0111\u01b0\u1eddng k\u00ednh x d\u00e0y): 2cm x 1cm.<\/p>\n<p>+ Kh\u1ed1i l\u01b0\u1ee3ng: 11 gr.<\/p>\n<p>+ \u00dd ngh\u0129a: t\u1ed1t s\u1ee9c kh\u1ecfe, mang l\u1ea1i may m\u1eafn cho ng\u01b0\u1eddi d\u00f9ng\u2026<\/p>\n<p>+ C\u00e1ch s\u1eed d\u1ee5ng: Trang s\u1ee9c nh\u1eabn \u0111eo tay<\/p>\n","protected":false},"excerpt":{"rendered":"<p>+ Ch\u1ea5t li\u1ec7u v\u00e0 ho\u00e0n thi\u1ec7n: Nh\u1eabn tr\u01a1n b\u1ea3n kh\u1ee7ng b\u1eb1ng \u0111\u00e1 m\u00e3 n\u00e3o ((t\u1ea1i Vi\u1ec7t Nam))<\/p>\n<p>+ K\u00edch th\u01b0\u1edbc (\u0111\u01b0\u1eddng k\u00ednh x d\u00e0y): 2cm x 1cm.<\/p>\n<p>+ Kh\u1ed1i l\u01b0\u1ee3ng: 11 gr.<\/p>\n<p>+ \u00dd ngh\u0129a: t\u1ed1t s\u1ee9c kh\u1ecfe, mang l\u1ea1i may m\u1eafn cho ng\u01b0\u1eddi d\u00f9ng\u2026<\/p>\n<p>+ C\u00e1ch s\u1eed d\u1ee5ng: Trang s\u1ee9c nh\u1eabn \u0111eo tay<\/p>\n","protected":false},"featured_media":312,"comment_status":"open","ping_status":"closed","template":"","meta":[],"product_cat":[45,40],"product_tag":[],"_links":{"self":[{"href":"https:\/\/congtyphannguyen.com\/w\/shopphongthuy\/wp-json\/wp\/v2\/product\/311"}],"collection":[{"href":"https:\/\/congtyphannguyen.com\/w\/shopphongthuy\/wp-json\/wp\/v2\/product"}],"about":[{"href":"https:\/\/congtyphannguyen.com\/w\/shopphongthuy\/wp-json\/wp\/v2\/types\/product"}],"replies":[{"embeddable":true,"href":"https:\/\/congtyphannguyen.com\/w\/shopphongthuy\/wp-json\/wp\/v2\/comments?post=311"}],"wp:featuredmedia":[{"embeddable":true,"href":"https:\/\/congtyphannguyen.com\/w\/shopphongthuy\/wp-json\/wp\/v2\/media\/312"}],"wp:attachment":[{"href":"https:\/\/congtyphannguyen.com\/w\/shopphongthuy\/wp-json\/wp\/v2\/media?parent=311"}],"wp:term":[{"taxonomy":"product_cat","embeddable":true,"href":"https:\/\/congtyphannguyen.com\/w\/shopphongthuy\/wp-json\/wp\/v2\/product_cat?post=311"},{"taxonomy":"product_tag","embeddable":true,"href":"https:\/\/congtyphannguyen.com\/w\/shopphongthuy\/wp-json\/wp\/v2\/product_tag?post=311"}],"curies":[{"name":"wp","href":"https:\/\/api.w.org\/{rel}","templated":true}]}}