{"id":27,"date":"2017-07-19T16:28:34","date_gmt":"2017-07-19T09:28:34","guid":{"rendered":"https:\/\/bizhostvn.com\/w\/thammyvien\/?page_id=27"},"modified":"2017-07-22T11:56:20","modified_gmt":"2017-07-22T04:56:20","slug":"lien-he","status":"publish","type":"page","link":"https:\/\/congtyphannguyen.com\/w\/thammyvien\/lien-he\/","title":{"rendered":"Li\u00ean h\u1ec7"},"content":{"rendered":"\t<div class=\"img has-hover x md-x lg-x y md-y lg-y\" id=\"image_1429719256\">\n\t\t\t\t\t\t\t\t<div class=\"img-inner image-cover dark\" style=\"padding-top:30{ec5513bb2cfb68fff7bee195d7a6d355c91eca9c349c36b78a605846d8c8e69d};\">\n\t\t\t<img width=\"1200\" height=\"401\" src=\"https:\/\/congtyphannguyen.com\/w\/thammyvien\/wp-content\/uploads\/2017\/07\/banner34.jpg\" class=\"attachment-original size-original\" alt=\"\" loading=\"lazy\" srcset=\"https:\/\/congtyphannguyen.com\/w\/thammyvien\/wp-content\/uploads\/2017\/07\/banner34.jpg 1200w, https:\/\/congtyphannguyen.com\/w\/thammyvien\/wp-content\/uploads\/2017\/07\/banner34-300x100.jpg 300w, https:\/\/congtyphannguyen.com\/w\/thammyvien\/wp-content\/uploads\/2017\/07\/banner34-768x257.jpg 768w, https:\/\/congtyphannguyen.com\/w\/thammyvien\/wp-content\/uploads\/2017\/07\/banner34-1024x342.jpg 1024w\" sizes=\"(max-width: 1200px) 100vw, 1200px\" \/>\t\t\t\t\t\t\n\t\t\t\t\t<\/div>\n\t\t\t\t\t\t\t\t\n<style scope=\"scope\">\n\n#image_1429719256 {\n  width: 100%;\n}\n<\/style>\n\t<\/div>\n\t\n<div class=\"gap-element\" style=\"display:block; height:auto; padding-top:30px\" class=\"clearfix\"><\/div>\n<h3 style=\"text-align: center;\"><span style=\"font-size: 150{ec5513bb2cfb68fff7bee195d7a6d355c91eca9c349c36b78a605846d8c8e69d}; color: #000000;\">Vi\u1ec7n th\u1ea9m m\u1ef9 da &amp; nha khoa Webdesign Clinic<\/span><\/h3>\n<p><img loading=\"lazy\" class=\"aligncenter wp-image-305\" src=\"https:\/\/bizhostvn.com\/w\/thammyvien\/wp-content\/uploads\/2017\/07\/SHARP.png\" alt=\"\" width=\"150\" height=\"38\" \/><\/p>\n\t<section class=\"section\" id=\"section_104577889\">\n\t\t<div class=\"bg section-bg fill bg-fill  bg-loaded\" >\n\n\t\t\t\n\t\t\t\n\t\t\t\n\n\t\t<\/div><!-- .section-bg -->\n\n\t\t<div class=\"section-content relative\">\n\t\t\t\n<div class=\"row row-small\"  id=\"row-1725358599\">\n<div class=\"col medium-6 small-12 large-6\"  ><div class=\"col-inner\"  >\n<p><span style=\"font-size: 90{ec5513bb2cfb68fff7bee195d7a6d355c91eca9c349c36b78a605846d8c8e69d};\">Vi\u1ec7n th\u1ea9m m\u1ef9 da &amp; nha khoa Viva Clinic ho\u1ea1t \u0111\u1ed9ng theo ph\u01b0\u01a1ng ch\u00e2m:\u00a0<\/span><\/p>\n<h3><span style=\"font-size: 105{ec5513bb2cfb68fff7bee195d7a6d355c91eca9c349c36b78a605846d8c8e69d}; color: #000000;\">Gi\u1ea3i ph\u00e1p t\u1ed1i \u01b0u \u0111\u1ec3 \u0111\u1eb9p t\u1ef1 nhi\u00ean<\/span><\/h3>\n<p><span style=\"font-size: 90{ec5513bb2cfb68fff7bee195d7a6d355c91eca9c349c36b78a605846d8c8e69d};\">V\u1edbi kinh nghi\u1ec7m Ph\u1eabu thu\u1eadt Th\u1ea9m m\u1ef9 trong nhi\u1ec1u n\u0103m, Webdesign Clinic \u0111\u00e3 \u0111\u01b0\u1ee3c S\u1edf Y t\u1ebf c\u1ea5p ph\u00e9p ho\u1ea1t \u0111\u1ed9ng s\u1ed1 04\/GPNHN.TM \u0111\u1ec3 m\u1edf Vi\u1ec7n th\u1ea9m m\u1ef9 da &amp; nha khoa t\u1ea1i s\u1ed1 50 Tr\u1ea7n Kh\u00e1t Ch\u00e2n, Q.1, Tp. H\u1ed3 Ch\u00ed Minh.<\/span><\/p>\n<\/div><\/div>\n<div class=\"col medium-3 small-12 large-3\"  ><div class=\"col-inner\"  >\n<h3><span style=\"font-size: 105{ec5513bb2cfb68fff7bee195d7a6d355c91eca9c349c36b78a605846d8c8e69d}; color: #000000;\">Li\u00ean h\u1ec7<\/span><\/h3>\n<p><span style=\"font-size: 90{ec5513bb2cfb68fff7bee195d7a6d355c91eca9c349c36b78a605846d8c8e69d};\">M\u1ecdi th\u00f4ng tin li\u00ean h\u1ec7, th\u1eafc m\u1eafc, h\u1ecfi \u0111\u00e1p, xin li\u00ean h\u1ec7 ch\u00fang t\u00f4i:<\/span><\/p>\n<p><span style=\"font-size: 90{ec5513bb2cfb68fff7bee195d7a6d355c91eca9c349c36b78a605846d8c8e69d};\"><strong><span style=\"color: #000000;\">&#8211; \u0110\u1ecba ch\u1ec9:<\/span><\/strong> S\u1ed1 50 Tr\u1ea7n Kh\u00e1t Ch\u00e2n, T\u00e2n \u0110\u1ecbnh, Q.1, Tp. H\u1ed3 Ch\u00ed Minh<\/span><br \/> <span style=\"font-size: 90{ec5513bb2cfb68fff7bee195d7a6d355c91eca9c349c36b78a605846d8c8e69d};\"><strong>&#8211; \u0110i\u1ec7n tho\u1ea1i:<\/strong> 028 3849 2299<\/span><br \/> <span style=\"font-size: 90{ec5513bb2cfb68fff7bee195d7a6d355c91eca9c349c36b78a605846d8c8e69d};\"><strong>&#8211; Email:<\/strong> tuvan@vivaclinic.vn<\/span><\/p>\n<\/div><\/div>\n<div class=\"col medium-3 small-12 large-3\"  ><div class=\"col-inner\"  >\n<h3><span style=\"font-size: 105{ec5513bb2cfb68fff7bee195d7a6d355c91eca9c349c36b78a605846d8c8e69d}; color: #000000;\">Th\u1eddi gian l\u00e0m vi\u1ec7c<\/span><\/h3>\n<p><span style=\"font-size: 90{ec5513bb2cfb68fff7bee195d7a6d355c91eca9c349c36b78a605846d8c8e69d};\">&#8211; Ng\u00e0y th\u01b0\u1eddng: t\u1eeb 9:00 \u0111\u1ebfn 22:00<\/span><br \/> <span style=\"font-size: 90{ec5513bb2cfb68fff7bee195d7a6d355c91eca9c349c36b78a605846d8c8e69d};\">&#8211; Ch\u1ee7 Nh\u1eadt: Ngh\u1ec9<\/span><\/p>\n<h3><span style=\"font-size: 105{ec5513bb2cfb68fff7bee195d7a6d355c91eca9c349c36b78a605846d8c8e69d}; color: #000000;\">K\u1ebft n\u1ed1i<\/span><\/h3>\n<div class=\"social-icons follow-icons \" style=\"font-size:105%\"><a href=\"$\" target=\"_blank\" data-label=\"Facebook\"  rel=\"noopener noreferrer nofollow\" class=\"icon button circle is-outline facebook tooltip\" title=\"Follow on Facebook\"><i class=\"icon-facebook\" ><\/i><\/a><a href=\"mailto:$\" data-label=\"E-mail\"  rel=\"nofollow\" class=\"icon button circle is-outline  email tooltip\" title=\"Send us an email\"><i class=\"icon-envelop\" ><\/i><\/a><a href=\"$\" target=\"_blank\" rel=\"noopener noreferrer nofollow\"  data-label=\"Google+\"  class=\"icon button circle is-outline  google-plus tooltip\" title=\"Follow on Google+\"><i class=\"icon-google-plus\" ><\/i><\/a><a href=\"$\" target=\"_blank\" rel=\"noopener noreferrer nofollow\" data-label=\"YouTube\" class=\"icon button circle is-outline  youtube tooltip\" title=\"Follow on YouTube\"><i class=\"icon-youtube\" ><\/i><\/a><\/div>\n<\/div><\/div>\n\n<style scope=\"scope\">\n\n<\/style>\n<\/div>\n\t\t<\/div><!-- .section-content -->\n\n\t\t\n<style scope=\"scope\">\n\n#section_104577889 {\n  padding-top: 30px;\n  padding-bottom: 30px;\n}\n<\/style>\n\t<\/section>\n\t\n<p><center><iframe loading=\"lazy\" style=\"border: 0;\" src=\"https:\/\/www.google.com\/maps\/embed?pb=!1m18!1m12!1m3!1d3919.2316298442306!2d106.68901311420414!3d10.793563511830003!2m3!1f0!2f0!3f0!3m2!1i1024!2i768!4f13.1!3m3!1m2!1s0x317528cc4b00c0e1{ec5513bb2cfb68fff7bee195d7a6d355c91eca9c349c36b78a605846d8c8e69d}3A0x44f01ffecb60f8c1!2zVmnhu4duIHRo4bqpbSBt4bu5IGRhIHbDoCBuaGEga2hvYSBWaXZhIENsaW5pYw!5e0!3m2!1svi!2s!4v1500643438447\" width=\"98{ec5513bb2cfb68fff7bee195d7a6d355c91eca9c349c36b78a605846d8c8e69d}\" height=\"350\" frameborder=\"0\" allowfullscreen=\"allowfullscreen\"><\/iframe><\/center><\/p>\n","protected":false},"excerpt":{"rendered":"<p>Vi\u1ec7n th\u1ea9m m\u1ef9 da &amp; nha khoa Webdesign Clinic<\/p>\n","protected":false},"author":1,"featured_media":0,"parent":0,"menu_order":0,"comment_status":"closed","ping_status":"closed","template":"page-blank.php","meta":[],"_links":{"self":[{"href":"https:\/\/congtyphannguyen.com\/w\/thammyvien\/wp-json\/wp\/v2\/pages\/27"}],"collection":[{"href":"https:\/\/congtyphannguyen.com\/w\/thammyvien\/wp-json\/wp\/v2\/pages"}],"about":[{"href":"https:\/\/congtyphannguyen.com\/w\/thammyvien\/wp-json\/wp\/v2\/types\/page"}],"author":[{"embeddable":true,"href":"https:\/\/congtyphannguyen.com\/w\/thammyvien\/wp-json\/wp\/v2\/users\/1"}],"replies":[{"embeddable":true,"href":"https:\/\/congtyphannguyen.com\/w\/thammyvien\/wp-json\/wp\/v2\/comments?post=27"}],"version-history":[{"count":19,"href":"https:\/\/congtyphannguyen.com\/w\/thammyvien\/wp-json\/wp\/v2\/pages\/27\/revisions"}],"predecessor-version":[{"id":1221,"href":"https:\/\/congtyphannguyen.com\/w\/thammyvien\/wp-json\/wp\/v2\/pages\/27\/revisions\/1221"}],"wp:attachment":[{"href":"https:\/\/congtyphannguyen.com\/w\/thammyvien\/wp-json\/wp\/v2\/media?parent=27"}],"curies":[{"name":"wp","href":"https:\/\/api.w.org\/{rel}","templated":true}]}}