{"id":22,"date":"2016-06-24T04:38:55","date_gmt":"2016-06-24T04:38:55","guid":{"rendered":"http:\/\/localhost\/trithay.tv\/?page_id=22"},"modified":"2017-02-09T10:54:54","modified_gmt":"2017-02-09T03:54:54","slug":"lien-he","status":"publish","type":"page","link":"https:\/\/congtyphannguyen.com\/w\/trithay\/lien-he\/","title":{"rendered":"Li\u00ean h\u1ec7"},"content":{"rendered":"<p>K\u00ednh ch\u00e0o qu\u00fd \u0111\u1ed9c gi\u1ea3!<\/p>\n<p>\u0110\u1ecba ch\u1ec9 li\u00ean h\u1ec7 c\u1ee7a ch\u00fang t\u00f4i l\u00e0:<\/p>\n<p>Aba Coffee s\u1ed1 A40 TT11 khu \u0111\u00f4 th\u1ecb V\u0103n Qu\u00e1n, P. V\u0103n Qu\u00e1n, H\u00e0 \u0110\u00f4ng, H\u00e0 N\u1ed9i<\/p>\n<p>S\u1ed1 \u0110T:<\/p>\n<p>HN: 0902.242409 ho\u1eb7c 0982.252550<\/p>\n<p>TPHCM: 0903.352929<\/p>\n<p>Email: donghanh@trithay.vn<\/p>\n<p>C\u00e1m \u01a1n c\u00e1c \u0110\u1ed9c gi\u1ea3 \u0111\u00e3 quan t\u00e2m!<\/p>\n","protected":false},"excerpt":{"rendered":"<p>K\u00ednh ch\u00e0o qu\u00fd \u0111\u1ed9c gi\u1ea3! \u0110\u1ecba ch\u1ec9 li\u00ean h\u1ec7 c\u1ee7a ch\u00fang t\u00f4i l\u00e0: Aba Coffee s\u1ed1 A40 TT11 khu \u0111\u00f4 th\u1ecb V\u0103n Qu\u00e1n, P. V\u0103n Qu\u00e1n, H\u00e0 \u0110\u00f4ng, H\u00e0 N\u1ed9i S\u1ed1 \u0110T: HN: 0902.242409 ho\u1eb7c 0982.252550 TPHCM: 0903.352929 Email: donghanh@trithay.vn C\u00e1m \u01a1n c\u00e1c \u0110\u1ed9c gi\u1ea3 \u0111\u00e3 quan t\u00e2m!<\/p>\n","protected":false},"author":1,"featured_media":0,"parent":0,"menu_order":0,"comment_status":"closed","ping_status":"closed","template":"","meta":[],"_links":{"self":[{"href":"https:\/\/congtyphannguyen.com\/w\/trithay\/wp-json\/wp\/v2\/pages\/22"}],"collection":[{"href":"https:\/\/congtyphannguyen.com\/w\/trithay\/wp-json\/wp\/v2\/pages"}],"about":[{"href":"https:\/\/congtyphannguyen.com\/w\/trithay\/wp-json\/wp\/v2\/types\/page"}],"author":[{"embeddable":true,"href":"https:\/\/congtyphannguyen.com\/w\/trithay\/wp-json\/wp\/v2\/users\/1"}],"replies":[{"embeddable":true,"href":"https:\/\/congtyphannguyen.com\/w\/trithay\/wp-json\/wp\/v2\/comments?post=22"}],"version-history":[{"count":1,"href":"https:\/\/congtyphannguyen.com\/w\/trithay\/wp-json\/wp\/v2\/pages\/22\/revisions"}],"predecessor-version":[{"id":23,"href":"https:\/\/congtyphannguyen.com\/w\/trithay\/wp-json\/wp\/v2\/pages\/22\/revisions\/23"}],"wp:attachment":[{"href":"https:\/\/congtyphannguyen.com\/w\/trithay\/wp-json\/wp\/v2\/media?parent=22"}],"curies":[{"name":"wp","href":"https:\/\/api.w.org\/{rel}","templated":true}]}}