{"id":24,"date":"2016-06-24T04:39:09","date_gmt":"2016-06-24T04:39:09","guid":{"rendered":"http:\/\/localhost\/trithay.tv\/?page_id=24"},"modified":"2016-07-11T14:53:06","modified_gmt":"2016-07-11T07:53:06","slug":"gioi-thieu","status":"publish","type":"page","link":"https:\/\/congtyphannguyen.com\/w\/trithay\/gioi-thieu\/","title":{"rendered":"Gi\u1edbi thi\u1ec7u"},"content":{"rendered":"<p>Th\u00e2n g\u1eedi qu\u00fd \u0111\u1ed9c gi\u1ea3 &#8211; nh\u1eefng ng\u01b0\u1eddi mu\u1ed1n thay \u0111\u1ed5i ch\u00ednh m\u00ecnh v\u00e0 l\u00e0m th\u1ebf gi\u1edbi t\u1ed1t \u0111\u1eb9p h\u01a1n!<\/p>\n<p>G\u1ea7n m\u01b0\u1eddi l\u0103m n\u0103m qua k\u1ec3 t\u1eeb khi ABA b\u1eaft \u0111\u1ea7u c\u00f3 nh\u1eefng b\u00e0i n\u00f3i chuy\u1ec7n cho nhi\u1ec1u \u0111\u1ed1i t\u01b0\u1ee3ng v\u1ec1 nh\u1eefng ch\u1ee7 \u0111\u1ec1 kh\u00e1c nhau trong cu\u1ed9c s\u1ed1ng, ch\u1ec9 ra cho con ng\u01b0\u1eddi nh\u1eefng s\u1ef1 th\u1ea5y m\u1edbi, nh\u1eefng c\u00e1ch nh\u00ecn m\u1edbi kh\u00e1c v\u1edbi nh\u1eefng g\u00ec tr\u01b0\u1edbc \u0111\u00e2y h\u1ecd \u0111\u00e3 t\u1eebng \u0111\u1ecdc, t\u1eebng nghe, nhi\u1ec1u ng\u01b0\u1eddi \u0111\u00e3 ch\u1ea5n \u0111\u1ed9ng, b\u1eebng s\u00e1ng v\u00e0 nh\u1eadn ra ch\u00ednh m\u00ecnh, \u0111\u1ed3ng th\u1eddi m\u1edf ra s\u1ef1 th\u1ea5y r\u1ed9ng l\u1edbn trong \u0111\u1ea7u \u00f3c v\u1edbi tr\u00e1i tim th\u1ed5n th\u1ee9c rung l\u00ean.<\/p>\n<p>M\u1ed7i b\u00e0i n\u00f3i chuy\u1ec7n c\u1ee7a t\u00e1c gi\u1ea3 l\u00e0 m\u1ed9t t\u00e1c ph\u1ea9m xu\u1ea5t ph\u00e1t t\u1eeb t\u00ecnh th\u01b0\u01a1ng, l\u00f2ng tr\u1eafc \u1ea9n, s\u1ef1 c\u1ea3m th\u00f4ng s\u00e2u s\u1eafc tr\u01b0\u1edbc s\u1ef1 \u0111au kh\u1ed5 v\u00e0 b\u1ebf t\u1eafc c\u1ee7a con ng\u01b0\u1eddi, \u0111\u1eb7c bi\u1ec7t l\u00e0 t\u1eeb t\u00ecnh y\u00eau tha thi\u1ebft v\u1edbi qu\u00ea h\u01b0\u01a1ng. V\u00ec th\u1ebf m\u00e0 m\u1ed7i b\u00e0i n\u00f3i c\u1ee7a \u00f4ng nh\u01b0 m\u1ed9t tia ch\u1edbp l\u00f3e l\u00ean gi\u1eefa \u0111\u00eam t\u1ed1i m\u00eanh m\u00f4ng, soi r\u1ecdi l\u1ed1i \u0111i cho nh\u1eefng ng\u01b0\u1eddi \u0111ang c\u00f2n b\u1ebf t\u1eafc.<\/p>\n<p>\u0110\u1ec3 r\u1ed3i m\u1ed9t con \u0111\u01b0\u1eddng t\u1ef1 gi\u00e1o d\u1ee5c cho m\u1ed7i c\u00e1 nh\u00e2n \u0111\u01b0\u1ee3c h\u00ecnh th\u00e0nh v\u00e0 ng\u00e0y c\u00e0ng \u0111\u01b0\u1ee3c nhi\u1ec1u ng\u01b0\u1eddi trong x\u00e3 h\u1ed9i tham gia. Trang web trithay.tv ra \u0111\u1eddi nh\u01b0 m\u1ed9t ph\u01b0\u01a1ng ti\u1ec7n t\u1ed1i \u01b0u nh\u1ea5t \u0111\u1ec3 t\u1ea5t c\u1ea3 m\u1ecdi th\u00e0nh ph\u1ea7n trong x\u00e3 h\u1ed9i c\u00f3 c\u01a1 h\u1ed9i ti\u1ebfp c\u1eadn ph\u01b0\u01a1ng ph\u00e1p Tr\u00ed Th\u1ea5y c\u1ee7a Aba, \u0111\u1ec3 t\u1ea1o ra nh\u1eefng thay \u0111\u1ed5i l\u1edbn cho b\u1ea3n th\u00e2n v\u00e0 cho nh\u1eefng ng\u01b0\u1eddi xung quanh m\u00e0 tr\u01b0\u1edbc \u0111\u00e2y m\u00ecnh kh\u00f4ng th\u1ec3 h\u00ecnh dung t\u1edbi.<\/p>\n<p>V\u00e0 c\u00f2n r\u1ea5t nhi\u1ec1u \u0111i\u1ec1u k\u1ef3 di\u1ec7u, l\u00fd th\u00fa kh\u00f4ng th\u1ec3 di\u1ec5n t\u1ea3 h\u1ebft b\u1eb1ng l\u1eddi, h\u00e3y c\u00f9ng ch\u00fang t\u00f4i kh\u00e1m ph\u00e1 trithay.tv \u0111\u1ec3 t\u1eadn h\u01b0\u1edfng nh\u1eefng c\u1ea3m x\u00fac h\u1ea1nh ph\u00fac th\u1eadt s\u1ef1 c\u1ee7a con ng\u01b0\u1eddi trong cu\u1ed9c s\u1ed1ng.<\/p>\n<p>Tr\u00e2n tr\u1ecdng<\/p>\n<p>Ban Qu\u1ea3n Tr\u1ecb Website<\/p>\n","protected":false},"excerpt":{"rendered":"<p>Th\u00e2n g\u1eedi qu\u00fd \u0111\u1ed9c gi\u1ea3 &#8211; nh\u1eefng ng\u01b0\u1eddi mu\u1ed1n thay \u0111\u1ed5i ch\u00ednh m\u00ecnh v\u00e0 l\u00e0m th\u1ebf gi\u1edbi t\u1ed1t \u0111\u1eb9p h\u01a1n! G\u1ea7n m\u01b0\u1eddi l\u0103m n\u0103m qua k\u1ec3 t\u1eeb khi ABA b\u1eaft \u0111\u1ea7u c\u00f3 nh\u1eefng b\u00e0i n\u00f3i chuy\u1ec7n cho nhi\u1ec1u \u0111\u1ed1i t\u01b0\u1ee3ng v\u1ec1 nh\u1eefng ch\u1ee7 \u0111\u1ec1 kh\u00e1c nhau trong cu\u1ed9c s\u1ed1ng, ch\u1ec9 ra cho con ng\u01b0\u1eddi nh\u1eefng &#8230;<\/p>\n","protected":false},"author":18,"featured_media":0,"parent":0,"menu_order":0,"comment_status":"open","ping_status":"closed","template":"","meta":[],"_links":{"self":[{"href":"https:\/\/congtyphannguyen.com\/w\/trithay\/wp-json\/wp\/v2\/pages\/24"}],"collection":[{"href":"https:\/\/congtyphannguyen.com\/w\/trithay\/wp-json\/wp\/v2\/pages"}],"about":[{"href":"https:\/\/congtyphannguyen.com\/w\/trithay\/wp-json\/wp\/v2\/types\/page"}],"author":[{"embeddable":true,"href":"https:\/\/congtyphannguyen.com\/w\/trithay\/wp-json\/wp\/v2\/users\/18"}],"replies":[{"embeddable":true,"href":"https:\/\/congtyphannguyen.com\/w\/trithay\/wp-json\/wp\/v2\/comments?post=24"}],"version-history":[{"count":2,"href":"https:\/\/congtyphannguyen.com\/w\/trithay\/wp-json\/wp\/v2\/pages\/24\/revisions"}],"predecessor-version":[{"id":269,"href":"https:\/\/congtyphannguyen.com\/w\/trithay\/wp-json\/wp\/v2\/pages\/24\/revisions\/269"}],"wp:attachment":[{"href":"https:\/\/congtyphannguyen.com\/w\/trithay\/wp-json\/wp\/v2\/media?parent=24"}],"curies":[{"name":"wp","href":"https:\/\/api.w.org\/{rel}","templated":true}]}}